{"id":1076,"date":"2019-10-05T14:16:09","date_gmt":"2019-10-05T12:16:09","guid":{"rendered":"https:\/\/rhoenklub-dipperz.de\/?page_id=1076"},"modified":"2019-10-05T21:36:34","modified_gmt":"2019-10-05T19:36:34","slug":"radfahren","status":"publish","type":"page","link":"https:\/\/rhoenklub-dipperz.de\/index.php\/radfahren\/","title":{"rendered":"Radfahren"},"content":{"rendered":"\n<p>Seit Sommer 2019 haben wir unsere Aktivit\u00e4ten mit dem <strong>Radfahren f\u00fcr<\/strong> <strong>jedermann<\/strong> nach Feierabend erweitert.  Es findet 14-t\u00e4gig  freitags statt. Willkommen sind Hobbyradler  mit oder ohne E-Bike. Die n\u00e4chste Fahrt findet am 18. 10. 2019 um 15.00 Uhr. Treffen ist am B\u00fcrgerhausparkplatz Dipperz.  Die Strecken sind leicht zu bew\u00e4ltigen und haben einen Radius bis  maximal 40 km. Info bei Bernhard Weber (Tel. 06657-7338)<\/p>\n\n\n\n<ul class=\"wp-block-gallery columns-2 is-cropped wp-block-gallery-1 is-layout-flex wp-block-gallery-is-layout-flex\"><li class=\"blocks-gallery-item\"><figure><img loading=\"lazy\" decoding=\"async\" width=\"726\" height=\"687\" src=\"https:\/\/rhoenklub-dipperz.de\/wp-content\/uploads\/2019\/10\/2019-05-11-5.png\" alt=\"\" data-id=\"1065\" data-link=\"https:\/\/rhoenklub-dipperz.de\/2019-05-11-5\/\" class=\"wp-image-1065\" srcset=\"https:\/\/rhoenklub-dipperz.de\/wp-content\/uploads\/2019\/10\/2019-05-11-5.png 726w, https:\/\/rhoenklub-dipperz.de\/wp-content\/uploads\/2019\/10\/2019-05-11-5-300x284.png 300w\" sizes=\"auto, (max-width: 726px) 100vw, 726px\" \/><\/figure><\/li><li class=\"blocks-gallery-item\"><figure><img loading=\"lazy\" decoding=\"async\" width=\"1024\" height=\"614\" src=\"https:\/\/rhoenklub-dipperz.de\/wp-content\/uploads\/2019\/10\/2019-05-11-1-1024x614.jpg\" alt=\"\" data-id=\"1064\" data-link=\"https:\/\/rhoenklub-dipperz.de\/2019-05-11-1\/\" class=\"wp-image-1064\" srcset=\"https:\/\/rhoenklub-dipperz.de\/wp-content\/uploads\/2019\/10\/2019-05-11-1-1024x614.jpg 1024w, https:\/\/rhoenklub-dipperz.de\/wp-content\/uploads\/2019\/10\/2019-05-11-1-300x180.jpg 300w, https:\/\/rhoenklub-dipperz.de\/wp-content\/uploads\/2019\/10\/2019-05-11-1-768x461.jpg 768w, https:\/\/rhoenklub-dipperz.de\/wp-content\/uploads\/2019\/10\/2019-05-11-1.jpg 1200w\" sizes=\"auto, (max-width: 1024px) 100vw, 1024px\" \/><\/figure><\/li><\/ul>\n","protected":false},"excerpt":{"rendered":"<p>Seit Sommer 2019 haben wir unsere Aktivit\u00e4ten mit dem Radfahren f\u00fcr jedermann nach Feierabend erweitert. Es findet 14-t\u00e4gig freitags statt. Willkommen sind Hobbyradler mit oder ohne E-Bike. Die n\u00e4chste Fahrt findet am 18. 10. 2019 um 15.00 Uhr. Treffen ist am B\u00fcrgerhausparkplatz Dipperz. Die Strecken sind leicht zu bew\u00e4ltigen und haben einen Radius bis maximal &hellip; <a href=\"https:\/\/rhoenklub-dipperz.de\/index.php\/radfahren\/\" class=\"more-link\"><span class=\"screen-reader-text\">Radfahren<\/span> weiterlesen <span class=\"meta-nav\">&rarr;<\/span><\/a><\/p>\n","protected":false},"author":2,"featured_media":0,"parent":0,"menu_order":0,"comment_status":"closed","ping_status":"closed","template":"","meta":{"ngg_post_thumbnail":0,"footnotes":""},"class_list":["post-1076","page","type-page","status-publish","hentry"],"_links":{"self":[{"href":"https:\/\/rhoenklub-dipperz.de\/index.php\/wp-json\/wp\/v2\/pages\/1076","targetHints":{"allow":["GET"]}}],"collection":[{"href":"https:\/\/rhoenklub-dipperz.de\/index.php\/wp-json\/wp\/v2\/pages"}],"about":[{"href":"https:\/\/rhoenklub-dipperz.de\/index.php\/wp-json\/wp\/v2\/types\/page"}],"author":[{"embeddable":true,"href":"https:\/\/rhoenklub-dipperz.de\/index.php\/wp-json\/wp\/v2\/users\/2"}],"replies":[{"embeddable":true,"href":"https:\/\/rhoenklub-dipperz.de\/index.php\/wp-json\/wp\/v2\/comments?post=1076"}],"version-history":[{"count":0,"href":"https:\/\/rhoenklub-dipperz.de\/index.php\/wp-json\/wp\/v2\/pages\/1076\/revisions"}],"wp:attachment":[{"href":"https:\/\/rhoenklub-dipperz.de\/index.php\/wp-json\/wp\/v2\/media?parent=1076"}],"curies":[{"name":"wp","href":"https:\/\/api.w.org\/{rel}","templated":true}]}}