{"id":11,"date":"2017-02-10T12:24:26","date_gmt":"2017-02-10T11:24:26","guid":{"rendered":"http:\/\/rhoenklub-dipperz.de\/?page_id=11"},"modified":"2022-04-04T22:23:47","modified_gmt":"2022-04-04T20:23:47","slug":"vorstand","status":"publish","type":"page","link":"https:\/\/rhoenklub-dipperz.de\/index.php\/vorstand\/","title":{"rendered":""},"content":{"rendered":"<h2 style=\"text-align: center;\"><span style=\"color: #000000;\">Vorstand<\/span><\/h2>\n<p style=\"text-align: left;\"><strong>Der Vorstand ist zusammen mit weiteren Mitgliedern ehrenamtlich t\u00e4tig. <\/strong><strong>Die Mitgliederversammlung hat in ihrer Sitzung am 11. 4. 2019 die Satzung \u00fcber die Vorstandsschaft neu geregelt. Die Ma\u00dfnahme wurde erforderlich, weil kein Mitglied sich bereit erkl\u00e4rte, das Amt des 1. Vorsitzenden zu \u00fcbernehmen.&nbsp; Die Vorstandsschaft setzt sich wie folgt zusammen:<\/strong><\/p>\n<p style=\"text-align: left;\"><strong>vertretungsberechtigter Vorstand<\/strong> <strong>gem. \u00a7 26 BGB bestehend aus den folgenden vier Personen:<\/strong><\/p>\n<p style=\"text-align: left;\"><strong>Heike Diegelmann<\/strong><br \/>\n<strong>Wilhelm-Ney-Stra\u00dfe 10, 36160 Dipperz,<\/strong><br \/>\n<strong>Tel. 06657-8431 &#8211; E-Mail: h.diegelmann@gmx.de<\/strong><\/p>\n<p><strong>Bernhard Weber<\/strong><br \/>\n<strong>Am S\u00e4mig 10, 36160 Dipperz,<\/strong><br \/>\n<strong>Tel. 06657-7338, E-Mail: bernhardw.weber@web.de<\/strong><\/p>\n<p><strong>Gerhard Koch<\/strong><br \/>\n<strong>Rh\u00f6nstr. 3, 36160 Dipperz,<\/strong><br \/>\n<strong>Tel. 06657-7585,&nbsp;E-Mail: g.koch.195@web.de<\/strong><\/p>\n<p><strong>gesch\u00e4ftsf\u00fchrender Vorstand<br \/>\n<span style=\"font-size: inherit;\">bestehend aus dem o. g. vertretungsberechtigten Vorstand sowie:<\/span><\/strong><\/p>\n<p><strong>der Kassenwartin:<\/strong><br \/>\n<strong>Andrea Trapp,<\/strong><br \/>\n<strong>Biebersteiner Stra\u00dfe 5, 36160 Dipperz,<\/strong><br \/>\n<strong>Tel. 06657-8476, E-Mail: a.trapp@web.de,<\/strong><\/p>\n<p><strong>dem Schriftf\u00fchrer:<\/strong><br \/>\n<strong>Georg Link,<\/strong><br \/>\n<strong>Eubestra\u00dfe 8, 36160 Dipperz,<\/strong><br \/>\n<strong>Tel. 06657-918098, E-Mail: georglink11@gmail.com<\/strong><\/p>\n<p><strong>Fachwarte<\/strong><\/p>\n<p><strong>Wanderwart:<\/strong><br \/>\n<strong>Berthold M\u00fcller,<\/strong><br \/>\n<strong>Stellbergstra\u00dfe 11, 36160 Dipperz,<\/strong><br \/>\n<strong>Tel. 06657-1624, E-Mail: mueller_berti@web.de<\/strong><\/p>\n<p><strong>Wegewarte:<\/strong><br \/>\n<strong>Ingrid und Rudi K\u00fcchler,<\/strong><br \/>\n<strong><span style=\"font-size: inherit;\">Heidelsteinstra\u00dfe. 1, 36160 Dipperz,<br \/>\n<\/span>Tel. 06657-6611, E-Mail: r.kuechler@web.de<\/strong><\/p>\n<p><strong>Kulturwart:<\/strong><br \/>\n<strong>Bernhard Weber,<\/strong><br \/>\n<strong>Am S\u00e4mig 10, 36160 Dipperz,<\/strong><br \/>\n<strong>Tel. 06657-7338, E-Mail: bernhardw.weber@web.de<\/strong><\/p>\n<p><strong>Familienwartin:<\/strong><br \/>\n<strong>Martina Reinhard,<\/strong><br \/>\n<strong>Heidelsteinstra\u00dfe 11, 36160 Dipperz,<\/strong><br \/>\n<strong>Tel. 06657-8466, E-Mail: reing9@aol.com<\/strong><\/p>\n<p><strong>Pressewart:<\/strong><br \/>\n<strong>Bernhard Weber, Daten siehe oben<\/strong><\/p>\n<p>&nbsp;<\/p>\n","protected":false},"excerpt":{"rendered":"<p>Vorstand Der Vorstand ist zusammen mit weiteren Mitgliedern ehrenamtlich t\u00e4tig. Die Mitgliederversammlung hat in ihrer Sitzung am 11. 4. 2019 die Satzung \u00fcber die Vorstandsschaft neu geregelt. Die Ma\u00dfnahme wurde erforderlich, weil kein Mitglied sich bereit erkl\u00e4rte, das Amt des 1. Vorsitzenden zu \u00fcbernehmen.&nbsp; Die Vorstandsschaft setzt sich wie folgt zusammen: vertretungsberechtigter Vorstand gem. \u00a7 &hellip; <a href=\"https:\/\/rhoenklub-dipperz.de\/index.php\/vorstand\/\" class=\"more-link\"><span class=\"screen-reader-text\"><\/span> weiterlesen <span class=\"meta-nav\">&rarr;<\/span><\/a><\/p>\n","protected":false},"author":1,"featured_media":0,"parent":0,"menu_order":0,"comment_status":"closed","ping_status":"closed","template":"","meta":{"ngg_post_thumbnail":0,"footnotes":""},"class_list":["post-11","page","type-page","status-publish","hentry"],"_links":{"self":[{"href":"https:\/\/rhoenklub-dipperz.de\/index.php\/wp-json\/wp\/v2\/pages\/11","targetHints":{"allow":["GET"]}}],"collection":[{"href":"https:\/\/rhoenklub-dipperz.de\/index.php\/wp-json\/wp\/v2\/pages"}],"about":[{"href":"https:\/\/rhoenklub-dipperz.de\/index.php\/wp-json\/wp\/v2\/types\/page"}],"author":[{"embeddable":true,"href":"https:\/\/rhoenklub-dipperz.de\/index.php\/wp-json\/wp\/v2\/users\/1"}],"replies":[{"embeddable":true,"href":"https:\/\/rhoenklub-dipperz.de\/index.php\/wp-json\/wp\/v2\/comments?post=11"}],"version-history":[{"count":0,"href":"https:\/\/rhoenklub-dipperz.de\/index.php\/wp-json\/wp\/v2\/pages\/11\/revisions"}],"wp:attachment":[{"href":"https:\/\/rhoenklub-dipperz.de\/index.php\/wp-json\/wp\/v2\/media?parent=11"}],"curies":[{"name":"wp","href":"https:\/\/api.w.org\/{rel}","templated":true}]}}