{"id":1268,"date":"2020-03-23T21:00:22","date_gmt":"2020-03-23T20:00:22","guid":{"rendered":"https:\/\/rhoenklub-dipperz.de\/?page_id=1268"},"modified":"2020-03-23T21:04:50","modified_gmt":"2020-03-23T20:04:50","slug":"senioren-besuchen-hospiz","status":"publish","type":"page","link":"https:\/\/rhoenklub-dipperz.de\/index.php\/senioren-besuchen-hospiz\/","title":{"rendered":"Senioren besuchen Hospiz"},"content":{"rendered":"\n<p>Durch Vermittlung von Diakon Ludwig Wagner kam der Besuch des Hospiz St. Elisabeth in Fulda zustande.  Die Einrichtung befindet sich auf einer gesamten Etage im Herz-Jesu-Krankenhaus. Empfangen wurde die Gruppe von der Leiterin, Frau Pfeffermann, in einem sehr geschmack- und w\u00fcrdevoll eingerichteten Aufenthaltsraum, der als das sogenannte Wohnzimmer bezeichnet wird. In einem lockeren Gespr\u00e4chsvortrag  erkl\u00e4rte sie ausf\u00fchrlich die Einrichtung, z. B. wer die Tr\u00e4ger oder was die vielf\u00e4ltigen Aufgabenbereiche sind. Die Federf\u00fchrung liegt in den H\u00e4nden der Caritas. Bei der Errichtung vor 13 Jahren habe man Namen der Heiligen Elisabeth als Namenspatronin gew\u00e4hlt, weil sie zu ihrer Zeit schon ein Hospiz in Marburg errichtet hatte. Das zentrale Anliegen des Hospiz sei Menschen in ihrer letzten Lebensphase durch medizinisch-pfegerische und menschlich-seelsorgerische Zuwendung individuell zu begleiten. Auf seiner letzten und schwierigsten Strecke des Lebens suche der Mensch die Zusicherung, nicht alleine zu sein. So m\u00f6chte man den Schwerkranken und Sterbenden eine menschliche Zuwendung geben. Den G\u00e4sten &#8211; nicht Patienten &#8211; in h\u00e4uslicher und famili\u00e4rer Umgebung einen Ort des Lebens und Sterbens bieten. Im Mittelpunkt des Wirkens st\u00e4nden uneilbar kranke Menschen mit all ihren Sorgen, \u00c4ngsten, Schmerzen und Symtomen.  Die Aufnahme in das Hospiz erfolgt auf Wunsch des Gastes und mit einer \u00e4rztlichen Einweisung. Die Einrichtung verf\u00fcgt derzeit \u00fcber acht Einzelzimmer. 90 % der Kosten werden von den Tr\u00e4gern der Einrichtung finanziert. Die restlichen 10 % (65.000 \u20ac) j\u00e4hrlich m\u00fcssen durch Spenden aufgebracht werden. Das Betreuungspersonal umfasst 45 Mitarbeiter\/Innen, darunter zahlreiche ehrenamtliche Kr\u00e4fte. Zum Schluss gab es eine Reihe von Fragen, wie zum Beispiel die Auffassung zur Sterbehilfe bzw.  Sterbebegleitung,  die Einbeziehung von Angeh\u00f6rigen oder die Behandlung des Gastes nach dem Ableben.<br>Der Besuch mit den erhaltenen Informationen hat alle ziemlich nachdenklich gestimmt und einmal vor Augen gef\u00fchrt, wie notwendig und hilfreich eine solche Einrichtung f\u00fcr Menschen am Ende ihres irdischen Lebens und auch deren Angeh\u00f6rige sein kann. <br>Die Besichtigung wurde abgschlossen mit einem gemeinsamen  Kaffeetrinken im Cafe Pr\u00fcfer. Text: Bernhard Weber, Fotos: Robert Wingenfeld<\/p>\n\n\n\n<figure class=\"wp-block-image size-large\"><img loading=\"lazy\" decoding=\"async\" width=\"511\" height=\"1024\" src=\"https:\/\/rhoenklub-dipperz.de\/wp-content\/uploads\/2020\/03\/20200320_085357-1-511x1024.jpg\" alt=\"\" class=\"wp-image-1248\" srcset=\"https:\/\/rhoenklub-dipperz.de\/wp-content\/uploads\/2020\/03\/20200320_085357-1-511x1024.jpg 511w, https:\/\/rhoenklub-dipperz.de\/wp-content\/uploads\/2020\/03\/20200320_085357-1-150x300.jpg 150w, https:\/\/rhoenklub-dipperz.de\/wp-content\/uploads\/2020\/03\/20200320_085357-1-768x1539.jpg 768w, https:\/\/rhoenklub-dipperz.de\/wp-content\/uploads\/2020\/03\/20200320_085357-1-766x1536.jpg 766w, https:\/\/rhoenklub-dipperz.de\/wp-content\/uploads\/2020\/03\/20200320_085357-1-1022x2048.jpg 1022w, https:\/\/rhoenklub-dipperz.de\/wp-content\/uploads\/2020\/03\/20200320_085357-1-scaled.jpg 1277w\" sizes=\"auto, (max-width: 511px) 100vw, 511px\" \/><\/figure>\n\n\n\n<figure class=\"wp-block-image size-large is-resized\"><img loading=\"lazy\" decoding=\"async\" src=\"https:\/\/rhoenklub-dipperz.de\/wp-content\/uploads\/2020\/03\/IMG-20200319-WA0002-2-1024x768.jpg\" alt=\"\" class=\"wp-image-1245\" width=\"446\" height=\"335\" srcset=\"https:\/\/rhoenklub-dipperz.de\/wp-content\/uploads\/2020\/03\/IMG-20200319-WA0002-2-1024x768.jpg 1024w, https:\/\/rhoenklub-dipperz.de\/wp-content\/uploads\/2020\/03\/IMG-20200319-WA0002-2-300x225.jpg 300w, https:\/\/rhoenklub-dipperz.de\/wp-content\/uploads\/2020\/03\/IMG-20200319-WA0002-2-768x576.jpg 768w, https:\/\/rhoenklub-dipperz.de\/wp-content\/uploads\/2020\/03\/IMG-20200319-WA0002-2-1536x1152.jpg 1536w, https:\/\/rhoenklub-dipperz.de\/wp-content\/uploads\/2020\/03\/IMG-20200319-WA0002-2.jpg 1600w\" sizes=\"auto, (max-width: 446px) 100vw, 446px\" \/><\/figure>\n\n\n\n<p><\/p>\n","protected":false},"excerpt":{"rendered":"<p>Durch Vermittlung von Diakon Ludwig Wagner kam der Besuch des Hospiz St. Elisabeth in Fulda zustande. Die Einrichtung befindet sich auf einer gesamten Etage im Herz-Jesu-Krankenhaus. Empfangen wurde die Gruppe von der Leiterin, Frau Pfeffermann, in einem sehr geschmack- und w\u00fcrdevoll eingerichteten Aufenthaltsraum, der als das sogenannte Wohnzimmer bezeichnet wird. In einem lockeren Gespr\u00e4chsvortrag erkl\u00e4rte &hellip; <a href=\"https:\/\/rhoenklub-dipperz.de\/index.php\/senioren-besuchen-hospiz\/\" class=\"more-link\"><span class=\"screen-reader-text\">Senioren besuchen Hospiz<\/span> weiterlesen <span class=\"meta-nav\">&rarr;<\/span><\/a><\/p>\n","protected":false},"author":2,"featured_media":0,"parent":0,"menu_order":0,"comment_status":"closed","ping_status":"closed","template":"","meta":{"ngg_post_thumbnail":0,"footnotes":""},"class_list":["post-1268","page","type-page","status-publish","hentry"],"_links":{"self":[{"href":"https:\/\/rhoenklub-dipperz.de\/index.php\/wp-json\/wp\/v2\/pages\/1268","targetHints":{"allow":["GET"]}}],"collection":[{"href":"https:\/\/rhoenklub-dipperz.de\/index.php\/wp-json\/wp\/v2\/pages"}],"about":[{"href":"https:\/\/rhoenklub-dipperz.de\/index.php\/wp-json\/wp\/v2\/types\/page"}],"author":[{"embeddable":true,"href":"https:\/\/rhoenklub-dipperz.de\/index.php\/wp-json\/wp\/v2\/users\/2"}],"replies":[{"embeddable":true,"href":"https:\/\/rhoenklub-dipperz.de\/index.php\/wp-json\/wp\/v2\/comments?post=1268"}],"version-history":[{"count":0,"href":"https:\/\/rhoenklub-dipperz.de\/index.php\/wp-json\/wp\/v2\/pages\/1268\/revisions"}],"wp:attachment":[{"href":"https:\/\/rhoenklub-dipperz.de\/index.php\/wp-json\/wp\/v2\/media?parent=1268"}],"curies":[{"name":"wp","href":"https:\/\/api.w.org\/{rel}","templated":true}]}}