{"id":15,"date":"2017-02-10T12:24:53","date_gmt":"2017-02-10T11:24:53","guid":{"rendered":"http:\/\/rhoenklub-dipperz.de\/?page_id=15"},"modified":"2019-10-02T16:35:47","modified_gmt":"2019-10-02T14:35:47","slug":"beitraege","status":"publish","type":"page","link":"https:\/\/rhoenklub-dipperz.de\/index.php\/beitraege\/","title":{"rendered":"Beitr\u00e4ge"},"content":{"rendered":"<h4>Unterst\u00fctzen Sie unsere Ziele mit einer Mitgliedschaft im Rh\u00f6nklub ZV Dipperz e.V.<\/h4>\n<p>Der Rh\u00f6nklub ZV Dipperz e. V. arbeitet kostenbewusst und ehrenamtlich.<\/p>\n<p>In dem Jahresbeitrag Hauptmitglied ist enthalten :<br \/>\ndie viermal im Jahr erscheinende Mitgliederzeitung<br \/>\n<span style=\"color: #008000;\">\u201eDie Rh\u00f6n \u2013 wandern und mehr\u201c<\/span><br \/>\nein reich bebilderter Rh\u00f6n-Jahreskalender sowie<br \/>\ndas Veranstaltungsprogramm des kommenden Jahres.<\/p>\n<p><strong>Der Beitrag betr\u00e4gt:<\/strong><\/p>\n<p><strong>\u00a0ab 2018 \u00a0\u00a0\u00a0\u00a0\u00a0\u00a0\u00a0\u00a0 f\u00fcr ein Hauptmitglied\u00a0 \u00a0 \u00a0 \u00a0 \u00a0 \u00a0 \u00a0 \u00a0 \u00a0 \u00a0 \u00a0 \u00a0 \u00a0 \u00a0 \u00a0 \u00a0 \u00a0 \u00a0 \u00a0 \u00a0 \u00a0 \u00a0 \u00a0 20,00 Euro\u00a0\u00a0 f\u00fcr ein Anschlussmitglied ab 18 Jahre\u00a0 \u00a0 \u00a0 \u00a0 \u00a0 \u00a0 \u00a0 \u00a0 \u00a0 \u00a0 \u00a0 \u00a0 \u00a0 \u00a0 \u00a0 \u00a0 \u00a0 \u00a0 \u00a0 \u00a0 \u00a010,00 Euro f\u00fcr ein Jugendmitglied\u00a0 \u00a0 \u00a0 \u00a0 \u00a0 \u00a0 \u00a0 \u00a0 \u00a0 \u00a0 \u00a0 \u00a0 \u00a0 \u00a0 \u00a0 \u00a0 \u00a0 \u00a0 \u00a0 \u00a0 \u00a0 \u00a0 \u00a0 \u00a0 \u00a0 \u00a0 \u00a0 \u00a0 \u00a0 \u00a0 \u00a0 \u00a0 \u00a0 \u00a0 \u00a0 \u00a0 1,00 Euro<\/strong><\/p>\n<p><strong>\u00a0<span style=\"color: #ff0000;\"><a style=\"color: #ff0000;\" href=\"http:\/\/rhoenklub-dipperz.de\/wp-content\/uploads\/2017\/02\/Anmeldung.pdf\">Anmeldung<\/a> <\/span><\/strong>PDF-Download<\/p>\n<p><img loading=\"lazy\" decoding=\"async\" class=\"aligncenter size-medium wp-image-309\" src=\"http:\/\/rhoenklub-dipperz.de\/wp-content\/uploads\/2017\/02\/Kirche-Dipperz-195x300.jpg\" alt=\"\" width=\"195\" height=\"300\" srcset=\"https:\/\/rhoenklub-dipperz.de\/wp-content\/uploads\/2017\/02\/Kirche-Dipperz-195x300.jpg 195w, https:\/\/rhoenklub-dipperz.de\/wp-content\/uploads\/2017\/02\/Kirche-Dipperz.jpg 279w\" sizes=\"auto, (max-width: 195px) 100vw, 195px\" \/><\/p>\n","protected":false},"excerpt":{"rendered":"<p>Unterst\u00fctzen Sie unsere Ziele mit einer Mitgliedschaft im Rh\u00f6nklub ZV Dipperz e.V. Der Rh\u00f6nklub ZV Dipperz e. V. arbeitet kostenbewusst und ehrenamtlich. In dem Jahresbeitrag Hauptmitglied ist enthalten : die viermal im Jahr erscheinende Mitgliederzeitung \u201eDie Rh\u00f6n \u2013 wandern und mehr\u201c ein reich bebilderter Rh\u00f6n-Jahreskalender sowie das Veranstaltungsprogramm des kommenden Jahres. Der Beitrag betr\u00e4gt: \u00a0ab &hellip; <a href=\"https:\/\/rhoenklub-dipperz.de\/index.php\/beitraege\/\" class=\"more-link\"><span class=\"screen-reader-text\">Beitr\u00e4ge<\/span> weiterlesen <span class=\"meta-nav\">&rarr;<\/span><\/a><\/p>\n","protected":false},"author":1,"featured_media":0,"parent":0,"menu_order":0,"comment_status":"closed","ping_status":"closed","template":"","meta":{"ngg_post_thumbnail":0,"footnotes":""},"class_list":["post-15","page","type-page","status-publish","hentry"],"_links":{"self":[{"href":"https:\/\/rhoenklub-dipperz.de\/index.php\/wp-json\/wp\/v2\/pages\/15","targetHints":{"allow":["GET"]}}],"collection":[{"href":"https:\/\/rhoenklub-dipperz.de\/index.php\/wp-json\/wp\/v2\/pages"}],"about":[{"href":"https:\/\/rhoenklub-dipperz.de\/index.php\/wp-json\/wp\/v2\/types\/page"}],"author":[{"embeddable":true,"href":"https:\/\/rhoenklub-dipperz.de\/index.php\/wp-json\/wp\/v2\/users\/1"}],"replies":[{"embeddable":true,"href":"https:\/\/rhoenklub-dipperz.de\/index.php\/wp-json\/wp\/v2\/comments?post=15"}],"version-history":[{"count":0,"href":"https:\/\/rhoenklub-dipperz.de\/index.php\/wp-json\/wp\/v2\/pages\/15\/revisions"}],"wp:attachment":[{"href":"https:\/\/rhoenklub-dipperz.de\/index.php\/wp-json\/wp\/v2\/media?parent=15"}],"curies":[{"name":"wp","href":"https:\/\/api.w.org\/{rel}","templated":true}]}}