{"id":188,"date":"2017-02-13T16:55:51","date_gmt":"2017-02-13T15:55:51","guid":{"rendered":"http:\/\/rhoenklub-dipperz.de\/?page_id=188"},"modified":"2022-04-04T22:40:33","modified_gmt":"2022-04-04T20:40:33","slug":"willkommen","status":"publish","type":"page","link":"https:\/\/rhoenklub-dipperz.de\/","title":{"rendered":"Herzlich Willkommen"},"content":{"rendered":"<p><img loading=\"lazy\" decoding=\"async\" class=\"aligncenter wp-image-191 size-large\" src=\"http:\/\/rhoenklub-dipperz.de\/wp-content\/uploads\/2017\/02\/RhoenklubUDipperz-1024x206.gif\" width=\"474\" height=\"95\" srcset=\"https:\/\/rhoenklub-dipperz.de\/wp-content\/uploads\/2017\/02\/RhoenklubUDipperz-1024x206.gif 1024w, https:\/\/rhoenklub-dipperz.de\/wp-content\/uploads\/2017\/02\/RhoenklubUDipperz-300x60.gif 300w, https:\/\/rhoenklub-dipperz.de\/wp-content\/uploads\/2017\/02\/RhoenklubUDipperz-768x154.gif 768w\" sizes=\"auto, (max-width: 474px) 100vw, 474px\" \/><\/p>\n<p style=\"text-align: center;\"><strong>&nbsp;&nbsp; &nbsp;&nbsp;&nbsp; beim Rh\u00f6nklub <\/strong><\/p>\n<p style=\"text-align: center;\"><strong>&nbsp;&nbsp;&nbsp;&nbsp;&nbsp;&nbsp;&nbsp;&nbsp;&nbsp;&nbsp; &nbsp;&nbsp;&nbsp; Zweigverein Dipperz e.V. <\/strong><\/p>\n<p>Der Zweigverein begr\u00fc\u00dft Sie als Besucher der Internetseite mit einem herzlichen \u201eFrisch auf\u201c<\/p>\n<p>Wir freuen uns, dass Sie zu uns gefunden haben und bieten Ihnen auf diesen Seiten viele Informationen \u00fcber unsere Heimat, den Rh\u00f6nklub und unseren Zweigverein.<\/p>\n<p>Bei uns geht es nicht nur um das Wandern, sondern auch um gemeinsame Erlebnisse, gesellige Stunden sowie die Kultur- und Naturverbundenheit.<\/p>\n<p>Gemeinsam mit dem Gesamtverein Rh\u00f6nklub e.V. wollen wir die Rh\u00f6n als Wander- und Erholungsgebiet bekannt machen, die Freude am Wandern zu jeder Jahreszeit f\u00f6rdern, die Sch\u00f6nheit der Rh\u00f6n erhalten, Heimatliebe und Heimatschutz pflegen und alle B\u00fcrger mit dem Wandergedanken vertraut machen.<\/p>\n<p><strong>Hierzu veranstalten wir:<br \/>\n<\/strong><span style=\"color: #339966;\"><strong style=\"font-size: inherit;\">Ganztags- und Halbtagswanderungen,<br \/>\nw\u00f6chentliche Nordic-Walking-Treffs,<br \/>\nWanderungen mit dem F\u00f6rster,<br \/>\nAusfl\u00fcge in die Umgebung,<br \/>\nBesichtigungen von Firmen, Kirchen, Museen, Kultur- und Naturschutzeinrichtungen<br \/>\nWassergymnastik<br \/>\nSpielenachmittage<br \/>\n<\/strong><strong style=\"font-size: inherit;\">&nbsp;zweiw\u00f6chentliches Radfahren&nbsp; f\u00fcr jedermann&nbsp; (mit oder ohne E-Bike) freitags<\/strong><\/span><\/p>\n<p>Sollten Sie Fragen haben, die wir hier im Internet nicht beantworten k\u00f6nnen, z\u00f6gern Sie bitte nicht, sich pers\u00f6nlich mit uns in Verbindung zu setzen. Ansprechpartner und ein Kontaktformular finden Sie auf der Seite <a href=\"http:\/\/rhoenklub-dipperz.de\/kontakt\/\" target=\"_blank\" rel=\"noopener noreferrer\"><u>Kontakte<\/u><\/a>. Gerne d\u00fcrfen Sie uns auch Vorschl\u00e4ge und Empfehlungen f\u00fcr Wanderungen und Besuchsziele mitteilen.<\/p>\n<p><u>&nbsp;<\/u>Wenn Sie alleine oder mit Ihrer Familie Mitglied in unserem Zweigverein werden wollen, finden Sie hier alle Informationen und das Anmeldeformular auf der Seite &#8222;<a href=\"http:\/\/rhoenklub-dipperz.de\/mitglied-werden\/\" target=\"_blank\" rel=\"noopener noreferrer\">Mitglied werden<\/a>&#8220;<\/p>\n<p>Gerne k\u00f6nnen Sie auch die Seite des <a href=\"http:\/\/www.rhoenklub.de\" target=\"_blank\" rel=\"noopener noreferrer\">Hauptvorstandes des Rh\u00f6nklubs <\/a>einsehen.<\/p>\n","protected":false},"excerpt":{"rendered":"<p>&nbsp;&nbsp; &nbsp;&nbsp;&nbsp; beim Rh\u00f6nklub &nbsp;&nbsp;&nbsp;&nbsp;&nbsp;&nbsp;&nbsp;&nbsp;&nbsp;&nbsp; &nbsp;&nbsp;&nbsp; Zweigverein Dipperz e.V. Der Zweigverein begr\u00fc\u00dft Sie als Besucher der Internetseite mit einem herzlichen \u201eFrisch auf\u201c Wir freuen uns, dass Sie zu uns gefunden haben und bieten Ihnen auf diesen Seiten viele Informationen \u00fcber unsere Heimat, den Rh\u00f6nklub und unseren Zweigverein. Bei uns geht es nicht nur um das &hellip; <a href=\"https:\/\/rhoenklub-dipperz.de\/\" class=\"more-link\"><span class=\"screen-reader-text\">Herzlich Willkommen<\/span> weiterlesen <span class=\"meta-nav\">&rarr;<\/span><\/a><\/p>\n","protected":false},"author":1,"featured_media":0,"parent":0,"menu_order":0,"comment_status":"closed","ping_status":"closed","template":"","meta":{"ngg_post_thumbnail":0,"footnotes":""},"class_list":["post-188","page","type-page","status-publish","hentry"],"_links":{"self":[{"href":"https:\/\/rhoenklub-dipperz.de\/index.php\/wp-json\/wp\/v2\/pages\/188","targetHints":{"allow":["GET"]}}],"collection":[{"href":"https:\/\/rhoenklub-dipperz.de\/index.php\/wp-json\/wp\/v2\/pages"}],"about":[{"href":"https:\/\/rhoenklub-dipperz.de\/index.php\/wp-json\/wp\/v2\/types\/page"}],"author":[{"embeddable":true,"href":"https:\/\/rhoenklub-dipperz.de\/index.php\/wp-json\/wp\/v2\/users\/1"}],"replies":[{"embeddable":true,"href":"https:\/\/rhoenklub-dipperz.de\/index.php\/wp-json\/wp\/v2\/comments?post=188"}],"version-history":[{"count":0,"href":"https:\/\/rhoenklub-dipperz.de\/index.php\/wp-json\/wp\/v2\/pages\/188\/revisions"}],"wp:attachment":[{"href":"https:\/\/rhoenklub-dipperz.de\/index.php\/wp-json\/wp\/v2\/media?parent=188"}],"curies":[{"name":"wp","href":"https:\/\/api.w.org\/{rel}","templated":true}]}}