{"id":201,"date":"2017-02-13T17:22:57","date_gmt":"2017-02-13T16:22:57","guid":{"rendered":"http:\/\/rhoenklub-dipperz.de\/?page_id=201"},"modified":"2018-02-17T18:41:58","modified_gmt":"2018-02-17T17:41:58","slug":"ausflug-eichsfeld","status":"publish","type":"page","link":"https:\/\/rhoenklub-dipperz.de\/index.php\/ausflug-eichsfeld\/","title":{"rendered":"Ausflug Eichsfeld"},"content":{"rendered":"<p>Der diesj\u00e4hrige Busausflug des Rh\u00f6nklub Dipperz e.V. erfolgte in das Bonifatiusland Eichsfeld (bei Eschwege). Die Eichsfelder verehrten in jahrhundertelanger Tradition den \u201eApostel der Deutschen\u201c.<\/p>\n<figure id=\"attachment_339\" aria-describedby=\"caption-attachment-339\" style=\"width: 313px\" class=\"wp-caption aligncenter\"><img loading=\"lazy\" decoding=\"async\" class=\"wp-image-339\" src=\"http:\/\/rhoenklub-dipperz.de\/wp-content\/uploads\/2017\/02\/P1000635-300x225.jpg\" alt=\"\" width=\"313\" height=\"235\" srcset=\"https:\/\/rhoenklub-dipperz.de\/wp-content\/uploads\/2017\/02\/P1000635-300x225.jpg 300w, https:\/\/rhoenklub-dipperz.de\/wp-content\/uploads\/2017\/02\/P1000635-768x576.jpg 768w, https:\/\/rhoenklub-dipperz.de\/wp-content\/uploads\/2017\/02\/P1000635-1024x768.jpg 1024w\" sizes=\"auto, (max-width: 313px) 100vw, 313px\" \/><figcaption id=\"caption-attachment-339\" class=\"wp-caption-text\">Kanonenbahn<\/figcaption><\/figure>\n<p>Die erste Station war eine Elektro-Draisine-Fahrt mit der \u201eKanonenbahn\u201c.<\/p>\n<p>Bei herrlichem Wetter und bester Laune f\u00fchrte uns ein Mitarbeiter in die Eisenbahngeschichte, die Besonderheiten der Kanonenbahn und die einzigartige Kulturlandschaft ein. In \u201eentschleunigter\u201c Fahrt ging es \u00fcber ein 244 m langes Viadukt, welches in 24 Meter H\u00f6he \u00fcber den gesamten Ort Lengenfeld unterm Stein f\u00fchrte. Weiter ging es an Schloss Bischofstein bis zum H\u00fclfensbergblick, bevor die R\u00fcckfahrt mit doppelter Geschwindigkeit von 20 km\/h einsetzte.<img loading=\"lazy\" decoding=\"async\" class=\"alignright wp-image-340\" src=\"http:\/\/rhoenklub-dipperz.de\/wp-content\/uploads\/2017\/02\/P1000636-300x225.jpg\" width=\"300\" height=\"225\" srcset=\"https:\/\/rhoenklub-dipperz.de\/wp-content\/uploads\/2017\/02\/P1000636-300x225.jpg 300w, https:\/\/rhoenklub-dipperz.de\/wp-content\/uploads\/2017\/02\/P1000636-768x576.jpg 768w, https:\/\/rhoenklub-dipperz.de\/wp-content\/uploads\/2017\/02\/P1000636-1024x768.jpg 1024w\" sizes=\"auto, (max-width: 300px) 100vw, 300px\" \/><\/p>\n<p>Nach einer St\u00e4rkung waren dann die Wallfahrerqualit\u00e4ten beim Aufstieg auf den H\u00fclfensberg angesagt. Unter F\u00fchrung des Franziskaner-Paters Jordan wurden wir informiert, dass der Berg schon in der vorchristlichen Zeit eine heidnische Opferst\u00e4tte war. Etwa zur Zeit des hl. Bonifatius wandelte sich der Berg in ein christliches Heiligtum. Im 12. Jahrhundert kam ein romanisches Kreuz auf den Berg, zu dem die Menschen Vertrauen fanden und in ihren Anliegen Hilfe erflehten. Im Mittelalter z\u00e4hlte der H\u00fclfensberg mit dem \u201eBonifatiusblick\u201c zu den sieben bedeutendsten Wallfahrtsst\u00e4tten in Deutschland. Nach der nicht best\u00e4tigten Volks\u00fcberlieferung soll Bonifatius auf dem Gipfel die Donareiche gef\u00e4llt und aus dem Holz eine Kapelle errichtet haben. Seit 1860 leben Franziskaner der S\u00e4chsischen Ordensprovinz vom Heiligen Kreuz auf dem Berg.<\/p>\n<p>W\u00e4hrend der DDR-Zeit lag der Berg im 500 m Sperrbezirk.<\/p>\n<p>Aus dieser Zeit konnte uns unser Mitglied Adolf Scheffel umfassend \u00fcber die Geschichte der Region, die Grenzverl\u00e4ufe und die Beeintr\u00e4chtigungen des Zuganges und der Wallfahrtbeschr\u00e4nkungen aufgrund seiner Kindheitserfahrungen berichten.<\/p>\n<p>Zum Schluss wurde noch der Endhafen der ehemaligen Weser-Werra-Schifffahrt aufgesucht. Die reich verzierten Handels- und B\u00fcrgerh\u00e4user lie\u00dfen den damaligen Reichtum der Stadt Wanfried erkennen.<\/p>\n<figure id=\"attachment_343\" aria-describedby=\"caption-attachment-343\" style=\"width: 474px\" class=\"wp-caption aligncenter\"><img loading=\"lazy\" decoding=\"async\" class=\"wp-image-343 size-large\" src=\"http:\/\/rhoenklub-dipperz.de\/wp-content\/uploads\/2017\/02\/P1000641-auf-der-Schlagd-in-Wanfried-1024x645.jpg\" width=\"474\" height=\"299\" srcset=\"https:\/\/rhoenklub-dipperz.de\/wp-content\/uploads\/2017\/02\/P1000641-auf-der-Schlagd-in-Wanfried-1024x645.jpg 1024w, https:\/\/rhoenklub-dipperz.de\/wp-content\/uploads\/2017\/02\/P1000641-auf-der-Schlagd-in-Wanfried-300x189.jpg 300w, https:\/\/rhoenklub-dipperz.de\/wp-content\/uploads\/2017\/02\/P1000641-auf-der-Schlagd-in-Wanfried-768x484.jpg 768w\" sizes=\"auto, (max-width: 474px) 100vw, 474px\" \/><figcaption id=\"caption-attachment-343\" class=\"wp-caption-text\">Einkehr an der Werra<\/figcaption><\/figure>\n<p>Die gem\u00fctliche Einkehr im Biergarten der Hafengastst\u00e4tte an der Weser war der erholsame Ausklang eines gelungenen Ausflugs.<\/p>\n<p>Text: Hans-J\u00fcrgen W\u00fcnnenberg<br \/>\nFotos: Robert Wingenfeld und Angela W\u00fcnnenberg<\/p>\n","protected":false},"excerpt":{"rendered":"<p>Der diesj\u00e4hrige Busausflug des Rh\u00f6nklub Dipperz e.V. erfolgte in das Bonifatiusland Eichsfeld (bei Eschwege). Die Eichsfelder verehrten in jahrhundertelanger Tradition den \u201eApostel der Deutschen\u201c. Die erste Station war eine Elektro-Draisine-Fahrt mit der \u201eKanonenbahn\u201c. Bei herrlichem Wetter und bester Laune f\u00fchrte uns ein Mitarbeiter in die Eisenbahngeschichte, die Besonderheiten der Kanonenbahn und die einzigartige Kulturlandschaft ein. &hellip; <a href=\"https:\/\/rhoenklub-dipperz.de\/index.php\/ausflug-eichsfeld\/\" class=\"more-link\"><span class=\"screen-reader-text\">Ausflug Eichsfeld<\/span> weiterlesen <span class=\"meta-nav\">&rarr;<\/span><\/a><\/p>\n","protected":false},"author":1,"featured_media":0,"parent":0,"menu_order":0,"comment_status":"closed","ping_status":"closed","template":"","meta":{"ngg_post_thumbnail":0,"footnotes":""},"class_list":["post-201","page","type-page","status-publish","hentry"],"_links":{"self":[{"href":"https:\/\/rhoenklub-dipperz.de\/index.php\/wp-json\/wp\/v2\/pages\/201","targetHints":{"allow":["GET"]}}],"collection":[{"href":"https:\/\/rhoenklub-dipperz.de\/index.php\/wp-json\/wp\/v2\/pages"}],"about":[{"href":"https:\/\/rhoenklub-dipperz.de\/index.php\/wp-json\/wp\/v2\/types\/page"}],"author":[{"embeddable":true,"href":"https:\/\/rhoenklub-dipperz.de\/index.php\/wp-json\/wp\/v2\/users\/1"}],"replies":[{"embeddable":true,"href":"https:\/\/rhoenklub-dipperz.de\/index.php\/wp-json\/wp\/v2\/comments?post=201"}],"version-history":[{"count":0,"href":"https:\/\/rhoenklub-dipperz.de\/index.php\/wp-json\/wp\/v2\/pages\/201\/revisions"}],"wp:attachment":[{"href":"https:\/\/rhoenklub-dipperz.de\/index.php\/wp-json\/wp\/v2\/media?parent=201"}],"curies":[{"name":"wp","href":"https:\/\/api.w.org\/{rel}","templated":true}]}}