{"id":21,"date":"2017-02-10T12:25:33","date_gmt":"2017-02-10T11:25:33","guid":{"rendered":"http:\/\/rhoenklub-dipperz.de\/?page_id=21"},"modified":"2017-02-18T12:42:03","modified_gmt":"2017-02-18T11:42:03","slug":"senioren","status":"publish","type":"page","link":"https:\/\/rhoenklub-dipperz.de\/index.php\/senioren\/","title":{"rendered":"Senioren"},"content":{"rendered":"<p>Unser Seniorenwanderf\u00fchrer Winfried Barthelmes und unser Kulturwart Bernhard Weber begr\u00fc\u00dfen gerne <strong>G\u00e4ste und Mitglieder,<\/strong> die an dem&nbsp; 2. Donnerstag eines Monats Zeit haben&nbsp; zu einem erlebnisreichen Nachmittag.<\/p>\n<p>Treffpunkt dazu&nbsp; ist um 13:30 Uhr am B\u00fcrgerhausparkplatz Dipperz. Von dort starten wir in Fahrgemeinschaften zu Besichtigungen von Firmen und kulturellen Einrichtunen sowie Naturparkeinrichtungen und unseren Ausflugs-\/Wanderzielen.<\/p>\n<p>Die Wanderungen sind in der Regel 5 bis 8 km lang und ber\u00fccksichtigen die Leistungsf\u00e4higkeit der Gruppe. Zu dem Nachmittag geh\u00f6rt selbstverst\u00e4ndlich auch eine Einkehr in geselliger Runde.<\/p>\n<p>Weiterhin sind unsere Senioren sehr aktiv bei <strong>Nordic Walking-Wanderungen<\/strong>. Diese finden w\u00f6chtenlich Dienstags morgens um&nbsp;&nbsp;&nbsp;&nbsp;&nbsp;&nbsp;&nbsp; 9 Uhr statt. Start ist f\u00fcr die rund 6 km lange Strecke im Eichberg der Parkplatz am neuen Sportplatz.<\/p>\n<p>Weiterhin treffen sich Interessierte zur <strong>Wassergymnastik<\/strong>. Im Fr\u00fchjahr und Herbst werden zwei Kurse an je 15 Abenden (Montags um 19:15 Uhr f\u00fcr jeweils 45 Minuten) im Schwimmbad Rh\u00f6n Residence angeboten.<\/p>\n","protected":false},"excerpt":{"rendered":"<p>Unser Seniorenwanderf\u00fchrer Winfried Barthelmes und unser Kulturwart Bernhard Weber begr\u00fc\u00dfen gerne G\u00e4ste und Mitglieder, die an dem&nbsp; 2. Donnerstag eines Monats Zeit haben&nbsp; zu einem erlebnisreichen Nachmittag. Treffpunkt dazu&nbsp; ist um 13:30 Uhr am B\u00fcrgerhausparkplatz Dipperz. Von dort starten wir in Fahrgemeinschaften zu Besichtigungen von Firmen und kulturellen Einrichtunen sowie Naturparkeinrichtungen und unseren Ausflugs-\/Wanderzielen. Die &hellip; <a href=\"https:\/\/rhoenklub-dipperz.de\/index.php\/senioren\/\" class=\"more-link\"><span class=\"screen-reader-text\">Senioren<\/span> weiterlesen <span class=\"meta-nav\">&rarr;<\/span><\/a><\/p>\n","protected":false},"author":1,"featured_media":0,"parent":0,"menu_order":0,"comment_status":"closed","ping_status":"closed","template":"","meta":{"ngg_post_thumbnail":0,"footnotes":""},"class_list":["post-21","page","type-page","status-publish","hentry"],"_links":{"self":[{"href":"https:\/\/rhoenklub-dipperz.de\/index.php\/wp-json\/wp\/v2\/pages\/21","targetHints":{"allow":["GET"]}}],"collection":[{"href":"https:\/\/rhoenklub-dipperz.de\/index.php\/wp-json\/wp\/v2\/pages"}],"about":[{"href":"https:\/\/rhoenklub-dipperz.de\/index.php\/wp-json\/wp\/v2\/types\/page"}],"author":[{"embeddable":true,"href":"https:\/\/rhoenklub-dipperz.de\/index.php\/wp-json\/wp\/v2\/users\/1"}],"replies":[{"embeddable":true,"href":"https:\/\/rhoenklub-dipperz.de\/index.php\/wp-json\/wp\/v2\/comments?post=21"}],"version-history":[{"count":0,"href":"https:\/\/rhoenklub-dipperz.de\/index.php\/wp-json\/wp\/v2\/pages\/21\/revisions"}],"wp:attachment":[{"href":"https:\/\/rhoenklub-dipperz.de\/index.php\/wp-json\/wp\/v2\/media?parent=21"}],"curies":[{"name":"wp","href":"https:\/\/api.w.org\/{rel}","templated":true}]}}