{"id":25,"date":"2017-02-10T12:26:06","date_gmt":"2017-02-10T11:26:06","guid":{"rendered":"http:\/\/rhoenklub-dipperz.de\/?page_id=25"},"modified":"2022-12-13T11:14:54","modified_gmt":"2022-12-13T10:14:54","slug":"wanderplan","status":"publish","type":"page","link":"https:\/\/rhoenklub-dipperz.de\/index.php\/wanderplan\/","title":{"rendered":"Veranstaltungen 2023"},"content":{"rendered":"\n<div class=\"wp-block-group\"><div class=\"wp-block-group__inner-container is-layout-constrained wp-block-group-is-layout-constrained\">\n<div class=\"wp-block-group\"><div class=\"wp-block-group__inner-container is-layout-constrained wp-block-group-is-layout-constrained\">\n<div class=\"wp-block-group\"><div class=\"wp-block-group__inner-container is-layout-constrained wp-block-group-is-layout-constrained\">\n<p class=\"has-green-color has-text-color\" style=\"font-size:25px\"><em><strong><mark style=\"background-color:rgba(0, 0, 0, 0)\" class=\"has-inline-color has-green-color\">Januar<\/mark><\/strong><\/em><\/p>\n\n\n\n<p class=\"has-green-color has-text-color has-medium-font-size\" style=\"font-size:22px\">12. Januar um 13:30 Uhr: Seniorenwanderung<\/p>\n\n\n\n<p class=\"has-green-color has-text-color has-medium-font-size\" style=\"font-size:22px\">15. Januar um 12:00 Uhr: Er\u00f6ffnungswanderung. <br>                                                          WF: Vorstand<\/p>\n<\/div><\/div>\n\n\n\n<p class=\"has-green-color has-text-color\" style=\"font-size:25px\"><em>Februar<\/em><\/p>\n<\/div><\/div>\n<\/div><\/div>\n\n\n\n<p class=\"has-green-color has-text-color has-medium-font-size\" style=\"font-size:22px\">09. Februar um 13:30 Uhr: Seniorenwanderung<\/p>\n\n\n\n<p class=\"has-green-color has-text-color\" style=\"font-size:25px\">M\u00e4rz<\/p>\n\n\n\n<p class=\"has-green-color has-text-color has-medium-font-size\" style=\"font-size:22px\">05. M\u00e4rz um 14:00 Uhr: Spielenachmittag<\/p>\n\n\n\n<p class=\"has-green-color has-text-color has-medium-font-size\" style=\"font-size:22px\">09. M\u00e4rz um 13:30 Uhr: Seniorenwanderung<\/p>\n\n\n\n<p class=\"has-green-color has-text-color has-medium-font-size\" style=\"font-size:22px\">23. M\u00e4rz um 19:00 Uhr: Jahreshauptversammlung im<br>                                                      B\u00fcrgerhaus<\/p>\n\n\n\n<p class=\"has-green-color has-text-color has-medium-font-size\" style=\"font-size:22px\">24. M\u00e4rz um 16:00 Uhr: Osterbrunnenwickeln &#8211;<br>                                                       Ansprechpartner: Martina und<br>                                                       Corinna Reinhard<\/p>\n\n\n\n<p class=\"has-green-color has-text-color\" style=\"font-size:25px\">April<\/p>\n\n\n\n<p class=\"has-green-color has-text-color has-medium-font-size\" style=\"font-size:22px\">13. April um 13:30 Uhr: Seniorenwanderung<\/p>\n\n\n\n<p class=\"has-green-color has-text-color has-medium-font-size\" style=\"font-size:22px\">23. April um 13:00 Uhr: <br>Wanderung &#8218;Auf den Spuren des Johannes Sebastian Kneipp&#8216; in Gersfeld, WF: Fam. Dermbach<\/p>\n\n\n\n<p class=\"has-green-color has-text-color\" style=\"font-size:25px\">Mai<\/p>\n\n\n\n<p class=\"has-green-color has-text-color has-medium-font-size\" style=\"font-size:22px\">07. Mai um 13:00 Uhr: <br>Radtour von Dipperz zum Hause-Stausee, leichte Strecke ca. 25 Km. T.F. Bernhard Weber<\/p>\n\n\n\n<p class=\"has-green-color has-text-color has-medium-font-size\" style=\"font-size:22px\">11. Mai um 13:30 Uhr: Seniorenwanderung <\/p>\n\n\n\n<p class=\"has-green-color has-text-color has-medium-font-size\" style=\"font-size:22px\">14. Mai: Tag des Wanderns<\/p>\n\n\n\n<p class=\"has-green-color has-text-color has-medium-font-size\" style=\"font-size:22px\">21. Mai um 13:00: <br>Rundtour von Spahn nach Reinhards. WF: Berthold M\u00fcller<\/p>\n\n\n\n<p class=\"has-green-color has-text-color\" style=\"font-size:25px\">Juni<\/p>\n\n\n\n<p class=\"has-green-color has-text-color has-medium-font-size\" style=\"font-size:22px\">04. Juni: <br>146. Jahreshauptversammlung des Gesamt-Rh\u00f6nklub e.V. in Neuhof<\/p>\n\n\n\n<p class=\"has-green-color has-text-color has-medium-font-size\" style=\"font-size:22px\">08. Juni um 13:30: Seniorenwanderung<\/p>\n\n\n\n<p class=\"has-green-color has-text-color\" style=\"font-size:25px\">Juli<\/p>\n\n\n\n<p class=\"has-green-color has-text-color has-medium-font-size\" style=\"font-size:22px\">13. Juli um 13:30: Seniorenwanderung<\/p>\n\n\n\n<p class=\"has-green-color has-text-color\" style=\"font-size:25px\">August<\/p>\n\n\n\n<p class=\"has-green-color has-text-color has-medium-font-size\" style=\"font-size:22px\">10. August um 13:30: Seniorenwanderung<\/p>\n\n\n\n<p class=\"has-green-color has-text-color has-medium-font-size\" style=\"font-size:22px\">13. August um 13:00 Uhr: <br>Radtour von Dipperz zur Eichenzeller Warte (Rh\u00f6nklubh\u00fctte), ca. 20 km. T.F. Bernhard Weber<\/p>\n\n\n\n<p class=\"has-green-color has-text-color\" style=\"font-size:25px\">September<\/p>\n\n\n\n<p class=\"has-green-color has-text-color has-medium-font-size\" style=\"font-size:22px\">02. September: 13. Rh\u00f6ner Wandertag in Meiningen<\/p>\n\n\n\n<p class=\"has-green-color has-text-color has-medium-font-size\" style=\"font-size:22px\">14. September um 13:30 Uhr: Seniorenwanderung<\/p>\n\n\n\n<p class=\"has-green-color has-text-color has-medium-font-size\" style=\"font-size:22px\">17. September: <br>100 Jahre Heidelsteinfeier. Wanderung ab Schornhecke, ca. 6 km. W.F. Vorstand<\/p>\n\n\n\n<p class=\"has-green-color has-text-color\" style=\"font-size:25px\">Oktober<\/p>\n\n\n\n<p class=\"has-green-color has-text-color has-medium-font-size\" style=\"font-size:22px\">12. Oktober um 13:30 Uhr: Seniorenwanderung<\/p>\n\n\n\n<p class=\"has-green-color has-text-color has-medium-font-size\" style=\"font-size:22px\">Voraussichtlich: gef\u00fchrte Wanderung des Fliegerweges ab Poppenhausen. W.F. Marcel Fink &amp; Corinna Reinhard<\/p>\n\n\n\n<p class=\"has-green-color has-text-color\" style=\"font-size:25px\">November<\/p>\n\n\n\n<p class=\"has-green-color has-text-color has-medium-font-size\" style=\"font-size:22px\">02. November: Aufstellung des Wanderplanes 2024<\/p>\n\n\n\n<p class=\"has-green-color has-text-color has-medium-font-size\" style=\"font-size:22px\">09. November  um 13:30 Uhr: Seniorenwanderung<\/p>\n\n\n\n<p class=\"has-green-color has-text-color\" style=\"font-size:25px\">Dezember<\/p>\n\n\n\n<p class=\"has-green-color has-text-color has-medium-font-size\" style=\"font-size:22px\">14. Dezember um 13:30 Uhr: Seniorenwanderung<\/p>\n\n\n\n<p class=\"has-green-color has-text-color has-medium-font-size\" style=\"font-size:22px\">29. Dezember um 16:00 Uhr: <br>Jahresabschlusswanderung, W.F. Vorstand<\/p>\n\n\n\n<p class=\"has-green-color has-text-color has-medium-font-size\" style=\"font-size:22px\"><\/p>\n","protected":false},"excerpt":{"rendered":"<p>Januar 12. Januar um 13:30 Uhr: Seniorenwanderung 15. Januar um 12:00 Uhr: Er\u00f6ffnungswanderung. WF: Vorstand Februar 09. Februar um 13:30 Uhr: Seniorenwanderung M\u00e4rz 05. M\u00e4rz um 14:00 Uhr: Spielenachmittag 09. M\u00e4rz um 13:30 Uhr: Seniorenwanderung 23. M\u00e4rz um 19:00 Uhr: Jahreshauptversammlung im B\u00fcrgerhaus 24. M\u00e4rz um 16:00 Uhr: Osterbrunnenwickeln &#8211; Ansprechpartner: Martina und Corinna Reinhard &hellip; <a href=\"https:\/\/rhoenklub-dipperz.de\/index.php\/wanderplan\/\" class=\"more-link\"><span class=\"screen-reader-text\">Veranstaltungen 2023<\/span> weiterlesen <span class=\"meta-nav\">&rarr;<\/span><\/a><\/p>\n","protected":false},"author":1,"featured_media":0,"parent":0,"menu_order":0,"comment_status":"closed","ping_status":"closed","template":"","meta":{"ngg_post_thumbnail":0,"footnotes":""},"class_list":["post-25","page","type-page","status-publish","hentry"],"_links":{"self":[{"href":"https:\/\/rhoenklub-dipperz.de\/index.php\/wp-json\/wp\/v2\/pages\/25","targetHints":{"allow":["GET"]}}],"collection":[{"href":"https:\/\/rhoenklub-dipperz.de\/index.php\/wp-json\/wp\/v2\/pages"}],"about":[{"href":"https:\/\/rhoenklub-dipperz.de\/index.php\/wp-json\/wp\/v2\/types\/page"}],"author":[{"embeddable":true,"href":"https:\/\/rhoenklub-dipperz.de\/index.php\/wp-json\/wp\/v2\/users\/1"}],"replies":[{"embeddable":true,"href":"https:\/\/rhoenklub-dipperz.de\/index.php\/wp-json\/wp\/v2\/comments?post=25"}],"version-history":[{"count":0,"href":"https:\/\/rhoenklub-dipperz.de\/index.php\/wp-json\/wp\/v2\/pages\/25\/revisions"}],"wp:attachment":[{"href":"https:\/\/rhoenklub-dipperz.de\/index.php\/wp-json\/wp\/v2\/media?parent=25"}],"curies":[{"name":"wp","href":"https:\/\/api.w.org\/{rel}","templated":true}]}}