{"id":30,"date":"2017-02-10T12:26:49","date_gmt":"2017-02-10T11:26:49","guid":{"rendered":"http:\/\/rhoenklub-dipperz.de\/?page_id=30"},"modified":"2017-02-16T19:40:22","modified_gmt":"2017-02-16T18:40:22","slug":"chronik","status":"publish","type":"page","link":"https:\/\/rhoenklub-dipperz.de\/index.php\/chronik\/","title":{"rendered":"Vereinschronik"},"content":{"rendered":"<p><img loading=\"lazy\" decoding=\"async\" class=\"aligncenter\" src=\"http:\/\/rhoenklub-dipperz.de\/wp-content\/uploads\/2017\/02\/RhoenklubUDipperz.gif\" alt=\"\" height=\"144\" width=\"718\"><br \/>\n&nbsp;&nbsp;&nbsp;&nbsp;&nbsp;&nbsp;&nbsp;&nbsp;&nbsp;&nbsp;&nbsp;&nbsp;&nbsp;&nbsp;&nbsp;&nbsp;&nbsp;&nbsp;&nbsp;&nbsp;&nbsp;&nbsp;&nbsp;&nbsp;&nbsp;&nbsp;&nbsp;&nbsp;&nbsp;&nbsp;&nbsp;&nbsp;&nbsp;&nbsp;&nbsp;&nbsp; <strong>Rh\u00f6nklub-Zweigverein Dipperz e.V.<\/strong><\/p>\n<p>Der Rh\u00f6nklub Zweigverein Dipperz wurde als 92. Mitglied des Gesamtvereins und als 28. des Fuldagaus am <strong>7. Mai 1997<\/strong> im B\u00fcrgerhaus in Dipperz gegr\u00fcndet.<\/p>\n<p>Bis zu diesem Zeitpunkt war Dipperz ein wei\u00dfer Fleck auf der bunten Rh\u00f6nklubkarte. Verschiedene fr\u00fchere Anl\u00e4ufe blieben leider ergebnislos. Einzelne Dipperzer Rh\u00f6nfreunde hatten sich anderen Zweigvereinen angeschlossen. So weisen die Hebelisten der \u201eRh\u00f6nklub-Sektion Fulda\u201c aus den Jahren 1880 bis 1882 die Leinenh\u00e4ndler Philipp und Oscar Walter und den Gastwirt Josef Kircher aus Dipperz als Mitglieder aus. Nach dem 2. Weltkrieg schlossen sich verschiedene B\u00fcrger dem benachbarten Zweigverein Hofbieber an.<\/p>\n<p>Wie kam es nun im Jahre <strong>1997<\/strong> zu einer Rh\u00f6nklub-Gr\u00fcndung im Tal der \u201eWanne\u201c?<\/p>\n<p>Der Wanderwart des Fuldagaus Albrecht Spiegel aus Tann (Rh\u00f6n) ist ein altbekannter Freund des Dipperzer B\u00fcrgermeisters Bernhard Weber. Sie stammen beide aus dem kleinen Rh\u00f6ndorf Rupsroth. Gemeinsam mit dem Vorsitzenden des Fuldagaues Toni Roth wirkte Spiegel auf den B\u00fcrgermeister ein, alles daran zu setzen, in Dipperz einen Zweigverein ins Leben zu rufen.<\/p>\n<p>Und so veranstaltete man am 11. April 1997 im B\u00fcrgerhaus einen Heimatabend als Werbeaktion. Das Programm gestalteten Gruppen der Zweigvereine aus Hofbieber, Eichenzell und K\u00fcnzell mit Tanz, Musik und Gesang. Der Rh\u00f6nklub-Redakteur Heribert Kramm aus Fulda brachte in einer Diareihe den zahlreichen Besuchern die vielf\u00e4ltigen Landschaften der Rh\u00f6n nahe und vermittelte gemeinsam mit der ebenfalls anwesenden Rh\u00f6nklub-Pr\u00e4sidentin Regina Rinke die vielf\u00e4ltigen Aufgabenbereiche des Rh\u00f6nklubs.<\/p>\n<p>Die vielen Besucher \u00e4u\u00dferten den klaren Willen: in Dipperz ist die Zeit f\u00fcr einen Rh\u00f6nklub gekommen. Als Gr\u00fcndungsversammlung wurde der 7. Mai 1997 vereinbart. 62 Interessierte M\u00e4nner und Frauen konnte B\u00fcrgermeister Bernhard Weber gemeinsam mit dem Gauvorsitzenden Toni Roth zur Gr\u00fcndungsversammlung begr\u00fc\u00dfen. Gekommen waren auch weitere Repr\u00e4sentanten des Rh\u00f6nklubs, um \u201eGeburtshilfe\u201c zu leisten.<\/p>\n<p>Erfreulicherweise waren Personen bereit, ein Amt im Vorstand zu \u00fcbernehmen. Lediglich die Besetzung des 1. Vorsitzenden gestaltete sich schwierig. Dieses Amt wurde mit drei Mitgliedern besetzt, um die Aufgabenf\u00fclle bei der Gr\u00fcndung auf mehrere Schultern zu verteilen.<\/p>\n<p>Den Vorstand des neuen Vereins, vorerst gew\u00e4hlt f\u00fcr ein Jahr, bildeten<\/p>\n<p style=\"text-align: left;\">1. Vorsitzender: B\u00fcrgermeister Bernhard Weber , Helmut Wagner, Reinhold Hohmann<br \/>\n2. Vorsitzender: Thomas Jest\u00e4dt<br \/>\nKassierer: Hermann Hillenbrand<br \/>\nSchriftf\u00fchrerin: Friedel Barthelmes<br \/>\nWanderwarte: Georg Reinhard und Rudi Sch\u00e4fer<br \/>\nWegewarte: Erwin Leibold, Helmut Brill und Elmar Vogler<br \/>\nNaturschutz- und Kulturwart: Ehrenb\u00fcrgermeister Reinhold Hartung.<\/p>\n<p><strong>1997 \u2013 2007<\/strong><\/p>\n<p>Der Benjamin in der Dipperzer Vereinsfamilie erhielt regen Zuspruch. Die Mitgliederzahl wuchs st\u00e4ndig an.<\/p>\n<p>Im Folgejahr \u00fcbernahm Helmut Wagner den Posten des 1. Vorsitzenden in alleiniger Verantwortung. Bernhard Weber wurde 2. Vorsitzender.<br \/>\nAm <strong>2.8.1998<\/strong> erfolgte das 1. Sommerfest des Vereins. Es folgte im Jahre<strong> 2000<\/strong> das erste Schafskopfturnier und die Gr\u00fcndung einer Tanzgruppe.<\/p>\n<p>Durch den guten Vereinsauftritt stieg die Mitgliederzahl bis zum Jahr 2000 auf 197 an.<\/p>\n<p>Auf der Jahreshauptversammlung <strong>2001<\/strong> wurde der Vorstand neu gew\u00e4hlt und entsprechend dem vergr\u00f6\u00dferten Aufgabengebiet erweitert. Er setzte sich zusammen aus:<\/p>\n<p>1. Vorsitzender: Uwe M\u00e4rtin<br \/>\n2. Vorsitzender: Hubert St\u00fc\u00df<br \/>\nKassierer: Gerhard Mehler<br \/>\nSchriftf\u00fchrer: Friedel Barthelmes, Heike Diegelmann<br \/>\nWanderwart: Richard Leibold und Rudi Sch\u00e4fer<br \/>\nWegewart: Robert Wingenfeld, Erwin Leibold<br \/>\nNaturschutzwart: Emmi Trapp, Hubert St\u00fc\u00df<br \/>\nKulturwart: Edelgard M\u00e4rtin<br \/>\nFamilienwart: Martina Reinhard<br \/>\n1. Jugendwartin: Andrea Trapp,<br \/>\n2. Jugendwartin: Martina Reinhard<\/p>\n<p>Bis auf kleinere Verschiebungen innerhalb der Vorstandschaft wurde der Verein bis 2013 von den oben genannten Mitgliedern vertreten. Von 2004 bis 2010 verst\u00e4rkte Nadine Reinhard und Anja Wollschl\u00e4ger das Team als Jugendwartinnen.<\/p>\n<p>In der Folgezeit wurden erstmals im Jahre <strong>2002<\/strong> Ruheb\u00e4nke in Dipperz vom Rh\u00f6nklub aufgestellt und eine Mehrtageswanderung durchgef\u00fchrt.<\/p>\n<p>Das Wander- und Gesundheitsprogramm wurde erstmals im Rh\u00f6nklub durch veranstaltete Nordic-Walking Treffs in Dipperz erweitert.<br \/>\nJeweils Montags um 19 Uhr und Dienstags um 9 Uhr treffen sich seitdem viele Mitglieder und G\u00e4ste am neuen Sportplatz, um eine ca. 6 km lange Strecke im Eichberg zu absolvieren.<br \/>\nAuch eine Mehrtagesfahrt nach Wunsiedel\/Fichtelgebirge fand guten Zuspruch..<\/p>\n<p>Im kulturellen Bereich wurde <strong>2003<\/strong> die Gaukulturtagung in Dipperz abgehalten. Unsere Mehrtagesfahrt erfolgte in das Erzgebirge nach Schwarzberg.<\/p>\n<p>Im Jahre <strong>2004<\/strong> wurde erstmal am B\u00fcrgerhaus Dipperz ein Osterbrunnen geschm\u00fcckt. Mehrere erlebnisreiche Tage erlebte unsere Gruppe in K\u00fchlungsborn an der Ostsee.<\/p>\n<p>Im Jahre <strong>2005<\/strong> gab es eine Ardennenwanderung \u00fcber 4 Tage und eine 2 Tage-Wanderung am Rh\u00f6n-Rennsteig. Die 8 M\u00e4dchen aus der Jugend-Tanzgruppe zeigten ihr K\u00f6nnen in Thalau und bei einem Familienfest der AOK. 21 Kinder nahmen an der Weihnachtswerkstatt und am weihnachtlichen Singen in der Dipperzer Pfarrkirche mit den Rh\u00f6nklub-Zweigvereinen Dalherda, K\u00fcnzell, Motten und Schondrah\u00f6he teil. Ebenfalls erfolgte die Teilnahme am Deutschen Wandertag in Rudolfstadt\/Saalfeld.<\/p>\n<p>Unter Leitung des Naturschutzwartes Hubert St\u00fc\u00df wurde im Jahr <strong>2006<\/strong> von 25 Teilnehmern Nistk\u00e4sten gefertigt und seitdem regelm\u00e4\u00dfig \u00fcberwacht und gereinigt. Am Osterputz nahmen 14 Jugendliche und 5 Erwachsene teil. Besucht wurde die Landesgartenschau in Bad Wildungen.<\/p>\n<p>Aufgrund der guten Jugendarbeit hatte sich die Anzahl auf 255 Mitglieder erh\u00f6ht (101 Hauptmitglieder, 86 Anschlussmitglieder und 68 Jugendliche)<\/p>\n<p>Es fanden 123 Nordic-Walking und Wanderungen statt, an denen sich 605 Personen beteiligten.<br \/>\nBei einer durchschnittlichen Wanderstrecke von 9,5 km pro Wanderung betrug die Gesamtwanderstrecke 7.938 km.<br \/>\n<strong>2007 &#8211; 2017<\/strong><\/p>\n<p>Zur weiteren Ausweitung des Gesundheitsprogrammes wurde in <strong>2007<\/strong> ein Wassergymnastikkurs im Hotel Rh\u00f6n Residence angeboten, der noch heute im Fr\u00fchjahr und Herbst an je 15 Abenden (Montags Beginn um 19,15 Uhr) stattfindet.<\/p>\n<p>Wegewart Robert Wingenfeld nahm an dem Symposium aus Anlass des Deutschen Wandertages in Fulda und der Wanderkartenerstellung \u201eRh\u00f6n-Wanderwelt Nr. 1\u201c teil. Highlights des Jahres war die Begehung mehrerer Teilstrecken des neu er\u00f6ffneten \u201eHochrh\u00f6ner\u201c-Wanderweges und des Deutschen Wandertages in Saarlouis.<\/p>\n<p>Das Jahr <strong>2008<\/strong> war gekennzeichnet durch die Durchf\u00fchrung des Deutschen Wandertages in Fulda. Mitglieder des Zweigvereins \u00fcbernahmen die F\u00fchrung auf einigen Wanderstrecken und beteiligten sich bei der Bek\u00f6stigung der G\u00e4ste aus ganz Deutschland durch die teilweise Besetzung von Getr\u00e4nke- und Verpflegungsst\u00e4nden. Selbstverst\u00e4ndlich geh\u00f6rte dazu auch die Teilnahme an dem Festumzug durch eine Abordnung des Vereins.<\/p>\n<p>Im Jahr<strong> 2009<\/strong> fand die Delegiertenversammlung der Rh\u00f6nklubjugend in Dipperz statt. Neben den vielf\u00e4ltigen Wanderungen wurde auch ein Besuch im Senkenbergmuseum in Frankfurt durchgef\u00fchrt.<\/p>\n<p>Im Jahr <strong>2010<\/strong> sind besonders hervorzuheben der Besuch der Behindertenwerkstatt in Haselstein, des j\u00fcdischen Friedhofs in Weyhers, des Krippenwegs in Gro\u00dfenl\u00fcder und die Durchf\u00fchrung eines Spielnachmittags. Hinzu kamen der Besuch der Landesgartenschau in Bad Nauheim, des Weihnachtsmarktes in Schmalkalden und die Teilnahme am 1. Rh\u00f6ner Wandertag in M\u00fcnnerstadt.<\/p>\n<p>Die Vorstandwahlen best\u00e4tigten zum Gro\u00dfteil die bisherigen Mitglieder<\/p>\n<p>1. Vorsitzender Uwe M\u00e4rtin<br \/>\n2. Vorsitzender Heike Diegelmann<br \/>\nKassiererin: Andrea Trapp<br \/>\nSchriftf\u00fchrerin: Friedel Barthelmes<br \/>\nWanderwart: Richard Leibold<br \/>\nWegewart: Robert Wingenfeld, Gertrud Wingenfeld<br \/>\nNaturschutzwart: Hubert St\u00fc\u00df<br \/>\nKulturwartt: Bernhard Weber<br \/>\nPressewart: Bernhard Weber<br \/>\nFamilienwartin: Martina Reinhard<br \/>\nJugendwartin: Corinna Reinhard<\/p>\n<p>Dipperz erinnerte <strong>2011<\/strong> an seine Gr\u00fcndung vor 750 Jahren. An den \u00fcber das Jahr verteilten Veranstaltungen beteiligte sich der Rh\u00f6nklub sehr aktiv. Der Rh\u00f6nklub ZV Dipperz pr\u00e4sentierte sich erfolgreich am Tag der Kultur u.a. mit dem von Emmi Trapp und Gertrud Wingenfeld vorgetragenen Sketch \u201e Die Butterleier\u201c. Auch vermittelte uns Jasmin Barthelmes ihre Eindr\u00fccke von einer Weltreise anschaulich mit Dias Dar\u00fcber hinaus wurden im Laufe des Jahres 2 Grenzlandwanderungen und 2 Bildstockwanderungen und zus\u00e4tzlich ein Spielenachmittag f\u00fcr alle angeboten, die nicht mehr so gut zu Fu\u00df sind. Zuvor wurden, wie jedes Jahr, die Wanderwege durch Wegewart Robert Wingenfeld freigeschnitten und die Sichtvermerke \u00fcberpr\u00fcft. Um die vorhandenen Ruheb\u00e4nke wurde gem\u00e4ht und 6 neue Ruheb\u00e4nke aufgestellt.<br \/>\nNeben dem Besuch des Taubenblindenheims in Steinbach und der Wetterstation auf der Wasserkuppe war die Busfahrt zum Fernsehgarten in Mainz mit anschlie\u00dfender Schiffsfahrt ein<br \/>\nbesonderes Erlebnis.<\/p>\n<p><strong>2012<\/strong> trafen sich die Vorsitzenden aller Rh\u00f6nklub Zweigvereine der Region Fulda in Dipperz. Neben 4 Ganztagswanderungen und den \u00fcblichen Halbtags- und Nordic-Walking-Wanderungen fand erstmals eine Radtour statt. Ein H\u00f6hepunkt war f\u00fcr alle die Busfahrt nach Erfurt mit dem Besuch des Augustinerklosters mit F\u00fchrung und anschlie\u00dfendem Besuch der Erfurter Gartenschau EGA aber auch die Besichtigung der Stadtpfarrkirche in Fulda inklusive der 2 T\u00fcrme.<\/p>\n<p>An den 30 Wanderungen und 92 Nordic-Walking-Touren nahmen 1.252 Personen teil. An den durchschnittlich 7,1 km langen Strecken nahmen im Schnitt 19,1 Personen teil. Gemeinsam erwanderten die Teilnehmer eine Gesamtstrecke von 8.672 km.<\/p>\n<p>Auf der Mitgliederversammlung <strong>2013<\/strong> trat der langj\u00e4hrige 1. Vorsitzende Uwe M\u00e4rtin aus Altersgr\u00fcnden zur\u00fcck. Dabei lie\u00df er noch einmal seine intensive Vereinsarbeit Revue passieren.<br \/>\nDie 2. Vorsitzende Heike Diegelmann verabschiedete ihn mit bewegenden Worten und w\u00fcrdigte seine 12j\u00e4hrige engagierte F\u00fchrung des Rh\u00f6nklub Zweigverein Dipperz und \u00fcbergab ein Geschenk zum Dank. Auch Richard Leibold, der 12 Jahre Wanderwart war, konnte aus gesundheitlichen Gr\u00fcnden das Amt leider nicht mehr aus\u00fcben. Auch ihm wurde mit einem Geschenk gedankt.<\/p>\n<p>Die Vorstandwahl ergab folgende Zusammensetzung:<\/p>\n<p>1. Vorsitzender: Hans-J\u00fcrgen W\u00fcnnenberg<br \/>\n2. Vorsitzender: Heike Diegelmann<br \/>\nKassiererin: Andrea Trapp<br \/>\nSchriftf\u00fchrerin: Friedel Barthelmes<br \/>\nWanderwartin: Heike Diegelmann<br \/>\nWegewart: Robert Wingenfeld, Gertrud Wingenfeld<br \/>\nNaturschutzwart: Hubert St\u00fc\u00df<br \/>\nKultur- und Pressewart: Bernhard Weber<br \/>\nFamilienwartin: Martina Reinhard<br \/>\nJugendwartin: Corinna Reinhard<\/p>\n<p>Wie unser Kultur- und Pressewart Bernhard Weber feststellte, spielt der Bereich Kultur nach dem Wandern die bedeutendste Rolle im Rh\u00f6nklub ZV Dipperz. So wurden das Feuerwehrmuseum, die J\u00fcdische Synagoge und die Firma Fensterbau Trapp besichtigt. Zus\u00e4tzlich wurden die Stadtg\u00e4rtnerei Fulda, der hr-Wandertag in Silges und der Zwiebelsmarkt in Weimar besucht.<br \/>\nBesonders ist auch ein Kinonachmittag zu erw\u00e4hnen. Diese Veranstaltung wurde zugunsten eines schwerkranken Grundsch\u00fclers veranstaltet. Der Erl\u00f6s mit Spenden der Mitglieder in H\u00f6he von 1.050,00 Euro wurde als vorgezogenes Weihnachtsgeschenk der Familie am 14.Dezember f\u00fcr einen Behindertenaufzug \u00fcbergeben.<\/p>\n<p>Das Jahr <strong>2014<\/strong> war gekennzeichnet durch einen gelungenen Gesundheitstag, den der Zweigverein in Dipperz mit 22 Ausstellern und 14 Vortr\u00e4gen f\u00fcr rd. 600 Besucher im B\u00fcrgerhaus durchf\u00fchrte. Weiter hervorzuhebende Aktivit\u00e4ten waren das Aufstellen weiterer Ruheb\u00e4nke, eine Moscheebesichtigung in Fulda, der Besuch der Biogasanlagen der Rh\u00f6n Energie am Finkenberg und der Fuldaer Tafel mit Vortrag, einer Ausstellung auf dem Kreuzberg, des 5. Rh\u00f6ner Wandertages anl\u00e4sslich der 900 Jahrfeier Marktrecht in Breitungen, der Krippenweg in Melzdorf und eine Wanderung auf den Spuren des K\u00fcnstlers Johannes Kirsch sowie der Besuch der Landesgartenschau in Gie\u00dfen.<br \/>\nDar\u00fcber hinaus erl\u00e4uterte uns Jasmin Barthelmes die Natur- und Lebensweise in S\u00fcdafrika und Namibia anhand eines DIA-Vortrages.<\/p>\n<p>Im Jahr <strong>2015<\/strong> waren die Highlights der Besuch der Passionsspiele in Gro\u00dfenl\u00fcder und der Besuch von Holiday on Ice. Weiterhin wurden Besichtigungen bei dem Segelflugwerk Schleicher, der Fischzucht Gro\u00df, dem Brot- und Weinmuseum in Hammelburg und der \u201eRh\u00f6n\u201c-Ausstellung in Fulda veranstaltet. Bei den Wanderungen sind hervorzuheben die F\u00fchrungen des F\u00f6rsters Ballin zu den bemerkenswerten B\u00e4umen um Dipperz und mit einem Ranger im Kerngebiet des Biosph\u00e4renreservates.<\/p>\n<p><strong>2016<\/strong> war gekennzeichnet durch wiederum viele interessante Aktivit\u00e4ten. Hervorzuheben ist der Ausflug ins Bonifatiusland \u201eEichsfeld\u201c mit einer Draisinefahrt und dem Besuch des Klosters H\u00fclfensberg. Aber auch bei den Besichtigungen im Schloss Bieberstein, beim Sch\u00e4fer Weckbach und im Antoniusheim in Haimbach erlebten wir interessante und frohe Stunden. Weiter zu erw\u00e4hnen sind u.a. der Besuch des Rh\u00f6ner Wandertages in Hammelburg, die Ruhrgrundwanderung zu den Edelkrebsen unseres Mitglieds Rudi K\u00fcchler, die Fr\u00fcchtewanderung in Poppenhausen und der Besuch bei den Sch\u00f6nstattschwestern in Dietershausen.<br \/>\nBesonders hervorzuheben ist auch die Initiative f\u00fcr den Bau eines Storchennestes. Mitglieder des Zweigvereins haben ein Storchennest geflochten und mit Hilfe der Rh\u00f6nEnergie das Nest in der N\u00e4he des Eichbergs im Tal der Wanne aufgestellt.<\/p>\n<p>Es fanden 128 Wanderungen und Nordic-Walking-Treffs statt, an denen sich 1.406 Personen beteiligten.<br \/>\nBei einer durchschnittlichen Wanderstrecke von rd. 6,09 km pro Wanderung betrug die Gesamtwanderstrecke 8.515 km.<\/p>\n<p>Die Mitgliederzahl zum Jahresende belief sich auf 192 (Hauptmitglieder = 88, Anschlussmitglieder = 61, Jugendliche bis 18 Jahre = 5, Jugendliche 18 \u2013 27 = 38)<\/p>\n<p><strong>Der Rh\u00f6nklub Zweigverein Dipperz bedankt sich bei allen Mitgliedern, die aktiv an der Organisation und durch die Teilnahme an den Wanderungen den Verein beleben und f\u00fcr frohe, erholsame und abwechslungsreiche Stunden sorgen.<\/strong><\/p>\n","protected":false},"excerpt":{"rendered":"<p>&nbsp;&nbsp;&nbsp;&nbsp;&nbsp;&nbsp;&nbsp;&nbsp;&nbsp;&nbsp;&nbsp;&nbsp;&nbsp;&nbsp;&nbsp;&nbsp;&nbsp;&nbsp;&nbsp;&nbsp;&nbsp;&nbsp;&nbsp;&nbsp;&nbsp;&nbsp;&nbsp;&nbsp;&nbsp;&nbsp;&nbsp;&nbsp;&nbsp;&nbsp;&nbsp;&nbsp; Rh\u00f6nklub-Zweigverein Dipperz e.V. Der Rh\u00f6nklub Zweigverein Dipperz wurde als 92. Mitglied des Gesamtvereins und als 28. des Fuldagaus am 7. Mai 1997 im B\u00fcrgerhaus in Dipperz gegr\u00fcndet. Bis zu diesem Zeitpunkt war Dipperz ein wei\u00dfer Fleck auf der bunten Rh\u00f6nklubkarte. Verschiedene fr\u00fchere Anl\u00e4ufe blieben leider ergebnislos. Einzelne Dipperzer Rh\u00f6nfreunde hatten sich anderen Zweigvereinen angeschlossen. &hellip; <a href=\"https:\/\/rhoenklub-dipperz.de\/index.php\/chronik\/\" class=\"more-link\"><span class=\"screen-reader-text\">Vereinschronik<\/span> weiterlesen <span class=\"meta-nav\">&rarr;<\/span><\/a><\/p>\n","protected":false},"author":1,"featured_media":0,"parent":0,"menu_order":0,"comment_status":"closed","ping_status":"closed","template":"","meta":{"ngg_post_thumbnail":0,"footnotes":""},"class_list":["post-30","page","type-page","status-publish","hentry"],"_links":{"self":[{"href":"https:\/\/rhoenklub-dipperz.de\/index.php\/wp-json\/wp\/v2\/pages\/30","targetHints":{"allow":["GET"]}}],"collection":[{"href":"https:\/\/rhoenklub-dipperz.de\/index.php\/wp-json\/wp\/v2\/pages"}],"about":[{"href":"https:\/\/rhoenklub-dipperz.de\/index.php\/wp-json\/wp\/v2\/types\/page"}],"author":[{"embeddable":true,"href":"https:\/\/rhoenklub-dipperz.de\/index.php\/wp-json\/wp\/v2\/users\/1"}],"replies":[{"embeddable":true,"href":"https:\/\/rhoenklub-dipperz.de\/index.php\/wp-json\/wp\/v2\/comments?post=30"}],"version-history":[{"count":0,"href":"https:\/\/rhoenklub-dipperz.de\/index.php\/wp-json\/wp\/v2\/pages\/30\/revisions"}],"wp:attachment":[{"href":"https:\/\/rhoenklub-dipperz.de\/index.php\/wp-json\/wp\/v2\/media?parent=30"}],"curies":[{"name":"wp","href":"https:\/\/api.w.org\/{rel}","templated":true}]}}