{"id":35,"date":"2017-02-10T12:28:17","date_gmt":"2017-02-10T11:28:17","guid":{"rendered":"http:\/\/rhoenklub-dipperz.de\/?page_id=35"},"modified":"2023-04-15T19:43:05","modified_gmt":"2023-04-15T17:43:05","slug":"jahreshauptversammlung","status":"publish","type":"page","link":"https:\/\/rhoenklub-dipperz.de\/index.php\/jahreshauptversammlung\/","title":{"rendered":"Jahreshauptversammlungen"},"content":{"rendered":"\n<p class=\"has-black-color has-white-background-color has-text-color has-background\" style=\"font-size:23px\">Protokoll der Jahreshauptversammlung am Mittwoch, dem 23. M\u00e4rz 2022 im B\u00fcrgerhaus Dipperz<\/p>\n\n\n\n<p class=\"has-black-color has-white-background-color has-text-color has-background\" style=\"font-size:18px\"><strong>Beginn: 19:00 Uhr&nbsp;&nbsp;&nbsp;&nbsp;&nbsp;&nbsp;&nbsp;Ende: 21.30 U<\/strong>hr<u><br><\/u><br><u>Top1: Begr\u00fc\u00dfung durch unser Vorstandsmitglied Bernhard Webe<\/u>r<br>W\u00e4hrend der Begr\u00fc\u00dfung, in der er insbesondere auch unserem B\u00fcrgermeister Klaus-Dieter Vogel f\u00fcr sein Erscheinen dankte, wies er darauf hin, dass die Einladung mit den Tagesordnungspunkten am 3. M\u00e4rz rechtzeitig erfolgte, in den Dipperzer Nachrichten mit Tagesordnung rechtzeitig ver\u00f6ffentlich worden war und dass somit die Versammlung beschlussf\u00e4hig ist.<\/p>\n\n\n\n<p><strong><u>Top2: Gru\u00dfworte des B\u00fcrgermeisters Vorstandsmitglied<\/u><\/strong><br>Herr Vogler zeigte sich dankbar f\u00fcr das geplante Schm\u00fccken des Osterbrunnens, nachdem dies w\u00e4hrend der letzten beiden Jahre durch die Pandemie nicht erfolgen konnte. Auch erinnerte er im Rahmen der Planungen unserer 25-Jahr-Feier am 15. Mai an die notwendige Abstimmung mit der Gemeinde, um Termin\u00fcberschneidungen zu vermeiden.&nbsp;<\/p>\n\n\n\n<p>Dies sei insbesondere wichtig, da im Jahr 2022 einige Veranstaltungen geplant seien: so die Jubil\u00e4umsfeier zum 50-j\u00e4hrigen Bestehen der Gemeinde Dipperz von Freitag, dem&nbsp;&nbsp;1. bis Sonntag dem 3. Juli, beginnend mit einem Festakt am Freitag f\u00fcr die ganze Gemeinde, am Samstag plane man eine Disco-Veranstaltung und am Sonntag ein B\u00fcrgerfest. Er appellierte an alle Vereine zur Mithilfe, aber auch zur \u00dcbernahme von Programmpunkten.&nbsp;<\/p>\n\n\n\n<p>Am 17. Juli solle wiederum der \u201aTag der Vereine\u2018 stattfinden, er w\u00fcnsche sich deren Pr\u00e4sentationen auch hinsichtlich der M\u00f6glichkeiten der Vereinsf\u00f6rderungen. Daneben sollen nat\u00fcrlich auch verdiente Personen hinsichtlich Kultur und Sport geehrt werden.<\/p>\n\n\n\n<p>Als letztes ermunterte er &#8211; soweit m\u00f6glich &#8211; Wohnraum f\u00fcr Gefl\u00fcchtete aus der Ukraine bereitzustellen, es seien bereits einige Fl\u00fcchtlinge unterzubringen und er erwarte noch viele weitere.<\/p>\n\n\n\n<p>Nach so viel Informationen und Appellen war es nun h\u00f6chste Zeit, sich durch den Imbiss zu st\u00e4rken.<\/p>\n\n\n\n<p><strong><u>Top 3: Totengedenken<br><\/u><\/strong><br>Nun erhob sich die Versammlung, um den Verstorbenen des Vereins zu gedenken. Es waren dies im Jahr 2019 Heribert Rech, in 2020 Edwin Blum und Leo Weber und im vergangenen Jahr Paul Weber.<\/p>\n\n\n\n<p><strong><u>Top 4: Gesch\u00e4ftsberichte des Vorstandes einschlie\u00dflich der einzelnen Fachwarte<br><\/u><\/strong><br><strong>4.1 Bericht des vierk\u00f6pfigen Vorstandsgremiums:<\/strong><br>Die Aufgaben werden gemeinsam wahrgenommen, wobei sich Heike haupts\u00e4chlich organisatorischen Aufgaben und dem Schriftverkehr widmet, Gerhard \u00fcbernimmt kommunikative Aufgaben, Bernhard neben seiner T\u00e4tigkeit als Kultur- und&nbsp;&nbsp;Pressewart zusammen mit Gerhard die Vereinskommunikation und Gratulationen \/ Geschenke zu Geburtstagen oder Jubil\u00e4en, sowie den Kontakt zu Haupt- und Regionsvorstand. Martina unterst\u00fctzt neben ihrer T\u00e4tigkeit als Familienwartin ebenfalls durch Organisationen, Besorgungen etc<\/p>\n\n\n\n<p>Zur Mitgliederzahl von aktuell 183 ist zu sagen, dass wir 4 Neueintritte gewinnen&nbsp;&nbsp;konnten, leider 7 Austritte verzeichnen m\u00fcssen und insbesondere im Jugendbereich&nbsp;<br>nur 3 Mitglieder bis 18 Jahre und im jungen Erwachsenalter von 19 \u2013 29&nbsp;&nbsp;nur 8 Mitglieder haben.&nbsp;<\/p>\n\n\n\n<p>Hervorzuheben waren die Gr\u00fcndung der Radfahrgruppe in 2020, die Aktion der Erneuerung von 10 Ruheb\u00e4nken und der Reparatur von zwei weiteren. Hier nochmal der Dank an alle Mitwirkenden.<\/p>\n\n\n\n<p>Auch ruft der Vorstand alle \u201aBankpaten\u2018 auf, ihre Bank instand zusetzen, neu zu streichen oder freizuschneiden. Ger\u00e4tschaften dazu k\u00f6nnen bei Gerhard abgeholt werden, Farbe gibt es bei Bernhard.<\/p>\n\n\n\n<p>Der Osterbrunnen als \u201aWahrzeichen\u2018 des Dipperzer Rh\u00f6nklubs soll wie schon erw\u00e4hnt \u2013 nach zwei Jahren Abstinenz &#8211; in diesem Jahr wieder geschm\u00fcckt werden. Dazu treffen sich alle Unterst\u00fctzer am 1. April um 16:00 Uhr in Huberts Garage. F\u00fcr kommenden Samstag von 09:00 \u2013 10:00 Uhr bittet Bernhard um Mithilfe beim Sammeln von \u00c4sten.<\/p>\n\n\n\n<p>Nun folgte eine kurze Vorstellung des neuen Schriftf\u00fchrers.<\/p>\n\n\n\n<p><br><strong>4.2 Bericht des&nbsp;&nbsp;Wanderwartes Berhold M\u00fcller:<\/strong><\/p>\n\n\n\n<p>In 2019 wurden 12 Seniorenwanderungen mit insgesamt 246 Teilnehmern und 1144 km durchgef\u00fchrt. Auch wurden 10 Halbtagswanderungen mit 133 Teilnehmern und 824 km erwandert sowie eine Radwanderung mit 10 Teilnehmern \u00fcber 150 km. Die Nordic-Walking-Gruppe traf sich 50 x, hatte 600 Teilnehmer und legte 4200 km zur\u00fcck. Es gab noch den Spielenachmittag, den Auf- und Abbau des Osterbrunnens, das Pl\u00e4tzchenbacken und den Diavortrag von Georg Goldbach.<\/p>\n\n\n\n<p>Im Jahr 2020 konnten 4 Seniorenwanderungen mit 83 Teilnehmern durchgef\u00fchrt werden, dabei wurden 424 km erwandert. Es wurden 2 Halbtagswanderungen mit 29 Teilnehmern durchgef\u00fchrt und 158 Wanderkilometer. Auch in diesem Jahr war die Nordic Walking Gruppe sehr aktiv, 234 beteiligten sich und legten 1170 km zur\u00fcck.<\/p>\n\n\n\n<p>Daneben gab es noch den Spielenachmittag, einen Hospizbesuch und der \u201aSonnenweg der Poesie\u2018 wurde von 8 Teilnehmern erlaufen.&nbsp;<\/p>\n\n\n\n<p>In 2021 konnten trotz Corona 4 Seniorenwanderungen mit 67 Teilnehmern&nbsp;&nbsp;stattfinden, dabei wurden 321 km erwandert. Die Nordic-Walking-Gruppe erlief 695 km mit 139 Teilnehmern.<\/p>\n\n\n\n<p><strong>4.3 Bericht der Wegewarte von Herr und Frau K\u00fcchler:<\/strong><\/p>\n\n\n\n<p><br>Es wurden am 04.06. und am 05.06. die Wege abgelaufen bzw. abgefahren, dabei die Wegezeichen ges\u00e4ubert und teilweise erneuert. In diesem Jahr waren insgesamt 12 Wegezeichen zerst\u00f6rt oder abgerissen. Am 06.07. erfolgte eine notwendige Erneuerung eines Wegezeichens, verursacht durch eine Baumf\u00e4llung.<\/p>\n\n\n\n<p><strong>4.4 Berichte der Familienwartin Martina Reinhard sowie der Jugendwartin Corinna Reinhard:<\/strong><\/p>\n\n\n\n<p>Durch die Corona-Einschr\u00e4nkungen gab es kaum Aktivit\u00e4ten in den Jahren 2020 und 2021. In 2019 wurden folgende Veranstaltungen durchgef\u00fchrt:<\/p>\n\n\n\n<ul class=\"wp-block-list\">\n<li>Gem\u00fctliches Beisammensein mit Spielen, Kaffee und Kuchen am 21. Februar<\/li>\n\n\n\n<li>Unterst\u00fctzung beim Aufbau \/ Abbau des Osterbrunnens am 5. und 6. und 30. April<\/li>\n\n\n\n<li>Das Weihnachtsbacken f\u00fcr die \u201akleinen Leute\u2018 mit 13 Kindern am 23. November<\/li>\n\n\n\n<li>Die Jahresabschlusswanderung am 29. Dezember nach Gro\u00dfenl\u00fcder; zum Krippen- und Engelweg, mit anschlie\u00dfendem Besuch der Krippenausstellung im Amtshaus.<\/li>\n<\/ul>\n\n\n\n<p>Der im letzten Jahr geplante Bastelnachmittag musste leider abgesagt werden.<\/p>\n\n\n\n<p><strong><br>4.5 Berichte des Kultur- und Pressewartes:<\/strong><br>Bernhard ging kurz auf seine T\u00e4tigkeiten ein, f\u00fcr die er z.B.&nbsp;&nbsp;die Beitr\u00e4ge in der FZ sowie im Gemeindebl\u00e4ttchen organisiert, kommunikative Aufgaben \u00fcbernimmt und an Tagungen teilnimmt. Erw\u00e4hnenswert u.a. war seine Teilnahme an der Hauptkulturtagung in Hilders, w\u00e4hrend der das Thema Gasthaus in der Vergangenheit, Gegenwart und Zukunft thematisiert worden war. Wir erleben ja ein zunehmendes Sterben der Gasth\u00e4user aufgrund der fehlenden \u00dcbernahmen. Die Aktion \u201aRh\u00f6ner-Charme\u2018 solle diesem Trend begegnen.<\/p>\n\n\n\n<p>&nbsp;&nbsp;<br><strong>4.6 Berichte des Naturschutzwartes Hubert St\u00fcss:<\/strong><br>Teilnahme an der Winterv\u00f6gelz\u00e4hlung in den jeweils ersten Januarwochen; dabei konnte ein Abnehmen der Anzahl der Singv\u00f6gel festgestellt werden. Die am h\u00e4ufigsten anzutreffenden V\u00f6gel sind der Sperling, die Kohlmeise, Tauben , Elster und Kr\u00e4hen.<\/p>\n\n\n\n<p>Im Januar 2020 wurden 7 Nistk\u00e4sten f\u00fcr die Wasseramsel direkt \u00fcber der Wanne aufgeh\u00e4ngt. Diese K\u00e4sten sind aber bisher nicht bewohnt. Die Wasseramsel ist erkennbar an einem wei\u00dfen Fleck auf der Brust, der Erstflug der jungen V\u00f6gel geht direkt ins Wasser, von daher m\u00fcssen die Nistk\u00e4stchen direkt dar\u00fcber gesetzt werden. Im Sommer 2020 konnte erfreulicherweise festgestellt werden, dass unser Storchennest nach nunmehr vier Jahren ab Ende Mai das erste Mal bewohnt war; es wurden auch Junge ausgebr\u00fctet, die aber dann leider im Juli verschwunden und wahrscheinlich von einem Greifvogel geraubt worden waren.&nbsp;&nbsp;&nbsp;<\/p>\n\n\n\n<p>In 2021 hat sich dann wieder ab April \/ Mai ein Storchenpaar eingenistet und drei Junge ausgebr\u00fctet und gro\u00dfgezogen. Zurzeit ist seit Fastnacht wieder ein Storchenpaar eingezogen. Um die St\u00f6rche nicht zu st\u00f6ren wurden zwei Hinweisschilder aufgestellt, die darauf hinweisen, gen\u00fcgend Abstand zu halten.<\/p>\n\n\n\n<p><br><strong>4.7 Bericht der Kassenwartin Andrea Trapp:<\/strong><\/p>\n\n\n\n<p>Die Kassenbest\u00e4nde der letzte drei Jahre wurden vorgestellt und es fand eine erfreulich positive Entwicklung der Endsaldi statt.<\/p>\n\n\n\n<p><strong>Top 5: Entlastung der Kassenwartin:<br><\/strong>Peter Haas und Karin Kr\u00e4mer pr\u00fcften die Kasse und die Buchf\u00fchrung und konnten deren ordnungsgem\u00e4\u00dfen und einwandfreien Zustand best\u00e4tigen. Da beide coronabedingt nicht anwesend seien konnten, teilten sie die Entlastung der Kassenwartin schriftlich mit und baten Bernhard dies vorzutragen.&nbsp;<\/p>\n\n\n\n<p><strong><u>Top 6: Entlastung des Vorstandes:<\/u><\/strong><br>Bernhard stellt den Antrag auf Entlastung des gesamten Vorstandes. Dieser erfolgt einstimmig bei der gemeinsamen Enthaltung des vierk\u00f6pfigen Vorstandes.&nbsp;<br><br><strong><u>Top 7: \u00c4nderung der Satzung \u2013 \u00a7 2 Nr.1 und \u00a7 15 Nr. 3<\/u><\/strong><br>Bernhard Weber stellte den Antrag, die Vereinssatzung zu \u00e4ndern. Gr\u00fcnde sind a) steuerliche und b) dass bei Aufl\u00f6sung des Vereins der Kassenbestand der Gemeinde zuf\u00e4llt und zwar f\u00fcr gemeinn\u00fctzige Aufgaben, prim\u00e4r im Bereich der Kinder-, Jugend und Seniorenarbeit. Alle 27 Mitglieder stimmten f\u00fcr die Annahme der Satzungs\u00e4nderung.<\/p>\n\n\n\n<p><strong><br><\/strong><strong><u>Top 8: Wahlen:<\/u><\/strong><br>Unter der Wahlleitung von Rita M\u00fcller erfolgten mit Akklamation folgende Neuwahlen. Jeder der Gew\u00e4hlten hat die Annahme seiner Wahl bejaht.<br><br><strong><u>8.1 Neuwahl von drei vertretungsberechtigten Vorstandsmitgliedern:<\/u><\/strong><br>Heike Diegelmann, Bernhard Weber, Gerhard Koch wurden mit<\/p>\n\n\n\n<p>Ja-Stimmen: 24<br>Gegenstimmen: 0<\/p>\n\n\n\n<p>Enthaltungen: 1<\/p>\n\n\n\n<p>wiedergew\u00e4hlt. Martina Reinhard stellte sich nicht mehr zur Verf\u00fcgung.<\/p>\n\n\n\n<p><strong><u>8.2. Wahl des Schriftf\u00fchrers<\/u><\/strong><br>Georg Link wurde wiedergew\u00e4hlt mit:&nbsp;<\/p>\n\n\n\n<p>Ja-Stimmen: 24<br>Gegenstimmen: 0<\/p>\n\n\n\n<p>Enthaltungen: 1<br><\/p>\n\n\n\n<p><strong><u>8.3. Wahl der Kassenwartin<\/u>:<\/strong><br>Andrea Trapp wurde wiedergew\u00e4hlt mit:&nbsp;<\/p>\n\n\n\n<p>Ja-Stimmen: 24<br>Gegenstimmen: 0<\/p>\n\n\n\n<p>Enthaltungen: 1<br><\/p>\n\n\n\n<p><strong><u>8.4. Wahl des Wanderwarts:<\/u><\/strong><br>Berthold M\u00fcller wurde wiedergew\u00e4hlt mit:&nbsp;<\/p>\n\n\n\n<p>Ja-Stimmen: 25<br>Gegenstimmen: 0<\/p>\n\n\n\n<p>Enthaltungen: 0<br><\/p>\n\n\n\n<p><strong><u>8.5. Wahl der Wegewarte:<\/u><\/strong><br>Das Ehepaar K\u00fcchler konnte zwar nicht anwesend sein, war aber zur Wiederwahl bereit und erkl\u00e4rte dies auch schriftlich. Sie wurden wiedergew\u00e4hlt mit:<\/p>\n\n\n\n<p>Ja-Stimmen: 25<br>Gegenstimmen: 0<\/p>\n\n\n\n<p>Enthaltungen: 0<br><\/p>\n\n\n\n<p><strong><u>8.6. Wahl des Kultur- und Pressewartes:<\/u><\/strong><\/p>\n\n\n\n<p>Bernhard Weber wurde wiedergew\u00e4hlt mit:&nbsp;<\/p>\n\n\n\n<p>Ja-Stimmen: 24<br>Gegenstimmen: 0<\/p>\n\n\n\n<p>Enthaltungen: 1<br><\/p>\n\n\n\n<p><strong><u>8.7. Wahl des Naturschutzwartes:<\/u><\/strong><\/p>\n\n\n\n<p>Hubert St\u00fc\u00df stand leider nicht weiter zur Verf\u00fcgung. Vorschl\u00e4ge oder neue Interessen-ten f\u00fcr die Aufgabe konnten leider nicht gefunden werden. Von daher bleibt diese Funktion unbesetzt.<\/p>\n\n\n\n<p><strong><u>8.8. und 8.9 Wahl der Jugend- und Familienwartin:<\/u><\/strong><\/p>\n\n\n\n<p>Corinna Reinhard wurde als Jugendwartin wiedergew\u00e4hlt:<\/p>\n\n\n\n<p>Ja-Stimmen: 24<br>Gegenstimmen: 0<\/p>\n\n\n\n<p>Enthaltungen: 1<\/p>\n\n\n\n<p>Martina Reinhard wurde als Familienwartin wiedergew\u00e4hlt:<\/p>\n\n\n\n<p>Ja-Stimmen: 24<br>Gegenstimmen: 0<\/p>\n\n\n\n<p>Enthaltungen: 1<\/p>\n\n\n\n<p><br><strong><u>8.10: Neuwahl der Kassenpr\u00fcfer- \/ innen:<\/u><\/strong><br>Friedel Barthelmes und Rita M\u00fcller stellten sich zur Verf\u00fcgung und wurden mit 23 Ja-Stimmen bei 2 Enthaltungen f\u00fcr drei Jahre gew\u00e4hlt.<\/p>\n\n\n\n<p><br><strong><u>Top 9: Ehrungen:<\/u><\/strong><br>Bernhard und Heike sprachen die Laudation f\u00fcr Hubert St\u00fcss. Er wurde f\u00fcr seine langj\u00e4hrigen Dienste mit einem Restaurantgutschein geehrt: Insbesondere f\u00fcr seine T\u00e4tigkeit als Naturschutzwart, aber auch federf\u00fchrend durch sein handwerkliches Geschick beim Aufbau des Osterbrunnens, aktiv bei der Erneuerung der B\u00e4nke, Bau von Nistk\u00e4sten mit der Jugend und nicht zuletzt f\u00fcr seine Mitarbeit im Vorstand, dem er f\u00fcr zwei Wahlperioden angeh\u00f6rt hatte.<\/p>\n\n\n\n<p>Auch f\u00fcr unser treues Mitglied Winfried Barthelmes als den aktivsten Wanderer unseres Klubs wurde eine Laudatio durch beide gesprochen. Stets bereit zu helfen, sein Einsatz als Wanderf\u00fchrer sprengt alle Rekorde, und nat\u00fcrlich als handwerklich begabter Mensch stets zu aller Arten von Aktivit\u00e4ten erforderlich und auch bereit.<\/p>\n\n\n\n<p><br><strong><u>Top 10: Jubilarfeier zum 25-j\u00e4hrigen Bestehen des ZV Dipperz:<\/u><\/strong><\/p>\n\n\n\n<p>Bernhard gab den geplanten Termin den 15. Mai bekannt und ging kurz auf ein in der Planung befindliches Programm ein. Beginn etwa 14:00 Uhr, am Samstag vorher eine Vorabendmesse f\u00fcr die Verstorbenen des Klubs und ein abwechslungsreiches Nach-mittagsprogramm. W\u00fcnsche und Anregungen w\u00fcrden gerne entgegengenommen. Auch k\u00fcndigte er bereits an, dass die geplante Jubil\u00e4umsfahrt wegen der anhaltenden Pandemie leider ausfallen m\u00fcsse. Aber sie solle so bald wie m\u00f6glich nachgeholt werden.<\/p>\n\n\n\n<p><br><strong><u>Top 11: Antr\u00e4ge, Anfragen und Anregungen:<\/u><\/strong><br>a) Diskutiert wurde das Problem der \u00dcberalterung des Vereins und der Mangel an Nachwuchs. Um dem zu begegnen, schlug Rita M\u00fcller ein Kinderfest f\u00fcr die ganze Gemeinde vor; dies w\u00fcrde bereits erfolgreich in Gersfeld praktiziert. Aber auch der von der Gemeinde geplante \u201aTag der Vereine\u2018 k\u00f6nne helfen, den Rh\u00f6nklub sichtbarer zu machen und Familien anzusprechen.<\/p>\n\n\n\n<p>b) Bernhard machte den Vorschlag Weiterbildungen im Bereich Informationsverar-beitung (Computerprogramme, Handynutzung) zusammen mit der Volkshochschule Fulda anzubieten; \u00e4hnlich der Angebote des Vereins \u201aMiteinander \/ F\u00fcreinander\u2018. Dies solle weiterverfolgt werden.<\/p>\n\n\n\n<p><strong>Schriftf\u00fchrer&nbsp;&nbsp;&nbsp;&nbsp;&nbsp;&nbsp;&nbsp;&nbsp;&nbsp;&nbsp;&nbsp;&nbsp;&nbsp;&nbsp;&nbsp;&nbsp;&nbsp;&nbsp;&nbsp;&nbsp;&nbsp;&nbsp;&nbsp;&nbsp;&nbsp;&nbsp;&nbsp;&nbsp;&nbsp;&nbsp;&nbsp;&nbsp;&nbsp;&nbsp;&nbsp;&nbsp;&nbsp;&nbsp;&nbsp;&nbsp;&nbsp;&nbsp;&nbsp;&nbsp;&nbsp;&nbsp;&nbsp;&nbsp;&nbsp;&nbsp;&nbsp;&nbsp;&nbsp;&nbsp;&nbsp;F\u00fcr das Vorstandsgremium<\/strong><\/p>\n","protected":false},"excerpt":{"rendered":"<p>Protokoll der Jahreshauptversammlung am Mittwoch, dem 23. M\u00e4rz 2022 im B\u00fcrgerhaus Dipperz Beginn: 19:00 Uhr&nbsp;&nbsp;&nbsp;&nbsp;&nbsp;&nbsp;&nbsp;Ende: 21.30 UhrTop1: Begr\u00fc\u00dfung durch unser Vorstandsmitglied Bernhard WeberW\u00e4hrend der Begr\u00fc\u00dfung, in der er insbesondere auch unserem B\u00fcrgermeister Klaus-Dieter Vogel f\u00fcr sein Erscheinen dankte, wies er darauf hin, dass die Einladung mit den Tagesordnungspunkten am 3. M\u00e4rz rechtzeitig erfolgte, in den &hellip; <a href=\"https:\/\/rhoenklub-dipperz.de\/index.php\/jahreshauptversammlung\/\" class=\"more-link\"><span class=\"screen-reader-text\">Jahreshauptversammlungen<\/span> weiterlesen <span class=\"meta-nav\">&rarr;<\/span><\/a><\/p>\n","protected":false},"author":1,"featured_media":0,"parent":0,"menu_order":0,"comment_status":"closed","ping_status":"closed","template":"","meta":{"ngg_post_thumbnail":0,"footnotes":""},"class_list":["post-35","page","type-page","status-publish","hentry"],"_links":{"self":[{"href":"https:\/\/rhoenklub-dipperz.de\/index.php\/wp-json\/wp\/v2\/pages\/35","targetHints":{"allow":["GET"]}}],"collection":[{"href":"https:\/\/rhoenklub-dipperz.de\/index.php\/wp-json\/wp\/v2\/pages"}],"about":[{"href":"https:\/\/rhoenklub-dipperz.de\/index.php\/wp-json\/wp\/v2\/types\/page"}],"author":[{"embeddable":true,"href":"https:\/\/rhoenklub-dipperz.de\/index.php\/wp-json\/wp\/v2\/users\/1"}],"replies":[{"embeddable":true,"href":"https:\/\/rhoenklub-dipperz.de\/index.php\/wp-json\/wp\/v2\/comments?post=35"}],"version-history":[{"count":0,"href":"https:\/\/rhoenklub-dipperz.de\/index.php\/wp-json\/wp\/v2\/pages\/35\/revisions"}],"wp:attachment":[{"href":"https:\/\/rhoenklub-dipperz.de\/index.php\/wp-json\/wp\/v2\/media?parent=35"}],"curies":[{"name":"wp","href":"https:\/\/api.w.org\/{rel}","templated":true}]}}