{"id":37,"date":"2017-02-10T12:28:33","date_gmt":"2017-02-10T11:28:33","guid":{"rendered":"http:\/\/rhoenklub-dipperz.de\/?page_id=37"},"modified":"2018-05-10T16:42:34","modified_gmt":"2018-05-10T14:42:34","slug":"bericht","status":"publish","type":"page","link":"https:\/\/rhoenklub-dipperz.de\/index.php\/bericht\/","title":{"rendered":"JHV-Bericht 2017"},"content":{"rendered":"<h3><strong>Rh\u00f6nklub-Zweiverein Dipperz verzeichnet beste Beteiligung in seiner Vereinsgeschichte<\/strong><\/h3>\n<p><strong>20 Jahre Rh\u00f6nklub eine Erfolgsgeschichte und&nbsp;<br \/>\nBereicherung&nbsp; des gemeindlichen Vereinslebens<\/strong><\/p>\n<p>Bei der Jahreshauptversammlung des Rh\u00f6nklub-Zweigvereins Dipperz erinnerten sich die Mitglieder an zahlreiche Wanderungen, vielf\u00e4ltige Besichtigungen und interessante Exkursionen mit der h\u00f6chsten Teilnahme in der Vereinsgeschichte.<\/p>\n<p>Der Zweigverein Dipperz ist in seinem 20-igsten Vereinsjahr so lebendig und aktiv wie selten zuvor. Wie der Vorsitzende Hans-J\u00fcrgen W\u00fcnnenberg gemeinsam mit der Wanderwartin Heike Diegelmann berichtete, fanden in 2016 29 Wanderungen statt, an der 538 Personen teilnahmen, was einer durchschnittlichen Teilnahme von 19 Personen entspricht. Die eifrigsten Teilnehmer waren bei den Frauen Friedel Barthelmes und Edelgard M\u00e4rtin. Bei den M\u00e4nnern waren es Winfried Barthelmes,&nbsp; Hans-J\u00fcrgen W\u00fcnnenberg und Uwe M\u00e4rtin.<\/p>\n<p>Als zus\u00e4tzliches Angebot sind die w\u00f6chentlichen Walkingtreffs und die Wassergymnastik ebenfalls sehr beliebt. Daneben standen im Jahresprogramm auch verschiedene Besichtigungen an, wie z. B. der Besuch des Antoniushofes in Haimbach, die Sch\u00e4ferei Weckbach in W\u00fcstensachsen, die Hermann-Lietz-Schule auf Schloss Bieberstein oder die historischen R\u00e4ume im Fuldaer Stadtschloss verbunden mit einer Weihnachtskrippentour. Ein besonderes Highlight war der Ausflug ins Bonifatiusland Eichsfeld verbunden mit dem Besuch des Klosters H\u00fclfenberg.<\/p>\n<p>Insgesamt hat im Berichtsjahr die stattliche Zahl von&nbsp;&nbsp; <strong>1523 Personen<\/strong> an den Veranstaltungen teilgenommen, was die h\u00f6chste Zahl in der Vereinsgeschichte ist. W\u00fcnnenberg bedankte sich bei allen Wanderfreunden, die sich immer wieder bereit erkl\u00e4rten, Ideen einzubringen, Veranstaltungen vorzubereiten und durchzuf\u00fchren. Sein besonderer Dank galt den beiden Wanderfreunden Winfried Barthelmes und Bernhard Weber.<\/p>\n<p>Naturschutzwart Hubert St\u00fc\u00df konnte von einer Besonderheit berichten. Mit Hilfe des NABU und der Rh\u00f6nEnergie konnte erstmals ein Storchennest errichtet werden, gespannt warte man nun auf die Besiedlung. Eine Besichtigung des angelegten Teiches mit Edelkrebsen sowie eine Begehung des Fr\u00fcchteweges in Poppenhausen rundeten den Naturschutzbereich ab.<\/p>\n<p>\u00dcber die Betreuung von drei Wanderwegeabschnitten einschlie\u00dflich des Europ\u00e4ischen Fernwanderweges E 3 berichteten die Wegewarte Robert und Getrud Wingenfeld.<\/p>\n<p>Kulturwart Bernhard Weber verwies auf die kulturellen Angebote, oft mit einem religi\u00f6sen Hintergrund, die einen festen Bestandteil im Zweigverein darstellen. Er nannte z. B. die Wendelinuswanderung, eine literarische Wanderung, eine Abendmesse auf der Milseburg sowie die Gestaltung des Dorfbrunnens in der Osterzeit.<\/p>\n<p>Als ein gewisses Problem bezeichneten die Jugend- und Familienwartinnen Corinna und Martina Reinhard die Gewinnung von Kindern und Jugendlichen einschlie\u00dflich der besseren Beteiligung von Mitgliedern j\u00fcngeren Alters am Vereinsleben. Dieser Aufgabe m\u00fcsse k\u00fcnftig ein st\u00e4rkeres Augenmerk gewidmet werden.<\/p>\n<p>Einen zufriedenstellenden Finanzbestand gab Andrea Trapp. Die Feier des 20 j\u00e4hrigen Bestehens findet am Sonntag, den 7. Mai, im Dipperzer B\u00fcrgerhaus statt.<\/p>\n<p>Weil der Hauptvorstand eine Beitragsanpassung beschloss, musste auch der Zweigverein seine Beitr\u00e4ge nach 9 Jahren anpassen. Die neuen Beitr\u00e4ge betragen f\u00fcr Hauptmitglieder 20 \u20ac (bisher 16), Anschlussmitglieder 9 \u20ac (bisher 8) Kinder und Jugendlich 1 \u20ac im Jahr.<\/p>\n<p>Zum Schluss der Veranstaltung gab der Vorsitzende einen \u00dcberblick \u00fcber die wesentlichen Bestimmungen des Datenschutzes, die den Vorstand und die Mitglieder betreffen.<\/p>\n<p>&nbsp;<\/p>\n","protected":false},"excerpt":{"rendered":"<p>Rh\u00f6nklub-Zweiverein Dipperz verzeichnet beste Beteiligung in seiner Vereinsgeschichte 20 Jahre Rh\u00f6nklub eine Erfolgsgeschichte und&nbsp; Bereicherung&nbsp; des gemeindlichen Vereinslebens Bei der Jahreshauptversammlung des Rh\u00f6nklub-Zweigvereins Dipperz erinnerten sich die Mitglieder an zahlreiche Wanderungen, vielf\u00e4ltige Besichtigungen und interessante Exkursionen mit der h\u00f6chsten Teilnahme in der Vereinsgeschichte. Der Zweigverein Dipperz ist in seinem 20-igsten Vereinsjahr so lebendig und aktiv &hellip; <a href=\"https:\/\/rhoenklub-dipperz.de\/index.php\/bericht\/\" class=\"more-link\"><span class=\"screen-reader-text\">JHV-Bericht 2017<\/span> weiterlesen <span class=\"meta-nav\">&rarr;<\/span><\/a><\/p>\n","protected":false},"author":1,"featured_media":0,"parent":0,"menu_order":0,"comment_status":"closed","ping_status":"closed","template":"","meta":{"ngg_post_thumbnail":0,"footnotes":""},"class_list":["post-37","page","type-page","status-publish","hentry"],"_links":{"self":[{"href":"https:\/\/rhoenklub-dipperz.de\/index.php\/wp-json\/wp\/v2\/pages\/37","targetHints":{"allow":["GET"]}}],"collection":[{"href":"https:\/\/rhoenklub-dipperz.de\/index.php\/wp-json\/wp\/v2\/pages"}],"about":[{"href":"https:\/\/rhoenklub-dipperz.de\/index.php\/wp-json\/wp\/v2\/types\/page"}],"author":[{"embeddable":true,"href":"https:\/\/rhoenklub-dipperz.de\/index.php\/wp-json\/wp\/v2\/users\/1"}],"replies":[{"embeddable":true,"href":"https:\/\/rhoenklub-dipperz.de\/index.php\/wp-json\/wp\/v2\/comments?post=37"}],"version-history":[{"count":0,"href":"https:\/\/rhoenklub-dipperz.de\/index.php\/wp-json\/wp\/v2\/pages\/37\/revisions"}],"wp:attachment":[{"href":"https:\/\/rhoenklub-dipperz.de\/index.php\/wp-json\/wp\/v2\/media?parent=37"}],"curies":[{"name":"wp","href":"https:\/\/api.w.org\/{rel}","templated":true}]}}