{"id":421,"date":"2017-02-21T11:32:15","date_gmt":"2017-02-21T10:32:15","guid":{"rendered":"http:\/\/rhoenklub-dipperz.de\/?page_id=421"},"modified":"2017-02-21T11:32:15","modified_gmt":"2017-02-21T10:32:15","slug":"wandern-um-dipperz","status":"publish","type":"page","link":"https:\/\/rhoenklub-dipperz.de\/index.php\/wandern-um-dipperz\/","title":{"rendered":"Wandern um Dipperz"},"content":{"rendered":"<p><span style=\"text-decoration: underline;\"><span style=\"font-family: Arial;\"><span style=\"font-size: medium;\"><span style=\"color: #000000;\">Wanderstrecken der Nataurparkverwaltung&nbsp;<\/span><\/span><span style=\"color: #000000; font-size: medium;\">um <\/span><span style=\"color: #000000; font-size: medium;\">&nbsp;<\/span><\/span><\/span><span style=\"text-decoration: underline;\"><span style=\"font-family: Arial;\"><span style=\"font-size: medium;\"><span style=\"color: #000000;\">Dipperz und Dietershausen<\/span><\/span><\/span><\/span><\/p>\n<p><span style=\"font-size: medium;\"><span style=\"font-family: Arial;\">Parkplatz Rh\u00f6n Residence, Dipperz-Friesenhausen <\/span><\/span><\/p>\n<p><span style=\"text-decoration: underline;\"><strong><span style=\"font-size: small;\"><span style=\"color: #000000;\">Rundwanderweg 1 <a href=\"http:\/\/ferien-rhoen.de\/wp-content\/uploads\/2013\/03\/Rh\u00f6n-Residence-Wanderwege.jpg\"><img loading=\"lazy\" decoding=\"async\" class=\"wp-image-347 alignleft\" src=\"http:\/\/ferien-rhoen.de\/wp-content\/uploads\/2013\/03\/Rh\u00f6n-Residence-Wanderwege.jpg\" alt=\"Infotafel Rh\u00f6n-Residence-Pfad.indd\" height=\"239\" width=\"420\"><\/a><\/span><\/span><\/strong><\/span><\/p>\n<p>&nbsp;<\/p>\n<p>&nbsp;<\/p>\n<p>&nbsp;<\/p>\n<p>&nbsp;<\/p>\n<p>&nbsp;<\/p>\n<p><span style=\"font-size: small;\"><span style=\"color: #000000;\"><br \/>\nVom Feriendorf Rh\u00f6n Residence durch die Breitwiesen f\u00fchrt der Weg \u00fcber die Wasserscheide zwischen Haune und L\u00fctter durch \u00d6ttersbach zum Hof Hausf\u00fcrst. Entlang alter Grenzsteine erreichen Sie den Lebersberg. Von dort geht es nach Dietershausen hinab und zum Parkplatz am Frickenh\u00e4user Weiher. Weiter geht es auf die H\u00f6he zum Sportplatz und Verkehrs\u00fcbungsplatz zur\u00fcck zum<span style=\"font-family: Arial;\">&nbsp; <\/span><\/span><\/span><span style=\"font-size: small;\"><span style=\"color: #000000;\">Feriendorf Rh\u00f6n Residence. <\/span><\/span><\/p>\n<p><span style=\"font-size: small;\"><span style=\"color: #000000;\">L\u00e4nge:<span style=\"font-family: Arial;\">&nbsp; <\/span><\/span><\/span><span style=\"color: #000000; font-size: small;\">12,5 km<\/span><span style=\"font-family: Arial;\"><span style=\"color: #000000; font-size: small;\">&nbsp;&nbsp;&nbsp; <\/span><span style=\"font-size: small;\"><span style=\"color: #000000;\">(ca. 4,5 Std. ) <\/span><\/span><\/span><\/p>\n<p><span style=\"font-size: small;\"><span style=\"color: #000000;\">H\u00f6henunterschied<span style=\"font-family: Arial;\">&nbsp;&nbsp; <\/span><\/span><\/span><span style=\"font-size: small;\"><span style=\"color: #000000;\">120 m <\/span><\/span><\/p>\n<p><span style=\"font-size: small;\"><span style=\"color: #000000;\">Aufstiegsh\u00f6henmeter: 244<\/span><\/span><\/p>\n<p><span style=\"font-size: small;\"><span style=\"color: #000000;\">H\u00f6henlage 400 \u2013 530 m \u00fc.NN<\/span><\/span><\/p>\n<p><span style=\"text-decoration: underline;\"><strong><span style=\"font-size: small;\"><span style=\"color: #000000;\">Rundweg<span style=\"font-family: Arial;\">&nbsp; <\/span><\/span><\/span><span style=\"font-size: small;\"><span style=\"color: #000000;\">2<\/span><\/span><\/strong><\/span><\/p>\n<p><span style=\"font-size: small;\"><span style=\"color: #000000;\">Vom Feriendorf Rh\u00f6n Residence geht der Weg zuerst identisch mit dem Rundwanderweg 1 bis zum Hof Hausf\u00fcrst. Auf einem Pfad kommt man zum Gipfel mit Sitzbank, von der man die weite Aussicht ins Fuldaer Rh\u00f6nvorland und in den Vogelsberg genie\u00dfen kann. Der Kalkmagerrasen unterhalb des Gipfelkreuzes weist eine artenreiche und sch\u00fctzenswerte Flora und Fauna auf. Auf steilem Pfad geht es bergab und an der Haunequelle vorbei zum Ausgangspunkt zur\u00fcck. <span style=\"font-family: Arial;\">&nbsp;<\/span><\/span><\/span><\/p>\n<p><span style=\"font-size: small;\"><span style=\"color: #000000;\">L\u00e4nge:<span style=\"font-family: Arial;\">&nbsp; <\/span><\/span><\/span><span style=\"color: #000000; font-size: small;\">7,5 km ( ca. 2,5<\/span><span style=\"font-family: Arial;\"><span style=\"color: #000000; font-size: small;\">&nbsp; <\/span><span style=\"font-size: small;\"><span style=\"color: #000000;\">Std.)<\/span><\/span><\/span><\/p>\n<p><span style=\"font-size: small;\"><span style=\"color: #000000;\">H\u00f6henunterschied:<span style=\"font-family: Arial;\">&nbsp; <\/span><\/span><\/span><span style=\"font-size: small;\"><span style=\"color: #000000;\">147 m<\/span><\/span><\/p>\n<p><span style=\"font-size: small;\"><span style=\"color: #000000;\">Aufstiegsh\u00f6henmeter: 210<\/span><\/span><\/p>\n<p><span style=\"font-size: small;\"><span style=\"color: #000000;\">H\u00f6henlage 470 \u2013 588 m \u00fc.NN<\/span><\/span><\/p>\n<p><span style=\"text-decoration: underline;\"><strong><span style=\"font-size: small;\"><span style=\"color: #000000;\">Rundweg<span style=\"font-family: Arial;\">&nbsp; <\/span><\/span><\/span><span style=\"font-size: small;\"><span style=\"color: #000000;\">4<\/span><\/span><\/strong><\/span><\/p>\n<p><span style=\"font-size: small;\"><span style=\"color: #000000;\">Von der Rh\u00f6n Residence f\u00fchrt ein gerader Weg in den Ort Friesenhausen hinab. Hier wendet der Weg mit guter Aussicht entlang des n\u00f6rdlichen Waldrandes von Kirchberg und Eckenberg nach Westen zum Weiler Diffenbach. \u00dcber den Wiegrain und die Feldflur \u201eIm Strauch\u201c geht es an der Mariengrotte vorbei nach Dietershausen<span style=\"font-family: Arial;\">&nbsp; <\/span><\/span><\/span><span style=\"color: #000000; font-size: small;\">Vom Frickeh\u00e4user Weiher geht es am Sportplatz und Verkehrs\u00fcbungsplatz vorbei \u00fcber die H\u00f6he mit weiter Aussicht ins Fuldaer Land zum Feriendorf Rh\u00f6n Residence. <\/span><span style=\"font-size: small;\"><span style=\"color: #000000;\"><span style=\"font-family: Arial;\">&nbsp;<\/span><\/span><\/span><\/p>\n<p><span style=\"font-size: small;\"><span style=\"color: #000000;\">L\u00e4nge:<span style=\"font-family: Arial;\">&nbsp; <\/span><\/span><\/span><span style=\"font-size: small;\"><span style=\"color: #000000;\">7,7 km ( ca. 2 Std.)<\/span><\/span><\/p>\n<p><span style=\"font-size: small;\"><span style=\"color: #000000;\">H\u00f6henunterschied:<span style=\"font-family: Arial;\">&nbsp; <\/span><\/span><\/span><span style=\"font-size: small;\"><span style=\"color: #000000;\">62 m <\/span><\/span><\/p>\n<p><span style=\"font-size: small;\"><span style=\"color: #000000;\">Aufstiegsh\u00f6henmeter: 155<\/span><\/span><\/p>\n<p><span style=\"font-size: small;\"><span style=\"color: #000000;\">H\u00f6henlage: 400 \u2013 473 m \u00fc.N<\/span><\/span><span style=\"color: #000000; font-family: Arial; font-size: small;\">&nbsp;<\/span><\/p>\n<p><span style=\"text-decoration: underline;\"><strong><span style=\"font-size: small;\"><span style=\"color: #000000;\">Rundweg <span style=\"font-family: Arial;\">&nbsp;<\/span><\/span><\/span><span style=\"font-size: small;\"><span style=\"color: #000000;\">5<\/span><\/span><\/strong><\/span><\/p>\n<p><span style=\"font-size: small;\"><span style=\"color: #000000;\">Von der Rh\u00f6n Residence geht es zum Sportplatz und dann entlang des n\u00f6rdlichen Waldrandes des Kirchberges bis zum Weiler Diffenbach. \u00dcber den S\u00fcdrand des Alschberges kehrt der Weg nach Friesenhausen zur\u00fcck<span style=\"font-family: Arial;\">&nbsp; <\/span><\/span><\/span><span style=\"font-size: small;\"><span style=\"color: #000000;\">(Nordic-Walking-Strecke)<\/span><\/span><\/p>\n<p><span style=\"font-size: small;\"><span style=\"color: #000000;\">L\u00e4nge. 4,6 km<span style=\"font-family: Arial;\">&nbsp; <\/span><\/span><\/span><span style=\"font-size: small;\"><span style=\"color: #000000;\">( ca. 1,5 Std.)<\/span><\/span><\/p>\n<p><span style=\"font-size: small;\"><span style=\"color: #000000;\">H\u00f6henunterschied: 68 m<\/span><\/span><\/p>\n<p><span style=\"font-size: small;\"><span style=\"color: #000000;\">Aufstiegsh\u00f6henmeter: 100<\/span><\/span><\/p>\n<p><span style=\"font-size: small;\"><span style=\"color: #000000;\">H\u00f6henlage 410 \u2013 478 m \u00fc.NN<\/span><\/span><\/p>\n<p><span style=\"text-decoration: underline;\"><strong><span style=\"font-size: small;\"><span style=\"color: #000000;\">Rundweg<span style=\"font-family: Arial;\">&nbsp; <\/span><\/span><\/span><span style=\"font-size: small;\"><span style=\"color: #000000;\">6<\/span><\/span><\/strong><\/span><\/p>\n<p><span style=\"font-size: small;\"><span style=\"color: #000000;\">Von der Rh\u00f6n Residence geht es nach<span style=\"font-family: Arial;\">&nbsp; <\/span><\/span><\/span><span style=\"color: #000000; font-size: small;\">Friesenhausen und dann durch das Wannetal bis zur B 458. Nach ihrer \u00dcberquerung gelangt man durch den unteren Lichtberg und den Thalauer Wald zum Weiler Steinwand (Gasthaus 06658 &#8211; 328). Nach \u00dcberquerung der L 3330 f\u00fchrt der Weg \u00fcber das Fuldaer Haus (Gasthaus 06658 &#8211; 242)<\/span><span style=\"font-family: Arial;\"><span style=\"color: #000000; font-size: small;\">&nbsp; <\/span><span style=\"font-size: small;\"><span style=\"color: #000000;\">am Fu\u00df der Maulkuppe und \u00fcber den H\u00f6henweg mit Kunstmeile bis zum Hof Hintereselsbrunn. Vom Naturdenkmal Teufelstein geht es zum Ziegelhof zur B 458. \u00dcber den H\u00f6henr\u00fccken zwischen Haune- und Wannetal f\u00fchrt der Weg zum Weiler D\u00f6rmbach. Nach \u00dcberquerung der L 3377 kommt man zum Feriendorf Rh\u00f6n Residence zur\u00fcck. <\/span><\/span><\/span><\/p>\n<p><span style=\"font-size: small;\"><span style=\"color: #000000;\">L\u00e4nge: 15,2 km<span style=\"font-family: Arial;\">&nbsp;&nbsp; <\/span><\/span><\/span><span style=\"font-size: small;\"><span style=\"color: #000000;\">(sch\u00f6ne Tagestour mit Einkehr)<\/span><\/span><\/p>\n<p><span style=\"font-size: small;\"><span style=\"color: #000000;\">H\u00f6henmeter: 291 m<\/span><\/span><\/p>\n<p><span style=\"font-size: small;\"><span style=\"color: #000000;\">Aufstiegsh\u00f6henmeter: 311<\/span><\/span><\/p>\n<p><span style=\"font-size: small;\"><span style=\"color: #000000;\">H\u00f6henlage: 410 &#8211; 701 \u00fc.NN <\/span><\/span><\/p>\n<p><span style=\"text-decoration: underline;\"><strong><span style=\"font-size: small;\"><span style=\"color: #000000;\">Rundweg<span style=\"font-family: Arial;\">&nbsp; <\/span><\/span><\/span><span style=\"font-size: small;\"><span style=\"color: #000000;\">7<\/span><\/span><\/strong><\/span><\/p>\n<p><span style=\"font-size: small;\"><span style=\"color: #000000;\">Von der Rh\u00f6n Residence geht es nach Friesenhausen und \u00fcber das Wannetal zur B 458. Am Nordrand des unteren Lichtbergs und \u00fcber den Wolfertser Grund gelangt man nach Wolferts. Am Waldhaus Maria vorbei wird nach \u00dcberquerung der L 3330 das Naturschutzgebiet Stellberg mit Basaltblockhalde und weiter Aussicht nach Westen ins Fuldaer Rh\u00f6nvorland erreicht. \u00dcber die Maulkuppe, die L 3330, Steinwand (Gasthaus 06658 \u2013 328) und die B 458 kommt der Weg ins Wannetal zur\u00fcck, dem der Weg bis zur\u00fcck zur Rh\u00f6n Residence folgt. <\/span><\/span><\/p>\n<p><span style=\"font-size: small;\"><span style=\"color: #000000;\">L\u00e4nge: 12,7 km<span style=\"font-family: Arial;\">&nbsp; <\/span><\/span><\/span><span style=\"font-size: small;\"><span style=\"color: #000000;\">( ca. 5 Std.) <\/span><\/span><\/p>\n<p><span style=\"font-size: small;\"><span style=\"color: #000000;\">H\u00f6henmeter: 317 m<\/span><\/span><\/p>\n<p><span style=\"font-size: small;\"><span style=\"color: #000000;\">Aufstiegsh\u00f6henmeter: 348<\/span><\/span><\/p>\n<p><span style=\"font-size: small;\"><span style=\"color: #000000;\">H\u00f6henlage: 410 \u2013 727 \u00fc.NN<\/span><\/span><\/p>\n<p><span style=\"text-decoration: underline;\"><strong><span style=\"font-size: small;\"><span style=\"color: #000000;\">Rundweg<span style=\"font-family: Arial;\">&nbsp; <\/span><\/span><\/span><span style=\"font-size: small;\"><span style=\"color: #000000;\">8<\/span><\/span><\/strong><\/span><\/p>\n<p><span style=\"font-size: small;\"><span style=\"color: #000000;\">Von der Rh\u00f6n Residence geht es nach Friesenhausen und dann \u00fcber den Schnegelsberg und den Eckardsberg zum Birkenhof und St\u00f6ckeshof. Nach Durchquerung des oberen Igelbachtals kommt man zum Fuldaer Tor und zur Fohlenweide (Gasthaus-Hotel 06657 \u2013 9880) mit Naturlehrpfad. \u00dcber den Hof Guckai geht es parallel mit der Extratour Milseburg bis nach Wolferts. Hier verl\u00e4sst der Weg die Extratour und verl\u00e4uft \u00fcber den Wolfertser Grund, den unteren Lichtberg zur B 458 und durch das Wannetal zum Ausgangspunkt zur\u00fcck <\/span><\/span><\/p>\n<p><span style=\"font-size: small;\"><span style=\"color: #000000;\">L\u00e4nge: 14,7 km<span style=\"font-family: Arial;\">&nbsp; <\/span><\/span><\/span><span style=\"font-size: small;\"><span style=\"color: #000000;\">(sch\u00f6ne Tagestour mit Einkehr) <\/span><\/span><\/p>\n<p><span style=\"font-size: small;\"><span style=\"color: #000000;\">H\u00f6henmeter: 113 m<\/span><\/span><\/p>\n<p><span style=\"font-size: small;\"><span style=\"color: #000000;\">Aufstiegsh\u00f6henmeter: 277<\/span><\/span><\/p>\n<p><span style=\"font-size: small;\"><span style=\"color: #000000;\">H\u00f6henlage: 410 \u2013 523 \u00fc.NN <\/span><\/span><\/p>\n<p><strong><span style=\"color: #000000;\">Verk\u00fcrzte Wege um die Rh\u00f6n Residence ohne Kennzeichnung<\/span><\/strong><\/p>\n<p><span style=\"text-decoration: underline;\"><strong><span style=\"font-size: small;\"><span style=\"color: #000000;\">Rundweg <\/span><\/span><\/strong><\/span><\/p>\n<p><span style=\"font-size: small;\"><span style=\"color: #000000;\">F\u00fcr den Weg \u201eRund um den Alschberg\u201c gehen wir am Sportplatz Friesenhausen links runter auf den Weg<span style=\"font-family: Arial;\">&nbsp; <\/span><\/span><\/span><span style=\"color: #000000; font-size: small;\">nach Diffenbach (links). Dort rechts<\/span><span style=\"font-family: Arial;\"><span style=\"color: #000000; font-size: small;\">&nbsp; <\/span><span style=\"font-size: small;\"><span style=\"color: #000000;\">\u00fcber Kl\u00fcbersborn, Unteraschlberg und den Fernwanderweg entlang der Hammerschmiede geht es \u00fcber die Ortsmitte Friesenhausen wieder zur\u00fcck zur Rh\u00f6n Residence. <\/span><\/span><\/span><\/p>\n<p><span style=\"font-size: small;\"><span style=\"color: #000000;\">L\u00e4nge:<span style=\"font-family: Arial;\">&nbsp; <\/span><\/span><\/span><span style=\"color: #000000; font-size: small;\">6 km<\/span><span style=\"font-family: Arial;\"><span style=\"color: #000000; font-size: small;\">&nbsp; <\/span><span style=\"color: #000000; font-size: small;\">(ca. 1 \u00bc Std.)<\/span><\/span><span style=\"font-family: Arial;\"><span style=\"color: #000000; font-size: small;\">&nbsp;&nbsp; <\/span><span style=\"font-size: small;\"><span style=\"color: #000000;\">HU 40 m<\/span><\/span><\/span><\/p>\n<p><span style=\"text-decoration: underline;\"><strong><span style=\"font-size: small;\"><span style=\"color: #000000;\">Rundweg <\/span><\/span><\/strong><\/span><\/p>\n<p><span style=\"font-size: small;\"><span style=\"color: #000000;\">F\u00fcr den Weg \u201eRund um das Feriendorf\u201c gehen wir am hinteren Ausgang in den Wald am ADAC Verkehrs\u00fcbungsplatz vorbei. Kurz danach gehen wir rechts in Richtung Diffenbach um hinter dem Eckenberg am Sportplatz wieder zur Rh\u00f6n Residence einzubiegen. <\/span><\/span><\/p>\n<p><span style=\"font-size: small;\"><span style=\"color: #000000;\">L\u00e4nge: 5,4 km ( ca. 1 \u00bc Std.)<span style=\"font-family: Arial;\">&nbsp; <\/span><\/span><\/span><span style=\"font-size: small;\"><span style=\"color: #000000;\">HU 40 m <\/span><\/span><\/p>\n<p><span style=\"text-decoration: underline;\"><strong><span style=\"font-size: small;\"><span style=\"color: #000000;\">Rundweg<span style=\"font-family: Arial;\">&nbsp; <\/span><\/span><\/span><\/strong><\/span><\/p>\n<p><span style=\"font-size: small;\"><span style=\"color: #000000;\">Wir verlassen die Rh\u00f6n Residence \u00fcber die Landstrasse zum Wanderparkplatz am Kieshof. Entlang dem D\u00f6rmbacher Ring kommen wir entlang der Mariengrotte und der Ortsmitte Friesenhausen wieder zur Rh\u00f6n Residence zur\u00fcck.<\/span><\/span><\/p>\n<p><span style=\"color: #000000;\">L\u00e4nge: <\/span><span style=\"font-size: small;\"><span style=\"color: #000000;\">4,1 km <\/span><\/span><span style=\"font-size: small;\"><span style=\"color: #000000;\">(ca. 1 Std.)<\/span><\/span><span style=\"font-size: small;\"><span style=\"color: #000000; font-family: Arial;\">&nbsp; <\/span><span style=\"color: #000000;\">HU95m&nbsp;<\/span><\/span><span style=\"color: #000000; font-family: Arial; font-size: small;\">&nbsp;&nbsp;&nbsp;&nbsp;&nbsp;&nbsp;&nbsp;&nbsp;&nbsp;<br \/>\n<\/span><\/p>\n","protected":false},"excerpt":{"rendered":"<p>Wanderstrecken der Nataurparkverwaltung&nbsp;um &nbsp;Dipperz und Dietershausen Parkplatz Rh\u00f6n Residence, Dipperz-Friesenhausen Rundwanderweg 1 &nbsp; &nbsp; &nbsp; &nbsp; &nbsp; Vom Feriendorf Rh\u00f6n Residence durch die Breitwiesen f\u00fchrt der Weg \u00fcber die Wasserscheide zwischen Haune und L\u00fctter durch \u00d6ttersbach zum Hof Hausf\u00fcrst. Entlang alter Grenzsteine erreichen Sie den Lebersberg. Von dort geht es nach Dietershausen hinab und zum &hellip; <a href=\"https:\/\/rhoenklub-dipperz.de\/index.php\/wandern-um-dipperz\/\" class=\"more-link\"><span class=\"screen-reader-text\">Wandern um Dipperz<\/span> weiterlesen <span class=\"meta-nav\">&rarr;<\/span><\/a><\/p>\n","protected":false},"author":1,"featured_media":0,"parent":0,"menu_order":0,"comment_status":"closed","ping_status":"closed","template":"","meta":{"ngg_post_thumbnail":0,"footnotes":""},"class_list":["post-421","page","type-page","status-publish","hentry"],"_links":{"self":[{"href":"https:\/\/rhoenklub-dipperz.de\/index.php\/wp-json\/wp\/v2\/pages\/421","targetHints":{"allow":["GET"]}}],"collection":[{"href":"https:\/\/rhoenklub-dipperz.de\/index.php\/wp-json\/wp\/v2\/pages"}],"about":[{"href":"https:\/\/rhoenklub-dipperz.de\/index.php\/wp-json\/wp\/v2\/types\/page"}],"author":[{"embeddable":true,"href":"https:\/\/rhoenklub-dipperz.de\/index.php\/wp-json\/wp\/v2\/users\/1"}],"replies":[{"embeddable":true,"href":"https:\/\/rhoenklub-dipperz.de\/index.php\/wp-json\/wp\/v2\/comments?post=421"}],"version-history":[{"count":0,"href":"https:\/\/rhoenklub-dipperz.de\/index.php\/wp-json\/wp\/v2\/pages\/421\/revisions"}],"wp:attachment":[{"href":"https:\/\/rhoenklub-dipperz.de\/index.php\/wp-json\/wp\/v2\/media?parent=421"}],"curies":[{"name":"wp","href":"https:\/\/api.w.org\/{rel}","templated":true}]}}