{"id":43,"date":"2017-02-10T12:29:18","date_gmt":"2017-02-10T11:29:18","guid":{"rendered":"http:\/\/rhoenklub-dipperz.de\/?page_id=43"},"modified":"2018-01-23T13:30:30","modified_gmt":"2018-01-23T12:30:30","slug":"wandernadeln","status":"publish","type":"page","link":"https:\/\/rhoenklub-dipperz.de\/index.php\/wandernadeln\/","title":{"rendered":"Wandernadeln"},"content":{"rendered":"<p>&nbsp;&nbsp;&nbsp;&nbsp;&nbsp;&nbsp;&nbsp;&nbsp;&nbsp;&nbsp;&nbsp;&nbsp;&nbsp;&nbsp;&nbsp;&nbsp;&nbsp;&nbsp;&nbsp;&nbsp;&nbsp;&nbsp;&nbsp;&nbsp;&nbsp;&nbsp;&nbsp;&nbsp;&nbsp;&nbsp;&nbsp;&nbsp;&nbsp;&nbsp;&nbsp;&nbsp;&nbsp;&nbsp;&nbsp;&nbsp;&nbsp;&nbsp;&nbsp;&nbsp;&nbsp;&nbsp;&nbsp;<br \/>\n&nbsp;&nbsp;&nbsp;&nbsp;&nbsp;&nbsp;&nbsp;&nbsp;&nbsp;&nbsp;&nbsp;&nbsp;&nbsp;&nbsp;&nbsp;&nbsp;&nbsp;&nbsp;&nbsp;&nbsp;&nbsp;&nbsp;&nbsp;&nbsp;&nbsp;&nbsp;&nbsp;&nbsp;&nbsp;&nbsp;&nbsp;&nbsp;&nbsp;&nbsp;&nbsp;&nbsp;&nbsp;&nbsp;&nbsp;&nbsp;&nbsp;&nbsp;&nbsp;&nbsp; von Mitgliedern des<br \/>\n&nbsp;&nbsp;&nbsp;&nbsp;&nbsp;&nbsp;&nbsp;&nbsp;&nbsp;&nbsp;&nbsp;&nbsp;&nbsp;&nbsp;&nbsp;&nbsp;&nbsp;&nbsp;&nbsp;&nbsp;&nbsp;&nbsp;&nbsp;&nbsp;&nbsp;&nbsp;&nbsp; Rh\u00f6nklub, Zweigverein Dipperz e.V.<\/p>\n<p>Mit der Wandernadel werden die Mitglieder ausgezeichnet, die als Wanderf\u00fchrer f\u00fcr die Mitglieder und G\u00e4ste interessante Strecken und Programme ausw\u00e4hlen und f\u00fchren und Teilnehmer die sich an mehreren Wanderungen beteiligen.<\/p>\n<p>Ausgezeichnet wurden f\u00fcr das Wanderjahr 2017<\/p>\n<p>Name&nbsp;&nbsp;&nbsp;&nbsp;&nbsp;&nbsp;&nbsp;&nbsp;&nbsp;&nbsp;&nbsp;&nbsp;&nbsp;&nbsp;&nbsp;&nbsp;&nbsp;&nbsp;&nbsp;&nbsp;&nbsp;&nbsp;&nbsp;&nbsp;&nbsp;&nbsp;&nbsp;&nbsp;&nbsp;&nbsp;&nbsp;&nbsp;&nbsp;&nbsp;&nbsp;&nbsp;&nbsp;&nbsp;&nbsp;&nbsp;&nbsp;&nbsp;&nbsp;&nbsp;&nbsp;&nbsp;&nbsp;&nbsp;&nbsp;&nbsp;&nbsp;&nbsp;&nbsp;&nbsp;&nbsp; Anzahl&nbsp;&nbsp;&nbsp;&nbsp; Wander-&nbsp;&nbsp;&nbsp;&nbsp;&nbsp; Erwanderte<br \/>\n&nbsp;&nbsp;&nbsp;&nbsp;&nbsp;&nbsp;&nbsp;&nbsp;&nbsp;&nbsp;&nbsp;&nbsp;&nbsp;&nbsp;&nbsp;&nbsp;&nbsp;&nbsp;&nbsp;&nbsp;&nbsp;&nbsp;&nbsp;&nbsp;&nbsp;&nbsp;&nbsp;&nbsp;&nbsp;&nbsp;&nbsp;&nbsp;&nbsp;&nbsp;&nbsp;&nbsp;&nbsp;&nbsp;&nbsp;&nbsp;&nbsp;&nbsp;&nbsp;&nbsp;&nbsp;&nbsp;&nbsp;&nbsp;&nbsp;&nbsp;&nbsp;&nbsp;&nbsp;&nbsp;&nbsp;&nbsp;&nbsp;&nbsp;&nbsp;&nbsp;&nbsp;&nbsp;&nbsp;&nbsp;&nbsp;&nbsp;&nbsp;&nbsp; Jahres-&nbsp;&nbsp;&nbsp;&nbsp; nadeln&nbsp;&nbsp;&nbsp;&nbsp;&nbsp;&nbsp;&nbsp;&nbsp;&nbsp; &nbsp;&nbsp; &nbsp;&nbsp; &nbsp;&nbsp; km<br \/>\n&nbsp;&nbsp;&nbsp;&nbsp;&nbsp;&nbsp;&nbsp;&nbsp;&nbsp;&nbsp;&nbsp;&nbsp;&nbsp;&nbsp;&nbsp;&nbsp;&nbsp;&nbsp;&nbsp;&nbsp;&nbsp;&nbsp;&nbsp;&nbsp;&nbsp;&nbsp;&nbsp;&nbsp;&nbsp;&nbsp;&nbsp;&nbsp;&nbsp;&nbsp;&nbsp;&nbsp;&nbsp;&nbsp;&nbsp;&nbsp;&nbsp;&nbsp;&nbsp;&nbsp;&nbsp;&nbsp;&nbsp;&nbsp;&nbsp;&nbsp;&nbsp;&nbsp;&nbsp;&nbsp;&nbsp;&nbsp;&nbsp;&nbsp;&nbsp;&nbsp;&nbsp;&nbsp;&nbsp;&nbsp;&nbsp;&nbsp;&nbsp;&nbsp; punkte&nbsp;&nbsp;&nbsp;&nbsp;&nbsp; gesamt&nbsp;&nbsp;&nbsp;&nbsp;&nbsp;&nbsp; &nbsp;&nbsp;&nbsp;&nbsp; in 2017<\/p>\n<table width=\"588\">\n<tbody>\n<tr>\n<td width=\"87\">Barthelmes<\/td>\n<td width=\"89\">Friedel<\/td>\n<td width=\"80\">&nbsp;<\/td>\n<td width=\"49\">57<\/td>\n<td width=\"136\">20<\/td>\n<td width=\"147\">333<\/td>\n<\/tr>\n<tr>\n<td width=\"87\">Barthelmes<\/td>\n<td width=\"89\">Winfried<\/td>\n<td width=\"80\">&nbsp;<\/td>\n<td width=\"49\">92<\/td>\n<td width=\"136\">19<\/td>\n<td width=\"147\">429<\/td>\n<\/tr>\n<tr>\n<td width=\"87\">Blum<\/td>\n<td width=\"89\">Ursula<\/td>\n<td width=\"80\">&nbsp;<\/td>\n<td width=\"49\">48<\/td>\n<td width=\"136\">&nbsp; 7<\/td>\n<td width=\"147\">267<\/td>\n<\/tr>\n<tr>\n<td width=\"87\">Blum<\/td>\n<td width=\"89\">Willi<\/td>\n<td width=\"80\">&nbsp;<\/td>\n<td width=\"49\">23<\/td>\n<td width=\"136\">&nbsp; 9<\/td>\n<td width=\"147\">117<\/td>\n<\/tr>\n<tr>\n<td width=\"87\">Brill<\/td>\n<td width=\"89\">Gabi<\/td>\n<td width=\"80\">&nbsp;<\/td>\n<td width=\"49\">49<\/td>\n<td width=\"136\">11<\/td>\n<td width=\"147\">294<\/td>\n<\/tr>\n<tr>\n<td width=\"87\">Dehler<\/td>\n<td width=\"89\">Gerda<\/td>\n<td width=\"80\">&nbsp;<\/td>\n<td width=\"49\">49<\/td>\n<td width=\"136\">11<\/td>\n<td width=\"147\">276<\/td>\n<\/tr>\n<tr>\n<td width=\"87\">Diegelmann<\/td>\n<td width=\"89\">Heike<\/td>\n<td width=\"80\">&nbsp;<\/td>\n<td width=\"49\">12<\/td>\n<td width=\"136\">13<\/td>\n<td width=\"147\">&nbsp; 11<\/td>\n<\/tr>\n<tr>\n<td width=\"87\">Goldbach<\/td>\n<td width=\"89\">Gisela<\/td>\n<td width=\"80\">&nbsp;<\/td>\n<td width=\"49\">40<\/td>\n<td width=\"136\">10<\/td>\n<td width=\"147\">246<\/td>\n<\/tr>\n<tr>\n<td width=\"87\">Hohmann<\/td>\n<td width=\"89\">Rosemarie<\/td>\n<td width=\"80\">&nbsp;<\/td>\n<td width=\"49\">53<\/td>\n<td width=\"136\">13<\/td>\n<td width=\"147\">315<\/td>\n<\/tr>\n<tr>\n<td width=\"87\">Kraus<\/td>\n<td width=\"89\">G\u00fcnter<\/td>\n<td width=\"80\">&nbsp;<\/td>\n<td width=\"49\">13<\/td>\n<td width=\"136\">&nbsp; 7<\/td>\n<td width=\"147\">&nbsp; 56<\/td>\n<\/tr>\n<tr>\n<td width=\"87\">K\u00fcchler<\/td>\n<td width=\"89\">Ingrid<\/td>\n<td width=\"80\">&nbsp;<\/td>\n<td width=\"49\">45<\/td>\n<td width=\"136\">&nbsp; 2<\/td>\n<td width=\"147\">272<\/td>\n<\/tr>\n<tr>\n<td width=\"87\">K\u00fcchler<\/td>\n<td width=\"89\">Rudolf<\/td>\n<td width=\"80\">&nbsp;<\/td>\n<td width=\"49\">7<\/td>\n<td width=\"136\">&nbsp;<\/td>\n<td width=\"147\">&nbsp; 30<\/td>\n<\/tr>\n<tr>\n<td width=\"87\">M\u00e4rtin<\/td>\n<td width=\"89\">Edelgard<\/td>\n<td width=\"80\">&nbsp;<\/td>\n<td width=\"49\">51<\/td>\n<td width=\"136\">17<\/td>\n<td width=\"147\">277<\/td>\n<\/tr>\n<tr>\n<td width=\"87\">M\u00e4rtin<\/td>\n<td width=\"89\">Uwe<\/td>\n<td width=\"80\">&nbsp;<\/td>\n<td width=\"49\">58<\/td>\n<td width=\"136\">17<\/td>\n<td width=\"147\">318<\/td>\n<\/tr>\n<tr>\n<td width=\"87\">M\u00fcglich<\/td>\n<td width=\"89\">Annemarie<\/td>\n<td width=\"80\">&nbsp;<\/td>\n<td width=\"49\">29<\/td>\n<td width=\"136\">14<\/td>\n<td width=\"147\">173<\/td>\n<\/tr>\n<tr>\n<td width=\"87\">M\u00fcller<\/td>\n<td width=\"89\">Rita<\/td>\n<td width=\"80\">&nbsp;<\/td>\n<td width=\"49\">35<\/td>\n<td width=\"136\">&nbsp; 2<\/td>\n<td width=\"147\">199<\/td>\n<\/tr>\n<tr>\n<td width=\"87\">Neubauer<\/td>\n<td width=\"89\">Maria<\/td>\n<td width=\"80\">&nbsp;<\/td>\n<td width=\"49\">22<\/td>\n<td width=\"136\">16<\/td>\n<td width=\"147\">117<\/td>\n<\/tr>\n<tr>\n<td width=\"87\">Neubauer<\/td>\n<td width=\"89\">Oswald<\/td>\n<td width=\"80\">&nbsp;<\/td>\n<td width=\"49\">25<\/td>\n<td width=\"136\">11<\/td>\n<td width=\"147\">108<\/td>\n<\/tr>\n<tr>\n<td width=\"87\">Reinhard<\/td>\n<td width=\"89\">Maria Luise<\/td>\n<td width=\"80\">&nbsp;<\/td>\n<td width=\"49\">35<\/td>\n<td width=\"136\">&nbsp; 8<\/td>\n<td width=\"147\">217<\/td>\n<\/tr>\n<tr>\n<td width=\"87\">Sch\u00e4fer<\/td>\n<td width=\"89\">Rosemarie<\/td>\n<td width=\"80\">&nbsp;<\/td>\n<td width=\"49\">61<\/td>\n<td width=\"136\">18<\/td>\n<td width=\"147\">357<\/td>\n<\/tr>\n<tr>\n<td width=\"87\">Sch\u00e4fer<\/td>\n<td width=\"89\">Rudi<\/td>\n<td width=\"80\">&nbsp;<\/td>\n<td width=\"49\">80<\/td>\n<td width=\"136\">21<\/td>\n<td width=\"147\">445<\/td>\n<\/tr>\n<tr>\n<td width=\"87\">St\u00fc\u00df<\/td>\n<td width=\"89\">Anette<\/td>\n<td width=\"80\">&nbsp;<\/td>\n<td width=\"49\">&nbsp; 6<\/td>\n<td width=\"136\">&nbsp; 7<\/td>\n<td width=\"147\">&nbsp; 40<\/td>\n<\/tr>\n<tr>\n<td width=\"87\">St\u00fc\u00df<\/td>\n<td width=\"89\">Hubert<\/td>\n<td width=\"80\">&nbsp;<\/td>\n<td width=\"49\">13<\/td>\n<td width=\"136\">&nbsp; 7<\/td>\n<td width=\"147\">&nbsp; 52<\/td>\n<\/tr>\n<tr>\n<td width=\"87\">Trapp<\/td>\n<td width=\"89\">Emmi<\/td>\n<td width=\"80\">&nbsp;<\/td>\n<td width=\"49\">56<\/td>\n<td width=\"136\">16<\/td>\n<td width=\"147\">327<\/td>\n<\/tr>\n<tr>\n<td width=\"87\">Trapp<\/td>\n<td width=\"89\">Othmar<\/td>\n<td width=\"80\">&nbsp;<\/td>\n<td width=\"49\">58<\/td>\n<td width=\"136\">16<\/td>\n<td width=\"147\">331<\/td>\n<\/tr>\n<tr>\n<td width=\"87\">Wagner<\/td>\n<td width=\"89\">Maria<\/td>\n<td width=\"80\">&nbsp;<\/td>\n<td width=\"49\">18<\/td>\n<td width=\"136\">19<\/td>\n<td width=\"147\">&nbsp; 93<\/td>\n<\/tr>\n<tr>\n<td width=\"87\">Wagner<\/td>\n<td width=\"89\">Helmut<\/td>\n<td width=\"80\">&nbsp;<\/td>\n<td width=\"49\">12<\/td>\n<td width=\"136\">21<\/td>\n<td width=\"147\">&nbsp; 57<\/td>\n<\/tr>\n<tr>\n<td width=\"87\">Weber<\/td>\n<td width=\"89\">Bernhard<\/td>\n<td width=\"80\">&nbsp;<\/td>\n<td width=\"49\">44<\/td>\n<td width=\"136\">&nbsp; 9<\/td>\n<td width=\"147\">167<\/td>\n<\/tr>\n<tr>\n<td width=\"87\">Wingenfeld<\/td>\n<td width=\"89\">Gertrud<\/td>\n<td width=\"80\">&nbsp;<\/td>\n<td width=\"49\">65<\/td>\n<td width=\"136\">19<\/td>\n<td width=\"147\">351<\/td>\n<\/tr>\n<tr>\n<td width=\"87\">Wingenfeld<\/td>\n<td width=\"89\">Robert<\/td>\n<td width=\"80\">&nbsp;<\/td>\n<td width=\"49\">66<\/td>\n<td width=\"136\">19<\/td>\n<td width=\"147\">357<\/td>\n<\/tr>\n<tr>\n<td width=\"87\">W\u00fcnnenberg<\/td>\n<td width=\"89\">H.J.<\/td>\n<td width=\"80\">&nbsp;<\/td>\n<td width=\"49\">47<\/td>\n<td width=\"136\">&nbsp; 9<\/td>\n<td width=\"147\">183<\/td>\n<\/tr>\n<tr>\n<td width=\"87\">W\u00fcnnenberg<\/td>\n<td width=\"89\">Angela<\/td>\n<td width=\"80\">&nbsp;<\/td>\n<td width=\"49\">25<\/td>\n<td width=\"136\">&nbsp; 4<\/td>\n<td width=\"147\">145<\/td>\n<\/tr>\n<tr>\n<td width=\"87\">Friedrich<\/td>\n<td width=\"89\">Marita<\/td>\n<td width=\"80\">&nbsp;<\/td>\n<td width=\"49\">49<\/td>\n<td width=\"136\">16<\/td>\n<td width=\"147\">294<\/td>\n<\/tr>\n<tr>\n<td width=\"87\">Leibold<\/td>\n<td width=\"89\">Wilma<\/td>\n<td width=\"80\">&nbsp;<\/td>\n<td width=\"49\">17<\/td>\n<td width=\"136\">&nbsp; 5<\/td>\n<td width=\"147\">&nbsp; 85<\/td>\n<\/tr>\n<tr>\n<td width=\"87\">Trapp<\/td>\n<td width=\"89\">Andrea<\/td>\n<td width=\"80\">&nbsp;<\/td>\n<td width=\"49\">&nbsp; 7<\/td>\n<td width=\"136\">11<\/td>\n<td width=\"147\">&nbsp; 24<\/td>\n<\/tr>\n<tr>\n<td width=\"87\">M\u00fcller<\/td>\n<td width=\"89\">Berthold<\/td>\n<td width=\"80\">&nbsp;<\/td>\n<td width=\"49\">&nbsp;12<\/td>\n<td width=\"136\">&nbsp; 1<\/td>\n<td width=\"147\">&nbsp; 61<\/td>\n<\/tr>\n<tr>\n<td width=\"87\">Reinhard<\/td>\n<td width=\"89\">Martina<\/td>\n<td width=\"80\">&nbsp;<\/td>\n<td width=\"49\">&nbsp;&nbsp; 8<\/td>\n<td width=\"136\">&nbsp; 9<\/td>\n<td width=\"147\">&nbsp; 33<\/td>\n<\/tr>\n<tr>\n<td width=\"87\">Reinhard<\/td>\n<td width=\"89\">Corinna<\/td>\n<td width=\"80\">&nbsp;<\/td>\n<td width=\"49\">&nbsp;&nbsp; 6<\/td>\n<td width=\"136\">&nbsp; 9<\/td>\n<td width=\"147\">&nbsp; 13<\/td>\n<\/tr>\n<tr>\n<td width=\"87\">Reinhard<\/td>\n<td width=\"89\">Larissa<\/td>\n<td width=\"80\">&nbsp;<\/td>\n<td width=\"49\">&nbsp;<\/td>\n<td width=\"136\">10<\/td>\n<td width=\"147\">&nbsp;&nbsp;&nbsp; 0<\/td>\n<\/tr>\n<tr>\n<td width=\"87\">Kremser<\/td>\n<td width=\"89\">Karin<\/td>\n<td width=\"80\">&nbsp;<\/td>\n<td width=\"49\">&nbsp; 19<\/td>\n<td width=\"136\">&nbsp; 1<\/td>\n<td width=\"147\">&nbsp;113<\/td>\n<\/tr>\n<tr>\n<td width=\"87\">Leibold<\/td>\n<td width=\"89\">Angelika<\/td>\n<td width=\"80\">&nbsp;<\/td>\n<td width=\"49\">&nbsp; 7<\/td>\n<td width=\"136\">&nbsp; 2<\/td>\n<td width=\"147\">&nbsp; 47<\/td>\n<\/tr>\n<tr>\n<td width=\"87\">Stadler<\/td>\n<td width=\"89\">Doris<\/td>\n<td width=\"80\">&nbsp;<\/td>\n<td width=\"49\">&nbsp; 5<\/td>\n<td width=\"136\">&nbsp; 4<\/td>\n<td width=\"147\">&nbsp; 52<\/td>\n<\/tr>\n<\/tbody>\n<\/table>\n<p>&nbsp;<\/p>\n","protected":false},"excerpt":{"rendered":"<p>&nbsp;&nbsp;&nbsp;&nbsp;&nbsp;&nbsp;&nbsp;&nbsp;&nbsp;&nbsp;&nbsp;&nbsp;&nbsp;&nbsp;&nbsp;&nbsp;&nbsp;&nbsp;&nbsp;&nbsp;&nbsp;&nbsp;&nbsp;&nbsp;&nbsp;&nbsp;&nbsp;&nbsp;&nbsp;&nbsp;&nbsp;&nbsp;&nbsp;&nbsp;&nbsp;&nbsp;&nbsp;&nbsp;&nbsp;&nbsp;&nbsp;&nbsp;&nbsp;&nbsp;&nbsp;&nbsp;&nbsp; &nbsp;&nbsp;&nbsp;&nbsp;&nbsp;&nbsp;&nbsp;&nbsp;&nbsp;&nbsp;&nbsp;&nbsp;&nbsp;&nbsp;&nbsp;&nbsp;&nbsp;&nbsp;&nbsp;&nbsp;&nbsp;&nbsp;&nbsp;&nbsp;&nbsp;&nbsp;&nbsp;&nbsp;&nbsp;&nbsp;&nbsp;&nbsp;&nbsp;&nbsp;&nbsp;&nbsp;&nbsp;&nbsp;&nbsp;&nbsp;&nbsp;&nbsp;&nbsp;&nbsp; von Mitgliedern des &nbsp;&nbsp;&nbsp;&nbsp;&nbsp;&nbsp;&nbsp;&nbsp;&nbsp;&nbsp;&nbsp;&nbsp;&nbsp;&nbsp;&nbsp;&nbsp;&nbsp;&nbsp;&nbsp;&nbsp;&nbsp;&nbsp;&nbsp;&nbsp;&nbsp;&nbsp;&nbsp; Rh\u00f6nklub, Zweigverein Dipperz e.V. Mit der Wandernadel werden die Mitglieder ausgezeichnet, die als Wanderf\u00fchrer f\u00fcr die Mitglieder und G\u00e4ste interessante Strecken und Programme ausw\u00e4hlen und f\u00fchren und Teilnehmer die sich an mehreren Wanderungen beteiligen. Ausgezeichnet wurden f\u00fcr das Wanderjahr 2017 Name&nbsp;&nbsp;&nbsp;&nbsp;&nbsp;&nbsp;&nbsp;&nbsp;&nbsp;&nbsp;&nbsp;&nbsp;&nbsp;&nbsp;&nbsp;&nbsp;&nbsp;&nbsp;&nbsp;&nbsp;&nbsp;&nbsp;&nbsp;&nbsp;&nbsp;&nbsp;&nbsp;&nbsp;&nbsp;&nbsp;&nbsp;&nbsp;&nbsp;&nbsp;&nbsp;&nbsp;&nbsp;&nbsp;&nbsp;&nbsp;&nbsp;&nbsp;&nbsp;&nbsp;&nbsp;&nbsp;&nbsp;&nbsp;&nbsp;&nbsp;&nbsp;&nbsp;&nbsp;&nbsp;&nbsp; Anzahl&nbsp;&nbsp;&nbsp;&nbsp; Wander-&nbsp;&nbsp;&nbsp;&nbsp;&nbsp; Erwanderte &nbsp;&nbsp;&nbsp;&nbsp;&nbsp;&nbsp;&nbsp;&nbsp;&nbsp;&nbsp;&nbsp;&nbsp;&nbsp;&nbsp;&nbsp;&nbsp;&nbsp;&nbsp;&nbsp;&nbsp;&nbsp;&nbsp;&nbsp;&nbsp;&nbsp;&nbsp;&nbsp;&nbsp;&nbsp;&nbsp;&nbsp;&nbsp;&nbsp;&nbsp;&nbsp;&nbsp;&nbsp;&nbsp;&nbsp;&nbsp;&nbsp;&nbsp;&nbsp;&nbsp;&nbsp;&nbsp;&nbsp;&nbsp;&nbsp;&nbsp;&nbsp;&nbsp;&nbsp;&nbsp;&nbsp;&nbsp;&nbsp;&nbsp;&nbsp;&nbsp;&nbsp;&nbsp;&nbsp;&nbsp;&nbsp;&nbsp;&nbsp;&nbsp; Jahres-&nbsp;&nbsp;&nbsp;&nbsp; nadeln&nbsp;&nbsp;&nbsp;&nbsp;&nbsp;&nbsp;&nbsp;&nbsp;&nbsp; &nbsp;&nbsp; &nbsp;&nbsp; &hellip; <a href=\"https:\/\/rhoenklub-dipperz.de\/index.php\/wandernadeln\/\" class=\"more-link\"><span class=\"screen-reader-text\">Wandernadeln<\/span> weiterlesen <span class=\"meta-nav\">&rarr;<\/span><\/a><\/p>\n","protected":false},"author":1,"featured_media":0,"parent":0,"menu_order":0,"comment_status":"closed","ping_status":"closed","template":"","meta":{"ngg_post_thumbnail":0,"footnotes":""},"class_list":["post-43","page","type-page","status-publish","hentry"],"_links":{"self":[{"href":"https:\/\/rhoenklub-dipperz.de\/index.php\/wp-json\/wp\/v2\/pages\/43","targetHints":{"allow":["GET"]}}],"collection":[{"href":"https:\/\/rhoenklub-dipperz.de\/index.php\/wp-json\/wp\/v2\/pages"}],"about":[{"href":"https:\/\/rhoenklub-dipperz.de\/index.php\/wp-json\/wp\/v2\/types\/page"}],"author":[{"embeddable":true,"href":"https:\/\/rhoenklub-dipperz.de\/index.php\/wp-json\/wp\/v2\/users\/1"}],"replies":[{"embeddable":true,"href":"https:\/\/rhoenklub-dipperz.de\/index.php\/wp-json\/wp\/v2\/comments?post=43"}],"version-history":[{"count":0,"href":"https:\/\/rhoenklub-dipperz.de\/index.php\/wp-json\/wp\/v2\/pages\/43\/revisions"}],"wp:attachment":[{"href":"https:\/\/rhoenklub-dipperz.de\/index.php\/wp-json\/wp\/v2\/media?parent=43"}],"curies":[{"name":"wp","href":"https:\/\/api.w.org\/{rel}","templated":true}]}}