{"id":461,"date":"2017-02-27T17:24:57","date_gmt":"2017-02-27T16:24:57","guid":{"rendered":"http:\/\/rhoenklub-dipperz.de\/?page_id=461"},"modified":"2017-03-02T17:29:48","modified_gmt":"2017-03-02T16:29:48","slug":"dipperzer-osterbrunnen","status":"publish","type":"page","link":"https:\/\/rhoenklub-dipperz.de\/index.php\/dipperzer-osterbrunnen\/","title":{"rendered":"Dipperzer Osterbrunnen"},"content":{"rendered":"<p><strong>&nbsp;&nbsp;&nbsp;&nbsp;&nbsp;&nbsp;&nbsp;&nbsp;&nbsp;&nbsp;&nbsp;&nbsp;&nbsp;&nbsp;&nbsp;&nbsp;&nbsp;&nbsp;&nbsp;&nbsp;&nbsp;&nbsp;&nbsp;&nbsp;&nbsp;&nbsp;&nbsp;&nbsp;&nbsp;&nbsp;&nbsp;&nbsp;&nbsp;&nbsp;&nbsp; Der Dipperzer Osterbrunnen<\/strong><\/p>\n<p>Im Laufe der Jahrhunderte haben sich um Ostern als dem h\u00f6chsten Fest der Christenheit&nbsp; zahlreiche Br\u00e4uche entwickelt, so u. a. das Herrichten des Osterbrunnen. Seine Wiege ist die Fr\u00e4nkische Schweiz.<\/p>\n<figure id=\"attachment_503\" aria-describedby=\"caption-attachment-503\" style=\"width: 300px\" class=\"wp-caption alignright\"><img loading=\"lazy\" decoding=\"async\" class=\"wp-image-503\" src=\"http:\/\/rhoenklub-dipperz.de\/wp-content\/uploads\/2017\/02\/20-300x225.jpg\" width=\"300\" height=\"225\" srcset=\"https:\/\/rhoenklub-dipperz.de\/wp-content\/uploads\/2017\/02\/20-300x225.jpg 300w, https:\/\/rhoenklub-dipperz.de\/wp-content\/uploads\/2017\/02\/20-768x576.jpg 768w, https:\/\/rhoenklub-dipperz.de\/wp-content\/uploads\/2017\/02\/20-1024x768.jpg 1024w, https:\/\/rhoenklub-dipperz.de\/wp-content\/uploads\/2017\/02\/20.jpg 1600w\" sizes=\"auto, (max-width: 300px) 100vw, 300px\" \/><figcaption id=\"caption-attachment-503\" class=\"wp-caption-text\">Schm\u00fccken Osterbrunnen<\/figcaption><\/figure>\n<p>Das Schm\u00fccken eines Osterbrunnen kam in der Vergangenheit einer heiligen Handlung gleich.<br \/>\nSchlie\u00dflich galt es \u2013 nicht wie heute \u2013 nur einen Blickfang im Ortsmittelpunkt zu schaffen. Vielmehr konnten nach dem \u00fcberlieferten Aberglauben auch die Gesundheit, der Erfolg der Ernte oder gar das \u00dcberleben von Mensch und Tier davon abh\u00e4ngen, ob es gelang, sich die Quellg\u00f6ttin gewogen zu machen. <img loading=\"lazy\" decoding=\"async\" class=\"alignleft wp-image-504\" src=\"http:\/\/rhoenklub-dipperz.de\/wp-content\/uploads\/2017\/02\/CIMG7232-300x225.jpg\" width=\"300\" height=\"225\" srcset=\"https:\/\/rhoenklub-dipperz.de\/wp-content\/uploads\/2017\/02\/CIMG7232-300x225.jpg 300w, https:\/\/rhoenklub-dipperz.de\/wp-content\/uploads\/2017\/02\/CIMG7232-768x576.jpg 768w, https:\/\/rhoenklub-dipperz.de\/wp-content\/uploads\/2017\/02\/CIMG7232-1024x768.jpg 1024w\" sizes=\"auto, (max-width: 300px) 100vw, 300px\" \/>Man darf daher davon ausgehen, dass das Schm\u00fccken von Brunnen und Quellen in der fernen Vergangenheit eine rituelle Handlung war.<\/p>\n<p>Dem Schm\u00fccken des Brunnen ging das Reinigen oder Fegen durch die Burschen des Dorfes voraus \u2013 dem sogenannten Brunnenfegen. In Liebhards in der Rh\u00f6n erfolgt dieser Brauch heute noch; so tr\u00e4gt das Gasthaus vor dem Brunnen den Namen \u201e Zum Brunnenfeger\u201c.<\/p>\n<p>In Dipperz hat der Rh\u00f6nklub im Jahre 2004 den Brauch des Brunnenschm\u00fcckens auf Anregung des damaligen B\u00fcrgermeisters aufgegriffen. Der Dorfbrunnen als Osterbrunnen stellt seit dem allj\u00e4hrlich in der Osterzeit einen wahren Blickfang dar. <img loading=\"lazy\" decoding=\"async\" class=\"aligncenter size-medium wp-image-505\" src=\"http:\/\/rhoenklub-dipperz.de\/wp-content\/uploads\/2017\/02\/CIMG7236-300x225.jpg\" alt=\"\" width=\"300\" height=\"225\" srcset=\"https:\/\/rhoenklub-dipperz.de\/wp-content\/uploads\/2017\/02\/CIMG7236-300x225.jpg 300w, https:\/\/rhoenklub-dipperz.de\/wp-content\/uploads\/2017\/02\/CIMG7236-768x576.jpg 768w, https:\/\/rhoenklub-dipperz.de\/wp-content\/uploads\/2017\/02\/CIMG7236-1024x768.jpg 1024w\" sizes=\"auto, (max-width: 300px) 100vw, 300px\" \/><br \/>\nAllen Mitwirkenden, die es gerne und freudig machen, gilt ein herzliches Danke zu sagen.<\/p>\n<p>Der Rh\u00f6nklub- Zweigverein Dipperz w\u00fcnscht allen Mitb\u00fcrgerinnen und Mitb\u00fcrgern immer ein frohes und gesegnetes Osterfest.<\/p>\n<p>&nbsp;<\/p>\n<p>Text: Bernhard Weber<br \/>\nFotos: Bernhard Weber\/Robert Wingenfeld<\/p>\n","protected":false},"excerpt":{"rendered":"<p>&nbsp;&nbsp;&nbsp;&nbsp;&nbsp;&nbsp;&nbsp;&nbsp;&nbsp;&nbsp;&nbsp;&nbsp;&nbsp;&nbsp;&nbsp;&nbsp;&nbsp;&nbsp;&nbsp;&nbsp;&nbsp;&nbsp;&nbsp;&nbsp;&nbsp;&nbsp;&nbsp;&nbsp;&nbsp;&nbsp;&nbsp;&nbsp;&nbsp;&nbsp;&nbsp; Der Dipperzer Osterbrunnen Im Laufe der Jahrhunderte haben sich um Ostern als dem h\u00f6chsten Fest der Christenheit&nbsp; zahlreiche Br\u00e4uche entwickelt, so u. a. das Herrichten des Osterbrunnen. Seine Wiege ist die Fr\u00e4nkische Schweiz. Das Schm\u00fccken eines Osterbrunnen kam in der Vergangenheit einer heiligen Handlung gleich. Schlie\u00dflich galt es \u2013 nicht wie heute \u2013 nur &hellip; <a href=\"https:\/\/rhoenklub-dipperz.de\/index.php\/dipperzer-osterbrunnen\/\" class=\"more-link\"><span class=\"screen-reader-text\">Dipperzer Osterbrunnen<\/span> weiterlesen <span class=\"meta-nav\">&rarr;<\/span><\/a><\/p>\n","protected":false},"author":2,"featured_media":0,"parent":0,"menu_order":0,"comment_status":"closed","ping_status":"closed","template":"","meta":{"ngg_post_thumbnail":0,"footnotes":""},"class_list":["post-461","page","type-page","status-publish","hentry"],"_links":{"self":[{"href":"https:\/\/rhoenklub-dipperz.de\/index.php\/wp-json\/wp\/v2\/pages\/461","targetHints":{"allow":["GET"]}}],"collection":[{"href":"https:\/\/rhoenklub-dipperz.de\/index.php\/wp-json\/wp\/v2\/pages"}],"about":[{"href":"https:\/\/rhoenklub-dipperz.de\/index.php\/wp-json\/wp\/v2\/types\/page"}],"author":[{"embeddable":true,"href":"https:\/\/rhoenklub-dipperz.de\/index.php\/wp-json\/wp\/v2\/users\/2"}],"replies":[{"embeddable":true,"href":"https:\/\/rhoenklub-dipperz.de\/index.php\/wp-json\/wp\/v2\/comments?post=461"}],"version-history":[{"count":0,"href":"https:\/\/rhoenklub-dipperz.de\/index.php\/wp-json\/wp\/v2\/pages\/461\/revisions"}],"wp:attachment":[{"href":"https:\/\/rhoenklub-dipperz.de\/index.php\/wp-json\/wp\/v2\/media?parent=461"}],"curies":[{"name":"wp","href":"https:\/\/api.w.org\/{rel}","templated":true}]}}