{"id":463,"date":"2017-02-27T18:05:49","date_gmt":"2017-02-27T17:05:49","guid":{"rendered":"http:\/\/rhoenklub-dipperz.de\/?page_id=463"},"modified":"2017-03-02T17:46:28","modified_gmt":"2017-03-02T16:46:28","slug":"hackschnitzelheizung-sieblos","status":"publish","type":"page","link":"https:\/\/rhoenklub-dipperz.de\/index.php\/hackschnitzelheizung-sieblos\/","title":{"rendered":"Hackschnitzelheizung Sieblos"},"content":{"rendered":"<p>Die Wanderung der Seniorinnen und Senioren des Rh\u00f6nklubs im Monat September 2009 f\u00fchrte zu der Hackgutheizungsanlage in Poppenhausen \u2013 Sieblos. Dort befindet sich die erste gemeinsam betriebene Heizung mit Holzhackschnitzeln in der Region. Der Vorsitzende Stefan Gensler erl\u00e4uterte den 23 interessierten Besuchern von der ersten Idee bis zum heutigen Betrieb und beantwortete die zahlreich gestellten Fragen.<img loading=\"lazy\" decoding=\"async\" class=\"aligncenter wp-image-515 size-large\" src=\"http:\/\/rhoenklub-dipperz.de\/wp-content\/uploads\/2017\/02\/Wanderung-Sieblos-Traenkhof-002-am-Traenkhof-25-1-1024x768.jpg\" width=\"474\" height=\"356\" srcset=\"https:\/\/rhoenklub-dipperz.de\/wp-content\/uploads\/2017\/02\/Wanderung-Sieblos-Traenkhof-002-am-Traenkhof-25-1-1024x768.jpg 1024w, https:\/\/rhoenklub-dipperz.de\/wp-content\/uploads\/2017\/02\/Wanderung-Sieblos-Traenkhof-002-am-Traenkhof-25-1-300x225.jpg 300w, https:\/\/rhoenklub-dipperz.de\/wp-content\/uploads\/2017\/02\/Wanderung-Sieblos-Traenkhof-002-am-Traenkhof-25-1-768x576.jpg 768w, https:\/\/rhoenklub-dipperz.de\/wp-content\/uploads\/2017\/02\/Wanderung-Sieblos-Traenkhof-002-am-Traenkhof-25-1.jpg 1600w\" sizes=\"auto, (max-width: 474px) 100vw, 474px\" \/><\/p>\n<p>Die am Ortseingang gelegene Anlage wurde in den Jahren 2006 und 2007 geplant und gebaut. 32 Anwesen \u2013 das sind alle bis auf zwei \u2013 beziehen ihre Heizw\u00e4rme und die Versorgung mit warmem Wasser aus der Einrichtung.<\/p>\n<p>Vorhanden sind drei \u00d6fen mit einer Kapazit\u00e4t von insgesamt 390 kw., <img loading=\"lazy\" decoding=\"async\" class=\"alignright wp-image-516\" src=\"http:\/\/rhoenklub-dipperz.de\/wp-content\/uploads\/2017\/02\/Wanderung-Sieblos-Traenkhof-002-am-Traenkhof-20-1-300x225.jpg\" width=\"300\" height=\"225\" srcset=\"https:\/\/rhoenklub-dipperz.de\/wp-content\/uploads\/2017\/02\/Wanderung-Sieblos-Traenkhof-002-am-Traenkhof-20-1-300x225.jpg 300w, https:\/\/rhoenklub-dipperz.de\/wp-content\/uploads\/2017\/02\/Wanderung-Sieblos-Traenkhof-002-am-Traenkhof-20-1-768x576.jpg 768w, https:\/\/rhoenklub-dipperz.de\/wp-content\/uploads\/2017\/02\/Wanderung-Sieblos-Traenkhof-002-am-Traenkhof-20-1-1024x768.jpg 1024w, https:\/\/rhoenklub-dipperz.de\/wp-content\/uploads\/2017\/02\/Wanderung-Sieblos-Traenkhof-002-am-Traenkhof-20-1.jpg 1600w\" sizes=\"auto, (max-width: 300px) 100vw, 300px\" \/>die je nach dem erforderlichen Energiebedarf automatisch in Betrieb gehen. Das erw\u00e4rmte Wasser befindet sich in 2 gro\u00dfen Pufferspeichern mit einem Fassungsverm\u00f6gen von je 7500 Liter.<\/p>\n<p>Die automatische Befeuerung der Brenn\u00f6fen erfolgt mit vor Ort zerkleinertem Holz, das aus dem 70 ha gro\u00dfen Gemeinschaftswald gewonnen wird. Die dortige Waldgenossenschaft besteht aus 12 Anteilseignern. Das in der Regel ein Jahr abgelagerte Holz ergibt pro Festmeter 2,5 sogenannte Sch\u00fcttraummeter Hackschnitzel. Ein Sch\u00fcttraummeter Buche entspricht ca.100 Liter Heiz\u00f6l. Die Lagerkapazit\u00e4t des Brennmaterials umfasst 700 Kubikmeter.<\/p>\n<p>Jeder der 32 angeschlossenen Grundst\u00fcckseigent\u00fcmer hatte einen einmaligen Anschlussbeitrag von 2.500 \u20ac zu zahlen. Die verbrauchte Energiemenge wird in jedem Anwesen separat auf der Basis einer Kilowattstunde gemessen. Die Kilowattstunde kostet 8 Cent.<\/p>\n<p>Die Gesamtkosten der Anlage betrugen 530.000 \u20ac, die staatlich bezuschusst wurden.<\/p>\n<p>Der Anschluss an diese Gemeinschaftsanlage er\u00fcbrigt die in der Regel vorhandenen privaten Heizanlagen, wie den Heizkessel, die Tankanlagen, die Kosten f\u00fcr den Schornsteinfeger, die j\u00e4hrliche Immissionsmessungen etc.<\/p>\n<p><img loading=\"lazy\" decoding=\"async\" class=\"alignright wp-image-517\" src=\"http:\/\/rhoenklub-dipperz.de\/wp-content\/uploads\/2017\/02\/Wanderung-Sieblos-Traenkhof-002-am-Traenkhof-15-300x225.jpg\" width=\"300\" height=\"225\" srcset=\"https:\/\/rhoenklub-dipperz.de\/wp-content\/uploads\/2017\/02\/Wanderung-Sieblos-Traenkhof-002-am-Traenkhof-15-300x225.jpg 300w, https:\/\/rhoenklub-dipperz.de\/wp-content\/uploads\/2017\/02\/Wanderung-Sieblos-Traenkhof-002-am-Traenkhof-15-768x576.jpg 768w, https:\/\/rhoenklub-dipperz.de\/wp-content\/uploads\/2017\/02\/Wanderung-Sieblos-Traenkhof-002-am-Traenkhof-15-1024x768.jpg 1024w, https:\/\/rhoenklub-dipperz.de\/wp-content\/uploads\/2017\/02\/Wanderung-Sieblos-Traenkhof-002-am-Traenkhof-15.jpg 1600w\" sizes=\"auto, (max-width: 300px) 100vw, 300px\" \/>Die Wanderung von Sieblos zum Tr\u00e4nkhof, wo&nbsp; man sich an einem reichlichen Kuchenbuffet im Hotel \u201eSonnenhof\u201c st\u00e4rken konnte, f\u00fchrte anschlie\u00dfend auf einem Rundweg zur\u00fcck an den Ausgangsort. F\u00fcr eine Reihe der Teilnehmer war auch die schmucke Dorfkirche ein Novum.<\/p>\n<p>&nbsp;<\/p>\n<p>Text und Fotos: Bernhard Weber<\/p>\n","protected":false},"excerpt":{"rendered":"<p>Die Wanderung der Seniorinnen und Senioren des Rh\u00f6nklubs im Monat September 2009 f\u00fchrte zu der Hackgutheizungsanlage in Poppenhausen \u2013 Sieblos. Dort befindet sich die erste gemeinsam betriebene Heizung mit Holzhackschnitzeln in der Region. Der Vorsitzende Stefan Gensler erl\u00e4uterte den 23 interessierten Besuchern von der ersten Idee bis zum heutigen Betrieb und beantwortete die zahlreich gestellten &hellip; <a href=\"https:\/\/rhoenklub-dipperz.de\/index.php\/hackschnitzelheizung-sieblos\/\" class=\"more-link\"><span class=\"screen-reader-text\">Hackschnitzelheizung Sieblos<\/span> weiterlesen <span class=\"meta-nav\">&rarr;<\/span><\/a><\/p>\n","protected":false},"author":2,"featured_media":0,"parent":0,"menu_order":0,"comment_status":"closed","ping_status":"closed","template":"","meta":{"ngg_post_thumbnail":0,"footnotes":""},"class_list":["post-463","page","type-page","status-publish","hentry"],"_links":{"self":[{"href":"https:\/\/rhoenklub-dipperz.de\/index.php\/wp-json\/wp\/v2\/pages\/463","targetHints":{"allow":["GET"]}}],"collection":[{"href":"https:\/\/rhoenklub-dipperz.de\/index.php\/wp-json\/wp\/v2\/pages"}],"about":[{"href":"https:\/\/rhoenklub-dipperz.de\/index.php\/wp-json\/wp\/v2\/types\/page"}],"author":[{"embeddable":true,"href":"https:\/\/rhoenklub-dipperz.de\/index.php\/wp-json\/wp\/v2\/users\/2"}],"replies":[{"embeddable":true,"href":"https:\/\/rhoenklub-dipperz.de\/index.php\/wp-json\/wp\/v2\/comments?post=463"}],"version-history":[{"count":0,"href":"https:\/\/rhoenklub-dipperz.de\/index.php\/wp-json\/wp\/v2\/pages\/463\/revisions"}],"wp:attachment":[{"href":"https:\/\/rhoenklub-dipperz.de\/index.php\/wp-json\/wp\/v2\/media?parent=463"}],"curies":[{"name":"wp","href":"https:\/\/api.w.org\/{rel}","templated":true}]}}