{"id":465,"date":"2017-02-27T18:25:49","date_gmt":"2017-02-27T17:25:49","guid":{"rendered":"http:\/\/rhoenklub-dipperz.de\/?page_id=465"},"modified":"2017-03-02T17:57:18","modified_gmt":"2017-03-02T16:57:18","slug":"zdf-fernsehgarten","status":"publish","type":"page","link":"https:\/\/rhoenklub-dipperz.de\/index.php\/zdf-fernsehgarten\/","title":{"rendered":"ZDF Fernsehgarten"},"content":{"rendered":"<p><strong>&nbsp;&nbsp;&nbsp;&nbsp;&nbsp;&nbsp;&nbsp;&nbsp;&nbsp;&nbsp;&nbsp;&nbsp;&nbsp;&nbsp;&nbsp;&nbsp;&nbsp;&nbsp; Rh\u00f6nklub &#8211; Dipperz&nbsp; im ZDF-Fernsehgarten<\/strong><\/p>\n<p>Hauptziel des Rh\u00f6nklubausfluges am Sonntag, den 28. August, war das Sendezentrum des ZDF in Mainz auf dem Lerchenberg. Ein voll besetzter Bus der Firma Stumpf mit 57 Rh\u00f6nklubfreunden startet um 7.30 Uhr in Dipperz nach Mainz. Die Regie liegt in den H\u00e4nden der 2. Vorsitzenden Heike Diegelmann und der Assistenz von Hubert St\u00fcss. Ein angenehmer Halt auf einem Autobahnrastplatz dient zum <img loading=\"lazy\" decoding=\"async\" class=\"alignleft wp-image-520\" src=\"http:\/\/rhoenklub-dipperz.de\/wp-content\/uploads\/2017\/02\/CIMG7671-300x169.jpg\" width=\"300\" height=\"169\" srcset=\"https:\/\/rhoenklub-dipperz.de\/wp-content\/uploads\/2017\/02\/CIMG7671-300x169.jpg 300w, https:\/\/rhoenklub-dipperz.de\/wp-content\/uploads\/2017\/02\/CIMG7671-768x432.jpg 768w, https:\/\/rhoenklub-dipperz.de\/wp-content\/uploads\/2017\/02\/CIMG7671-1024x576.jpg 1024w\" sizes=\"auto, (max-width: 300px) 100vw, 300px\" \/>Aufbau eines Eins-a-Fr\u00fchst\u00fccks, das praktisch keinen Wunsch offenl\u00e4sst \u2013 nach dem Motto \u201egut gefr\u00fchst\u00fcckt h\u00e4lt den ganzen Tag an.\u201c Rechtzeitig zum Beginn der sonnt\u00e4glichen Unterhaltungssendung des ZDF \u2013 Fernsehgarten, die von 11 bis 13 Uhr live vom Gel\u00e4nde des ZDF-Sendezentrums in Mainz \u2013Lerchenberg \u00fcbertragen wird, haben wir uns dort eingefunden. Unter ca. 3.000 G\u00e4sten verfolgen wir die Sendeshow mit der Moderatorin Andrea Kiwel, dem stets gut gelaunten M\u00e4dchen aus dem Osten. <img loading=\"lazy\" decoding=\"async\" class=\"alignright wp-image-521\" src=\"http:\/\/rhoenklub-dipperz.de\/wp-content\/uploads\/2017\/02\/CIMG7678-300x169.jpg\" width=\"300\" height=\"169\" srcset=\"https:\/\/rhoenklub-dipperz.de\/wp-content\/uploads\/2017\/02\/CIMG7678-300x169.jpg 300w, https:\/\/rhoenklub-dipperz.de\/wp-content\/uploads\/2017\/02\/CIMG7678-768x432.jpg 768w, https:\/\/rhoenklub-dipperz.de\/wp-content\/uploads\/2017\/02\/CIMG7678-1024x576.jpg 1024w\" sizes=\"auto, (max-width: 300px) 100vw, 300px\" \/>Das Programm an diesem Tag ist ein Mix aus Musik und Showauftritten. Musikalische Highlights der Sendung sind die britischen S\u00e4ngerinnen Bonnie Tyler und Kim Wilde, das Volksmusikantenpaar Marianne und Michael, die Schlagerstars Yoy Fleming und Isabell Varell, der amerikanische Souls\u00e4nger Sydney Joungblood und viele andere. Ein Nervenkitzel ist ein Absprung aus einem Hubschrauber in einer H\u00f6he von 400 m. Einige von uns werden auch durch die zahlreichen Aufnahmekameras eingefangen und sind damit auf die Mattscheiben eines Millionenpublikums gelangt. Interessant und spannend ist es einmal unmittelbar mitzuerleben, wie eine Fernsehsendung mit deren vielseitiger Technik und Aufmachung entsteht.<\/p>\n<p>Der n\u00e4chste Ausflugspunkt ist das Niederwalddenkmal oberhalb von R\u00fcdesheim. <img loading=\"lazy\" decoding=\"async\" class=\"aligncenter size-large wp-image-522\" src=\"http:\/\/rhoenklub-dipperz.de\/wp-content\/uploads\/2017\/02\/P1080100-1024x576.jpg\" alt=\"\" width=\"474\" height=\"267\" srcset=\"https:\/\/rhoenklub-dipperz.de\/wp-content\/uploads\/2017\/02\/P1080100-1024x576.jpg 1024w, https:\/\/rhoenklub-dipperz.de\/wp-content\/uploads\/2017\/02\/P1080100-300x169.jpg 300w, https:\/\/rhoenklub-dipperz.de\/wp-content\/uploads\/2017\/02\/P1080100-768x432.jpg 768w\" sizes=\"auto, (max-width: 474px) 100vw, 474px\" \/>F\u00fcr die leider einger\u00fcstete und verh\u00fcllte Germania werden wir mit einem herrlichen Blick \u00fcber die Weinh\u00e4nge hinunter auf den gr\u00f6\u00dften deutschen Strom entsch\u00e4digt &#8211; auch eine ideale Gelegenheit f\u00fcr ein Gruppenfoto. Das Denkmal soll an den Sieg Deutschlands \u00fcber Frankreich im Jahre 1870\/1871 und die daraus resultierende Gr\u00fcndung des Deutschen Kaiserreichs erinnern. Es ist 38 m hoch.<\/p>\n<p>Was w\u00e4re ein Ausflug an den Vater Rhein ohne eine Dampferfahrt in seinem sch\u00f6nsten und romantischsten Teil mit seinen hochrangigen Baudenkm\u00e4lern, den rebenbesetzten H\u00e4ngen, seinen auf schmalen Uferleisten zusammengedr\u00e4ngten Orten und den auf Fels vorspringenden Burgen und Schl\u00f6ssern. Die Fahrt ist ein wahrer Genuss und eine Gelegenheit, den Alltag bei einem Gl\u00e4schen Wein oder einem K\u00e4nnchen Kaffee einmal hinter sich zu lassen.<\/p>\n<p>R\u00fcdesheim als Ab- und Anlegestelle unserer Schifffahrt mit seiner weltber\u00fchmten 144 m langen Drosselgasse l\u00e4dt anschlie\u00dfend zu einem Bummel ein. Hier genie\u00dfen einige den frischen Federweisen, bevor man sich gegen 18 Uhr am Bus zum Antritt der Heimreise&nbsp; versammelt. Damit niemand hungrig nach Hause kommt, wird zuvor noch einmal das Buffet er\u00f6ffnet und das vom Morgen reichlich \u00fcbrig Gebliebene verzehrt. So ist ein interessanter und unvergesslicher und gemeinschaftstiftender Ausflugstag zu Ende gegangen.<\/p>\n<p>&nbsp;<\/p>\n<p>Text: Bernhard Weber<br \/>\nFotos: Andrea Goldbach<\/p>\n","protected":false},"excerpt":{"rendered":"<p>&nbsp;&nbsp;&nbsp;&nbsp;&nbsp;&nbsp;&nbsp;&nbsp;&nbsp;&nbsp;&nbsp;&nbsp;&nbsp;&nbsp;&nbsp;&nbsp;&nbsp;&nbsp; Rh\u00f6nklub &#8211; Dipperz&nbsp; im ZDF-Fernsehgarten Hauptziel des Rh\u00f6nklubausfluges am Sonntag, den 28. August, war das Sendezentrum des ZDF in Mainz auf dem Lerchenberg. Ein voll besetzter Bus der Firma Stumpf mit 57 Rh\u00f6nklubfreunden startet um 7.30 Uhr in Dipperz nach Mainz. Die Regie liegt in den H\u00e4nden der 2. Vorsitzenden Heike Diegelmann und der &hellip; <a href=\"https:\/\/rhoenklub-dipperz.de\/index.php\/zdf-fernsehgarten\/\" class=\"more-link\"><span class=\"screen-reader-text\">ZDF Fernsehgarten<\/span> weiterlesen <span class=\"meta-nav\">&rarr;<\/span><\/a><\/p>\n","protected":false},"author":2,"featured_media":0,"parent":0,"menu_order":0,"comment_status":"closed","ping_status":"closed","template":"","meta":{"ngg_post_thumbnail":0,"footnotes":""},"class_list":["post-465","page","type-page","status-publish","hentry"],"_links":{"self":[{"href":"https:\/\/rhoenklub-dipperz.de\/index.php\/wp-json\/wp\/v2\/pages\/465","targetHints":{"allow":["GET"]}}],"collection":[{"href":"https:\/\/rhoenklub-dipperz.de\/index.php\/wp-json\/wp\/v2\/pages"}],"about":[{"href":"https:\/\/rhoenklub-dipperz.de\/index.php\/wp-json\/wp\/v2\/types\/page"}],"author":[{"embeddable":true,"href":"https:\/\/rhoenklub-dipperz.de\/index.php\/wp-json\/wp\/v2\/users\/2"}],"replies":[{"embeddable":true,"href":"https:\/\/rhoenklub-dipperz.de\/index.php\/wp-json\/wp\/v2\/comments?post=465"}],"version-history":[{"count":0,"href":"https:\/\/rhoenklub-dipperz.de\/index.php\/wp-json\/wp\/v2\/pages\/465\/revisions"}],"wp:attachment":[{"href":"https:\/\/rhoenklub-dipperz.de\/index.php\/wp-json\/wp\/v2\/media?parent=465"}],"curies":[{"name":"wp","href":"https:\/\/api.w.org\/{rel}","templated":true}]}}