{"id":469,"date":"2017-02-28T16:44:06","date_gmt":"2017-02-28T15:44:06","guid":{"rendered":"http:\/\/rhoenklub-dipperz.de\/?page_id=469"},"modified":"2017-03-02T12:52:50","modified_gmt":"2017-03-02T11:52:50","slug":"stadtpfarrkirche-fulda","status":"publish","type":"page","link":"https:\/\/rhoenklub-dipperz.de\/index.php\/stadtpfarrkirche-fulda\/","title":{"rendered":"Stadtpfarrkirche Fulda"},"content":{"rendered":"<p><strong>&nbsp;&nbsp;&nbsp;&nbsp;&nbsp;&nbsp;&nbsp;&nbsp;&nbsp;&nbsp;&nbsp;&nbsp;&nbsp;&nbsp; In den T\u00fcrmen der Stadtpfarrkirche von Fulda<\/strong><\/p>\n<p>Im Mittelpunkt der Seniorenwanderung im November 2012 stand die Besteigung und Besichtigung der T\u00fcrme der Stadtpfarrkirche von Fulda. Eine stattliche Anzahl von 28 Teilnehmern interessierte sich f\u00fcr die F\u00fchrung des Kirchenteils, der allgemein nicht zug\u00e4nglich ist.<\/p>\n<p>Waldemar Eckert f\u00fchrte die Gruppe anschaulich erl\u00e4uternd auf endlosen Stiegen bis hinauf auf die Au\u00dfenplattform, von der aus sich ein herrlicher Rundblick \u00fcber die D\u00e4cher der Stadt und die Umgebung Richtung Rh\u00f6n und Vogelsberg bot. Der Eingang ist im Nordturm links seitlich des Haupteingangs gelegen, von dem es erstaunlicher Weise zun\u00e4chst einige Stufen hinunter geht, wo die L\u00f6schwasserversorgungsleitung sich befindet.<\/p>\n<p>ngg_shortcode_0_placeholderEtwas zur Kirchbaugeschichte: Der heutige Bau wurde von 1771 bis 1786 im sp\u00e4t barocken Stil erbaut, der sich in seiner Schlichtheit deutlich vom s\u00fcddeutschen Barock abhebt. An der gleichen Stelle wurde im 10. Jahrhundert im Dorf die erste Kirche errichtet, das in der Nachbarschaft des Klosters \u2013 dem heutigen Dombezirk \u2013 entstanden war. 1103 wurden Kirche und Ort von einer im Mittelalter heftigen Brandkatastrophe getroffen. In&nbsp; dem folgenden Jahr entstand ein Um- oder Neubau der Kirche im romanischen Stil. 1477 wurde mit dem Bau einer neuen Kirche im gotischen Stil begonnen, deren Westturm bis heute erhalten ist und dem im unteren Teil eine Barockfasse vorgesetzt wurde. Beeindruckend ist darin das m\u00e4chtige Glockengel\u00e4ut &#8211; bestehend aus 6 Glocken &#8211; die an einem gewaltigen Stahltr\u00e4gerger\u00fcst h\u00e4ngen. Die kleinste Glocke, die sog. Ave- oder Verirrtenglocke, stammt noch aus dem 14. Jahrhundert. Die gr\u00f6\u00dfte ist die m\u00e4chtige Erl\u00f6serglocke mit einem Gewicht von 4.600 kg.<\/p>\n<p>In dem aus der Barockzeit stammenden S\u00fcdturm war es besonders interessant, die ehemalige und restaurierte T\u00fcrmerwohnung, die sich \u00fcber 2 Etagen erstreckte, zu besichtigen. Die Wohnung war noch bis 1954 von der Enkelin des letzten T\u00fcrmers Josef Sch\u00e4fer bewohnt. Dessen Hauptaufgabe bestand darin, die Bev\u00f6lkerung vor Gefahren, z.B. Br\u00e4nden, zu warnen sowie der regelm\u00e4\u00dfige K\u00fcsterdienst. Er war Bediensteter der Stadt. Weil das Einkommen aus diesen T\u00e4tigkeiten zu gering war, \u00fcbte er noch das Schusterhandwerk aus. Seine daf\u00fcr ben\u00f6tigten Werkzeuge sind neben noch einzelnen Wohnungsgegenst\u00e4nden ausgestellt. Zu seiner Gro\u00dffamilie geh\u00f6rten 10 Kinder sowie die Oma und eine Tante. Sie alle hatten ihre Behausung in luftiger H\u00f6he \u00fcber den D\u00e4chern der Stadt, das seine Eigenheit besa\u00df &nbsp;und einer besonderen Organisation f\u00fcr den Tagesablauf bedurfte.<\/p>\n<p>F\u00fcr alle war es ein nicht allt\u00e4gliches Erlebnis und d\u00fcrfte bei einem Besuch der Stadt und einem Anblick der T\u00fcrme vielleicht das eine oder andere mal eine Erinnerung daran wecken.<\/p>\n<p>&nbsp;<\/p>\n<p>Text und Fotos: Bernhard Weber<\/p>\n","protected":false},"excerpt":{"rendered":"<p>&nbsp;&nbsp;&nbsp;&nbsp;&nbsp;&nbsp;&nbsp;&nbsp;&nbsp;&nbsp;&nbsp;&nbsp;&nbsp;&nbsp; In den T\u00fcrmen der Stadtpfarrkirche von Fulda Im Mittelpunkt der Seniorenwanderung im November 2012 stand die Besteigung und Besichtigung der T\u00fcrme der Stadtpfarrkirche von Fulda. Eine stattliche Anzahl von 28 Teilnehmern interessierte sich f\u00fcr die F\u00fchrung des Kirchenteils, der allgemein nicht zug\u00e4nglich ist. Waldemar Eckert f\u00fchrte die Gruppe anschaulich erl\u00e4uternd auf endlosen Stiegen bis &hellip; <a href=\"https:\/\/rhoenklub-dipperz.de\/index.php\/stadtpfarrkirche-fulda\/\" class=\"more-link\"><span class=\"screen-reader-text\">Stadtpfarrkirche Fulda<\/span> weiterlesen <span class=\"meta-nav\">&rarr;<\/span><\/a><\/p>\n","protected":false},"author":2,"featured_media":0,"parent":0,"menu_order":0,"comment_status":"closed","ping_status":"closed","template":"","meta":{"ngg_post_thumbnail":0,"footnotes":""},"class_list":["post-469","page","type-page","status-publish","hentry"],"_links":{"self":[{"href":"https:\/\/rhoenklub-dipperz.de\/index.php\/wp-json\/wp\/v2\/pages\/469","targetHints":{"allow":["GET"]}}],"collection":[{"href":"https:\/\/rhoenklub-dipperz.de\/index.php\/wp-json\/wp\/v2\/pages"}],"about":[{"href":"https:\/\/rhoenklub-dipperz.de\/index.php\/wp-json\/wp\/v2\/types\/page"}],"author":[{"embeddable":true,"href":"https:\/\/rhoenklub-dipperz.de\/index.php\/wp-json\/wp\/v2\/users\/2"}],"replies":[{"embeddable":true,"href":"https:\/\/rhoenklub-dipperz.de\/index.php\/wp-json\/wp\/v2\/comments?post=469"}],"version-history":[{"count":0,"href":"https:\/\/rhoenklub-dipperz.de\/index.php\/wp-json\/wp\/v2\/pages\/469\/revisions"}],"wp:attachment":[{"href":"https:\/\/rhoenklub-dipperz.de\/index.php\/wp-json\/wp\/v2\/media?parent=469"}],"curies":[{"name":"wp","href":"https:\/\/api.w.org\/{rel}","templated":true}]}}