{"id":471,"date":"2017-09-19T18:33:46","date_gmt":"2017-09-19T16:33:46","guid":{"rendered":"http:\/\/rhoenklub-dipperz.de\/?page_id=471"},"modified":"2017-09-19T18:33:46","modified_gmt":"2017-09-19T16:33:46","slug":"deutscher-wandertag-in-eisennach","status":"publish","type":"page","link":"https:\/\/rhoenklub-dipperz.de\/index.php\/deutscher-wandertag-in-eisennach\/","title":{"rendered":"Deutscher Wandertag 2017 in Eisenach"},"content":{"rendered":"<p>Der Rh\u00f6nklub-Zweigverein Dipperz war beim diesj\u00e4hrigen Deutschen Wandertag in der Wartburgstadt Eisenach mit einer Gruppe vertreten.<img loading=\"lazy\" decoding=\"async\" class=\"aligncenter wp-image-898\" src=\"http:\/\/rhoenklub-dipperz.de\/wp-content\/uploads\/2017\/09\/P1010224-2-300x270.jpg\" alt=\"\" width=\"378\" height=\"340\" srcset=\"https:\/\/rhoenklub-dipperz.de\/wp-content\/uploads\/2017\/09\/P1010224-2-300x270.jpg 300w, https:\/\/rhoenklub-dipperz.de\/wp-content\/uploads\/2017\/09\/P1010224-2-768x692.jpg 768w, https:\/\/rhoenklub-dipperz.de\/wp-content\/uploads\/2017\/09\/P1010224-2-1024x922.jpg 1024w, https:\/\/rhoenklub-dipperz.de\/wp-content\/uploads\/2017\/09\/P1010224-2.jpg 1928w\" sizes=\"auto, (max-width: 378px) 100vw, 378px\" \/><br \/>\nTraditionell am Sonntag verwandelt sich der Austragungsort in die Hauptstadt der Wanderwelt. Mit mehr als 90 Vereinen nahmen die Wanderfreunde&nbsp; am Festumzug teil, der sich als ein buntes Feuerwerk pr\u00e4sentierte. &#8222;Frisch auf&#8220; schallte es aus allen Wanderkehlen.<\/p>\n<p>Am Karlsplatz begr\u00fc\u00dfte der Vorstand des deutschen Wanderverbandes tausende von Teilnehmern aus allen deutschen Landen. Angef\u00fchrt wurde der Umzug vom Fanfarenzug aus Eisenach. F\u00fcr musikalische Hotspots sorgten au\u00dferdem die Brandenburg-Musikanten, die Musiker aus Ilmenau oder der Spielmannszug Bad Langensalza. Den Abschluss bildete traditionell der gastgebende Rennsteigverein, begleitet vom Musikverein Kammerforst. Die bunten Trachten, Fahnen und Wimpel ergaben ein farbenfrohes Bild. Wir erlebten einen wunderbaren Tag, der in Erinnerung bleiben wird.<br \/>\nZum Schluss sei ein Dank an die evangelische Kirchengemeinde gerichtet, die ihren Bus f\u00fcr die Fahrt zur Verf\u00fcgung stellte.<\/p>\n","protected":false},"excerpt":{"rendered":"<p>Der Rh\u00f6nklub-Zweigverein Dipperz war beim diesj\u00e4hrigen Deutschen Wandertag in der Wartburgstadt Eisenach mit einer Gruppe vertreten. Traditionell am Sonntag verwandelt sich der Austragungsort in die Hauptstadt der Wanderwelt. Mit mehr als 90 Vereinen nahmen die Wanderfreunde&nbsp; am Festumzug teil, der sich als ein buntes Feuerwerk pr\u00e4sentierte. &#8222;Frisch auf&#8220; schallte es aus allen Wanderkehlen. Am Karlsplatz &hellip; <a href=\"https:\/\/rhoenklub-dipperz.de\/index.php\/deutscher-wandertag-in-eisennach\/\" class=\"more-link\"><span class=\"screen-reader-text\">Deutscher Wandertag 2017 in Eisenach<\/span> weiterlesen <span class=\"meta-nav\">&rarr;<\/span><\/a><\/p>\n","protected":false},"author":2,"featured_media":0,"parent":0,"menu_order":0,"comment_status":"closed","ping_status":"closed","template":"","meta":{"ngg_post_thumbnail":0,"footnotes":""},"class_list":["post-471","page","type-page","status-publish","hentry"],"_links":{"self":[{"href":"https:\/\/rhoenklub-dipperz.de\/index.php\/wp-json\/wp\/v2\/pages\/471","targetHints":{"allow":["GET"]}}],"collection":[{"href":"https:\/\/rhoenklub-dipperz.de\/index.php\/wp-json\/wp\/v2\/pages"}],"about":[{"href":"https:\/\/rhoenklub-dipperz.de\/index.php\/wp-json\/wp\/v2\/types\/page"}],"author":[{"embeddable":true,"href":"https:\/\/rhoenklub-dipperz.de\/index.php\/wp-json\/wp\/v2\/users\/2"}],"replies":[{"embeddable":true,"href":"https:\/\/rhoenklub-dipperz.de\/index.php\/wp-json\/wp\/v2\/comments?post=471"}],"version-history":[{"count":0,"href":"https:\/\/rhoenklub-dipperz.de\/index.php\/wp-json\/wp\/v2\/pages\/471\/revisions"}],"wp:attachment":[{"href":"https:\/\/rhoenklub-dipperz.de\/index.php\/wp-json\/wp\/v2\/media?parent=471"}],"curies":[{"name":"wp","href":"https:\/\/api.w.org\/{rel}","templated":true}]}}