{"id":473,"date":"2017-02-27T16:36:24","date_gmt":"2017-02-27T15:36:24","guid":{"rendered":"http:\/\/rhoenklub-dipperz.de\/?page_id=473"},"modified":"2017-03-02T17:39:15","modified_gmt":"2017-03-02T16:39:15","slug":"fischzucht-gross","status":"publish","type":"page","link":"https:\/\/rhoenklub-dipperz.de\/index.php\/fischzucht-gross\/","title":{"rendered":"Fischzucht Gro\u00df"},"content":{"rendered":"<p>Die Skala des Thermometers am Donnerstag, den 13. August,&nbsp; zeigt 30 Grad an, als sich 13 Rh\u00f6nklubfreunde zur Wanderung aufmachen. Gott sei Dank verl\u00e4uft der weit \u00fcberwiegende Teil der Strecke im ertr\u00e4glichen Schatten im idyllischen oberen Fuldatal, durch das ein k\u00fchlendes L\u00fcftchen zieht. Ausgangspunkt des Weges ist der Stadtteil Altenfeld&nbsp; bis vor die Tore des Rh\u00f6nst\u00e4dtchens Gersfeld zum Fischzuchtbetrieb Gro\u00df, bei dem wir zu einer F\u00fchrung angemeldet sind.<\/p>\n<p>Dort empf\u00e4ngt man uns sehr gastfreundlich und bietet der Witterung geschuldet zun\u00e4chst ein k\u00fchles Getr\u00e4nk an. Herr Kre\u00df&nbsp; von der Belegschaft, die zur Zeit 17 Personen umfasst, gibt zun\u00e4chst einen kurzen historischen Einblick in den Betrieb, der 1882 von einem Eligeus Gro\u00df aus Dietershausen gegr\u00fcndet wurde, sp\u00e4ter bekannt unter der Bezeichnung &#8222;Fischzucht Rh\u00f6nforelle&#8220;. Bachforellen seien damals eine exklusive K\u00f6stlichkeit gewesen, die in&nbsp; sogenannten Sch\u00fcttelf\u00e4sern aus der Haune und&nbsp; sp\u00e4ter aus den angelegten Teichen zwischen Friesenhausen und Dietershausen&nbsp; zur Anlage in Dietershausen transportiert wurden. Sp\u00e4ter siedelte man an die wasserreichere &nbsp;Fulda,&nbsp; zu dem heutigen Gersfelder Standort. <img loading=\"lazy\" decoding=\"async\" class=\"alignleft wp-image-492\" src=\"http:\/\/rhoenklub-dipperz.de\/wp-content\/uploads\/2017\/02\/Fischzucht-Gross-300x200.jpg\" width=\"300\" height=\"200\" srcset=\"https:\/\/rhoenklub-dipperz.de\/wp-content\/uploads\/2017\/02\/Fischzucht-Gross-300x200.jpg 300w, https:\/\/rhoenklub-dipperz.de\/wp-content\/uploads\/2017\/02\/Fischzucht-Gross-768x513.jpg 768w, https:\/\/rhoenklub-dipperz.de\/wp-content\/uploads\/2017\/02\/Fischzucht-Gross-1024x683.jpg 1024w\" sizes=\"auto, (max-width: 300px) 100vw, 300px\" \/>Er wird zur Zeit in der vierten Generation gef\u00fchrt. Der Schwerpunkt des Betriebes liegt in der Aufzucht, dem Handel und Vertrieb von lebenden Besatzfischen , das hei\u00dft den Verkauf&nbsp; zur Weiterzucht zum Beispiel an Angelvereine oder Fischbetriebe.<\/p>\n<p>Es schlie\u00dft sich eine Rundgang um die Teiche und die zahlreichen Becken mit den verschieden Fischarten an. Wesentlicher Betriebszweig ist die Zucht von St\u00f6ren. Es werden derzeit f\u00fcnf verschiedene Arten vermehrt, darunter der seltene &#8222;Beluga-St\u00f6r&#8220;, wie er in Russland genannt wird. Die Tiere werden des Kaviars und ihres wohlschmeckenden Fleisches wegen gez\u00fcchtet.<\/p>\n<p>Am Ende des interessanten und informativen &nbsp;Rundganges durch den Betrieb, einschlie\u00dflich des Schlachthauses und der R\u00e4ucheranlage, gibt es eine reichliche und wohlschmeckende &nbsp;Kostprobe in Form von ger\u00e4ucherten Fischh\u00e4ppchen u. a. auch vom St\u00f6r; der Nachtisch mit verschiedenen Kuchen rundet den Imbiss ab. Reichlich gest\u00e4rkt f\u00e4llt der R\u00fcckweg nach Altenfeld &#8211; zumal es talabw\u00e4rts geht &#8211; nicht schwer. Alles in allem war es eine informative und interessante Wanderung.<\/p>\n<figure id=\"attachment_490\" aria-describedby=\"caption-attachment-490\" style=\"width: 200px\" class=\"wp-caption alignleft\"><img loading=\"lazy\" decoding=\"async\" class=\"wp-image-490\" src=\"http:\/\/rhoenklub-dipperz.de\/wp-content\/uploads\/2017\/02\/P8130141-150x150.jpg\" width=\"200\" height=\"133\" srcset=\"https:\/\/rhoenklub-dipperz.de\/wp-content\/uploads\/2017\/02\/P8130141-300x200.jpg 300w, https:\/\/rhoenklub-dipperz.de\/wp-content\/uploads\/2017\/02\/P8130141-768x513.jpg 768w, https:\/\/rhoenklub-dipperz.de\/wp-content\/uploads\/2017\/02\/P8130141-1024x683.jpg 1024w\" sizes=\"auto, (max-width: 200px) 100vw, 200px\" \/><figcaption id=\"caption-attachment-490\" class=\"wp-caption-text\">St\u00f6r<\/figcaption><\/figure>\n<figure id=\"attachment_494\" aria-describedby=\"caption-attachment-494\" style=\"width: 200px\" class=\"wp-caption alignright\"><img loading=\"lazy\" decoding=\"async\" class=\"wp-image-494\" src=\"http:\/\/rhoenklub-dipperz.de\/wp-content\/uploads\/2017\/02\/P8130129-150x150.jpg\" width=\"200\" height=\"133\" srcset=\"https:\/\/rhoenklub-dipperz.de\/wp-content\/uploads\/2017\/02\/P8130129-300x200.jpg 300w, https:\/\/rhoenklub-dipperz.de\/wp-content\/uploads\/2017\/02\/P8130129-768x513.jpg 768w, https:\/\/rhoenklub-dipperz.de\/wp-content\/uploads\/2017\/02\/P8130129-1024x683.jpg 1024w\" sizes=\"auto, (max-width: 200px) 100vw, 200px\" \/><figcaption id=\"caption-attachment-494\" class=\"wp-caption-text\">ger\u00e4ucherte Forelle<\/figcaption><\/figure>\n<p>&nbsp;<\/p>\n<p>&nbsp;<\/p>\n<p>&nbsp;<\/p>\n<p>&nbsp;<\/p>\n<p>&nbsp;<\/p>\n<p>Die&nbsp; Fotos zeigen einen St\u00f6r und die goldgelb ger\u00e4ucherten Forellen.<\/p>\n<p>Text: Bernhard Weber<br \/>\nFotos: Angela W\u00fcnnenberg<\/p>\n","protected":false},"excerpt":{"rendered":"<p>Die Skala des Thermometers am Donnerstag, den 13. August,&nbsp; zeigt 30 Grad an, als sich 13 Rh\u00f6nklubfreunde zur Wanderung aufmachen. Gott sei Dank verl\u00e4uft der weit \u00fcberwiegende Teil der Strecke im ertr\u00e4glichen Schatten im idyllischen oberen Fuldatal, durch das ein k\u00fchlendes L\u00fcftchen zieht. Ausgangspunkt des Weges ist der Stadtteil Altenfeld&nbsp; bis vor die Tore des &hellip; <a href=\"https:\/\/rhoenklub-dipperz.de\/index.php\/fischzucht-gross\/\" class=\"more-link\"><span class=\"screen-reader-text\">Fischzucht Gro\u00df<\/span> weiterlesen <span class=\"meta-nav\">&rarr;<\/span><\/a><\/p>\n","protected":false},"author":2,"featured_media":0,"parent":0,"menu_order":0,"comment_status":"closed","ping_status":"closed","template":"","meta":{"ngg_post_thumbnail":0,"footnotes":""},"class_list":["post-473","page","type-page","status-publish","hentry"],"_links":{"self":[{"href":"https:\/\/rhoenklub-dipperz.de\/index.php\/wp-json\/wp\/v2\/pages\/473","targetHints":{"allow":["GET"]}}],"collection":[{"href":"https:\/\/rhoenklub-dipperz.de\/index.php\/wp-json\/wp\/v2\/pages"}],"about":[{"href":"https:\/\/rhoenklub-dipperz.de\/index.php\/wp-json\/wp\/v2\/types\/page"}],"author":[{"embeddable":true,"href":"https:\/\/rhoenklub-dipperz.de\/index.php\/wp-json\/wp\/v2\/users\/2"}],"replies":[{"embeddable":true,"href":"https:\/\/rhoenklub-dipperz.de\/index.php\/wp-json\/wp\/v2\/comments?post=473"}],"version-history":[{"count":0,"href":"https:\/\/rhoenklub-dipperz.de\/index.php\/wp-json\/wp\/v2\/pages\/473\/revisions"}],"wp:attachment":[{"href":"https:\/\/rhoenklub-dipperz.de\/index.php\/wp-json\/wp\/v2\/media?parent=473"}],"curies":[{"name":"wp","href":"https:\/\/api.w.org\/{rel}","templated":true}]}}