{"id":475,"date":"2017-02-27T17:00:21","date_gmt":"2017-02-27T16:00:21","guid":{"rendered":"http:\/\/rhoenklub-dipperz.de\/?page_id=475"},"modified":"2017-03-02T17:50:14","modified_gmt":"2017-03-02T16:50:14","slug":"kulturfahrt-hammelburg","status":"publish","type":"page","link":"https:\/\/rhoenklub-dipperz.de\/index.php\/kulturfahrt-hammelburg\/","title":{"rendered":"Kulturfahrt Hammelburg"},"content":{"rendered":"<p><strong>&nbsp;&nbsp;&nbsp;&nbsp;&nbsp;&nbsp;&nbsp;&nbsp;&nbsp;&nbsp;&nbsp;&nbsp;&nbsp;&nbsp;&nbsp; Hammelburg &#8211; der \u00e4ltesten Weinstadt Frankens<\/strong><\/p>\n<p>Eine Kulturfahrt f\u00fchrte am Sonntag, den 18. Oktober, den Rh\u00f6nklub nach Hammelburg als der \u00e4ltesten Weinstadt Frankens. Unmittelbar nach Ankunft fand die Besichtigung des Stadtmuseums Herrenm\u00fchle statt. Zun\u00e4chst werden wir mit einem Schoppen Wein durch zwei nette Damen, die anschlie\u00dfend fachkundig durch das Museum f\u00fchren, begr\u00fc\u00dft. Da die damaligen Ratsherren die Getreidem\u00fchle der Hammelburger B\u00fcrger beaufsichtigten, wurde sie &#8222;Herrenm\u00fchle&#8220; genannt. <img loading=\"lazy\" decoding=\"async\" class=\"alignright wp-image-497\" src=\"http:\/\/rhoenklub-dipperz.de\/wp-content\/uploads\/2017\/02\/PA180267-300x200.jpg\" width=\"300\" height=\"200\" srcset=\"https:\/\/rhoenklub-dipperz.de\/wp-content\/uploads\/2017\/02\/PA180267-300x200.jpg 300w, https:\/\/rhoenklub-dipperz.de\/wp-content\/uploads\/2017\/02\/PA180267-768x513.jpg 768w, https:\/\/rhoenklub-dipperz.de\/wp-content\/uploads\/2017\/02\/PA180267-1024x683.jpg 1024w\" sizes=\"auto, (max-width: 300px) 100vw, 300px\" \/>Das heutige Aussehen mit der sch\u00f6nen Fassade erhielt das Geb\u00e4ude um 1700. Nach der umfassenden Sanierung der M\u00fchle steht dem Museum in drei Geschossen eine beachtliche Ausstellungsfl\u00e4che zur Verf\u00fcgung. Die Thematik &#8222;Brot und Wein&#8220; erschlie\u00dft uns beim Rundgang. Das Erdgeschoss widmet sich der \u00fcber 1200j\u00e4hrigen Geschichte des Weinbaues in Hammelburg. Ein naturgetreu nachgebauter Weinberg mit den zugeh\u00f6rigen Ger\u00e4tschaften verdeutlicht die m\u00fchsame Arbeit bis in unser Jahrhundert hinein. Ein Weinkeller gibt einen Einblick in die &#8222;Kellerwirtschaft&#8220; und angrenzende Bereiche, wie B\u00fcttnerei und Schnapsbrennerei. Die beiden Obergeschosse befassen&nbsp; sich mit dem Thema &#8222;Brot&#8220;. Hier kann nachvollzogen werden, wie Brot entsteht. Beginnend mit den vielf\u00e4ltigen Arbeiten am Getreide &#8211; von der Aussat bis zur Ernte -, \u00fcber Dreschmethoden in fr\u00fchere Zeit, bis hin zur Anlieferung in der M\u00fchle. In weiteren R\u00e4umen sind die Bereiche &#8222;Geschichte der M\u00fchlen im Saaletal&#8220;, sowie &#8222;Leben und Arbeiten in der M\u00fchle&#8220; dargestellt. Hier erfahren wir etwas \u00fcber die Stellung des M\u00fcllers, \u00fcber die Rolle der Frau und des Gesindes in der M\u00fchle aber auch \u00fcber die geschichtliche Entwicklung der M\u00fchlentechnik. Auch die Ger\u00e4tschaften zur Teigbereitung und zum Brotbacken sind ausgestellt. Die letzte Abteilung widmet sich dem Thema &#8222;Brot und&nbsp; Wein in Religion und Brauchtum&#8220;. Zu sehen ist u. a. ein wertvoller Kelch aus der Zeit um 1720.<\/p>\n<p>Durch die zeitgem\u00e4\u00dfe, moderne Pr\u00e4sentation wurde der Museumsbesuch unter fachkundiger F\u00fchrung zu einem lehrreichen und unterhaltsamen Erlebnis.<\/p>\n<p><img loading=\"lazy\" decoding=\"async\" class=\"alignleft wp-image-498\" src=\"http:\/\/rhoenklub-dipperz.de\/wp-content\/uploads\/2017\/02\/PA180261-e1488210920842-200x300.jpg\" width=\"200\" height=\"300\" srcset=\"https:\/\/rhoenklub-dipperz.de\/wp-content\/uploads\/2017\/02\/PA180261-e1488210920842-200x300.jpg 200w, https:\/\/rhoenklub-dipperz.de\/wp-content\/uploads\/2017\/02\/PA180261-e1488210920842-768x1151.jpg 768w, https:\/\/rhoenklub-dipperz.de\/wp-content\/uploads\/2017\/02\/PA180261-e1488210920842-683x1024.jpg 683w\" sizes=\"auto, (max-width: 200px) 100vw, 200px\" \/>Im Anschluss daran beginnt der 2. Teil, die Wanderung hinauf durch die Hammelburger Weinberge. Auf der H\u00f6he des &#8222;Hammelberges&#8220; angekommen, er\u00f6ffnet sich ein weiter Blick \u00fcber das fr\u00e4nkische Saaletal und die vor den Toren Hammelburgs stationierte &#8222;Erdfunkstation&#8220; mit den gro\u00dfen Radarschirmen. Am Wegesrand entdecken wir im Wald die sogenannten &#8222;Geheimnisvollen Figuren von Hammelburg&#8220;. Ideen reihen sich an Ideen, Geschichte an Ger\u00fcchte. Doch eine Antwort woher die zentnerschweren &nbsp;Figuren aus Beton stammen und was sie uns sagen m\u00f6gen, kennt man bis heute nicht. Amalberga, der Philosoph und die T\u00e4nzerin mit ihrem Kind werden sie genannt.<\/p>\n<p>Nach einer erlebnisreichen Wanderung<img loading=\"lazy\" decoding=\"async\" class=\"alignright wp-image-499\" src=\"http:\/\/rhoenklub-dipperz.de\/wp-content\/uploads\/2017\/02\/Hammelburg180219-e1488210971879-200x300.jpg\" width=\"200\" height=\"300\" srcset=\"https:\/\/rhoenklub-dipperz.de\/wp-content\/uploads\/2017\/02\/Hammelburg180219-e1488210971879-200x300.jpg 200w, https:\/\/rhoenklub-dipperz.de\/wp-content\/uploads\/2017\/02\/Hammelburg180219-e1488210971879-768x1151.jpg 768w, https:\/\/rhoenklub-dipperz.de\/wp-content\/uploads\/2017\/02\/Hammelburg180219-e1488210971879-683x1024.jpg 683w\" sizes=\"auto, (max-width: 200px) 100vw, 200px\" \/> von zweieinhalb Stunden erreichen wir die Ortschaft Feuerthal. In dem dortigen Gasthaus stillen wir unseren inzwischen eingestellten Hunger&nbsp; aus der f\u00fcr reichlich und herzhaft bekannten fr\u00e4nkische K\u00fcche. Bei einem oder auch mehr Schoppen fr\u00e4nkischem Wein und guten Gespr\u00e4chen klingt die Kulturfahrt ins ehemalige zum Hochstift Fulda geh\u00f6rige Hammelburg aus.<\/p>\n<p>&nbsp;<\/p>\n<p>Text und Fotos: Bernhard Weber<\/p>\n","protected":false},"excerpt":{"rendered":"<p>&nbsp;&nbsp;&nbsp;&nbsp;&nbsp;&nbsp;&nbsp;&nbsp;&nbsp;&nbsp;&nbsp;&nbsp;&nbsp;&nbsp;&nbsp; Hammelburg &#8211; der \u00e4ltesten Weinstadt Frankens Eine Kulturfahrt f\u00fchrte am Sonntag, den 18. Oktober, den Rh\u00f6nklub nach Hammelburg als der \u00e4ltesten Weinstadt Frankens. Unmittelbar nach Ankunft fand die Besichtigung des Stadtmuseums Herrenm\u00fchle statt. Zun\u00e4chst werden wir mit einem Schoppen Wein durch zwei nette Damen, die anschlie\u00dfend fachkundig durch das Museum f\u00fchren, begr\u00fc\u00dft. Da die &hellip; <a href=\"https:\/\/rhoenklub-dipperz.de\/index.php\/kulturfahrt-hammelburg\/\" class=\"more-link\"><span class=\"screen-reader-text\">Kulturfahrt Hammelburg<\/span> weiterlesen <span class=\"meta-nav\">&rarr;<\/span><\/a><\/p>\n","protected":false},"author":2,"featured_media":0,"parent":0,"menu_order":0,"comment_status":"closed","ping_status":"closed","template":"","meta":{"ngg_post_thumbnail":0,"footnotes":""},"class_list":["post-475","page","type-page","status-publish","hentry"],"_links":{"self":[{"href":"https:\/\/rhoenklub-dipperz.de\/index.php\/wp-json\/wp\/v2\/pages\/475","targetHints":{"allow":["GET"]}}],"collection":[{"href":"https:\/\/rhoenklub-dipperz.de\/index.php\/wp-json\/wp\/v2\/pages"}],"about":[{"href":"https:\/\/rhoenklub-dipperz.de\/index.php\/wp-json\/wp\/v2\/types\/page"}],"author":[{"embeddable":true,"href":"https:\/\/rhoenklub-dipperz.de\/index.php\/wp-json\/wp\/v2\/users\/2"}],"replies":[{"embeddable":true,"href":"https:\/\/rhoenklub-dipperz.de\/index.php\/wp-json\/wp\/v2\/comments?post=475"}],"version-history":[{"count":0,"href":"https:\/\/rhoenklub-dipperz.de\/index.php\/wp-json\/wp\/v2\/pages\/475\/revisions"}],"wp:attachment":[{"href":"https:\/\/rhoenklub-dipperz.de\/index.php\/wp-json\/wp\/v2\/media?parent=475"}],"curies":[{"name":"wp","href":"https:\/\/api.w.org\/{rel}","templated":true}]}}