{"id":477,"date":"2017-06-29T15:06:54","date_gmt":"2017-06-29T13:06:54","guid":{"rendered":"http:\/\/rhoenklub-dipperz.de\/?page_id=477"},"modified":"2018-02-17T18:30:08","modified_gmt":"2018-02-17T17:30:08","slug":"20-jahre-rk-dipperz","status":"publish","type":"page","link":"https:\/\/rhoenklub-dipperz.de\/index.php\/20-jahre-rk-dipperz\/","title":{"rendered":"20 Jahre RK-Dipperz"},"content":{"rendered":"<p><strong>Dipperzer Rh\u00f6nklub begeht sein 20-j\u00e4hriges Bestehen<\/strong><\/p>\n<p><img loading=\"lazy\" decoding=\"async\" class=\"aligncenter wp-image-880 \" src=\"http:\/\/rhoenklub-dipperz.de\/wp-content\/uploads\/2017\/06\/P1040425-1024x683.jpg\" alt=\"\" width=\"438\" height=\"292\" srcset=\"https:\/\/rhoenklub-dipperz.de\/wp-content\/uploads\/2017\/06\/P1040425-1024x683.jpg 1024w, https:\/\/rhoenklub-dipperz.de\/wp-content\/uploads\/2017\/06\/P1040425-300x200.jpg 300w, https:\/\/rhoenklub-dipperz.de\/wp-content\/uploads\/2017\/06\/P1040425-768x512.jpg 768w\" sizes=\"auto, (max-width: 438px) 100vw, 438px\" \/>Der Rh\u00f6nklub-Zweigverein Dipperz beging in einer gut besuchten Feierstunde am 7.5.2017 seinen 20. Geburtstag.&nbsp;&nbsp; Im dortigen B\u00fcrgerhaus konnte der 1. Vorsitzenden Hans-J\u00fcrgen W\u00fcnnenberg zahlreiche Mitglieder und G\u00e4ste begr\u00fc\u00dfen und herzlich willkommen hei\u00dfen, darunter den Pr\u00e4sidenten des Rh\u00f6nklubs, J\u00fcrgen Reinhard, den Vorsitzenden der Region Fulda, Manfred Woditschka, den Vorsitzenden des Patenvereins K\u00fcnzell, Norbert Heil sowie B\u00fcrgermeister Klaus-Dieter Vogler. Die Ehrenpr\u00e4sidentin Frau Regina Rinke teilte mit, dass sie wegen eines privaten Termins es bedauere, nicht an der Veranstaltung teilnehmen zu k\u00f6nnen.<\/p>\n<p>In seinen Ausf\u00fchrungen wies W\u00fcnnenberg darauf hin, dass der Dipperzer Zweigverein einer der j\u00fcngsten in der Rh\u00f6nklubfamlie sei. Bis zum Jahr 1997 war Dipperz ein wei\u00dfer Fleck auf der Rh\u00f6nklubkarte. Verschiedene Anl\u00e4ufe in der Vergangenheit verliefen ohne Ergebnis. Das habe allerdings nicht bedeutet, dass sich Dipperzer B\u00fcrger schon fr\u00fcher f\u00fcr die verschiedenen Rh\u00f6nklubziele engagiert h\u00e4tten. So seien zum Beispiel in der Hebeliste der Sektion Fulda von 1880 schon die Leinenh\u00e4ndler Philipp und Oscar Walter und der Gastwirt Kircher verzeichnet gewesen. Nach dem 2. Weltkrieg h\u00e4tten sich Dipperzer B\u00fcrger benachbarter Zweigvereine angeschlossen, zum Beispiel von Kleinsassen und Hofbieber.<br \/>\n&nbsp;&nbsp;&nbsp;&nbsp;&nbsp;&nbsp;&nbsp;&nbsp;&nbsp;&nbsp;&nbsp;&nbsp;&nbsp;&nbsp;&nbsp;&nbsp;&nbsp;&nbsp;&nbsp;&nbsp;&nbsp;&nbsp;&nbsp;&nbsp;&nbsp;&nbsp;&nbsp;&nbsp;&nbsp;&nbsp;&nbsp;&nbsp;&nbsp;&nbsp;&nbsp;&nbsp;&nbsp;&nbsp;&nbsp;&nbsp;&nbsp;&nbsp; <img loading=\"lazy\" decoding=\"async\" class=\"aligncenter size-medium wp-image-881\" src=\"http:\/\/rhoenklub-dipperz.de\/wp-content\/uploads\/2017\/06\/P1040457-300x200.jpg\" alt=\"\" width=\"300\" height=\"200\" srcset=\"https:\/\/rhoenklub-dipperz.de\/wp-content\/uploads\/2017\/06\/P1040457-300x200.jpg 300w, https:\/\/rhoenklub-dipperz.de\/wp-content\/uploads\/2017\/06\/P1040457-768x512.jpg 768w, https:\/\/rhoenklub-dipperz.de\/wp-content\/uploads\/2017\/06\/P1040457-1024x683.jpg 1024w\" sizes=\"auto, (max-width: 300px) 100vw, 300px\" \/><\/p>\n<p>Am 7. Mai 1997 war es dann soweit, dass 62 Personen den 92. Zweigverein und als 28. Mitglied des Fuldagaues in Dipperz aus der Taufe hoben. Heute verf\u00fcgt der Verein \u00fcber 197 Mitglieder. Neben regelm\u00e4\u00dfigen Wanderungen in der Rh\u00f6n und anderer Regionen zeichne sich Rh\u00f6nklub, so der Vorsitzende, durch Aufstellen und Pflege von zahlreichen Ruheb\u00e4nken,&nbsp; den Vogelschutz, die Unterhaltung von Wanderwegen, die Durchf\u00fchrung von Walkingtreffs und Wassergymnastik sowie verschiedene Besichtigungen kultureller Art aus. Auch nehme &nbsp;er sich der Aufstellung des Osterbrunnens an.<\/p>\n<p>Die Geschichte, wie es dazu kam, im Tal der Wanne einen Rh\u00f6nklub zu gr\u00fcnden, lie\u00df &nbsp;Kulturwart Bernhard Weber Revue passieren. Zwei Personen h\u00e4tten dabei einen entscheidenden Einfluss ausge\u00fcbt. Es waren zum einen der Wanderwart des damaligen Fuldagaues Albrecht Spiegel <img loading=\"lazy\" decoding=\"async\" class=\"alignleft wp-image-886\" src=\"http:\/\/rhoenklub-dipperz.de\/wp-content\/uploads\/2017\/06\/P1040382-e1501168819157-200x300.jpg\" alt=\"\" width=\"195\" height=\"293\" srcset=\"https:\/\/rhoenklub-dipperz.de\/wp-content\/uploads\/2017\/06\/P1040382-e1501168819157-200x300.jpg 200w, https:\/\/rhoenklub-dipperz.de\/wp-content\/uploads\/2017\/06\/P1040382-e1501168819157-768x1152.jpg 768w, https:\/\/rhoenklub-dipperz.de\/wp-content\/uploads\/2017\/06\/P1040382-e1501168819157-683x1024.jpg 683w\" sizes=\"auto, (max-width: 195px) 100vw, 195px\" \/>und zum anderen er als seinerzeitiger Dipperzer B\u00fcrgermeister. Beide kannten sich aus ihrem gemeinsamen Heimatort Rupsroth. In dem frisch gew\u00e4hlten und mit ihm befreundeten B\u00fcrgermeister sah Spiegel gemeinsam mit dem Gauvorsitzenden Toni Roth aus K\u00fcnzell als weiterer Rh\u00f6nklubvertreter die Gelegenheit, in Dipperz f\u00fcr einen Rh\u00f6nklub zu werben. In einem gelungenen und sehr gut besuchten Heimatabend mit verschiedenen Rh\u00f6nklubgruppen aus benachbarten Zweigvereinen, die im B\u00fcrgerhaus mit Tanz, Musik, Gesang und Fotos der Rh\u00f6n auftraten, wurde das notwendige Interesse geweckt. Die eigentliche Vereinsgr\u00fcndung erfolgte wenige Wochen danach. Zur Geburtshilfe waren einige Rh\u00f6nklubvertreter, u. a. der bereits erw\u00e4hnte Toni Roth aus K\u00fcnzell nach Dipperz gekommen. Er bot auch die Patenschaft seines K\u00fcnzeller Vereins an. Weil sich f\u00fcr das Amt des Vorsitzenden zun\u00e4chst keine Person fand, habe man zuvor die weiteren \u00c4mter besetzt, was problemlos von statten ging. Wegen der mangelnden Bereitschaft f\u00fcr das Amt des Vorsitzenden zu kandidieren, drohte die Vereinsgr\u00fcndung zu scheitern. Auch habe man in einer Wiederholungsversammlung keine verbesserte Situation gesehen. Eine L\u00f6sung fand man schlie\u00dflich in der Aufteilung des Vorsitzenden auf drei Personen. Das war des R\u00e4tsels L\u00f6sung. So waren schlie\u00dflich Helmut Wagner, Reinhold Hohmann und B\u00fcrgermeister Bernhard Weber bereit zu kandidieren und wurden einstimmig gew\u00e4hlt. &nbsp;Damit hatte Dipperz einen Rh\u00f6nklub.<\/p>\n<p>In den vergangenen 20 Vereinsjahren erlebten die Rh\u00f6nklubfreunde in regelm\u00e4\u00dfigen Wanderungen die sch\u00f6ne, gro\u00dfe und erhabene Weite der Rh\u00f6n. Auch vielf\u00e4ltige Angebote in Kultur, Natur und Gesundheit z\u00e4hlen zu den Angeboten. Die einhelligen und oft zu vernehmenden \u00c4u\u00dferungen lauten: wenn es den Dipperzer Rh\u00f6nklub nicht g\u00e4be, m\u00fcsste er gegr\u00fcndet werden.<\/p>\n<p>F\u00fcr besondere Verdienste wurden folgende Personen geehrt: Helmut Wagner wurde zum Ehrenvorsitzenden ernannt, mit dem Goldenen Klubabzeichen wurden Bernhard Weber, Uwe M\u00e4rtin und Robert Wingenfeld ausgezeichnet, das Gr\u00fcne Band der Rh\u00f6n erhielten Winfried Barthelmes und Gertrud Wingenfeld.<\/p>\n<figure id=\"attachment_882\" aria-describedby=\"caption-attachment-882\" style=\"width: 429px\" class=\"wp-caption aligncenter\"><img loading=\"lazy\" decoding=\"async\" class=\"wp-image-882 \" src=\"http:\/\/rhoenklub-dipperz.de\/wp-content\/uploads\/2017\/06\/P1040470-300x200.jpg\" alt=\"\" width=\"429\" height=\"286\" srcset=\"https:\/\/rhoenklub-dipperz.de\/wp-content\/uploads\/2017\/06\/P1040470-300x200.jpg 300w, https:\/\/rhoenklub-dipperz.de\/wp-content\/uploads\/2017\/06\/P1040470-768x512.jpg 768w, https:\/\/rhoenklub-dipperz.de\/wp-content\/uploads\/2017\/06\/P1040470-1024x683.jpg 1024w\" sizes=\"auto, (max-width: 429px) 100vw, 429px\" \/><figcaption id=\"caption-attachment-882\" class=\"wp-caption-text\">Bgm. Vogler, H.J. W\u00fcnnenberg, Gertrud Wingenfeld, Uwe M\u00e4rtin, Robert Wingenfeld, Winfried Barthelmes, M. Woidischka, Bernhard Weber<\/figcaption><\/figure>\n","protected":false},"excerpt":{"rendered":"<p>Dipperzer Rh\u00f6nklub begeht sein 20-j\u00e4hriges Bestehen Der Rh\u00f6nklub-Zweigverein Dipperz beging in einer gut besuchten Feierstunde am 7.5.2017 seinen 20. Geburtstag.&nbsp;&nbsp; Im dortigen B\u00fcrgerhaus konnte der 1. Vorsitzenden Hans-J\u00fcrgen W\u00fcnnenberg zahlreiche Mitglieder und G\u00e4ste begr\u00fc\u00dfen und herzlich willkommen hei\u00dfen, darunter den Pr\u00e4sidenten des Rh\u00f6nklubs, J\u00fcrgen Reinhard, den Vorsitzenden der Region Fulda, Manfred Woditschka, den Vorsitzenden des &hellip; <a href=\"https:\/\/rhoenklub-dipperz.de\/index.php\/20-jahre-rk-dipperz\/\" class=\"more-link\"><span class=\"screen-reader-text\">20 Jahre RK-Dipperz<\/span> weiterlesen <span class=\"meta-nav\">&rarr;<\/span><\/a><\/p>\n","protected":false},"author":2,"featured_media":0,"parent":0,"menu_order":0,"comment_status":"closed","ping_status":"closed","template":"","meta":{"ngg_post_thumbnail":0,"footnotes":""},"class_list":["post-477","page","type-page","status-publish","hentry"],"_links":{"self":[{"href":"https:\/\/rhoenklub-dipperz.de\/index.php\/wp-json\/wp\/v2\/pages\/477","targetHints":{"allow":["GET"]}}],"collection":[{"href":"https:\/\/rhoenklub-dipperz.de\/index.php\/wp-json\/wp\/v2\/pages"}],"about":[{"href":"https:\/\/rhoenklub-dipperz.de\/index.php\/wp-json\/wp\/v2\/types\/page"}],"author":[{"embeddable":true,"href":"https:\/\/rhoenklub-dipperz.de\/index.php\/wp-json\/wp\/v2\/users\/2"}],"replies":[{"embeddable":true,"href":"https:\/\/rhoenklub-dipperz.de\/index.php\/wp-json\/wp\/v2\/comments?post=477"}],"version-history":[{"count":0,"href":"https:\/\/rhoenklub-dipperz.de\/index.php\/wp-json\/wp\/v2\/pages\/477\/revisions"}],"wp:attachment":[{"href":"https:\/\/rhoenklub-dipperz.de\/index.php\/wp-json\/wp\/v2\/media?parent=477"}],"curies":[{"name":"wp","href":"https:\/\/api.w.org\/{rel}","templated":true}]}}