{"id":481,"date":"2017-03-08T12:27:16","date_gmt":"2017-03-08T11:27:16","guid":{"rendered":"http:\/\/rhoenklub-dipperz.de\/?page_id=481"},"modified":"2017-03-08T12:55:59","modified_gmt":"2017-03-08T11:55:59","slug":"fruehwanderung-birx","status":"publish","type":"page","link":"https:\/\/rhoenklub-dipperz.de\/index.php\/fruehwanderung-birx\/","title":{"rendered":"Fr\u00fchwanderung Birx"},"content":{"rendered":"<p><strong>Wanderung zum Sonnenaufgang<br \/>\n<\/strong><br \/>\nEine allj\u00e4hrliche Besonderheit ist die Wanderung zum Sonnenaufgang. So f\u00e4llt es nicht ganz leicht, wenn vor f\u00fcnf Uhr der Wecker zum Bett verlassen klingelt, um rechtzeitig um halb sechs am Treffpunkt Sportgel\u00e4nde zu erscheinen. In einer Wagenkolonne setzen sich die 20 Fr\u00fchaufsteher zum Ausgangspunkt hinauf zu dem 200-Seelen gro\u00dfen Rh\u00f6nd\u00f6rfchen Birx in Bewegung.<\/p>\n<p><img loading=\"lazy\" decoding=\"async\" class=\"alignleft wp-image-800\" src=\"http:\/\/rhoenklub-dipperz.de\/wp-content\/uploads\/2017\/03\/BILD0745-3-225x300.jpg\" height=\"251\" width=\"188\" srcset=\"https:\/\/rhoenklub-dipperz.de\/wp-content\/uploads\/2017\/03\/BILD0745-3-225x300.jpg 225w, https:\/\/rhoenklub-dipperz.de\/wp-content\/uploads\/2017\/03\/BILD0745-3-768x1024.jpg 768w\" sizes=\"auto, (max-width: 188px) 100vw, 188px\" \/>Eine besondere Ruhe liegt \u00fcber dem Ort, au\u00dfer einem Menschen ist niemand von den Bewohnern zu erblicken, der sich bestimmt dar\u00fcber wundert, was wir in der Fr\u00fche hier schon wollen. Unser Weg f\u00fchrt an schmucken H\u00e4usern, dem kleinen Kirchlein und dem Friedhof am Ortsrand vorbei. Es ist ein schmuckes Fleckchen Erde geworden, welches vor einem Vierteljahrhundert sich noch ganz anders darstellte. Auf der H\u00f6he angekommen &#8211; wir befinden uns auf 750 m, liegen auf den Wiesen die Heumahden, deren besonderer Duft wir versp\u00fcren. Auch die Rh\u00f6n als das &#8222;Land der offen Fernen&#8220; trifft vollends zu. Der Blick geht im S\u00fcden und Osten nach Bayern, im Westen in unser Hessenland mit der Wasserkuppe, der Milseburg und den davor liegenden D\u00f6rfern.<\/p>\n<p><img loading=\"lazy\" decoding=\"async\" class=\"alignright wp-image-799\" src=\"http:\/\/rhoenklub-dipperz.de\/wp-content\/uploads\/2017\/03\/Gerstenstein-2-225x300.jpg\" height=\"300\" width=\"225\" srcset=\"https:\/\/rhoenklub-dipperz.de\/wp-content\/uploads\/2017\/03\/Gerstenstein-2-225x300.jpg 225w, https:\/\/rhoenklub-dipperz.de\/wp-content\/uploads\/2017\/03\/Gerstenstein-2-768x1024.jpg 768w\" sizes=\"auto, (max-width: 225px) 100vw, 225px\" \/>Hier wird man etwas nachdenklich: was m\u00f6gen die &#8222;eingesperrten&#8220; Birxbewohner zur DDR-Zeit gef\u00fchlt haben, wenn sie r\u00fcber gen Westen schauten &#8211; es war f\u00fcr sie so nah und doch so fern. Auf dem Wanderweg Nr. 1 erreichen wir einen besonderen Erinnerungspunkt. Es ist der Gerstenstein, der deutsch-deutsche Geschichte schrieb. Ein Grenzzwischenfall ging hier 1962 in die Geschichte unseres geteilten Vaterlandes ein, der hier einmal wieder gegeben werden soll. &#8222;Der 20 Jahre alte Offiziersanw\u00e4rter Hilpert Spohr aus Heilbronn hatte zusammen mit 3 Freunden einen Ausflug zur innerdeutschen Grenze unternommen und dabei den 3 m hohen Gerstenstein auf dem Gebiet der DDR trotz Warnschilder erklettert. Postenf\u00fchrer Lothar Kie\u00dfling sah die jungen M\u00e4nner auf dem Felsen und entschloss sich der &#8222;Grenzprovokation&#8220; ein Ende zu bereiten. Er soll nach einem Zuruf und Abgabe eines Warnschusses aus einer Entfernung von 90 m mit dem Maschinengewehr auf die jungen M\u00e4nner geschossen und dabei Hilpert schwer verletzt haben. Zur Erinnerung an dieses Ereignis wurde ein 6 m langes Transparent aufgestellt. Auf ostdeutscher Seite wurde eine Gegentafel errichtet, auf der Hilpert Spohr als Provokateur bezeichnet wurde. Nach der Wende wurde der Fall noch einmal vor Gericht aufgerollt und dabei festgestellt, dass sich dem Warnruf und -schuss keine Regung der Zugerufenen zeigte und durch Kiesling deshalb auf Spohr geschossen wurde. Beide haben sich danach ausgesprochen und sich vers\u00f6hnend die Hand gereicht.&#8220; Quelle: Fuldaer Zeitung. <img loading=\"lazy\" decoding=\"async\" class=\"alignleft wp-image-797\" src=\"http:\/\/rhoenklub-dipperz.de\/wp-content\/uploads\/2017\/03\/BILD0727-4-300x225.jpg\" height=\"202\" width=\"270\" srcset=\"https:\/\/rhoenklub-dipperz.de\/wp-content\/uploads\/2017\/03\/BILD0727-4-300x225.jpg 300w, https:\/\/rhoenklub-dipperz.de\/wp-content\/uploads\/2017\/03\/BILD0727-4-768x576.jpg 768w, https:\/\/rhoenklub-dipperz.de\/wp-content\/uploads\/2017\/03\/BILD0727-4-1024x768.jpg 1024w\" sizes=\"auto, (max-width: 270px) 100vw, 270px\" \/>Auf dem Gel\u00e4nde befindet sich heute eine sog. Sprechanlage, mit der man 2 Berichte \u00fcber Begebenheiten in der DDR h\u00f6ren kann sowie eine Mahnglocke.<\/p>\n<p>Unsere Wanderung f\u00fchrt anschlie\u00dfend auf dem ehemaligen Kolonnenweg bis zur Stra\u00dfe Hilders-Frankenheim, die wir eine St\u00fcck nahmen. Allm\u00e4hlich wird Maschinenget\u00f6se vernehmbar, das aus dem nahelegen Steinbruch &#8222;Billstein&#8220; der Firma FCN dr\u00f6hnt. <img loading=\"lazy\" decoding=\"async\" class=\"aligncenter wp-image-798\" src=\"http:\/\/rhoenklub-dipperz.de\/wp-content\/uploads\/2017\/03\/Aussichtsplattform-1024x767.jpg\" height=\"355\" width=\"474\" srcset=\"https:\/\/rhoenklub-dipperz.de\/wp-content\/uploads\/2017\/03\/Aussichtsplattform-1024x767.jpg 1024w, https:\/\/rhoenklub-dipperz.de\/wp-content\/uploads\/2017\/03\/Aussichtsplattform-300x225.jpg 300w, https:\/\/rhoenklub-dipperz.de\/wp-content\/uploads\/2017\/03\/Aussichtsplattform-768x576.jpg 768w\" sizes=\"auto, (max-width: 474px) 100vw, 474px\" \/>Auf der Aussichtsplattform f\u00fchrt uns der Blick in die m\u00e4chtige Tiefe des Bruches, auf dessen Sohle schweres Ger\u00e4t sich im Einsatz befindet. Nach einer Strecke von ca. 8 km erreichen wir unseren Ausgangspunkt, den Flechsenberger Hof in Birx. Hier wartet ein reich gedeckter Fr\u00fchst\u00fcckstisch auf die hungrig gewordenen Wanderer. Als Fazit l\u00e4sst sich eindeutig feststellen, das fr\u00fche Aufstehen hat sich gelohnt. Ein herzliches Dankesch\u00f6n gilt Emmi und Othmar Trapp f\u00fcr den Wandervorschlag und die kurzweilige Begleitung<\/p>\n","protected":false},"excerpt":{"rendered":"<p>Wanderung zum Sonnenaufgang Eine allj\u00e4hrliche Besonderheit ist die Wanderung zum Sonnenaufgang. So f\u00e4llt es nicht ganz leicht, wenn vor f\u00fcnf Uhr der Wecker zum Bett verlassen klingelt, um rechtzeitig um halb sechs am Treffpunkt Sportgel\u00e4nde zu erscheinen. In einer Wagenkolonne setzen sich die 20 Fr\u00fchaufsteher zum Ausgangspunkt hinauf zu dem 200-Seelen gro\u00dfen Rh\u00f6nd\u00f6rfchen Birx in &hellip; <a href=\"https:\/\/rhoenklub-dipperz.de\/index.php\/fruehwanderung-birx\/\" class=\"more-link\"><span class=\"screen-reader-text\">Fr\u00fchwanderung Birx<\/span> weiterlesen <span class=\"meta-nav\">&rarr;<\/span><\/a><\/p>\n","protected":false},"author":2,"featured_media":0,"parent":0,"menu_order":0,"comment_status":"closed","ping_status":"closed","template":"","meta":{"ngg_post_thumbnail":0,"footnotes":""},"class_list":["post-481","page","type-page","status-publish","hentry"],"_links":{"self":[{"href":"https:\/\/rhoenklub-dipperz.de\/index.php\/wp-json\/wp\/v2\/pages\/481","targetHints":{"allow":["GET"]}}],"collection":[{"href":"https:\/\/rhoenklub-dipperz.de\/index.php\/wp-json\/wp\/v2\/pages"}],"about":[{"href":"https:\/\/rhoenklub-dipperz.de\/index.php\/wp-json\/wp\/v2\/types\/page"}],"author":[{"embeddable":true,"href":"https:\/\/rhoenklub-dipperz.de\/index.php\/wp-json\/wp\/v2\/users\/2"}],"replies":[{"embeddable":true,"href":"https:\/\/rhoenklub-dipperz.de\/index.php\/wp-json\/wp\/v2\/comments?post=481"}],"version-history":[{"count":0,"href":"https:\/\/rhoenklub-dipperz.de\/index.php\/wp-json\/wp\/v2\/pages\/481\/revisions"}],"wp:attachment":[{"href":"https:\/\/rhoenklub-dipperz.de\/index.php\/wp-json\/wp\/v2\/media?parent=481"}],"curies":[{"name":"wp","href":"https:\/\/api.w.org\/{rel}","templated":true}]}}