{"id":483,"date":"2017-03-09T19:26:13","date_gmt":"2017-03-09T18:26:13","guid":{"rendered":"http:\/\/rhoenklub-dipperz.de\/?page_id=483"},"modified":"2018-02-17T18:38:26","modified_gmt":"2018-02-17T17:38:26","slug":"storchennest","status":"publish","type":"page","link":"https:\/\/rhoenklub-dipperz.de\/index.php\/storchennest\/","title":{"rendered":"Storchennest in Dipperz"},"content":{"rendered":"<p><strong>&nbsp;&nbsp;&nbsp;&nbsp;&nbsp;&nbsp;&nbsp;&nbsp;&nbsp;&nbsp;&nbsp;&nbsp;&nbsp;&nbsp; Rh\u00f6nklub Dipperz errichtet mit der Rh\u00f6n-Energie<br \/>\n&nbsp;&nbsp;&nbsp;&nbsp;&nbsp;&nbsp;&nbsp;&nbsp;&nbsp;&nbsp;&nbsp;&nbsp;&nbsp;&nbsp;&nbsp;&nbsp;&nbsp;&nbsp;&nbsp;&nbsp;&nbsp;&nbsp;&nbsp;&nbsp;&nbsp;&nbsp;&nbsp;&nbsp;&nbsp;&nbsp;&nbsp;&nbsp;&nbsp;&nbsp;&nbsp;&nbsp;&nbsp;&nbsp;&nbsp;&nbsp;&nbsp;&nbsp;&nbsp;&nbsp;&nbsp;&nbsp; ein Storchennest<br \/>\n<\/strong><br \/>\nEin handgefertigtes Storchennest wurde im Dezember 2016 im Tal der Wanne westlich &nbsp;der Kl\u00e4ranlage von der Rh\u00f6n-Energie aufgestellt. Dabei ging die Initiative vom Rh\u00f6nklub Dipperz aus.<\/p>\n<p><img loading=\"lazy\" decoding=\"async\" class=\"alignleft wp-image-846\" src=\"http:\/\/rhoenklub-dipperz.de\/wp-content\/uploads\/2017\/03\/P1010316-300x224.jpg\" alt=\"\" width=\"280\" height=\"210\" srcset=\"https:\/\/rhoenklub-dipperz.de\/wp-content\/uploads\/2017\/03\/P1010316-300x224.jpg 300w, https:\/\/rhoenklub-dipperz.de\/wp-content\/uploads\/2017\/03\/P1010316-768x575.jpg 768w, https:\/\/rhoenklub-dipperz.de\/wp-content\/uploads\/2017\/03\/P1010316-1024x766.jpg 1024w\" sizes=\"auto, (max-width: 280px) 100vw, 280px\" \/>Nach der Sichtung von St\u00f6rchen auf Dipperzer Gebiet hat sich Anfang 2016 der Rh\u00f6nklub Dipperz um die Aufstellung eines Storchennestes bem\u00fcht. In Absprache mit vielen Institutionen (Forstbeh\u00f6rde, Naturschutzbeh\u00f6rde des Landkreises Fulda, NABU Petersberg und Biosph\u00e4renreservat Rh\u00f6n)&nbsp; wurde ein geeigneter Standort gefunden.&nbsp;<\/p>\n<p>Das Tal der Wanne ist in den letzten Jahren durch naturschutzrechtliche Ausgleichsma\u00dfnahmen und der Anlage von Feuchtgebieten naturnah verbessert worden. <img loading=\"lazy\" decoding=\"async\" class=\"alignright wp-image-848\" src=\"http:\/\/rhoenklub-dipperz.de\/wp-content\/uploads\/2017\/03\/P1010311-e1489083043760-224x300.jpg\" width=\"200\" height=\"267\" srcset=\"https:\/\/rhoenklub-dipperz.de\/wp-content\/uploads\/2017\/03\/P1010311-e1489083043760-224x300.jpg 224w, https:\/\/rhoenklub-dipperz.de\/wp-content\/uploads\/2017\/03\/P1010311-e1489083043760-768x1026.jpg 768w, https:\/\/rhoenklub-dipperz.de\/wp-content\/uploads\/2017\/03\/P1010311-e1489083043760-766x1024.jpg 766w, https:\/\/rhoenklub-dipperz.de\/wp-content\/uploads\/2017\/03\/P1010311-e1489083043760.jpg 1712w\" sizes=\"auto, (max-width: 200px) 100vw, 200px\" \/>Deshalb waren der Rh\u00f6nklub und die Fachleuchte der Beh\u00f6rden der Meinung, einen guten Standort gefunden zu haben. Die Gemeinde Dipperz erkl\u00e4rte sich bereit, auf einem ihrer Grundst\u00fccke die Aufstellung eines Mastes zu erlauben.<\/p>\n<p>Wei\u00dfst\u00f6rche sind etwa 80 bis 100&nbsp;cm lang und haben eine Fl\u00fcgelspannweite von etwa 200 bis 220&nbsp;cm. Sie haben ein Gewicht von etwa 2,5 bis 4,5&nbsp;kg.<\/p>\n<p>Die Stimme des Wei\u00dfstorchs ist nur schwach ausgepr\u00e4gt. Er verst\u00e4ndigt sich durch Klappern mit dem <a href=\"https:\/\/de.wikipedia.org\/wiki\/Schnabel\">Schnabel<\/a>, deshalb wird er auch Klapperstorch genannt. Geklappert wird zur Begr\u00fc\u00dfung des Partners am Nest und zur Verteidigung gegen Nestkonkurrenten. Auch sein <a href=\"https:\/\/de.wikipedia.org\/wiki\/Balz\">Balzritual<\/a> geht mit ausgiebigem, &nbsp;gemeinsamem Schnabelklappern einher. Vertreter einiger nordeurop\u00e4ischer Populationen legen j\u00e4hrlich 20.000&nbsp;km zur\u00fcck, um die afrikanischen Winterquartiere zu erreichen und wieder in die Brutgebiete zur\u00fcckzukehren<\/p>\n<p><img loading=\"lazy\" decoding=\"async\" class=\"aligncenter wp-image-843\" src=\"http:\/\/rhoenklub-dipperz.de\/wp-content\/uploads\/2017\/03\/20161206_143213-300x169.jpg\" width=\"354\" height=\"199\" srcset=\"https:\/\/rhoenklub-dipperz.de\/wp-content\/uploads\/2017\/03\/20161206_143213-300x169.jpg 300w, https:\/\/rhoenklub-dipperz.de\/wp-content\/uploads\/2017\/03\/20161206_143213-768x432.jpg 768w, https:\/\/rhoenklub-dipperz.de\/wp-content\/uploads\/2017\/03\/20161206_143213-1024x576.jpg 1024w\" sizes=\"auto, (max-width: 354px) 100vw, 354px\" \/>Der Wei\u00dfstorch ern\u00e4hrt sich von Kleintieren wie Regenw\u00fcrmern, Insekten, <a href=\"https:\/\/de.wikipedia.org\/wiki\/Froschlurche\">Fr\u00f6schen<\/a>, <a href=\"https:\/\/de.wikipedia.org\/wiki\/M%C3%A4use\">M\u00e4usen<\/a>, <a href=\"https:\/\/de.wikipedia.org\/wiki\/Ratten\">Ratten<\/a>, <a href=\"https:\/\/de.wikipedia.org\/wiki\/Fische\">Fischen<\/a>, Eidechsen und Schlangen. Er besiedelt offene und halboffene Landschaften. Dabei bevorzugt er feuchte und wasserreiche Gegenden wie Flussauen und Gr\u00fcnlandniederungen.<\/p>\n<p>Die Brutzeit erstreckt sich von Anfang April bis Anfang August. &nbsp;Da ein Storchenpaar seinem Horst \u00fcber Jahrzehnte treu bleibt und der Nestbau nie abgeschlossen wird, kann der Horst eine H\u00f6he von mehreren Metern und ein Gewicht von zwei Tonnen erreichen. Die Brutzeit, in der beide Partner abwechselnd br\u00fcten, dauert 30 bis 32 Tage. Die anschlie\u00dfende <a href=\"https:\/\/de.wikipedia.org\/wiki\/Nestling\">Nestlings<\/a>zeit dauert zwischen 58 und 64 Tagen.<\/p>\n<p>Nach Zusage der Rh\u00f6nEnergie, einen entsprechend stabilen Masten zu spenden, und aufzurichten erfolgte Anfang Dezember unter fachlicher Begleitung mit Herrn Kolb von der Hessischen Gesellschaft f\u00fcr Ornithologie und Naturschutz e.V., Eichenzell, die Erstellung des Nestes.<\/p>\n<figure id=\"attachment_844\" aria-describedby=\"caption-attachment-844\" style=\"width: 351px\" class=\"wp-caption aligncenter\"><img loading=\"lazy\" decoding=\"async\" class=\"wp-image-844\" src=\"http:\/\/rhoenklub-dipperz.de\/wp-content\/uploads\/2017\/03\/20161206_151626-e1489082672811-300x169.jpg\" width=\"351\" height=\"197\" srcset=\"https:\/\/rhoenklub-dipperz.de\/wp-content\/uploads\/2017\/03\/20161206_151626-e1489082672811-300x169.jpg 300w, https:\/\/rhoenklub-dipperz.de\/wp-content\/uploads\/2017\/03\/20161206_151626-e1489082672811-768x432.jpg 768w, https:\/\/rhoenklub-dipperz.de\/wp-content\/uploads\/2017\/03\/20161206_151626-e1489082672811-1024x576.jpg 1024w\" sizes=\"auto, (max-width: 351px) 100vw, 351px\" \/><figcaption id=\"caption-attachment-844\" class=\"wp-caption-text\">B. Weber, H.J. W\u00fcnnenberg, R. Blum, R. K\u00fcchler (v. l.)<\/figcaption><\/figure>\n<p>Die Auszubildenden der Rh\u00f6nEnergie&nbsp; erstellten ein Stahlgrundger\u00fcst in der Fuldaer Daimler-Benz-Stra\u00dfe, auf welches das von tatkr\u00e4ftigen Rh\u00f6nklubmitgliedern beschaffte Weidenmaterial eingeflochten wurde, sodass ein wohnliches Zuhause f\u00fcr ein Storchenpaar entstand.<\/p>\n<p>Hierf\u00fcr engagierten sich insbesondere die Mitglieder &nbsp;Bernhard Weber (B\u00fcrgermeister a.D.), Rudolf K\u00fcchler, Willi Blum und der Vorsitzende H.J. W\u00fcnnenberg.&nbsp;&nbsp; <img loading=\"lazy\" decoding=\"async\" class=\"alignright wp-image-845\" src=\"http:\/\/rhoenklub-dipperz.de\/wp-content\/uploads\/2017\/03\/IMG_9081-e1489082809361-200x300.jpg\" alt=\"\" width=\"200\" height=\"300\" srcset=\"https:\/\/rhoenklub-dipperz.de\/wp-content\/uploads\/2017\/03\/IMG_9081-e1489082809361-200x300.jpg 200w, https:\/\/rhoenklub-dipperz.de\/wp-content\/uploads\/2017\/03\/IMG_9081-e1489082809361-768x1152.jpg 768w, https:\/\/rhoenklub-dipperz.de\/wp-content\/uploads\/2017\/03\/IMG_9081-e1489082809361-683x1024.jpg 683w\" sizes=\"auto, (max-width: 200px) 100vw, 200px\" \/>Bereits 2 Tage sp\u00e4ter wurde das St\u00e4nderwerk mit dem Nest in fachm\u00e4nnischer Art und Weise auf einer Ausgleichsfl\u00e4che der Gemeinde Dipperz nahe der Wanne im Gebiet Eichberg von der Osthessennetz aufgestellt.<\/p>\n<p>Wir hoffen nun auf einen schnellen Besatz und begr\u00fc\u00dfen die neuen Bewohner mit einem \u201eFrisch auf\u201c.<\/p>\n","protected":false},"excerpt":{"rendered":"<p>&nbsp;&nbsp;&nbsp;&nbsp;&nbsp;&nbsp;&nbsp;&nbsp;&nbsp;&nbsp;&nbsp;&nbsp;&nbsp;&nbsp; Rh\u00f6nklub Dipperz errichtet mit der Rh\u00f6n-Energie &nbsp;&nbsp;&nbsp;&nbsp;&nbsp;&nbsp;&nbsp;&nbsp;&nbsp;&nbsp;&nbsp;&nbsp;&nbsp;&nbsp;&nbsp;&nbsp;&nbsp;&nbsp;&nbsp;&nbsp;&nbsp;&nbsp;&nbsp;&nbsp;&nbsp;&nbsp;&nbsp;&nbsp;&nbsp;&nbsp;&nbsp;&nbsp;&nbsp;&nbsp;&nbsp;&nbsp;&nbsp;&nbsp;&nbsp;&nbsp;&nbsp;&nbsp;&nbsp;&nbsp;&nbsp;&nbsp; ein Storchennest Ein handgefertigtes Storchennest wurde im Dezember 2016 im Tal der Wanne westlich &nbsp;der Kl\u00e4ranlage von der Rh\u00f6n-Energie aufgestellt. Dabei ging die Initiative vom Rh\u00f6nklub Dipperz aus. Nach der Sichtung von St\u00f6rchen auf Dipperzer Gebiet hat sich Anfang 2016 der Rh\u00f6nklub Dipperz um die Aufstellung eines &hellip; <a href=\"https:\/\/rhoenklub-dipperz.de\/index.php\/storchennest\/\" class=\"more-link\"><span class=\"screen-reader-text\">Storchennest in Dipperz<\/span> weiterlesen <span class=\"meta-nav\">&rarr;<\/span><\/a><\/p>\n","protected":false},"author":2,"featured_media":0,"parent":0,"menu_order":0,"comment_status":"closed","ping_status":"closed","template":"","meta":{"ngg_post_thumbnail":0,"footnotes":""},"class_list":["post-483","page","type-page","status-publish","hentry"],"_links":{"self":[{"href":"https:\/\/rhoenklub-dipperz.de\/index.php\/wp-json\/wp\/v2\/pages\/483","targetHints":{"allow":["GET"]}}],"collection":[{"href":"https:\/\/rhoenklub-dipperz.de\/index.php\/wp-json\/wp\/v2\/pages"}],"about":[{"href":"https:\/\/rhoenklub-dipperz.de\/index.php\/wp-json\/wp\/v2\/types\/page"}],"author":[{"embeddable":true,"href":"https:\/\/rhoenklub-dipperz.de\/index.php\/wp-json\/wp\/v2\/users\/2"}],"replies":[{"embeddable":true,"href":"https:\/\/rhoenklub-dipperz.de\/index.php\/wp-json\/wp\/v2\/comments?post=483"}],"version-history":[{"count":0,"href":"https:\/\/rhoenklub-dipperz.de\/index.php\/wp-json\/wp\/v2\/pages\/483\/revisions"}],"wp:attachment":[{"href":"https:\/\/rhoenklub-dipperz.de\/index.php\/wp-json\/wp\/v2\/media?parent=483"}],"curies":[{"name":"wp","href":"https:\/\/api.w.org\/{rel}","templated":true}]}}