{"id":556,"date":"2017-02-28T16:37:36","date_gmt":"2017-02-28T15:37:36","guid":{"rendered":"http:\/\/rhoenklub-dipperz.de\/?page_id=556"},"modified":"2017-03-02T17:52:34","modified_gmt":"2017-03-02T16:52:34","slug":"probstei-johannesberg","status":"publish","type":"page","link":"https:\/\/rhoenklub-dipperz.de\/index.php\/probstei-johannesberg\/","title":{"rendered":"Probstei Johannesberg"},"content":{"rendered":"<p><strong>&nbsp;&nbsp;&nbsp;&nbsp;&nbsp;&nbsp;&nbsp;&nbsp;&nbsp;&nbsp;&nbsp;&nbsp;&nbsp;&nbsp;&nbsp;&nbsp;&nbsp;&nbsp;&nbsp;&nbsp;&nbsp;&nbsp;&nbsp;&nbsp;&nbsp;&nbsp;&nbsp;&nbsp;&nbsp;&nbsp;&nbsp;&nbsp;&nbsp;&nbsp;&nbsp; Besuch Probstei Johannesberg<\/strong><\/p>\n<p>Die Wanderung im Monat Juli 2009 f\u00fchrte die Seniorengruppe von der Fuldaaue aus u. a. durch eine h\u00fcbsche Kleingartenanlage zu einem Besuch der Probstei Johannesberg. Wanderf\u00fchrer Rudi Sch\u00e4fer hatte den entsprechenden Kontakt gekn\u00fcpft. <img loading=\"lazy\" decoding=\"async\" class=\"aligncenter wp-image-553 size-large\" src=\"http:\/\/rhoenklub-dipperz.de\/wp-content\/uploads\/2017\/02\/06-1024x768.jpg\" width=\"474\" height=\"356\" srcset=\"https:\/\/rhoenklub-dipperz.de\/wp-content\/uploads\/2017\/02\/06-1024x768.jpg 1024w, https:\/\/rhoenklub-dipperz.de\/wp-content\/uploads\/2017\/02\/06-300x225.jpg 300w, https:\/\/rhoenklub-dipperz.de\/wp-content\/uploads\/2017\/02\/06-768x576.jpg 768w, https:\/\/rhoenklub-dipperz.de\/wp-content\/uploads\/2017\/02\/06.jpg 1600w\" sizes=\"auto, (max-width: 474px) 100vw, 474px\" \/>Herr Stein vom Fortbildungszentrum f\u00fcr Handwerk und Denkmalpflege hie\u00df die 30 Teilnehmer und Teilnehmerinnen herzlich willkommen und erl\u00e4uterte eindrucksvoll die Geschichte der Probstei sowie deren heutige Zweckbestimmung.<\/p>\n<p><img loading=\"lazy\" decoding=\"async\" class=\"alignleft wp-image-554\" src=\"http:\/\/rhoenklub-dipperz.de\/wp-content\/uploads\/2017\/02\/08.1-300x225.jpg\" width=\"300\" height=\"225\" srcset=\"https:\/\/rhoenklub-dipperz.de\/wp-content\/uploads\/2017\/02\/08.1-300x225.jpg 300w, https:\/\/rhoenklub-dipperz.de\/wp-content\/uploads\/2017\/02\/08.1-768x576.jpg 768w, https:\/\/rhoenklub-dipperz.de\/wp-content\/uploads\/2017\/02\/08.1-1024x768.jpg 1024w, https:\/\/rhoenklub-dipperz.de\/wp-content\/uploads\/2017\/02\/08.1.jpg 1600w\" sizes=\"auto, (max-width: 300px) 100vw, 300px\" \/>Die Probstei ist eine mittelalterliche, von dem Fuldaer F\u00fcrstabt Rabanus Maurus im 9. Jahrhunderte gegr\u00fcndete, Klosteranlage. Im 17. Jahrhundert erhielt sie den Status der Probstei. Der Probst war sowohl kirchlicher W\u00fcrdentr\u00e4ger als auch weltlicher Herrscher. Der bedeutendste Probst von Johannesberg war Conrad von Mengersen. In seiner Amtszeit erfolgte unter dem Baumeister Gallasini die barocke Umgestaltung der Anlage. Durch die S\u00e4kularisierung im Jahre 1803 verlor die Probstei ihre Bedeutung. Die Kirche wird von da an als Pfarrkirche von Johannesberg genutzt. Die Klosteranlagen und die dazugeh\u00f6rigen L\u00e4ndereien wurden zu einem bedeutenden Wirtschaftsfaktor als Staatsdom\u00e4ne unter der P\u00e4chterfamilie Klostermann \u00fcber mehrere Generationen. Seit der Aufl\u00f6sung der Dom\u00e4ne in den 60iger Jahren des vorigen Jahrhunderts werden die L\u00e4ndereien von einem Saatzuchtbetrieb bewirtschaftet. Die Klostergeb\u00e4ude standen leer und drohten zu zerfallen.&nbsp; <img loading=\"lazy\" decoding=\"async\" class=\"alignright wp-image-555\" src=\"http:\/\/rhoenklub-dipperz.de\/wp-content\/uploads\/2017\/02\/21-300x225.jpg\" width=\"300\" height=\"225\" srcset=\"https:\/\/rhoenklub-dipperz.de\/wp-content\/uploads\/2017\/02\/21-300x225.jpg 300w, https:\/\/rhoenklub-dipperz.de\/wp-content\/uploads\/2017\/02\/21-768x576.jpg 768w, https:\/\/rhoenklub-dipperz.de\/wp-content\/uploads\/2017\/02\/21-1024x768.jpg 1024w, https:\/\/rhoenklub-dipperz.de\/wp-content\/uploads\/2017\/02\/21.jpg 1600w\" sizes=\"auto, (max-width: 300px) 100vw, 300px\" \/>Durch das Land Hessen als Eigent\u00fcmer wurden ab 1980 die Geb\u00e4ude einer neuen Nutzung als Fortbildungszentrum f\u00fcr Handwerk und Denkmalpflege zugef\u00fchrt. Baugeschichte und Restaurierungen der Probstei sind gute Anschauungsobjekte und bieten mit den Werkst\u00e4tten und Seminarr\u00e4umen Voraussetzungen f\u00fcr ein optimales Lernen. Es werden heute Restauratoren im Handwerk, Gesellen, Statiker und Architekten in der Denkmalpflege ausgebildet. Die Besucher konnten sich einen \u00dcberblick \u00fcber die Werkst\u00e4tten und die verschiedenen Verfahrentechniken der Holzrestaurierung verschaffen.<\/p>\n<p>Bei der Restaurierung der historischen Baulich- und R\u00e4umlichkeiten der Probstei hat man darauf geachtet, diese weitestgehend in ihrer Urspr\u00fcnglichkeit wieder herzustellen. Deren Besichtigung ist bestaunenswert und l\u00e4sst erahnen, welcher Aufwand damit verbunden war. Die Wiederherstellung der barocken&nbsp; Gartenanlage findet derzeit ihren Abschluss. Von dort erschlie\u00dft sich ein wunderbarer Blick auf die Stadt Fulda und die sich dahinter erhebende Rh\u00f6nlandschaft.<\/p>\n<p>Ein Besuch dieser historischen Einrichtung in unserer Heimat ist sehr zu empfehlen und lohnenswert.<img loading=\"lazy\" decoding=\"async\" class=\"aligncenter size-large wp-image-552\" src=\"http:\/\/rhoenklub-dipperz.de\/wp-content\/uploads\/2017\/02\/02-1024x768.jpg\" alt=\"\" width=\"474\" height=\"356\" srcset=\"https:\/\/rhoenklub-dipperz.de\/wp-content\/uploads\/2017\/02\/02-1024x768.jpg 1024w, https:\/\/rhoenklub-dipperz.de\/wp-content\/uploads\/2017\/02\/02-300x225.jpg 300w, https:\/\/rhoenklub-dipperz.de\/wp-content\/uploads\/2017\/02\/02-768x576.jpg 768w, https:\/\/rhoenklub-dipperz.de\/wp-content\/uploads\/2017\/02\/02.jpg 1600w\" sizes=\"auto, (max-width: 474px) 100vw, 474px\" \/><\/p>\n<p>Die benachbarte Gastst\u00e4tte \u201eStadt Fulda\u201c, die von der Dipperzer Gastronomenfamilie Gandolfo gef\u00fchrt wird, war anschlie\u00dfend ein willkommenerer Ort f\u00fcr eine leibliche St\u00e4rkung und f\u00fcr die Wanderung zur\u00fcck zum Ausgangspunkt in Fulda.<\/p>\n<p>&nbsp;<\/p>\n<p>Text und Fotos: Bernhard Weber<\/p>\n","protected":false},"excerpt":{"rendered":"<p>&nbsp;&nbsp;&nbsp;&nbsp;&nbsp;&nbsp;&nbsp;&nbsp;&nbsp;&nbsp;&nbsp;&nbsp;&nbsp;&nbsp;&nbsp;&nbsp;&nbsp;&nbsp;&nbsp;&nbsp;&nbsp;&nbsp;&nbsp;&nbsp;&nbsp;&nbsp;&nbsp;&nbsp;&nbsp;&nbsp;&nbsp;&nbsp;&nbsp;&nbsp;&nbsp; Besuch Probstei Johannesberg Die Wanderung im Monat Juli 2009 f\u00fchrte die Seniorengruppe von der Fuldaaue aus u. a. durch eine h\u00fcbsche Kleingartenanlage zu einem Besuch der Probstei Johannesberg. Wanderf\u00fchrer Rudi Sch\u00e4fer hatte den entsprechenden Kontakt gekn\u00fcpft. Herr Stein vom Fortbildungszentrum f\u00fcr Handwerk und Denkmalpflege hie\u00df die 30 Teilnehmer und Teilnehmerinnen herzlich willkommen und erl\u00e4uterte &hellip; <a href=\"https:\/\/rhoenklub-dipperz.de\/index.php\/probstei-johannesberg\/\" class=\"more-link\"><span class=\"screen-reader-text\">Probstei Johannesberg<\/span> weiterlesen <span class=\"meta-nav\">&rarr;<\/span><\/a><\/p>\n","protected":false},"author":2,"featured_media":0,"parent":0,"menu_order":0,"comment_status":"closed","ping_status":"closed","template":"","meta":{"ngg_post_thumbnail":0,"footnotes":""},"class_list":["post-556","page","type-page","status-publish","hentry"],"_links":{"self":[{"href":"https:\/\/rhoenklub-dipperz.de\/index.php\/wp-json\/wp\/v2\/pages\/556","targetHints":{"allow":["GET"]}}],"collection":[{"href":"https:\/\/rhoenklub-dipperz.de\/index.php\/wp-json\/wp\/v2\/pages"}],"about":[{"href":"https:\/\/rhoenklub-dipperz.de\/index.php\/wp-json\/wp\/v2\/types\/page"}],"author":[{"embeddable":true,"href":"https:\/\/rhoenklub-dipperz.de\/index.php\/wp-json\/wp\/v2\/users\/2"}],"replies":[{"embeddable":true,"href":"https:\/\/rhoenklub-dipperz.de\/index.php\/wp-json\/wp\/v2\/comments?post=556"}],"version-history":[{"count":0,"href":"https:\/\/rhoenklub-dipperz.de\/index.php\/wp-json\/wp\/v2\/pages\/556\/revisions"}],"wp:attachment":[{"href":"https:\/\/rhoenklub-dipperz.de\/index.php\/wp-json\/wp\/v2\/media?parent=556"}],"curies":[{"name":"wp","href":"https:\/\/api.w.org\/{rel}","templated":true}]}}