{"id":57,"date":"2017-02-10T12:31:14","date_gmt":"2017-02-10T11:31:14","guid":{"rendered":"http:\/\/rhoenklub-dipperz.de\/?page_id=57"},"modified":"2023-04-15T19:45:06","modified_gmt":"2023-04-15T17:45:06","slug":"die-landschaft","status":"publish","type":"page","link":"https:\/\/rhoenklub-dipperz.de\/index.php\/die-landschaft\/","title":{"rendered":"Die Landschaft"},"content":{"rendered":"\n<p><\/p>\n\n\n\n<p><\/p>\n\n\n\n<p><\/p>\n\n\n\n<p>Wir werden Ihnen die Vielseitigkeit der Rh\u00f6n, das Angebot der Gemeinde und die Angebote der vielen&nbsp;Ausflugsziele durch Beschreibung und Links n\u00e4her&nbsp;bringen.<\/p>\n\n\n\n<p>Die Gemeinde <strong>Dipperz<\/strong> mit 3.600 Einwohnern liegt &#8220; als Tor zur Rh\u00f6n &#8220; im sch\u00f6nsten Teil der hess. Rh\u00f6n, einem Biosph\u00e4renreservat der UNESCO.<\/p>\n\n\n\n<figure class=\"wp-block-image is-resized\"><a href=\"http:\/\/ferien-rhoen.de\/beispiel-seite\/kirche-dipperz\/\" rel=\"attachment wp-att-56\"><img loading=\"lazy\" decoding=\"async\" src=\"http:\/\/ferien-rhoen.de\/wp-content\/uploads\/2012\/05\/Kirche-Dipperz.jpg\" alt=\"Kirche Dipperz\" class=\"wp-image-56\" width=\"301\" height=\"464\"\/><\/a><\/figure>\n\n\n\n<p>Von Dipperz k\u00f6nnen Sie alle Ausflugsziele der Region schnell erreichen (15 Autominuten zur Barockstadt Fulda bzw. 12 km zur Wasserkuppe mit Fuldaquelle).<\/p>\n\n\n\n<figure class=\"wp-block-image alignnone is-resized\"><a href=\"http:\/\/ferien-rhoen.de\/landschaft-rhon\/friesenhausen-kl\/\" rel=\"attachment wp-att-83\"><img loading=\"lazy\" decoding=\"async\" src=\"http:\/\/ferien-rhoen.de\/wp-content\/uploads\/2013\/03\/Friesenhausen-kl.jpg\" alt=\"Friesenhausen kl\" class=\"wp-image-83\" width=\"507\" height=\"364\"\/><\/a><figcaption class=\"wp-element-caption\">Erholungsort Friesenhausen mit Feriendorf Rh\u00f6n Residence<\/figcaption><\/figure>\n\n\n\n<p>Insbesondere in &nbsp;unserem <strong>Erholungsort Friesenhausen<\/strong><\/p>\n\n\n\n<p>mit dem Ferienpark Rh\u00f6n Residence finden Sie erholsame, genussreiche und sportliche Stunden f\u00fcr Gro\u00df und Klein in Ferienh\u00e4usern, Ferienwohnungen, Pensionen und Hotel.&nbsp; Aber auch besondere Erlebnisse auf dem Bauernhof oder einem Pferdehof k\u00f6nnen Sie in Dipperz erleben.<\/p>\n\n\n\n<p>Lassen Sie sich \u00fcberraschen von der Vielzahl der angebotenen M\u00f6glichkeiten.<\/p>\n\n\n\n<p><a title=\"Willkommen in Dipperz \/ Rh\u00f6n\" href=\"http:\/\/ferien-rhoen.de\/willkommen-in-dipperz-rhon\/\">Willkommen in Dipperz<\/a><\/p>\n\n\n\n<figure class=\"wp-block-image size-large is-resized\"><img loading=\"lazy\" decoding=\"async\" src=\"http:\/\/rhoenklub-dipperz.de\/wp-content\/uploads\/2023\/04\/18128369-9186-40F6-AB90-74981DD536F4_1_105_c-1024x683.jpeg\" alt=\"\" class=\"wp-image-1439\" width=\"872\" height=\"579\"\/><\/figure>\n\n\n\n<p><a title=\"Willkommen in der Rh\u00f6n\" href=\"http:\/\/ferien-rhoen.de\/willkommen-in-der-rhon\/\">Willkommen in der Rh\u00f6n<\/a><br><iframe loading=\"lazy\" src=\"http:\/\/maps.google.de\/maps?f=q&amp;source=s_q&amp;hl=de&amp;geocode=&amp;q=dipperz&amp;aq=&amp;sll=51.175806,10.454119&amp;sspn=10.614344,28.54248&amp;ie=UTF8&amp;hq=&amp;hnear=Dipperz,+Kassel,+Hessen&amp;t=m&amp;ll=50.568847,9.793625&amp;spn=0.152643,0.291824&amp;z=11&amp;iwloc=A&amp;output=embed\" width=\"425\" height=\"350\" frameborder=\"0\" marginwidth=\"0\" marginheight=\"0\" scrolling=\"no\"><\/iframe><br><small><a style=\"color: #0000ff; text-align: left;\" href=\"http:\/\/maps.google.de\/maps?f=q&amp;source=embed&amp;hl=de&amp;geocode=&amp;q=dipperz&amp;aq=&amp;sll=51.175806,10.454119&amp;sspn=10.614344,28.54248&amp;ie=UTF8&amp;hq=&amp;hnear=Dipperz,+Kassel,+Hessen&amp;t=m&amp;ll=50.568847,9.793625&amp;spn=0.152643,0.291824&amp;z=11&amp;iwloc=A\">Gr\u00f6\u00dfere Kartenansicht<\/a><\/small><\/p>\n","protected":false},"excerpt":{"rendered":"<p>Wir werden Ihnen die Vielseitigkeit der Rh\u00f6n, das Angebot der Gemeinde und die Angebote der vielen&nbsp;Ausflugsziele durch Beschreibung und Links n\u00e4her&nbsp;bringen. Die Gemeinde Dipperz mit 3.600 Einwohnern liegt &#8220; als Tor zur Rh\u00f6n &#8220; im sch\u00f6nsten Teil der hess. Rh\u00f6n, einem Biosph\u00e4renreservat der UNESCO. Von Dipperz k\u00f6nnen Sie alle Ausflugsziele der Region schnell erreichen (15 &hellip; <a href=\"https:\/\/rhoenklub-dipperz.de\/index.php\/die-landschaft\/\" class=\"more-link\"><span class=\"screen-reader-text\">Die Landschaft<\/span> weiterlesen <span class=\"meta-nav\">&rarr;<\/span><\/a><\/p>\n","protected":false},"author":1,"featured_media":0,"parent":0,"menu_order":0,"comment_status":"closed","ping_status":"closed","template":"","meta":{"ngg_post_thumbnail":0,"footnotes":""},"class_list":["post-57","page","type-page","status-publish","hentry"],"_links":{"self":[{"href":"https:\/\/rhoenklub-dipperz.de\/index.php\/wp-json\/wp\/v2\/pages\/57","targetHints":{"allow":["GET"]}}],"collection":[{"href":"https:\/\/rhoenklub-dipperz.de\/index.php\/wp-json\/wp\/v2\/pages"}],"about":[{"href":"https:\/\/rhoenklub-dipperz.de\/index.php\/wp-json\/wp\/v2\/types\/page"}],"author":[{"embeddable":true,"href":"https:\/\/rhoenklub-dipperz.de\/index.php\/wp-json\/wp\/v2\/users\/1"}],"replies":[{"embeddable":true,"href":"https:\/\/rhoenklub-dipperz.de\/index.php\/wp-json\/wp\/v2\/comments?post=57"}],"version-history":[{"count":0,"href":"https:\/\/rhoenklub-dipperz.de\/index.php\/wp-json\/wp\/v2\/pages\/57\/revisions"}],"wp:attachment":[{"href":"https:\/\/rhoenklub-dipperz.de\/index.php\/wp-json\/wp\/v2\/media?parent=57"}],"curies":[{"name":"wp","href":"https:\/\/api.w.org\/{rel}","templated":true}]}}