{"id":59,"date":"2017-02-10T12:31:26","date_gmt":"2017-02-10T11:31:26","guid":{"rendered":"http:\/\/rhoenklub-dipperz.de\/?page_id=59"},"modified":"2017-02-21T11:44:59","modified_gmt":"2017-02-21T10:44:59","slug":"willkommen-in-der-rhoen","status":"publish","type":"page","link":"https:\/\/rhoenklub-dipperz.de\/index.php\/willkommen-in-der-rhoen\/","title":{"rendered":"Willkommen in der Rh\u00f6n"},"content":{"rendered":"<p>Die <strong>Rh\u00f6n<\/strong> ist eine einmalig sch\u00f6ne Mittelgebirgslandschaft und wird auch als \u201cLand der offenen Fernen\u201d bezeichnet. Sie liegt mitten in Deutschland im Dreil\u00e4ndereck Hessen, Th\u00fcringen und Bayern. Als markante Grenzst\u00e4dte sind zu nennen die Barockstadt Fulda, das Staatsbad Bad Kissingen und die Theaterstadt Meiningen.<br \/>\nSeit 1991 ist die Rh\u00f6n ein Biosph\u00e4renreservat der UNESCO.<br \/>\n<a href=\"http:\/\/ferien-rhoen.de\/landschaft-rhon\/olympus-digital-camera-5\/\" rel=\"attachment wp-att-119\"><img loading=\"lazy\" decoding=\"async\" class=\" wp-image-119\" title=\"Blick von Friesenhausen auf die Wasserkuppe\" src=\"http:\/\/ferien-rhoen.de\/wp-content\/uploads\/2013\/03\/P6110421.jpg\" alt=\"OLYMPUS DIGITAL CAMERA\" height=\"960\" width=\"1280\"><\/a>Die unvergleichliche Natur und Landschaft machen die Rh\u00f6n zu einer vielseitigen Urlaubs- und Erholungsregion.<br \/>\nMit 950,2 m ist die Wasserkuppe der h\u00f6chste Berg inmitten der Rh\u00f6n. Dort befindet sich ein Segelflugzentrum, die \u00e4lteste Segelflugschule der Welt und das Deutsche Segelflugmuseum. Hier k\u00f6nnen Sie Rundfl\u00fcge mit einem Motor- oder Segelflieger unternehmen. Gleichzeitig ist es interessant, den Drachen-, Gleitschirm- und Modellfliegern zuzusehen. F\u00fcr Kinder und Erwachsene ist die Sommerbob- und -rodelbahn ein Gaudi. Auch f\u00fcr den Wintersport ist die Wasserkuppe, mit Skiliften und Loipen ideal ausger\u00fcstet.<br \/>\n<a href=\"http:\/\/ferien-rhoen.de\/landschaft-rhon\/g_pict_400_glider1\/\" rel=\"attachment wp-att-86\"><img loading=\"lazy\" decoding=\"async\" class=\"size-full wp-image-86\" src=\"http:\/\/ferien-rhoen.de\/wp-content\/uploads\/2013\/03\/g_pict_400_glider1.jpeg\" alt=\"g_pict_400_glider[1]\" height=\"234\" width=\"400\"><\/a><br \/>\nMit ca. 7000 km markierten Rund- und Fernwanderwegen bietet die Rh\u00f6n eine Vielzahl naturkundlich unterschiedlicher Ansichten.<br \/>\nViele beliebte Ausflugsziele finden sich hier, wie Berge, Burgen, Ruinen, Moore und vieles mehr. Zu den bekanntesten Bergen der Rh\u00f6n z\u00e4hlen: Milseburg, Kreuzberg, Heidelstein, Wasserkuppe, Stirnberg, Gebaberg, Himmeldunk, Dammersfeldkuppe.<br \/>\n<figure id=\"attachment_137\" aria-describedby=\"caption-attachment-137\" style=\"width: 640px\" class=\"wp-caption alignnone\"><a href=\"http:\/\/ferien-rhoen.de\/ferienhauser-wohnungen\/362034_1_wasserkuppe1\/\" rel=\"attachment wp-att-137\"><img loading=\"lazy\" decoding=\"async\" class=\"size-full wp-image-137\" src=\"http:\/\/ferien-rhoen.de\/wp-content\/uploads\/2013\/03\/362034_1_wasserkuppe1.jpg\" alt=\"Wasserkuppe\" height=\"480\" width=\"640\"><\/a><figcaption id=\"caption-attachment-137\" class=\"wp-caption-text\">Wasserkuppe<\/figcaption><\/figure><br \/>\nBekannte Ausflugsziele sind auch Drei-L\u00e4nder-Eck, Rotes Moor, Schwarzes Moor, Point Alpha (ehem. US-Grenzstation), Kloster Kreuzberg, das B\u00e4derdreieck Bad Kissingen &#8211; Br\u00fcckenau &#8211; Bocklet, Bad Salzungen, die Museumd\u00f6rfer Tann und Fladungen und als Highlight die Barockstadt Fulda mit Dom, Stadtschloss, Museen und Altstadt.<br \/>\n<figure id=\"attachment_142\" aria-describedby=\"caption-attachment-142\" style=\"width: 2048px\" class=\"wp-caption alignnone\"><a href=\"http:\/\/ferien-rhoen.de\/ferienhauser-wohnungen\/imm025\/\" rel=\"attachment wp-att-142\"><img loading=\"lazy\" decoding=\"async\" class=\"size-full wp-image-142\" src=\"http:\/\/ferien-rhoen.de\/wp-content\/uploads\/2013\/03\/imm025.jpg\" alt=\"Fulda mit Dom und Micheliskirche \" height=\"1365\" width=\"2048\"><\/a><figcaption id=\"caption-attachment-142\" class=\"wp-caption-text\">Fulda mit Dom und Micheliskirche<\/figcaption><\/figure><\/p>\n<p>F\u00fcr Motorrad- und Autofahrer ist eine Fahrt \u00fcber die Hochrh\u00f6nstrasse und den Hochrh\u00f6nring ein besonderes Erlebnis.<\/p>\n<p>&nbsp;<\/p>\n<p>Ausflugszielbeschreibungen \u00fcber Link aus Wikipedia:<\/p>\n<table>\n<tbody>\n<tr>\n<td width=\"185\" valign=\"top\">\n<ul>\n<li><a title=\"Schloss Aschach (Bad Bocklet)\" href=\"http:\/\/de.wikipedia.org\/wiki\/Schloss_Aschach_(Bad_Bocklet)\" target=\"_blank\">Schloss Aschach<\/a><\/li>\n<li><a title=\"Ruine Auersburg\" href=\"http:\/\/de.wikipedia.org\/wiki\/Ruine_Auersburg\" target=\"_blank\">Ruine Auersburg<\/a> bei Hilders<\/li>\n<li><a title=\"Burg Ebersburg\" href=\"http:\/\/de.wikipedia.org\/wiki\/Burg_Ebersburg\" target=\"_blank\">Burgruine Ebersburg<\/a><\/li>\n<li><a title=\"Schloss Fasanerie (Eichenzell)\" href=\"http:\/\/de.wikipedia.org\/wiki\/Schloss_Fasanerie_(Eichenzell)\" target=\"_blank\">Schloss Fasanerie<\/a><\/li>\n<li><a title=\"Rotes Moor\" href=\"http:\/\/de.wikipedia.org\/wiki\/Rotes_Moor\" target=\"_blank\">Rotes Moor<\/a><\/li>\n<li><a title=\"Schwarzes Moor\" href=\"http:\/\/de.wikipedia.org\/wiki\/Schwarzes_Moor\" target=\"_blank\">Schwarzes Moor<\/a><\/li>\n<li><a title=\"Kloster Kreuzberg\" href=\"http:\/\/de.wikipedia.org\/wiki\/Kloster_Kreuzberg\" target=\"_blank\">Kloster Kreuzberg<\/a><\/li>\n<li><a title=\"Wasserkuppe\" href=\"http:\/\/de.wikipedia.org\/wiki\/Wasserkuppe\" target=\"_blank\">Wasserkuppe<\/a><\/li>\n<li><a title=\"Point Alpha\" href=\"http:\/\/de.wikipedia.org\/wiki\/Point_Alpha\" target=\"_blank\">Point Alpha<\/a><\/li>\n<\/ul>\n<p>&nbsp;<\/td>\n<td width=\"185\" valign=\"top\">\n<ul>\n<li><a title=\"Burg Hauneck\" href=\"http:\/\/de.wikipedia.org\/wiki\/Burg_Hauneck\" target=\"_blank\">Burgruine Hauneck<\/a><\/li>\n<li><a title=\"Ostheim v.d.Rh\u00f6n\" href=\"http:\/\/de.wikipedia.org\/wiki\/Ostheim_v.d.Rh%C3%B6n#Sehensw.C3.BCrdigkeiten\" target=\"_blank\">Kirchenburg Ostheim<\/a><\/li>\n<li><a title=\"Schloss Landsberg (Meiningen)\" href=\"http:\/\/de.wikipedia.org\/wiki\/Schloss_Landsberg_(Meiningen)\" target=\"_blank\">Schloss Landsberg<\/a><\/li>\n<li><a title=\"Michelskapelle (M\u00fcnnerstadt) (Seite nicht vorhanden)\" href=\"http:\/\/de.wikipedia.org\/w\/index.php?title=Michelskapelle_(M%C3%BCnnerstadt)&amp;action=edit&amp;redlink=1\" target=\"_blank\">Michelskapelle (M\u00fcnnerstadt)<\/a><\/li>\n<li><a href=\"http:\/\/de.wikipedia.org\/wiki\/Fuldaer_Dom\" target=\"_blank\">Dom Fulda<\/a><\/li>\n<li><a href=\"http:\/\/de.wikipedia.org\/wiki\/Fulda\" target=\"_blank\">Stadt Fulda<\/a><\/li>\n<li><a href=\"http:\/\/de.wikipedia.org\/wiki\/Michaelskirche_(Fulda)\" target=\"_blank\">Michaelskirche Fulda<\/a><\/li>\n<li><a href=\"http:\/\/www.dfm-fulda.de\" target=\"_blank\">Feuerwehrmuseum<\/a><\/li>\n<\/ul>\n<p>&nbsp;<\/p>\n<p>&nbsp;<\/td>\n<td width=\"185\" valign=\"top\">\n<ul>\n<li><a title=\"Oppidum Milseburg\" href=\"http:\/\/de.wikipedia.org\/wiki\/Oppidum_Milseburg\" target=\"_blank\">Oppidum Milseburg<\/a><\/li>\n<li><a title=\"Rotes Moor\" href=\"http:\/\/de.wikipedia.org\/wiki\/Rotes_Moor#W.C3.BCstung_Mohrdorf\" target=\"_blank\">W\u00fcstung Moordorf<\/a><\/li>\n<li><a title=\"Schloss Saaleck\" href=\"http:\/\/de.wikipedia.org\/wiki\/Schloss_Saaleck\" target=\"_blank\">Schloss Saaleck<\/a><\/li>\n<li><a title=\"Burg Schildeck\" href=\"http:\/\/de.wikipedia.org\/wiki\/Burg_Schildeck\" target=\"_blank\">Ruine Schildeck<\/a><\/li>\n<li><a title=\"Schwedenschanze (Rh\u00f6n)\" href=\"http:\/\/de.wikipedia.org\/wiki\/Schwedenschanze_(Rh%C3%B6n)\" target=\"_blank\">Schwedenschanze<\/a><\/li>\n<li><a title=\"Tann (Rh\u00f6n)\" href=\"http:\/\/de.wikipedia.org\/wiki\/Tann_(Rh%C3%B6n)#Bauwerke\" target=\"_blank\">Schlossanlage Tann<\/a><\/li>\n<li><a href=\"http:\/\/freilandmuseum-fladungen.de\/de\/home\" target=\"_blank\">Museumsdorf Fladungen<\/a><\/li>\n<li><a href=\"http:\/\/de.wikipedia.org\/wiki\/Steinwand_(Rh%C3%B6n)\" target=\"_blank\">Steinwand<\/a><\/li>\n<\/ul>\n<p>&nbsp;<\/td>\n<\/tr>\n<\/tbody>\n<\/table>\n<div>&nbsp;<\/div>\n","protected":false},"excerpt":{"rendered":"<p>Die Rh\u00f6n ist eine einmalig sch\u00f6ne Mittelgebirgslandschaft und wird auch als \u201cLand der offenen Fernen\u201d bezeichnet. Sie liegt mitten in Deutschland im Dreil\u00e4ndereck Hessen, Th\u00fcringen und Bayern. Als markante Grenzst\u00e4dte sind zu nennen die Barockstadt Fulda, das Staatsbad Bad Kissingen und die Theaterstadt Meiningen. Seit 1991 ist die Rh\u00f6n ein Biosph\u00e4renreservat der UNESCO. Die unvergleichliche &hellip; <a href=\"https:\/\/rhoenklub-dipperz.de\/index.php\/willkommen-in-der-rhoen\/\" class=\"more-link\"><span class=\"screen-reader-text\">Willkommen in der Rh\u00f6n<\/span> weiterlesen <span class=\"meta-nav\">&rarr;<\/span><\/a><\/p>\n","protected":false},"author":1,"featured_media":0,"parent":0,"menu_order":0,"comment_status":"closed","ping_status":"closed","template":"","meta":{"ngg_post_thumbnail":0,"footnotes":""},"class_list":["post-59","page","type-page","status-publish","hentry"],"_links":{"self":[{"href":"https:\/\/rhoenklub-dipperz.de\/index.php\/wp-json\/wp\/v2\/pages\/59","targetHints":{"allow":["GET"]}}],"collection":[{"href":"https:\/\/rhoenklub-dipperz.de\/index.php\/wp-json\/wp\/v2\/pages"}],"about":[{"href":"https:\/\/rhoenklub-dipperz.de\/index.php\/wp-json\/wp\/v2\/types\/page"}],"author":[{"embeddable":true,"href":"https:\/\/rhoenklub-dipperz.de\/index.php\/wp-json\/wp\/v2\/users\/1"}],"replies":[{"embeddable":true,"href":"https:\/\/rhoenklub-dipperz.de\/index.php\/wp-json\/wp\/v2\/comments?post=59"}],"version-history":[{"count":0,"href":"https:\/\/rhoenklub-dipperz.de\/index.php\/wp-json\/wp\/v2\/pages\/59\/revisions"}],"wp:attachment":[{"href":"https:\/\/rhoenklub-dipperz.de\/index.php\/wp-json\/wp\/v2\/media?parent=59"}],"curies":[{"name":"wp","href":"https:\/\/api.w.org\/{rel}","templated":true}]}}