{"id":61,"date":"2017-02-10T12:31:41","date_gmt":"2017-02-10T11:31:41","guid":{"rendered":"http:\/\/rhoenklub-dipperz.de\/?page_id=61"},"modified":"2017-02-13T14:22:06","modified_gmt":"2017-02-13T13:22:06","slug":"willkommen-in-dipperz","status":"publish","type":"page","link":"https:\/\/rhoenklub-dipperz.de\/index.php\/willkommen-in-dipperz\/","title":{"rendered":"Willkommen in Dipperz"},"content":{"rendered":"<p><span style=\"color: #000000;\"><strong>Dipperz, das Tor zur Rh\u00f6n<\/strong><\/span>, ist ein Erlebnis zwischen der Barockstadt Fulda und dem Naturpark hessische Rh\u00f6n mit der Wasserkuppe (Skiparadies, Motor-, Segel-, Drachen- und Modellflugzentrum sowie Sommerbob- und -rodelbahn).<\/p>\n<p>Wiesen und Weiden, Felder und Matten, ein freier, unverstellter Blick und das einzigartige Panorama der Hochrh\u00f6n, all das erwartet Sie in dem malerischen Ort Dipperz mit seinen Ortsteilen Armenhof, D\u00f6rmbach, Finkenhain, Friesenhausen, Kohlgrund, Wisselsrod und Wolferts.<\/p>\n<figure id=\"attachment_150\" aria-describedby=\"caption-attachment-150\" style=\"width: 503px\" class=\"wp-caption alignnone\"><a href=\"http:\/\/ferien-rhoen.de\/urlaub-auf-dem-bauernhof\/friesenhausen2\/\" rel=\"attachment wp-att-150\"><img loading=\"lazy\" decoding=\"async\" class=\"size-full wp-image-150 \" src=\"http:\/\/ferien-rhoen.de\/wp-content\/uploads\/2013\/03\/friesenhausen2.jpg\" alt=\"friesenhausen2\" width=\"503\" height=\"377\" \/><\/a><figcaption id=\"caption-attachment-150\" class=\"wp-caption-text\">Erholungsort Dipperz-Friesenhausen<\/figcaption><\/figure>\n<p>&nbsp;<\/p>\n<p>Gerade 12 km von dem kulturellen Zentrum der Region, der Barockstadt Fulda, entfernt, befinden sich die idyllisch gelegenen Ortschaften, die sich zwischen Vorder- und Kuppenrh\u00f6n harmonisch einf\u00fcgen. Schon fr\u00fchzeitig wurde die Gegend besiedelt. So wird das \u00e4lteste Dorf Friesenhausen bereits 824 in der Karlmannschenkung an das Kloster Fulda urkundlich erw\u00e4hnt. Dipperz hat im Wappen das Stiftskreuz und weist damit auf die enge Verbindung mit dem Hochstift Fulda hin; die Dreschflegel erinnern an die Bauernkriege und die landwirtschaftliche Struktur.<a href=\"http:\/\/ferien-rhoen.de\/ferienhauser-wohnungen\/attachment\/13501262769967\/\" rel=\"attachment wp-att-139\"><img loading=\"lazy\" decoding=\"async\" class=\"alignnone size-full wp-image-139\" src=\"http:\/\/ferien-rhoen.de\/wp-content\/uploads\/2013\/03\/13501262769967.jpg\" alt=\"13501262769967\" width=\"160\" height=\"120\" \/><\/a><\/p>\n<p>Heute ist Dipperz eine aufstrebende Gemeinde (345 &#8211; 580 M \u00fc. NN) mit \u00fcber 3.500 Einwohnern auf einer Fl\u00e4che von 3.030 ha, welche wegen der nat\u00fcrlichen Umgebung, einer fast unber\u00fchrten Natur und einem besonders reizmilden Mittelgebirgsklima zu dem von der UNESCO als Biosph\u00e4renreservat Rh\u00f6n erkl\u00e4rten Gebiet geh\u00f6rt.<\/p>\n<p>In dieser Landschaft k\u00f6nnen Wanderer, Naturfreunde, Gesundheitsbewu\u00dfte und alle Ruhesuchenden stressfreie Erholung genie\u00dfen.<\/p>\n<p><a href=\"http:\/\/ferien-rhoen.de\/landschaft-rhon\/haeuser021\/\" rel=\"attachment wp-att-88\"><img loading=\"lazy\" decoding=\"async\" class=\"alignnone size-full wp-image-88\" src=\"http:\/\/ferien-rhoen.de\/wp-content\/uploads\/2013\/03\/Haeuser021.jpg\" alt=\"Haeuser02[1]\" width=\"266\" height=\"180\" \/><\/a>Besonders auch Familien mit Kindern sch\u00e4tzen den Freiraum zum Spielen. Das ausgedehnte Wanderwege- und Radtourennetz erm\u00f6glicht sowohl dem kleinen als auch dem gro\u00dfen Gast, das &#8222;Land der offenen Fernen&#8220; n\u00e4her kennen zu lernen.<\/p>\n<p>Auch andere Natur- und Kulturst\u00e4tten sind von Dipperz aus schnell zu erreichen. Neben den Museumsd\u00f6rfern Tann und Fladungen bieten das K\u00fcnstlerdorf Kleinsassen, die Milseburg und die Ebersburg, der Kreuzberg (hl. Berg der Franken mit Klosterbier), Schloss Fasanerie (Hessens sch\u00f6nstes Barockschloss), das Stadtschloss Fulda und der Dom mit Barockviertel, das Feuerwehrmuseum, der Guckaisee und das Rote und Schwarze Moor sowie die Naturparkeinrichtungen der th\u00fcringischen und bayerischen Rh\u00f6n eine besondere Abwechslung.<\/p>\n<p>\u00dcber die <a title=\"Infolinks\" href=\"http:\/\/ferien-rhoen.de\/infolinks\/\" target=\"_blank\">Linkangebote<\/a> k\u00f6nnen Sie sich nach Ihren Interessen umfangreich informieren.<\/p>\n<p><a href=\"http:\/\/ferien-rhoen.de\/landschaft-rhon\/dscf0486\/\" rel=\"attachment wp-att-121\"><img loading=\"lazy\" decoding=\"async\" class=\"alignnone size-full wp-image-121\" src=\"http:\/\/ferien-rhoen.de\/wp-content\/uploads\/2013\/03\/DSCF0486.jpg\" alt=\"DSCF0486\" width=\"2848\" height=\"2136\" \/><\/a><\/p>\n<p>&nbsp;<\/p>\n<p>&nbsp;<\/p>\n","protected":false},"excerpt":{"rendered":"<p>Dipperz, das Tor zur Rh\u00f6n, ist ein Erlebnis zwischen der Barockstadt Fulda und dem Naturpark hessische Rh\u00f6n mit der Wasserkuppe (Skiparadies, Motor-, Segel-, Drachen- und Modellflugzentrum sowie Sommerbob- und -rodelbahn). Wiesen und Weiden, Felder und Matten, ein freier, unverstellter Blick und das einzigartige Panorama der Hochrh\u00f6n, all das erwartet Sie in dem malerischen Ort Dipperz &hellip; <a href=\"https:\/\/rhoenklub-dipperz.de\/index.php\/willkommen-in-dipperz\/\" class=\"more-link\"><span class=\"screen-reader-text\">Willkommen in Dipperz<\/span> weiterlesen <span class=\"meta-nav\">&rarr;<\/span><\/a><\/p>\n","protected":false},"author":1,"featured_media":0,"parent":0,"menu_order":0,"comment_status":"closed","ping_status":"closed","template":"","meta":{"ngg_post_thumbnail":0,"footnotes":""},"class_list":["post-61","page","type-page","status-publish","hentry"],"_links":{"self":[{"href":"https:\/\/rhoenklub-dipperz.de\/index.php\/wp-json\/wp\/v2\/pages\/61","targetHints":{"allow":["GET"]}}],"collection":[{"href":"https:\/\/rhoenklub-dipperz.de\/index.php\/wp-json\/wp\/v2\/pages"}],"about":[{"href":"https:\/\/rhoenklub-dipperz.de\/index.php\/wp-json\/wp\/v2\/types\/page"}],"author":[{"embeddable":true,"href":"https:\/\/rhoenklub-dipperz.de\/index.php\/wp-json\/wp\/v2\/users\/1"}],"replies":[{"embeddable":true,"href":"https:\/\/rhoenklub-dipperz.de\/index.php\/wp-json\/wp\/v2\/comments?post=61"}],"version-history":[{"count":0,"href":"https:\/\/rhoenklub-dipperz.de\/index.php\/wp-json\/wp\/v2\/pages\/61\/revisions"}],"wp:attachment":[{"href":"https:\/\/rhoenklub-dipperz.de\/index.php\/wp-json\/wp\/v2\/media?parent=61"}],"curies":[{"name":"wp","href":"https:\/\/api.w.org\/{rel}","templated":true}]}}