{"id":63,"date":"2017-02-10T12:32:01","date_gmt":"2017-02-10T11:32:01","guid":{"rendered":"http:\/\/rhoenklub-dipperz.de\/?page_id=63"},"modified":"2017-02-19T12:37:25","modified_gmt":"2017-02-19T11:37:25","slug":"wanderwege","status":"publish","type":"page","link":"https:\/\/rhoenklub-dipperz.de\/index.php\/wanderwege\/","title":{"rendered":"Wanderwege"},"content":{"rendered":"<p>Lieber Wanderfreund!<\/p>\n<p>Auf geht&#8217;s.&nbsp; Suchen Sie sich eine Strecke um Dipperz oder in der Rh\u00f6n aus und genie\u00dfen Sie die sch\u00f6ne, Landschaft, die klare Luft und die Ruhe im <a href=\"http:\/\/biosphaerenreservat-rhoen.de\/\" target=\"_blank\">UNESCO-Biosph\u00e4renreservat Rh\u00f6n.<\/a><\/p>\n<p>Weitere Informationen \u00fcber Wanderwege erhalten Sie auch in dem Portal&nbsp;&nbsp; <a href=\"https:\/\/www.rhoenfuehrer.de\/suche\/Dipperz\" target=\"_blank\">www.rhoenfuehrer.de&nbsp;<\/a> unter Aktivit\u00e4ten nach Orten sortiert.<\/p>\n","protected":false},"excerpt":{"rendered":"<p>Lieber Wanderfreund! Auf geht&#8217;s.&nbsp; Suchen Sie sich eine Strecke um Dipperz oder in der Rh\u00f6n aus und genie\u00dfen Sie die sch\u00f6ne, Landschaft, die klare Luft und die Ruhe im UNESCO-Biosph\u00e4renreservat Rh\u00f6n. Weitere Informationen \u00fcber Wanderwege erhalten Sie auch in dem Portal&nbsp;&nbsp; www.rhoenfuehrer.de&nbsp; unter Aktivit\u00e4ten nach Orten sortiert.<\/p>\n","protected":false},"author":1,"featured_media":0,"parent":0,"menu_order":0,"comment_status":"closed","ping_status":"closed","template":"","meta":{"ngg_post_thumbnail":0,"footnotes":""},"class_list":["post-63","page","type-page","status-publish","hentry"],"_links":{"self":[{"href":"https:\/\/rhoenklub-dipperz.de\/index.php\/wp-json\/wp\/v2\/pages\/63","targetHints":{"allow":["GET"]}}],"collection":[{"href":"https:\/\/rhoenklub-dipperz.de\/index.php\/wp-json\/wp\/v2\/pages"}],"about":[{"href":"https:\/\/rhoenklub-dipperz.de\/index.php\/wp-json\/wp\/v2\/types\/page"}],"author":[{"embeddable":true,"href":"https:\/\/rhoenklub-dipperz.de\/index.php\/wp-json\/wp\/v2\/users\/1"}],"replies":[{"embeddable":true,"href":"https:\/\/rhoenklub-dipperz.de\/index.php\/wp-json\/wp\/v2\/comments?post=63"}],"version-history":[{"count":0,"href":"https:\/\/rhoenklub-dipperz.de\/index.php\/wp-json\/wp\/v2\/pages\/63\/revisions"}],"wp:attachment":[{"href":"https:\/\/rhoenklub-dipperz.de\/index.php\/wp-json\/wp\/v2\/media?parent=63"}],"curies":[{"name":"wp","href":"https:\/\/api.w.org\/{rel}","templated":true}]}}