{"id":709,"date":"2017-03-06T18:46:35","date_gmt":"2017-03-06T17:46:35","guid":{"rendered":"http:\/\/rhoenklub-dipperz.de\/?page_id=709"},"modified":"2017-03-06T18:46:35","modified_gmt":"2017-03-06T17:46:35","slug":"fruechteteppich-sargenzell","status":"publish","type":"page","link":"https:\/\/rhoenklub-dipperz.de\/index.php\/fruechteteppich-sargenzell\/","title":{"rendered":"Fr\u00fcchteteppich Sargenzell"},"content":{"rendered":"<p><strong>Rh\u00f6nklub &#8211; Senioren besuchten Fr\u00fcchteteppich von Sargenzell<\/strong><\/p>\n<p>Die Monatswanderung im Oktober 2010 f\u00fchrte an einem goldenen Herbsttag 29 Seniorinnen und Senioren des Dipperzer Rh\u00f6nklub zum Fr\u00fcchteteppich nach Sargenzell.<img loading=\"lazy\" decoding=\"async\" class=\"alignleft wp-image-707\" src=\"http:\/\/rhoenklub-dipperz.de\/wp-content\/uploads\/2017\/03\/23-7-300x225.jpg\" height=\"225\" width=\"300\" srcset=\"https:\/\/rhoenklub-dipperz.de\/wp-content\/uploads\/2017\/03\/23-7-300x225.jpg 300w, https:\/\/rhoenklub-dipperz.de\/wp-content\/uploads\/2017\/03\/23-7-768x576.jpg 768w, https:\/\/rhoenklub-dipperz.de\/wp-content\/uploads\/2017\/03\/23-7-1024x768.jpg 1024w, https:\/\/rhoenklub-dipperz.de\/wp-content\/uploads\/2017\/03\/23-7.jpg 1600w\" sizes=\"auto, (max-width: 300px) 100vw, 300px\" \/> Die Idee und F\u00fchrung hierf\u00fcr hatte das Vorstandsmitglied Friedel Barthelmes. Zahlreiche Besucher aus nah und fern hatten sich an diesem Nachmittag schon dort eingefunden, um das Kunstwerk zu besichtigen. Um 14.00 Uhr wurden wir von einer F\u00fchrerin in der dortigen alten Kirche erwartet und begr\u00fc\u00dft. In beeindruckender Weise vermittelte sie&nbsp; uns die einzelnen&nbsp; Arbeitsschritte zu der Darstellung sowie auch dessen Inhalt. Bei dem 23. Sargenzeller Fr\u00fcchteteppich handelt es sich heuer um das nachgebildete Gem\u00e4lde des Malers&nbsp; Antonia Ciseri (1821-1891) mit dem Namen \u201eEcce Homo \u2013 Seht, da ist der Mensch\u201c&nbsp; <img loading=\"lazy\" decoding=\"async\" class=\"alignright wp-image-706\" src=\"http:\/\/rhoenklub-dipperz.de\/wp-content\/uploads\/2017\/03\/23-2-300x225.jpg\" height=\"225\" width=\"300\" srcset=\"https:\/\/rhoenklub-dipperz.de\/wp-content\/uploads\/2017\/03\/23-2-300x225.jpg 300w, https:\/\/rhoenklub-dipperz.de\/wp-content\/uploads\/2017\/03\/23-2-768x576.jpg 768w, https:\/\/rhoenklub-dipperz.de\/wp-content\/uploads\/2017\/03\/23-2-1024x768.jpg 1024w, https:\/\/rhoenklub-dipperz.de\/wp-content\/uploads\/2017\/03\/23-2.jpg 1280w\" sizes=\"auto, (max-width: 300px) 100vw, 300px\" \/>Das christliche Gem\u00e4lde zeigt den Palast des Pilatus und im Hintergrund einen Teil von Jerusalem. Im Vordergrund erscheinen eine aufgebrachte Menschenmenge, Pilatus und der mit Dornen gekr\u00f6nte Jesus. Die Besucher sind begeistert von dem Motiv und dessen tiefen Bedeutung. Die F\u00fchrerin erkl\u00e4rt auch das Zustandekommen des Kunstwerkes. Auf Spanplatten werden zun\u00e4chst die Konturen von der K\u00fcnstlerin Ria Noll vorgezeichnet und anschlie\u00dfend mit K\u00f6rnern aufgeklebt. Sp\u00e4ter berieseln unter Anleitung der K\u00fcnstlerin zahlreiche Helfer St\u00fcck f\u00fcr St\u00fcck die unz\u00e4hligen Fl\u00e4chen mit Samenk\u00f6rnern aus der ganzen Welt. Man kann erahnen, dass die Herstellung dieses Bildnisses einen erheblichen Zeit- und Arbeitsaufwand sowie viel Geduld und Geschick erfordert, welches in selbstloser und ehrenamtlicher Weise durch viele Sargenzeller B\u00fcrgerinnen und B\u00fcrger geleistet wird.<img loading=\"lazy\" decoding=\"async\" class=\"aligncenter wp-image-708\" src=\"http:\/\/rhoenklub-dipperz.de\/wp-content\/uploads\/2017\/03\/23-8-1024x768.jpg\" height=\"356\" width=\"474\" srcset=\"https:\/\/rhoenklub-dipperz.de\/wp-content\/uploads\/2017\/03\/23-8-1024x768.jpg 1024w, https:\/\/rhoenklub-dipperz.de\/wp-content\/uploads\/2017\/03\/23-8-300x225.jpg 300w, https:\/\/rhoenklub-dipperz.de\/wp-content\/uploads\/2017\/03\/23-8-768x576.jpg 768w, https:\/\/rhoenklub-dipperz.de\/wp-content\/uploads\/2017\/03\/23-8.jpg 1600w\" sizes=\"auto, (max-width: 474px) 100vw, 474px\" \/><\/p>\n<p>Nach dem Besuch des Fr\u00fcchteteppichs erfolgt eine Wanderung durch die vom Ackerbau bestimmte Flur von Sargenzell, bevor noch ein Besuch der neuen modernen Kirche abgestattet wird.<\/p>\n<p>Ein Blick auf die Uhr verr\u00e4t, dass inzwischen nun auch die nachmitt\u00e4gliche Kaffezeit angebrochen ist. In dem dortigen Gasthaus \u201eReiterhof\u201c&nbsp; erfolgt die \u00fcbliche Einkehr, wo der Geruch des Kaffe und des leckeren&nbsp; Bienenstichs uns empf\u00e4ngt.<\/p>\n","protected":false},"excerpt":{"rendered":"<p>Rh\u00f6nklub &#8211; Senioren besuchten Fr\u00fcchteteppich von Sargenzell Die Monatswanderung im Oktober 2010 f\u00fchrte an einem goldenen Herbsttag 29 Seniorinnen und Senioren des Dipperzer Rh\u00f6nklub zum Fr\u00fcchteteppich nach Sargenzell. Die Idee und F\u00fchrung hierf\u00fcr hatte das Vorstandsmitglied Friedel Barthelmes. Zahlreiche Besucher aus nah und fern hatten sich an diesem Nachmittag schon dort eingefunden, um das Kunstwerk &hellip; <a href=\"https:\/\/rhoenklub-dipperz.de\/index.php\/fruechteteppich-sargenzell\/\" class=\"more-link\"><span class=\"screen-reader-text\">Fr\u00fcchteteppich Sargenzell<\/span> weiterlesen <span class=\"meta-nav\">&rarr;<\/span><\/a><\/p>\n","protected":false},"author":2,"featured_media":0,"parent":0,"menu_order":0,"comment_status":"closed","ping_status":"closed","template":"","meta":{"ngg_post_thumbnail":0,"footnotes":""},"class_list":["post-709","page","type-page","status-publish","hentry"],"_links":{"self":[{"href":"https:\/\/rhoenklub-dipperz.de\/index.php\/wp-json\/wp\/v2\/pages\/709","targetHints":{"allow":["GET"]}}],"collection":[{"href":"https:\/\/rhoenklub-dipperz.de\/index.php\/wp-json\/wp\/v2\/pages"}],"about":[{"href":"https:\/\/rhoenklub-dipperz.de\/index.php\/wp-json\/wp\/v2\/types\/page"}],"author":[{"embeddable":true,"href":"https:\/\/rhoenklub-dipperz.de\/index.php\/wp-json\/wp\/v2\/users\/2"}],"replies":[{"embeddable":true,"href":"https:\/\/rhoenklub-dipperz.de\/index.php\/wp-json\/wp\/v2\/comments?post=709"}],"version-history":[{"count":0,"href":"https:\/\/rhoenklub-dipperz.de\/index.php\/wp-json\/wp\/v2\/pages\/709\/revisions"}],"wp:attachment":[{"href":"https:\/\/rhoenklub-dipperz.de\/index.php\/wp-json\/wp\/v2\/media?parent=709"}],"curies":[{"name":"wp","href":"https:\/\/api.w.org\/{rel}","templated":true}]}}