{"id":737,"date":"2017-03-07T11:34:17","date_gmt":"2017-03-07T10:34:17","guid":{"rendered":"http:\/\/rhoenklub-dipperz.de\/?page_id=737"},"modified":"2017-03-07T11:48:18","modified_gmt":"2017-03-07T10:48:18","slug":"juedischer-friedhof-wehyers","status":"publish","type":"page","link":"https:\/\/rhoenklub-dipperz.de\/index.php\/juedischer-friedhof-wehyers\/","title":{"rendered":"J\u00fcdischer Friedhof Wehyers"},"content":{"rendered":"<p><strong>Seniorenwanderung im August <\/strong><\/p>\n<p>Zu der Augustwanderung haben sich am Donnerstag, den 12. August 2010 ,&nbsp;&nbsp; 27 Rh\u00f6nklubseniorinnen und -senioren am B\u00fcrgerhausparkplatz in Dipperz eingefunden. <img loading=\"lazy\" decoding=\"async\" class=\"alignleft wp-image-733\" src=\"http:\/\/rhoenklub-dipperz.de\/wp-content\/uploads\/2017\/03\/12-300x225.jpg\" height=\"225\" width=\"300\" srcset=\"https:\/\/rhoenklub-dipperz.de\/wp-content\/uploads\/2017\/03\/12-300x225.jpg 300w, https:\/\/rhoenklub-dipperz.de\/wp-content\/uploads\/2017\/03\/12-768x576.jpg 768w, https:\/\/rhoenklub-dipperz.de\/wp-content\/uploads\/2017\/03\/12-1024x768.jpg 1024w\" sizes=\"auto, (max-width: 300px) 100vw, 300px\" \/>Dies ist im Hinblick auf den tr\u00fcben und regnerischen Nachmittag eine sehr ansehnliche Zahl und zeigt, wie beliebt diese Monatswanderungen immer wieder sind.&nbsp;<\/p>\n<p>Auf dem Programm steht zuerst der Besuch des j\u00fcdischen Friedhofes von Weyhers. Er liegt n\u00f6rdlich des Ortes an der Stra\u00dfe von Weyhers nach Dietershausen links oberhalb der Stra\u00dfe. Das Tor ist in der Regel verschlossen. Unser Wanderf\u00fchrer Uwe M\u00e4rtin hat sich den Schl\u00fcssel beim Ortsvorsteher von Weyhers ausgeliehen. Am Eingangstor befindet sich eine Tafel auf der u. a. geschrieben steht: \u201e Gegr\u00fcndet von den F\u00fcrst\u00e4bten Fuldas f\u00fcr die Juden aus dem Amt Weyhers und Gersfeld, seit 1866 Judenfriedhof des Kreises Gersfeld \u2013 au\u00dfer dem Bezirk Tann. Auf dem Friedhof ist ein altes H\u00fcnengrab etwa 1000 vor Christus \u2013 schon fr\u00fch ausgeraubt. \u201e Eine weitere Tafel weist auf folgendes hin: \u201e Am Shabbat (Samstag) und an j\u00fcdischen Feiertagen ist der Besuch des Friedhofes nicht gestattet\u201c Das Friedhofsgel\u00e4nde umfasst eine Fl\u00e4che von 74 ar und ist eingez\u00e4unt. <img loading=\"lazy\" decoding=\"async\" class=\"aligncenter wp-image-734\" src=\"http:\/\/rhoenklub-dipperz.de\/wp-content\/uploads\/2017\/03\/06-300x225.jpg\" height=\"259\" width=\"345\" srcset=\"https:\/\/rhoenklub-dipperz.de\/wp-content\/uploads\/2017\/03\/06-300x225.jpg 300w, https:\/\/rhoenklub-dipperz.de\/wp-content\/uploads\/2017\/03\/06-768x576.jpg 768w, https:\/\/rhoenklub-dipperz.de\/wp-content\/uploads\/2017\/03\/06-1024x768.jpg 1024w\" sizes=\"auto, (max-width: 345px) 100vw, 345px\" \/>Bis 1935 waren etwa 600 Gr\u00e4ber vorhanden. Die Anlage der Gr\u00e4ber erfolgte getrennt nach M\u00e4nner- Frauen-und Kindergr\u00e4bern. Die Grabinschriften sind in der Regel hebr\u00e4isch und teilweise auch zus\u00e4tzlich in lateinischer Schrift.<\/p>\n<p>In der NS- Zeit kam es zur Abr\u00e4umung und Zerst\u00f6rung eines Teiles des Friedhofes. Alfred Gr\u00fcnspecht aus W\u00fcstensachsen schreibt in seinen Erinnerungen: \u201eAls ich einige Tage vor meiner Auswanderung&nbsp; (sc. vor November 1938) die Gr\u00e4ber meiner verstorbenen Eltern und Verwandten besuchte, fand ich die eisernen Tore wiet offen, tiefe Radspuren f\u00fchrten zu dem kleinen Basaltkegel in der Mitte des Friedhofes. Man hatte Steine gebrochen f\u00fcr den Stra\u00dfenbau.\u201c<\/p>\n<p><img loading=\"lazy\" decoding=\"async\" class=\"alignleft wp-image-743\" src=\"http:\/\/rhoenklub-dipperz.de\/wp-content\/uploads\/2017\/03\/09.2-225x300.jpg\" height=\"300\" width=\"225\" srcset=\"https:\/\/rhoenklub-dipperz.de\/wp-content\/uploads\/2017\/03\/09.2-225x300.jpg 225w, https:\/\/rhoenklub-dipperz.de\/wp-content\/uploads\/2017\/03\/09.2-768x1024.jpg 768w\" sizes=\"auto, (max-width: 225px) 100vw, 225px\" \/>Ab 1941 \u2013 nach Schlie\u00dfung des j\u00fcdischen Friedhofes in Fulda \u2013 wurden noch einige j\u00fcdische Verstorbene aus Fulda in Weyhers beerdigt. Seit dieser Zeit finden dort keine Beerdigungen mehr statt.<\/p>\n<p>Bedauerlicherweise&nbsp; wurde der Friedhof in den Jahren 2005 und 2008 gesch\u00e4ndet.<\/p>\n<p>Als n\u00e4chstes ist eine Wanderung rund um Dassen geplant. Im Hinblick darauf, dass Petrus seine Schleusen weiter offen h\u00e4lt, muss diese etwas verk\u00fcrzt werden. Sie f\u00fchrt durch die einzelnen Weiler und H\u00f6fe dieses kleinen Streudorfes in der Vorderrh\u00f6n&nbsp; zum dortigen Bauernhofcafe. In rustikaler Gem\u00fctlichkeit mit selbstgebackenen Kuchen oder einer deftigen Brotzeit, zu der unser 1. Vorsitzender Uwe M\u00e4rtin anl\u00e4sslich seines 70. Geburtstages \u00fcberraschend einl\u00e4dt, genie\u00dfen wir den gelungenen und kurzweiligen Nachmittag. <img loading=\"lazy\" decoding=\"async\" class=\"alignleft wp-image-736\" src=\"http:\/\/rhoenklub-dipperz.de\/wp-content\/uploads\/2017\/03\/16.2-300x225.jpg\" height=\"225\" width=\"300\" srcset=\"https:\/\/rhoenklub-dipperz.de\/wp-content\/uploads\/2017\/03\/16.2-300x225.jpg 300w, https:\/\/rhoenklub-dipperz.de\/wp-content\/uploads\/2017\/03\/16.2-768x576.jpg 768w, https:\/\/rhoenklub-dipperz.de\/wp-content\/uploads\/2017\/03\/16.2-1024x768.jpg 1024w\" sizes=\"auto, (max-width: 300px) 100vw, 300px\" \/>Als \u00dcberraschungsg\u00e4ste erscheinen die 2. Vorsitzende Heike Diegelmann und Wanderwart Richard Leibold mit dem Wanderwimpel und gratulieren im Namen des Vereins unserem Jubilar. In gekonnter und launiger Weise gratuliert Gertrud Wingenfeld mit einem netten pers\u00f6nlichen Gedicht unserem gesch\u00e4tzten Vorsitzenden.<\/p>\n<p>&nbsp;<\/p>\n<p>Text und Fotos: Bernhard Weber<\/p>\n","protected":false},"excerpt":{"rendered":"<p>Seniorenwanderung im August Zu der Augustwanderung haben sich am Donnerstag, den 12. August 2010 ,&nbsp;&nbsp; 27 Rh\u00f6nklubseniorinnen und -senioren am B\u00fcrgerhausparkplatz in Dipperz eingefunden. Dies ist im Hinblick auf den tr\u00fcben und regnerischen Nachmittag eine sehr ansehnliche Zahl und zeigt, wie beliebt diese Monatswanderungen immer wieder sind.&nbsp; Auf dem Programm steht zuerst der Besuch des &hellip; <a href=\"https:\/\/rhoenklub-dipperz.de\/index.php\/juedischer-friedhof-wehyers\/\" class=\"more-link\"><span class=\"screen-reader-text\">J\u00fcdischer Friedhof Wehyers<\/span> weiterlesen <span class=\"meta-nav\">&rarr;<\/span><\/a><\/p>\n","protected":false},"author":2,"featured_media":0,"parent":0,"menu_order":0,"comment_status":"closed","ping_status":"closed","template":"","meta":{"ngg_post_thumbnail":0,"footnotes":""},"class_list":["post-737","page","type-page","status-publish","hentry"],"_links":{"self":[{"href":"https:\/\/rhoenklub-dipperz.de\/index.php\/wp-json\/wp\/v2\/pages\/737","targetHints":{"allow":["GET"]}}],"collection":[{"href":"https:\/\/rhoenklub-dipperz.de\/index.php\/wp-json\/wp\/v2\/pages"}],"about":[{"href":"https:\/\/rhoenklub-dipperz.de\/index.php\/wp-json\/wp\/v2\/types\/page"}],"author":[{"embeddable":true,"href":"https:\/\/rhoenklub-dipperz.de\/index.php\/wp-json\/wp\/v2\/users\/2"}],"replies":[{"embeddable":true,"href":"https:\/\/rhoenklub-dipperz.de\/index.php\/wp-json\/wp\/v2\/comments?post=737"}],"version-history":[{"count":0,"href":"https:\/\/rhoenklub-dipperz.de\/index.php\/wp-json\/wp\/v2\/pages\/737\/revisions"}],"wp:attachment":[{"href":"https:\/\/rhoenklub-dipperz.de\/index.php\/wp-json\/wp\/v2\/media?parent=737"}],"curies":[{"name":"wp","href":"https:\/\/api.w.org\/{rel}","templated":true}]}}