{"id":754,"date":"2017-03-07T17:00:41","date_gmt":"2017-03-07T16:00:41","guid":{"rendered":"http:\/\/rhoenklub-dipperz.de\/?page_id=754"},"modified":"2017-03-07T17:07:02","modified_gmt":"2017-03-07T16:07:02","slug":"simmershausen","status":"publish","type":"page","link":"https:\/\/rhoenklub-dipperz.de\/index.php\/simmershausen\/","title":{"rendered":"Simmershausen"},"content":{"rendered":"<p><strong>Rh\u00f6nklub auf Informationstour in Simmershausen<\/strong><\/p>\n<p>Die j\u00fcngste Wanderung am vergangenen Donnerstag galt bei herrlichem Fr\u00fchlingsetter einem Besuch von Simmershausen. Heribert Stumpf langj\u00e4hriger Ortsvorstehr und ausgezeichneter Kenner des Rh\u00f6ndorfes war es zu verdanken, einiges von ihm \u00fcber die Geschichte, <img loading=\"lazy\" decoding=\"async\" class=\"alignleft wp-image-777\" src=\"http:\/\/rhoenklub-dipperz.de\/wp-content\/uploads\/2017\/03\/P4090156-200x300.jpg\" height=\"300\" width=\"200\" srcset=\"https:\/\/rhoenklub-dipperz.de\/wp-content\/uploads\/2017\/03\/P4090156-200x300.jpg 200w, https:\/\/rhoenklub-dipperz.de\/wp-content\/uploads\/2017\/03\/P4090156-768x1151.jpg 768w, https:\/\/rhoenklub-dipperz.de\/wp-content\/uploads\/2017\/03\/P4090156-683x1024.jpg 683w\" sizes=\"auto, (max-width: 200px) 100vw, 200px\" \/>die Pfarrkirche und die weiteren Sehensw\u00fcrdigkeiten anschaulich und kenntnisreich zu erfahren. So liegt der Ort eingebettet in einem herrlich flachen Seitental der Ulster und wird umgeben vom Buchschirm (745m), dem Staufelsberg (646m) und dem Auersberg als der h\u00f6chsten Erhebung mit 756 m. Simmershausen sei erstmals urkundlich im Jahre 915 erw\u00e4hnt worden und kann somit in diesem Jahr auf eine 1100-j\u00e4hrige Geschichte zur\u00fcck blicken. Die erste Station des Besuches galt der katholischen Pfarrkirche, die zwischen 1597 und 1613 auf den Fundamenten eines alten Geb\u00e4udes errichtet wurde. Sie ist Johannes dem T\u00e4ufer geweiht. 1669 habe der bekannte F\u00fcrstbischof Julius Echter aus W\u00fcrzburg Simmershausen zu einer selbst\u00e4ndigen Pfarrei erhoben. Der Kirchturm ist ein typisch spitzer &#8222;Echterturm&#8220; wie z. B. auch in Poppenhausen. Eine Kostbarkeit stellt der linke Seitenaltar dar, der von dem aus Simmershausen stammenden weit bekannten Bildhauer Johann Joseph Ke\u00dfler geschaffen wurde (Foto).<\/p>\n<p>Die geschichtlich&nbsp; politische Zugeh\u00f6rigkeit von Simmershausen weist f\u00fcr das Fuldaer Land eine Besonderheit auf. Vor der S\u00e4kularisation bis 1803 geh\u00f6rte die Gemeinde jahrhundertelang zum F\u00fcrstbistum W\u00fcrzburg und danach bis 1866 zu Bayern.<img loading=\"lazy\" decoding=\"async\" class=\"alignright wp-image-780\" src=\"http:\/\/rhoenklub-dipperz.de\/wp-content\/uploads\/2017\/03\/P4090164-300x200.jpg\" height=\"200\" width=\"300\" srcset=\"https:\/\/rhoenklub-dipperz.de\/wp-content\/uploads\/2017\/03\/P4090164-300x200.jpg 300w, https:\/\/rhoenklub-dipperz.de\/wp-content\/uploads\/2017\/03\/P4090164-768x513.jpg 768w, https:\/\/rhoenklub-dipperz.de\/wp-content\/uploads\/2017\/03\/P4090164-1024x683.jpg 1024w\" sizes=\"auto, (max-width: 300px) 100vw, 300px\" \/> Dieser territorialen Zugeh\u00f6rigkeit sei sich die Bev\u00f6lkerung auch heute noch in gewisser Weise bewusst. Ein weiter Besuchspunkt war ein kleines Museum im Untergescho\u00df des Dorfgemeinschaftshauses, das besonders fr\u00fchere Ger\u00e4tschaften des Arbeitslebens und historische Gebrauchsgegenst\u00e4nde in Haus und Hof beherbergt. Eine Besonderheit ist ein linnenes Totenhemd.<\/p>\n<p>Simmershausen ist auch der Ausgangspunkt einer Fu\u00dfpilgerwallfahrt nach Vierzehenheiligen, die seit 1635 j\u00e4hrlich durchgef\u00fchrt wird. <img loading=\"lazy\" decoding=\"async\" class=\"alignleft wp-image-778\" src=\"http:\/\/rhoenklub-dipperz.de\/wp-content\/uploads\/2017\/03\/P4090159-200x300.jpg\" height=\"300\" width=\"200\" srcset=\"https:\/\/rhoenklub-dipperz.de\/wp-content\/uploads\/2017\/03\/P4090159-200x300.jpg 200w, https:\/\/rhoenklub-dipperz.de\/wp-content\/uploads\/2017\/03\/P4090159-768x1151.jpg 768w, https:\/\/rhoenklub-dipperz.de\/wp-content\/uploads\/2017\/03\/P4090159-683x1024.jpg 683w\" sizes=\"auto, (max-width: 200px) 100vw, 200px\" \/>Ein anf\u00e4nglich kleines St\u00fcck dieses Weges bis zur Pilgerstatue war f\u00fcr die 28 Besucher leicht zu bew\u00e4ltigen. Mittelpunkt des gepflegt erscheinenden Dorfplatzes ist der Brunnen. Er symbolisiert mit den 12 Bornl\u00f6ppen (f\u00fcr jeden Monat eine) und einer Brunnenfrau &#8211; gekleidet in der besonderen Simmersh\u00e4user Tracht &#8211; das Wasserholen zu einer Zeit als es noch keine zentrale Wasserversorgung gab. Auch an die Zeit als noch die G\u00e4nse des Dorfes allesamt durch eine G\u00e4nsehirtin geh\u00fctet wurden, werden an dem fr\u00fcherem Platz ihres Wohnhaus durch zwei G\u00e4nseskulpturen erinnert. &nbsp;<\/p>\n<p>Den Abschluss des interessanten und informativen Rundganges in dem wahrhaft&nbsp; idyllisch gelegenen und historisch besonderen 550 Einwohner z\u00e4hlenden Seelenort bildete ein gem\u00fctliches Beisammensein bei Kaffee und Kuchen im Gasthaus &#8222;M\u00fcnchhausen&#8220;.<img loading=\"lazy\" decoding=\"async\" class=\"aligncenter size-large wp-image-779\" src=\"http:\/\/rhoenklub-dipperz.de\/wp-content\/uploads\/2017\/03\/P4090162a-1024x768.jpg\" alt=\"\" height=\"356\" width=\"474\" srcset=\"https:\/\/rhoenklub-dipperz.de\/wp-content\/uploads\/2017\/03\/P4090162a-1024x768.jpg 1024w, https:\/\/rhoenklub-dipperz.de\/wp-content\/uploads\/2017\/03\/P4090162a-300x225.jpg 300w, https:\/\/rhoenklub-dipperz.de\/wp-content\/uploads\/2017\/03\/P4090162a-768x576.jpg 768w\" sizes=\"auto, (max-width: 474px) 100vw, 474px\" \/><\/p>\n<p>Text und Fotos: Bernhard Weber<\/p>\n","protected":false},"excerpt":{"rendered":"<p>Rh\u00f6nklub auf Informationstour in Simmershausen Die j\u00fcngste Wanderung am vergangenen Donnerstag galt bei herrlichem Fr\u00fchlingsetter einem Besuch von Simmershausen. Heribert Stumpf langj\u00e4hriger Ortsvorstehr und ausgezeichneter Kenner des Rh\u00f6ndorfes war es zu verdanken, einiges von ihm \u00fcber die Geschichte, die Pfarrkirche und die weiteren Sehensw\u00fcrdigkeiten anschaulich und kenntnisreich zu erfahren. So liegt der Ort eingebettet in &hellip; <a href=\"https:\/\/rhoenklub-dipperz.de\/index.php\/simmershausen\/\" class=\"more-link\"><span class=\"screen-reader-text\">Simmershausen<\/span> weiterlesen <span class=\"meta-nav\">&rarr;<\/span><\/a><\/p>\n","protected":false},"author":2,"featured_media":0,"parent":0,"menu_order":0,"comment_status":"closed","ping_status":"closed","template":"","meta":{"ngg_post_thumbnail":0,"footnotes":""},"class_list":["post-754","page","type-page","status-publish","hentry"],"_links":{"self":[{"href":"https:\/\/rhoenklub-dipperz.de\/index.php\/wp-json\/wp\/v2\/pages\/754","targetHints":{"allow":["GET"]}}],"collection":[{"href":"https:\/\/rhoenklub-dipperz.de\/index.php\/wp-json\/wp\/v2\/pages"}],"about":[{"href":"https:\/\/rhoenklub-dipperz.de\/index.php\/wp-json\/wp\/v2\/types\/page"}],"author":[{"embeddable":true,"href":"https:\/\/rhoenklub-dipperz.de\/index.php\/wp-json\/wp\/v2\/users\/2"}],"replies":[{"embeddable":true,"href":"https:\/\/rhoenklub-dipperz.de\/index.php\/wp-json\/wp\/v2\/comments?post=754"}],"version-history":[{"count":0,"href":"https:\/\/rhoenklub-dipperz.de\/index.php\/wp-json\/wp\/v2\/pages\/754\/revisions"}],"wp:attachment":[{"href":"https:\/\/rhoenklub-dipperz.de\/index.php\/wp-json\/wp\/v2\/media?parent=754"}],"curies":[{"name":"wp","href":"https:\/\/api.w.org\/{rel}","templated":true}]}}