{"id":756,"date":"2017-03-08T14:33:10","date_gmt":"2017-03-08T13:33:10","guid":{"rendered":"http:\/\/rhoenklub-dipperz.de\/?page_id=756"},"modified":"2019-10-05T21:56:53","modified_gmt":"2019-10-05T19:56:53","slug":"ausflug-nach-erfurt","status":"publish","type":"page","link":"https:\/\/rhoenklub-dipperz.de\/index.php\/ausflug-nach-erfurt\/","title":{"rendered":"Ausflug nach Erfurt"},"content":{"rendered":"<p><strong>Rh\u00f6nklub Dipperz on Tour in Erfurt<\/strong><\/p>\n<p>Ziel der diesj\u00e4hrigen Ausflugstour war die Landeshauptstadt Th\u00fcringens Erfurt. 55 Reiseteilnehmer finden sich an einem Sonntagmorgen im Juni an Kircher`s Bushaltstellte in Dipperz bei einem viel versprechenden Ausflugswetter ein. Nach dem Motto \u201eGut gefr\u00fchst\u00fcckt h\u00e4lt den ganzen Tag\u201c ist die Gastst\u00e4tte \u201eZur golden Krone\u201c in Tann die erste Etappe. Gastwirt Mihm empf\u00e4ngt uns mit einem Fr\u00fchst\u00fcck, das keine W\u00fcnsche offen l\u00e4sst. Wohl und reichlich gest\u00e4rkt kann es anschlie\u00dfend nach Erfurt gehen. <img loading=\"lazy\" decoding=\"async\" class=\"aligncenter wp-image-819\" src=\"http:\/\/rhoenklub-dipperz.de\/wp-content\/uploads\/2017\/03\/P1090237-1024x576.jpg\" width=\"474\" height=\"267\" srcset=\"https:\/\/rhoenklub-dipperz.de\/wp-content\/uploads\/2017\/03\/P1090237-1024x576.jpg 1024w, https:\/\/rhoenklub-dipperz.de\/wp-content\/uploads\/2017\/03\/P1090237-300x169.jpg 300w, https:\/\/rhoenklub-dipperz.de\/wp-content\/uploads\/2017\/03\/P1090237-768x432.jpg 768w\" sizes=\"auto, (max-width: 474px) 100vw, 474px\" \/>Dort gilt zun\u00e4chst ein Besuch des evangelischen Augustinerklosters. Im Rahmen einer F\u00fchrung wird das einmalige Baudenkmal mittelalterlicher Ordenskunst und weltbekannt als bedeutende Lutherst\u00e4tte dargestellt. Martin Luther lebte hier als M\u00f6nch von 1505 bis 1511. Im vergangen Jahr weilte auch Papst Benedikt anl\u00e4sslich seines Deutschlandbesuches in diesem Kloster.<\/p>\n<p><img loading=\"lazy\" decoding=\"async\" class=\"alignright wp-image-817\" src=\"http:\/\/rhoenklub-dipperz.de\/wp-content\/uploads\/2017\/03\/P1090293-169x300.jpg\" width=\"169\" height=\"300\" srcset=\"https:\/\/rhoenklub-dipperz.de\/wp-content\/uploads\/2017\/03\/P1090293-169x300.jpg 169w, https:\/\/rhoenklub-dipperz.de\/wp-content\/uploads\/2017\/03\/P1090293-768x1365.jpg 768w, https:\/\/rhoenklub-dipperz.de\/wp-content\/uploads\/2017\/03\/P1090293-576x1024.jpg 576w\" sizes=\"auto, (max-width: 169px) 100vw, 169px\" \/>Anschlie\u00dfend steht ausreichend Zeit zum Besuch des egapark zur Verf\u00fcgung. Er ist eine der sch\u00f6nsten G\u00e4rten Deutschlands \u2013 eine Welt der Farben, D\u00fcfte und gro\u00dfz\u00fcgigen Weite. Bei seinem Betreten treffen wir auf die Wandergruppe aus Armenhof, die gerade ihren Parkbesuch beendet.<\/p>\n<p>In der 36 ha gro\u00dfen Gartenwelt dieses Parks sind unter anderem das gr\u00f6\u00dfte Blumenbeet Europas, der Rosengarten mit seinen zahleichen Sorten aller Rosenklassen, der Japanische Fels-und Wassergarten mit seiner geheimnisvollen Welt <img loading=\"lazy\" decoding=\"async\" class=\"alignleft wp-image-820\" src=\"http:\/\/rhoenklub-dipperz.de\/wp-content\/uploads\/2017\/03\/P1090269-300x169.jpg\" width=\"278\" height=\"156\" srcset=\"https:\/\/rhoenklub-dipperz.de\/wp-content\/uploads\/2017\/03\/P1090269-300x169.jpg 300w, https:\/\/rhoenklub-dipperz.de\/wp-content\/uploads\/2017\/03\/P1090269-768x432.jpg 768w, https:\/\/rhoenklub-dipperz.de\/wp-content\/uploads\/2017\/03\/P1090269-1024x576.jpg 1024w\" sizes=\"auto, (max-width: 278px) 100vw, 278px\" \/>fern\u00f6stlicher Gartenkunst, der Gr\u00e4sergarten und die Staudenschau zu bewundern. Beeindruckend sind auch die zurzeit herrlich bl\u00fchenden Fuchsien, die verschiedenen H\u00e4user mit den jeweiligen tropischen Pflanzenarten.\u00a0 Im Deutschen Gartenbaumuseum ist N\u00fctzliches und Wissenswertes aus der seit Jahrhunderten w\u00e4hrenden Beziehung zwischen Menschen und Natur zu erfahren. Zwischen den einzelnen Pflanzen- und Naturwelten bieten zahlreiche lauschige Pl\u00e4tze unter alten B\u00e4umen Gelegenheit zum verweilen. Auch f\u00fcr das leibliche Wohl zu annehmbaren Preisen wird reichlich Sorge getragen. Der vierst\u00fcndige Aufenthalt in dieser besonderen Erlebniswelt konnte nur ein Streifzug durch die Gro\u00dfz\u00fcgigkeit und Weite der Anlage sein. Er war eine Welt zum (Er)Leben.<img loading=\"lazy\" decoding=\"async\" class=\"aligncenter wp-image-818\" src=\"http:\/\/rhoenklub-dipperz.de\/wp-content\/uploads\/2017\/03\/CIMG8192-300x225.jpg\" width=\"350\" height=\"263\" srcset=\"https:\/\/rhoenklub-dipperz.de\/wp-content\/uploads\/2017\/03\/CIMG8192-300x225.jpg 300w, https:\/\/rhoenklub-dipperz.de\/wp-content\/uploads\/2017\/03\/CIMG8192-768x576.jpg 768w, https:\/\/rhoenklub-dipperz.de\/wp-content\/uploads\/2017\/03\/CIMG8192-1024x768.jpg 1024w\" sizes=\"auto, (max-width: 350px) 100vw, 350px\" \/><\/p>\n<p>Die R\u00fcckkehr f\u00fcr die Fu\u00dfballfreunde war so getimt, das Europameisterschaftsspiel Deutschland gegen zu Hause erleben zu k\u00f6nnen.<br \/>\nText: Bernhard Weber, Fotos: G\u00fcnther Kraus<\/p>\n","protected":false},"excerpt":{"rendered":"<p>Rh\u00f6nklub Dipperz on Tour in Erfurt Ziel der diesj\u00e4hrigen Ausflugstour war die Landeshauptstadt Th\u00fcringens Erfurt. 55 Reiseteilnehmer finden sich an einem Sonntagmorgen im Juni an Kircher`s Bushaltstellte in Dipperz bei einem viel versprechenden Ausflugswetter ein. Nach dem Motto \u201eGut gefr\u00fchst\u00fcckt h\u00e4lt den ganzen Tag\u201c ist die Gastst\u00e4tte \u201eZur golden Krone\u201c in Tann die erste Etappe. &hellip; <a href=\"https:\/\/rhoenklub-dipperz.de\/index.php\/ausflug-nach-erfurt\/\" class=\"more-link\"><span class=\"screen-reader-text\">Ausflug nach Erfurt<\/span> weiterlesen <span class=\"meta-nav\">&rarr;<\/span><\/a><\/p>\n","protected":false},"author":2,"featured_media":0,"parent":0,"menu_order":0,"comment_status":"closed","ping_status":"closed","template":"","meta":{"ngg_post_thumbnail":0,"footnotes":""},"class_list":["post-756","page","type-page","status-publish","hentry"],"_links":{"self":[{"href":"https:\/\/rhoenklub-dipperz.de\/index.php\/wp-json\/wp\/v2\/pages\/756","targetHints":{"allow":["GET"]}}],"collection":[{"href":"https:\/\/rhoenklub-dipperz.de\/index.php\/wp-json\/wp\/v2\/pages"}],"about":[{"href":"https:\/\/rhoenklub-dipperz.de\/index.php\/wp-json\/wp\/v2\/types\/page"}],"author":[{"embeddable":true,"href":"https:\/\/rhoenklub-dipperz.de\/index.php\/wp-json\/wp\/v2\/users\/2"}],"replies":[{"embeddable":true,"href":"https:\/\/rhoenklub-dipperz.de\/index.php\/wp-json\/wp\/v2\/comments?post=756"}],"version-history":[{"count":0,"href":"https:\/\/rhoenklub-dipperz.de\/index.php\/wp-json\/wp\/v2\/pages\/756\/revisions"}],"wp:attachment":[{"href":"https:\/\/rhoenklub-dipperz.de\/index.php\/wp-json\/wp\/v2\/media?parent=756"}],"curies":[{"name":"wp","href":"https:\/\/api.w.org\/{rel}","templated":true}]}}