{"id":759,"date":"2017-03-08T15:02:12","date_gmt":"2017-03-08T14:02:12","guid":{"rendered":"http:\/\/rhoenklub-dipperz.de\/?page_id=759"},"modified":"2017-03-08T15:02:48","modified_gmt":"2017-03-08T14:02:48","slug":"entlang-der-dipperzer-grenze","status":"publish","type":"page","link":"https:\/\/rhoenklub-dipperz.de\/index.php\/entlang-der-dipperzer-grenze\/","title":{"rendered":"Entlang der Dipperzer Grenze"},"content":{"rendered":"<p><strong>Entlang der Dipperzer Grenze<\/strong><\/p>\n<p>Am Tag der Deutschen Einheit am 3. Oktober f\u00fchrte der Rh\u00f6nklub im Rahmen der 750<strong>&#8211;<\/strong>Jahrfeier eine weitere Wanderung zum Kennenlernen der Dipperzer Gemarkungsgrenzen durch. Bei herrlichem Herbstwetter trafen sich leider nicht sehr viele Wanderfreunde am B\u00fcrgerhaus. Vor dem Start gab Wanderf\u00fchrer Bernhard Weber zun\u00e4chst einige allgemeine Informationen \u00fcber die Gemarkung. <img loading=\"lazy\" decoding=\"async\" class=\"aligncenter wp-image-823\" src=\"http:\/\/rhoenklub-dipperz.de\/wp-content\/uploads\/2017\/03\/P1080311-300x169.jpg\" height=\"201\" width=\"358\" srcset=\"https:\/\/rhoenklub-dipperz.de\/wp-content\/uploads\/2017\/03\/P1080311-300x169.jpg 300w, https:\/\/rhoenklub-dipperz.de\/wp-content\/uploads\/2017\/03\/P1080311-768x432.jpg 768w, https:\/\/rhoenklub-dipperz.de\/wp-content\/uploads\/2017\/03\/P1080311-1024x576.jpg 1024w\" sizes=\"auto, (max-width: 358px) 100vw, 358px\" \/>So entsprach vor der Gebietsreform eine Gemarkung in der Regel auch dem gesamten Gebiet der Gemeinde. Bei der Gemeindezusammenlegung in den 1970-er Jahren blieben die einzelnen Gemarkungen in Hessen bestehen. Im Gel\u00e4nde sind die Gemarkungsgrenzen durch Marksteine gekennzeichnet. Urspr\u00fcnglich bedeutete Gemarkung oder Mark gleich Grenze. Gemarkungen im heutigen Sinn gibt es seit Einf\u00fchrung des Reichskatasters im Jahre 1934. Sie haben damals die sog. Steuerbezirke abgel\u00f6st. Eine Gemarkung umfasst in der Regel mehrere Flure. Wenn man ein Grundst\u00fcck genau bezeichnen will, sagt man zum Beispiel Gemarkung Dipperz, Flur 4, Flurst\u00fcck 66. Damit wei\u00df jeder genau, welches Fleckchen unserer Erde gemeint ist.<\/p>\n<p><img loading=\"lazy\" decoding=\"async\" class=\"alignleft wp-image-822\" src=\"http:\/\/rhoenklub-dipperz.de\/wp-content\/uploads\/2017\/03\/P1080323-300x169.jpg\" height=\"169\" width=\"300\" srcset=\"https:\/\/rhoenklub-dipperz.de\/wp-content\/uploads\/2017\/03\/P1080323-300x169.jpg 300w, https:\/\/rhoenklub-dipperz.de\/wp-content\/uploads\/2017\/03\/P1080323-768x432.jpg 768w, https:\/\/rhoenklub-dipperz.de\/wp-content\/uploads\/2017\/03\/P1080323-1024x576.jpg 1024w\" sizes=\"auto, (max-width: 300px) 100vw, 300px\" \/>Zur Gro\u00dfgemeinde Dipperz wurden am 1. 8. 1972 acht ehemalige Gemeinden zusammen geschlossen. Die heutige Gemeinde Dipperz hat damit acht Gemarkungen mit einer Gesamtfl\u00e4che von 3005 ha oder rund 3 qkm. Die Gr\u00f6\u00dfe der Gemarkung Dipperz umfasst 844 ha. Sie wird umringt von neun Nachbargemarkungen. Dies sind im Norden: Armenhof, Niederbieber und Langenbieber, im Osten: Finkenhain, im S\u00fcden: Friesenhausen und Kohlgrund und im Westen: Wisselsrod, Wissels und B\u00f6ckels.<\/p>\n<p>Die h\u00f6chste Erhebung der Gemarkung Dipperz befindet sich beim Hof Alschberg mit ca. 440 m, die niedrigste Stelle ist an der Wanne vor der Mengelsm\u00fchle mit ca. 340 m. Dipperz hat bei der ev. Kirche eine H\u00f6henlage von 373 m.<\/p>\n<p><img loading=\"lazy\" decoding=\"async\" class=\"alignleft wp-image-825\" src=\"http:\/\/rhoenklub-dipperz.de\/wp-content\/uploads\/2017\/03\/P1080321-300x169.jpg\" height=\"169\" width=\"300\" srcset=\"https:\/\/rhoenklub-dipperz.de\/wp-content\/uploads\/2017\/03\/P1080321-300x169.jpg 300w, https:\/\/rhoenklub-dipperz.de\/wp-content\/uploads\/2017\/03\/P1080321-768x432.jpg 768w, https:\/\/rhoenklub-dipperz.de\/wp-content\/uploads\/2017\/03\/P1080321-1024x576.jpg 1024w\" sizes=\"auto, (max-width: 300px) 100vw, 300px\" \/>Die Wanderung f\u00fchrte \u00fcber die Rh\u00f6nstra\u00dfe nach K\u00fclos \u2013 vorbei an dem 433 m hohen K\u00fclosk\u00fcppel \u2013 zum St\u00f6ckeshof, der in der Gemarkung Finkenhain liegt, weiter \u00fcber die Kreisstra\u00dfe Richtung Finkenhain. Am Bildstock unterhalb des Schnegelsberges \u00f6ffnet sich der Blick weit \u00fcber das Wannetal mit seinen gegen\u00fcber liegenden H\u00f6henz\u00fcgen. Von nun an geht es durch den Eckartsberg hinunter Richtung Dipperz. \u00dcberquert werden die Bundesstra\u00dfe und die Wanne und damit ist der Ruhrgrund erreicht. Nat\u00fcrlich findet eine Besichtigung der gerade im Bau befindlichen Br\u00fccke statt, bevor bei der Familie Leibold (Hausname Oarese) eine Rast mit k\u00fchlen Getr\u00e4nken eingelegt wird. <img loading=\"lazy\" decoding=\"async\" class=\"alignright wp-image-824\" src=\"http:\/\/rhoenklub-dipperz.de\/wp-content\/uploads\/2017\/03\/P1080314-300x169.jpg\" height=\"169\" width=\"300\" srcset=\"https:\/\/rhoenklub-dipperz.de\/wp-content\/uploads\/2017\/03\/P1080314-300x169.jpg 300w, https:\/\/rhoenklub-dipperz.de\/wp-content\/uploads\/2017\/03\/P1080314-768x432.jpg 768w, https:\/\/rhoenklub-dipperz.de\/wp-content\/uploads\/2017\/03\/P1080314-1024x576.jpg 1024w\" sizes=\"auto, (max-width: 300px) 100vw, 300px\" \/>Weiter f\u00fchrt der Weg hinauf zum Hochbeh\u00e4lter Alschberg mit einem herrlichen Blick \u00fcber Dipperz (Anmerkung: der Alschberg ist 497 m hoch und liegt in der Gemarkung Friesenhausen.) und von dort auf der Grenze nach \u201eKleinamerika\u201c. Unklar blieb die Frage der Herkunft dieser sonderbaren Bezeichnung. Weiter geht es in die Feldflur mit der Bezeichnung \u201eM\u00fcllerseller\u201c \u00f6stlich der Ortslage Wisselsrod. \u00dcber den sog. Wisselsr\u00f6der Kirchweg erreichen wir Dipperz und unseren Ausgangspunkt nach einer zur\u00fcckgelegten Wegstrecke von 10,2 km. Im herbstlich dekorierten B\u00fcrgerhaus waren die Grillw\u00fcrstchen mit dem passenden Getr\u00e4nk sowie Kaffee und Kuchen nach einer erlebnisreichen Wanderung in den Au\u00dfenbereichen unseres Dipperzer Hoheitsgebietes besonders willkommen und schmackhaft.<\/p>\n","protected":false},"excerpt":{"rendered":"<p>Entlang der Dipperzer Grenze Am Tag der Deutschen Einheit am 3. Oktober f\u00fchrte der Rh\u00f6nklub im Rahmen der 750&#8211;Jahrfeier eine weitere Wanderung zum Kennenlernen der Dipperzer Gemarkungsgrenzen durch. Bei herrlichem Herbstwetter trafen sich leider nicht sehr viele Wanderfreunde am B\u00fcrgerhaus. Vor dem Start gab Wanderf\u00fchrer Bernhard Weber zun\u00e4chst einige allgemeine Informationen \u00fcber die Gemarkung. So &hellip; <a href=\"https:\/\/rhoenklub-dipperz.de\/index.php\/entlang-der-dipperzer-grenze\/\" class=\"more-link\"><span class=\"screen-reader-text\">Entlang der Dipperzer Grenze<\/span> weiterlesen <span class=\"meta-nav\">&rarr;<\/span><\/a><\/p>\n","protected":false},"author":2,"featured_media":0,"parent":0,"menu_order":0,"comment_status":"closed","ping_status":"closed","template":"","meta":{"ngg_post_thumbnail":0,"footnotes":""},"class_list":["post-759","page","type-page","status-publish","hentry"],"_links":{"self":[{"href":"https:\/\/rhoenklub-dipperz.de\/index.php\/wp-json\/wp\/v2\/pages\/759","targetHints":{"allow":["GET"]}}],"collection":[{"href":"https:\/\/rhoenklub-dipperz.de\/index.php\/wp-json\/wp\/v2\/pages"}],"about":[{"href":"https:\/\/rhoenklub-dipperz.de\/index.php\/wp-json\/wp\/v2\/types\/page"}],"author":[{"embeddable":true,"href":"https:\/\/rhoenklub-dipperz.de\/index.php\/wp-json\/wp\/v2\/users\/2"}],"replies":[{"embeddable":true,"href":"https:\/\/rhoenklub-dipperz.de\/index.php\/wp-json\/wp\/v2\/comments?post=759"}],"version-history":[{"count":0,"href":"https:\/\/rhoenklub-dipperz.de\/index.php\/wp-json\/wp\/v2\/pages\/759\/revisions"}],"wp:attachment":[{"href":"https:\/\/rhoenklub-dipperz.de\/index.php\/wp-json\/wp\/v2\/media?parent=759"}],"curies":[{"name":"wp","href":"https:\/\/api.w.org\/{rel}","templated":true}]}}