{"id":761,"date":"2017-03-07T17:18:58","date_gmt":"2017-03-07T16:18:58","guid":{"rendered":"http:\/\/rhoenklub-dipperz.de\/?page_id=761"},"modified":"2017-03-08T14:02:41","modified_gmt":"2017-03-08T13:02:41","slug":"schloss-holzberghof","status":"publish","type":"page","link":"https:\/\/rhoenklub-dipperz.de\/index.php\/schloss-holzberghof\/","title":{"rendered":"Schloss Holzberghof"},"content":{"rendered":"<p><strong>Wanderung auf den Spuren eines Heinzelm\u00e4nnchens <\/strong><\/p>\n<p>Der Rundweg vom Schloss Holzberghof aus \u00fcber den Bauersberg und den Rothsee oberhalb von Bischofsheim am Sonntag, den 19. Juli 2015, war \u00fcberaus abwechslungsreich. Die Wanderung begann zun\u00e4chst mit der folgenden Info von Wanderf\u00fchrer Bernhard Weber \u00fcber die Geschichte des Schlosses: <img loading=\"lazy\" decoding=\"async\" class=\"alignleft wp-image-811\" src=\"http:\/\/rhoenklub-dipperz.de\/wp-content\/uploads\/2017\/03\/Holzberghof1-300x198.jpg\" height=\"198\" width=\"300\" srcset=\"https:\/\/rhoenklub-dipperz.de\/wp-content\/uploads\/2017\/03\/Holzberghof1-300x198.jpg 300w, https:\/\/rhoenklub-dipperz.de\/wp-content\/uploads\/2017\/03\/Holzberghof1.jpg 520w\" sizes=\"auto, (max-width: 300px) 100vw, 300px\" \/>Im fr\u00fchen 16. Jahrhundert errichteten die Freiherren von Th\u00fcngen auf dem waldreichen Holzberg eine Eisenschmelze. 1614 entstand der \u00e4lteste Teil des Schlosses, das sogenannte Forsthaus, welches der bekannte W\u00fcrzburger F\u00fcrstbischof Julius Echter von Mespelbrunn erbaute. In den folgenden Jahrhunderten wechselte der Besitz h\u00e4ufig unter den Rh\u00f6ner Adelsgeschlechtern. Erst im Jahre 1910 lie\u00df die damalige Besitzerin Gr\u00e4fin Schimmelmann an das Forstahaus das heutige Schloss anbauen. Es ist die Kopie des d\u00e4nischen Wasserschlosses Frederikstein. <img loading=\"lazy\" decoding=\"async\" class=\"aligncenter wp-image-785\" src=\"http:\/\/rhoenklub-dipperz.de\/wp-content\/uploads\/2017\/03\/2015-07-19-18.16.00-1-282x300.jpg\" height=\"350\" width=\"328\" srcset=\"https:\/\/rhoenklub-dipperz.de\/wp-content\/uploads\/2017\/03\/2015-07-19-18.16.00-1-282x300.jpg 282w, https:\/\/rhoenklub-dipperz.de\/wp-content\/uploads\/2017\/03\/2015-07-19-18.16.00-1-768x818.jpg 768w, https:\/\/rhoenklub-dipperz.de\/wp-content\/uploads\/2017\/03\/2015-07-19-18.16.00-1-961x1024.jpg 961w\" sizes=\"auto, (max-width: 328px) 100vw, 328px\" \/>Seit 1954 befindet sich in dem Geb\u00e4ude ein Restaurant mit G\u00e4stezimmern. Aufgrund der Lage abseits der Ortschaften ist der Holzberghof erst seit 2009 an das Stromnetz angeschlossen.<\/p>\n<p>Nach einer kurzen Strecke er\u00f6ffnet sich unserer Wandergruppe von 16 Personen eine Wiesenlandschaft, die wie ein gr\u00fcn-braunes Meer anmutet, in dem Hecken und einzelne B\u00e4ume als Insel fungieren. Im Vorbeigehen zeigt eine Hinweistafel, dass hier das Naturschutzgebiet Lange Rh\u00f6n beginnt. Vom Bauersberg aus er\u00f6ffnet sich der Blick \u00fcber Bischofsheim hin\u00fcber zum heiligen Berg der Franken, den Kreuzberg. Nun ist der Weg nicht mehr weit&nbsp; zum kleinen idyllisch gelegenen Rothsee, der knapp einen Hektar misst. &nbsp;Bevor auf der von der Nachmittagssonne erw\u00e4rmten Terrasse der Fischerh\u00fctte&nbsp; Platz genommen wird, erfolgt ein Gang in den k\u00fcrzlich restaurierten Schaustollen &#8222;Einigkeit 1844&#8220;, der den Braunkohleabbau in fr\u00fcherer Zeit darstellt. Die Rast auf der Seeterrasse bei Kaffee und Kuchen oder einer leckeren Bratwurst vielleicht auch einem Fischbr\u00f6tchen ist willkommen und gibt Kraft und Schwung f\u00fcr den weiteren Weg.<\/p>\n<p>Ein heftiger Platzregen kommt vor dem Aufbruch gerade noch zur rechten Zeit. Nun geht es bergauf durch das wildromantische Schwarzbachtal, wo ein Wasserfall an die folgende Sage der Teufelsm\u00fchle erinnert. Hier erfolgt ein kurzer Aufenthalt, um die Sage zu h\u00f6ren: <img loading=\"lazy\" decoding=\"async\" class=\"alignleft wp-image-786\" src=\"http:\/\/rhoenklub-dipperz.de\/wp-content\/uploads\/2017\/03\/2015-07-19-15.49.37-300x225.jpg\" height=\"225\" width=\"300\" srcset=\"https:\/\/rhoenklub-dipperz.de\/wp-content\/uploads\/2017\/03\/2015-07-19-15.49.37-300x225.jpg 300w, https:\/\/rhoenklub-dipperz.de\/wp-content\/uploads\/2017\/03\/2015-07-19-15.49.37-768x576.jpg 768w, https:\/\/rhoenklub-dipperz.de\/wp-content\/uploads\/2017\/03\/2015-07-19-15.49.37-1024x768.jpg 1024w\" sizes=\"auto, (max-width: 300px) 100vw, 300px\" \/>&#8222;Ein M\u00fcller hatte sein Weib und seine Kinder beim Brand seiner M\u00fchle verloren. Er zog hinaus in die Welt und gelangte in die Rh\u00f6n. Ersch\u00f6pft lie\u00df er sich auf einem Stein nieder. &#8222;Ach wenn ich hier Wasser h\u00e4tte, w\u00fcrde ich mir wieder eine M\u00fchle bauen&#8220;, sagte er vor sich hin. &#8222;und und wenn mir der Teufel dabei helfen sollte!&#8220; Der Teufel war schnell zur Stelle und sprach zu ihm: &#8222;Versprichst du mir die Seele desjenigen, der hier zuerst auf diesem Stein sich ausruhen wird, dann soll dein Wunsch in Erf\u00fcllung gehen.&#8220; Rasch schlug der M\u00fcller ein, aber nur unter der Bedingung, dass der Teufel ihm auch Frau und Kinder wieder herbeischaffen m\u00fcsse. Daf\u00fcr verlangte der Teufel jedoch auch die Seele der 2 weiteren Person, die sich auf dem Stein niederlassen w\u00fcrde. Und tats\u00e4chlich &#8211; am n\u00e4chsten Morgen sprudelte ein Bach den Berg hinab und eine M\u00fchle stand am Waser. Frau und Kinder waren ebenfalls wieder da!. Als der Teufel nun eines Tages in die M\u00fchle trat, um den M\u00fcller an sein Versprechen zu erinnern, lacht ihn der M\u00fcller aus. &#8222;Du hast dich selbst betrogen, denn der Stein liegt inmitten im M\u00fchlteich und keine Menschenseele kann sich darauf ausruhen!&#8220; Die M\u00fchle ist l\u00e4ngst verfallen, aber das Wasser st\u00fcrzt immer noch den Berg hinab!&#8220; Noch ein kurzes Wegest\u00fcck und der Ausgangspunkt der Rundwanderung mit einer L\u00e4nge von 11 km, die in einem Wanderheft hinsichtlich der Sch\u00f6nheit der Landschaft die h\u00f6chstm\u00f6gliche Bewertung erhielt, ist erreicht; auch sie erhielt die allseits ungeteilte Zustimmung.<\/p>\n<p>Text und Fotos: Bernhard Weber<\/p>\n<p>&nbsp;<\/p>\n","protected":false},"excerpt":{"rendered":"<p>Wanderung auf den Spuren eines Heinzelm\u00e4nnchens Der Rundweg vom Schloss Holzberghof aus \u00fcber den Bauersberg und den Rothsee oberhalb von Bischofsheim am Sonntag, den 19. Juli 2015, war \u00fcberaus abwechslungsreich. Die Wanderung begann zun\u00e4chst mit der folgenden Info von Wanderf\u00fchrer Bernhard Weber \u00fcber die Geschichte des Schlosses: Im fr\u00fchen 16. Jahrhundert errichteten die Freiherren von &hellip; <a href=\"https:\/\/rhoenklub-dipperz.de\/index.php\/schloss-holzberghof\/\" class=\"more-link\"><span class=\"screen-reader-text\">Schloss Holzberghof<\/span> weiterlesen <span class=\"meta-nav\">&rarr;<\/span><\/a><\/p>\n","protected":false},"author":2,"featured_media":0,"parent":0,"menu_order":0,"comment_status":"closed","ping_status":"closed","template":"","meta":{"ngg_post_thumbnail":0,"footnotes":""},"class_list":["post-761","page","type-page","status-publish","hentry"],"_links":{"self":[{"href":"https:\/\/rhoenklub-dipperz.de\/index.php\/wp-json\/wp\/v2\/pages\/761","targetHints":{"allow":["GET"]}}],"collection":[{"href":"https:\/\/rhoenklub-dipperz.de\/index.php\/wp-json\/wp\/v2\/pages"}],"about":[{"href":"https:\/\/rhoenklub-dipperz.de\/index.php\/wp-json\/wp\/v2\/types\/page"}],"author":[{"embeddable":true,"href":"https:\/\/rhoenklub-dipperz.de\/index.php\/wp-json\/wp\/v2\/users\/2"}],"replies":[{"embeddable":true,"href":"https:\/\/rhoenklub-dipperz.de\/index.php\/wp-json\/wp\/v2\/comments?post=761"}],"version-history":[{"count":0,"href":"https:\/\/rhoenklub-dipperz.de\/index.php\/wp-json\/wp\/v2\/pages\/761\/revisions"}],"wp:attachment":[{"href":"https:\/\/rhoenklub-dipperz.de\/index.php\/wp-json\/wp\/v2\/media?parent=761"}],"curies":[{"name":"wp","href":"https:\/\/api.w.org\/{rel}","templated":true}]}}