{"id":774,"date":"2017-03-08T15:39:20","date_gmt":"2017-03-08T14:39:20","guid":{"rendered":"http:\/\/rhoenklub-dipperz.de\/?page_id=774"},"modified":"2017-03-08T15:44:31","modified_gmt":"2017-03-08T14:44:31","slug":"steinwand","status":"publish","type":"page","link":"https:\/\/rhoenklub-dipperz.de\/index.php\/steinwand\/","title":{"rendered":"Steinwand"},"content":{"rendered":"<p><strong>Heimatkundliche Wanderung in Steinwand<\/strong><\/p>\n<p>Unter fachkundiger F\u00fchrung von Rudi Sch\u00e4fer fand am Sonntag, den 26. April, eine informative heimatkundliche Wanderung im Ortsteil Steinwand der Gemeinde Poppenhausen statt. <img loading=\"lazy\" decoding=\"async\" class=\"aligncenter wp-image-832\" src=\"http:\/\/rhoenklub-dipperz.de\/wp-content\/uploads\/2017\/03\/6-1-1024x575.jpg\" height=\"266\" width=\"474\" srcset=\"https:\/\/rhoenklub-dipperz.de\/wp-content\/uploads\/2017\/03\/6-1-1024x575.jpg 1024w, https:\/\/rhoenklub-dipperz.de\/wp-content\/uploads\/2017\/03\/6-1-300x169.jpg 300w, https:\/\/rhoenklub-dipperz.de\/wp-content\/uploads\/2017\/03\/6-1-768x431.jpg 768w\" sizes=\"auto, (max-width: 474px) 100vw, 474px\" \/>An diese Stelle vorab einige Informationen \u00fcber diese Streugemeinde: Steinwand war vor der Gebietsreform eine selbst\u00e4ndige Gemeinde mit einer Fl\u00e4che von 1.436 ha (Vergleich: Gemarkung Dipperz 840 ha); sie ist die gr\u00f6\u00dfte Streusiedlung Deutschlands mit 40 H\u00f6fen und Weilern. Die Au\u00dfengrenzen umfassen rund 23 km. Die erste urkundliche Erw\u00e4hnung fand im Jahre 1549 statt, sicherlich war das Gebiet aber schon vorher besiedelt. Sie z\u00e4hlt heute 390 Einwohner mit vier Gasth\u00e4usern. Die h\u00f6chste Erhebung ist der Teufelstein (Foto) mit 729 m.<br \/>\nErste Wanderstation war die Maulkuppe \u00fcber deren Erhebung die Gemeindegrenze von Dipperz zu Poppenhausen verl\u00e4uft und ist damit der \u00f6stlichste Punkt der Gemeinde Dipperz.<br \/>\n<img loading=\"lazy\" decoding=\"async\" class=\"alignleft wp-image-837\" src=\"http:\/\/rhoenklub-dipperz.de\/wp-content\/uploads\/2017\/03\/Fuldaer_Haus1-300x206.jpg\" height=\"206\" width=\"300\" srcset=\"https:\/\/rhoenklub-dipperz.de\/wp-content\/uploads\/2017\/03\/Fuldaer_Haus1-300x206.jpg 300w, https:\/\/rhoenklub-dipperz.de\/wp-content\/uploads\/2017\/03\/Fuldaer_Haus1.jpg 520w\" sizes=\"auto, (max-width: 300px) 100vw, 300px\" \/>Am Fu\u00dfe dieser Erhebung liegt das markante Fuldaer Haus, das 1926 vom Rh\u00f6nklub-Zweigverein Fulda &nbsp;errichtet wurde.&nbsp; Damalige Baufirma war die heute nicht mehr existierende Maurerfirma Feuerstein aus Dipperz. Handwerker B\u00fcrger von Dipperz waren dort als Maurer eingesetzt, u. a. der vielen Mitb\u00fcrgern noch bekannte Am S\u00e4mig wohnende Wilhelm M\u00f6ller (heute Haus Medoev), der regelm\u00e4\u00dfig mit dem Fahrrad&nbsp; hoch zur Baustelle fuhr. Die n\u00e4chste Station war das unterhalb der Maulkuppe gelegene Normannsteiner Kapellchen. Es wurde im Jahre 1948 vom Kreis der Fuldaer Normannsteiner auf dem Grundst\u00fcck des damaligen Steinwander B\u00fcrgermeisters&nbsp; Heller errichtet. Es sollte eine St\u00e4tte zum Ged\u00e4chtnis der vielen Jugendfreunde sein, die im Zweiten Weltkrieg ihr Leben lassen mussten. Ihre Bezeichnung leitet sich von der Burg Normannstein ab, die in Th\u00fcringen an der Werra gelegen ist. Diese Fuldaer studentische Bewegung hatte am Steinwander Maulhof seit 1928 ein Landheim, wo man sich regelm\u00e4\u00dfig traf. Jeden 2. Sonntag im September findet bis heute ein Gedenkgottesdienst mit zahlreichen Besuchern statt. Seit einigen Jahren wird die Anlage mit dem Kapellchen vom Rh\u00f6nklub- Zweigverein Poppenhausen sorgsam gepflegt, nachdem die allermeisten Mitglieder nicht mehr am Leben sind. Von diesem besonderen Rundbau f\u00fchrt die Wanderung weiter zum Hinteren Eselsbrunn (auch Eselsborn genannt). &#8211; Es gibt auch den Vorderen Eselsbrunn, der vor der Gebietsreform Teil der Gemeinde Danzwiesen war . Es sind die H\u00f6fe oberhalb vom Grabenh\u00f6fchen. &nbsp;Der Erstgenannte Weiler wird schon sehr fr\u00fch im Jahre 1093 als &#8222;Eydes&#8220; in der&nbsp; Grenzbeschreibung der ehemaligen Gro\u00dfpfarrei Margretenhaun erw\u00e4hnt. Dort gab es zwischen 1802 und 1866 bei dem heutigen Hof St\u00fc\u00df mit der Jausenstation (Foto) eine bayrische Zollstation.<\/p>\n<p>Unsere Dipperzer Wanne entspringt im Gebiet von Steinwand. Unterschiedlich wird der Ort ihrer Quelle genannt. Einmal soll sie sich in einem&nbsp; kleinen H\u00e4uschen nahe am Teufelstein befinden, was auch die herrschende Meinung ist und auch in der Dipperzer Schule gelehrt wurde, andererseits habe sie ihren Ursprung am Eselsbrunn. Wie es auch sei, jedenfalls hat das Wasserdargebot in Dipperz &nbsp;fr\u00fcher vier Getreidem\u00fchlen mit dem kostbaren Nass aus der Rh\u00f6n gespeist.<\/p>\n<p>Auf der Poppenh\u00e4user Kunstmeile auch &#8222;Rentnerrennbahn&#8220; genannt, <img loading=\"lazy\" decoding=\"async\" class=\"alignleft wp-image-831\" src=\"http:\/\/rhoenklub-dipperz.de\/wp-content\/uploads\/2017\/03\/4-225x300.jpg\" height=\"300\" width=\"225\" srcset=\"https:\/\/rhoenklub-dipperz.de\/wp-content\/uploads\/2017\/03\/4-225x300.jpg 225w, https:\/\/rhoenklub-dipperz.de\/wp-content\/uploads\/2017\/03\/4-768x1024.jpg 768w\" sizes=\"auto, (max-width: 225px) 100vw, 225px\" \/>geht es zum Teufelstein (Foto), der Heimat des Kaspar Maul. Walter Heller, geboren am Hintereselsbrunn, ehemaliger Gymnasiallehrer und Schriftsteller, hat in seinem sehr bekannten Roman &#8222;Der R\u00e4uber vom Teufelstein&#8220; das Schicksal dieses Rh\u00f6ner Menschen beschrieben. Erz\u00e4hlt wird sein ebenso trauriges wie rebellisches Leben um die Mitte des 19. Jahrhunderts. Geschildert wird auch das Milieu der kleinen Leute und der Au\u00dfenseiter. Die kenntnisreich informative heimatkundliche Wanderung fand ihren gem\u00fctlichen Abschluss bei Kaffee und Kuchen im Grabenh\u00f6fchen.<\/p>\n<p>Text: Bernhard Weber<br \/>\nFotos: Bernhard Weber und Rosmarie Hohmann<\/p>\n","protected":false},"excerpt":{"rendered":"<p>Heimatkundliche Wanderung in Steinwand Unter fachkundiger F\u00fchrung von Rudi Sch\u00e4fer fand am Sonntag, den 26. April, eine informative heimatkundliche Wanderung im Ortsteil Steinwand der Gemeinde Poppenhausen statt. An diese Stelle vorab einige Informationen \u00fcber diese Streugemeinde: Steinwand war vor der Gebietsreform eine selbst\u00e4ndige Gemeinde mit einer Fl\u00e4che von 1.436 ha (Vergleich: Gemarkung Dipperz 840 ha); &hellip; <a href=\"https:\/\/rhoenklub-dipperz.de\/index.php\/steinwand\/\" class=\"more-link\"><span class=\"screen-reader-text\">Steinwand<\/span> weiterlesen <span class=\"meta-nav\">&rarr;<\/span><\/a><\/p>\n","protected":false},"author":2,"featured_media":0,"parent":0,"menu_order":0,"comment_status":"closed","ping_status":"closed","template":"","meta":{"ngg_post_thumbnail":0,"footnotes":""},"class_list":["post-774","page","type-page","status-publish","hentry"],"_links":{"self":[{"href":"https:\/\/rhoenklub-dipperz.de\/index.php\/wp-json\/wp\/v2\/pages\/774","targetHints":{"allow":["GET"]}}],"collection":[{"href":"https:\/\/rhoenklub-dipperz.de\/index.php\/wp-json\/wp\/v2\/pages"}],"about":[{"href":"https:\/\/rhoenklub-dipperz.de\/index.php\/wp-json\/wp\/v2\/types\/page"}],"author":[{"embeddable":true,"href":"https:\/\/rhoenklub-dipperz.de\/index.php\/wp-json\/wp\/v2\/users\/2"}],"replies":[{"embeddable":true,"href":"https:\/\/rhoenklub-dipperz.de\/index.php\/wp-json\/wp\/v2\/comments?post=774"}],"version-history":[{"count":0,"href":"https:\/\/rhoenklub-dipperz.de\/index.php\/wp-json\/wp\/v2\/pages\/774\/revisions"}],"wp:attachment":[{"href":"https:\/\/rhoenklub-dipperz.de\/index.php\/wp-json\/wp\/v2\/media?parent=774"}],"curies":[{"name":"wp","href":"https:\/\/api.w.org\/{rel}","templated":true}]}}