{"id":791,"date":"2017-03-08T12:22:03","date_gmt":"2017-03-08T11:22:03","guid":{"rendered":"http:\/\/rhoenklub-dipperz.de\/?page_id=791"},"modified":"2018-02-17T18:44:44","modified_gmt":"2018-02-17T17:44:44","slug":"edelkrebse","status":"publish","type":"page","link":"https:\/\/rhoenklub-dipperz.de\/index.php\/edelkrebse\/","title":{"rendered":"Edelkrebse"},"content":{"rendered":"<p><strong>Rh\u00f6nklub-Zweigverein auf naturkundlicher Wanderung<br \/>\n<\/strong><br \/>\nAm Sonntag, den 19. Juni 2016, waren auf Einladung des Dipperzer Rh\u00f6nklubs zahlreiche naturkundlich Interessierte an heimischen Gew\u00e4ssern unterwegs. Naturschutzwart Hubert St\u00fc\u00df konnte den Fachmann f\u00fcr Edelkrebse Rudi K\u00fcchler f\u00fcr eine F\u00fchrung gewinnen. Zun\u00e4chst ging es am Igelbach entlang und schlie\u00dflich zu dem im Rahmen der Ortsumgehung angelegten Flachwasserteichen der Wanneaue neben der Talbr\u00fccke Eckartsm\u00fchle.<\/p>\n<p>Vor Jahren sind aufgrund der Initiative von Rudi K\u00fcchler dort Edelkrebse &#8211; auch Europ\u00e4ischer Flusskrebs genannt &#8211; angesiedelt worden. <img loading=\"lazy\" decoding=\"async\" class=\"wp-image-795 size-full aligncenter\" src=\"http:\/\/rhoenklub-dipperz.de\/wp-content\/uploads\/2017\/03\/P1000502.jpg\" width=\"2560\" height=\"1920\" srcset=\"https:\/\/rhoenklub-dipperz.de\/wp-content\/uploads\/2017\/03\/P1000502.jpg 2560w, https:\/\/rhoenklub-dipperz.de\/wp-content\/uploads\/2017\/03\/P1000502-300x225.jpg 300w, https:\/\/rhoenklub-dipperz.de\/wp-content\/uploads\/2017\/03\/P1000502-768x576.jpg 768w, https:\/\/rhoenklub-dipperz.de\/wp-content\/uploads\/2017\/03\/P1000502-1024x768.jpg 1024w\" sizes=\"auto, (max-width: 2560px) 100vw, 2560px\" \/>Rudi K\u00fcchler informierte detailreich in anschaulicher Form \u00fcber das wieder bei uns vorhandene besondere Lebewesen. Der Edelkrebs ist das gr\u00f6\u00dfte unter den in Europa heimischen Krebsarten. Es wird 15 bis 20 Jahre und kann bis zu 20 cm (von Kopf- bis Schwanzspitze gro\u00df werden und ein Gewicht von bis zu 350 g erreichen. <img loading=\"lazy\" decoding=\"async\" class=\"alignright wp-image-794\" src=\"http:\/\/rhoenklub-dipperz.de\/wp-content\/uploads\/2017\/03\/P1000507-300x225.jpg\" width=\"280\" height=\"210\" srcset=\"https:\/\/rhoenklub-dipperz.de\/wp-content\/uploads\/2017\/03\/P1000507-300x225.jpg 300w, https:\/\/rhoenklub-dipperz.de\/wp-content\/uploads\/2017\/03\/P1000507-768x576.jpg 768w, https:\/\/rhoenklub-dipperz.de\/wp-content\/uploads\/2017\/03\/P1000507-1024x768.jpg 1024w\" sizes=\"auto, (max-width: 280px) 100vw, 280px\" \/>Seine Paarung erfolgt im Herbst bei sinkenden Wassertemperaturen. Die Eier, 50 bis 400 St\u00fcck, werden vom Weibchen 26 Wochen unter dem Hinterleib getragen. Zwischen Mai und Juni schl\u00fcpfen die fast vollst\u00e4ndig entwickelten Larven. Im ersten Jahr finden 7 bis 10 H\u00e4utungen statt. Der Edelkrebs liebt sommerwarme, n\u00e4hrstoffreiche Gew\u00e4sser. Die Sommertemperaturen m\u00fcssen f\u00fcr 2 bis 3 Monate 16 Grad erreichen, anderenfalls findet keine Entwicklung der Geschlechtsteile statt. Er gr\u00e4bt gerne Wohnh\u00f6hlen. Diese werden in den Uferb\u00f6schungen angelegt oder aber unter Steinen, Wurzeln oder totem Holz. Er reagiert empfindlich auf chemische Verschmutzung, besonders auf Insektizide. <img loading=\"lazy\" decoding=\"async\" class=\"alignleft wp-image-796\" src=\"http:\/\/rhoenklub-dipperz.de\/wp-content\/uploads\/2017\/03\/P1000504-300x225.jpg\" width=\"286\" height=\"215\" srcset=\"https:\/\/rhoenklub-dipperz.de\/wp-content\/uploads\/2017\/03\/P1000504-300x225.jpg 300w, https:\/\/rhoenklub-dipperz.de\/wp-content\/uploads\/2017\/03\/P1000504-768x576.jpg 768w, https:\/\/rhoenklub-dipperz.de\/wp-content\/uploads\/2017\/03\/P1000504-1024x768.jpg 1024w\" sizes=\"auto, (max-width: 286px) 100vw, 286px\" \/>Kurzum es war eine besondere Wanderung mit einem sehr informativen Gehalt \u00fcber ein wieder bei uns heimisch gewordenes Wesen der Natur.<\/p>\n","protected":false},"excerpt":{"rendered":"<p>Rh\u00f6nklub-Zweigverein auf naturkundlicher Wanderung Am Sonntag, den 19. Juni 2016, waren auf Einladung des Dipperzer Rh\u00f6nklubs zahlreiche naturkundlich Interessierte an heimischen Gew\u00e4ssern unterwegs. Naturschutzwart Hubert St\u00fc\u00df konnte den Fachmann f\u00fcr Edelkrebse Rudi K\u00fcchler f\u00fcr eine F\u00fchrung gewinnen. Zun\u00e4chst ging es am Igelbach entlang und schlie\u00dflich zu dem im Rahmen der Ortsumgehung angelegten Flachwasserteichen der Wanneaue &hellip; <a href=\"https:\/\/rhoenklub-dipperz.de\/index.php\/edelkrebse\/\" class=\"more-link\"><span class=\"screen-reader-text\">Edelkrebse<\/span> weiterlesen <span class=\"meta-nav\">&rarr;<\/span><\/a><\/p>\n","protected":false},"author":2,"featured_media":0,"parent":0,"menu_order":0,"comment_status":"closed","ping_status":"closed","template":"","meta":{"ngg_post_thumbnail":0,"footnotes":""},"class_list":["post-791","page","type-page","status-publish","hentry"],"_links":{"self":[{"href":"https:\/\/rhoenklub-dipperz.de\/index.php\/wp-json\/wp\/v2\/pages\/791","targetHints":{"allow":["GET"]}}],"collection":[{"href":"https:\/\/rhoenklub-dipperz.de\/index.php\/wp-json\/wp\/v2\/pages"}],"about":[{"href":"https:\/\/rhoenklub-dipperz.de\/index.php\/wp-json\/wp\/v2\/types\/page"}],"author":[{"embeddable":true,"href":"https:\/\/rhoenklub-dipperz.de\/index.php\/wp-json\/wp\/v2\/users\/2"}],"replies":[{"embeddable":true,"href":"https:\/\/rhoenklub-dipperz.de\/index.php\/wp-json\/wp\/v2\/comments?post=791"}],"version-history":[{"count":0,"href":"https:\/\/rhoenklub-dipperz.de\/index.php\/wp-json\/wp\/v2\/pages\/791\/revisions"}],"wp:attachment":[{"href":"https:\/\/rhoenklub-dipperz.de\/index.php\/wp-json\/wp\/v2\/media?parent=791"}],"curies":[{"name":"wp","href":"https:\/\/api.w.org\/{rel}","templated":true}]}}