{"id":889,"date":"2017-08-09T19:27:32","date_gmt":"2017-08-09T17:27:32","guid":{"rendered":"http:\/\/rhoenklub-dipperz.de\/?page_id=889"},"modified":"2017-08-09T19:27:32","modified_gmt":"2017-08-09T17:27:32","slug":"fruehwanderung-der-walker","status":"publish","type":"page","link":"https:\/\/rhoenklub-dipperz.de\/index.php\/fruehwanderung-der-walker\/","title":{"rendered":"Fr\u00fchwanderung der Walker"},"content":{"rendered":"<p>Es ist Dienstagmorgen 5.30 Uhr im Juli . Der w\u00f6chentliche Walkingtreffzeitpunkt am Dipperzer Sportgel\u00e4nde liegt dreieinhalb Stunden vor der \u00fcblichen Zeit. 21 Personen haben sich trotzdem zu dieser fr\u00fchen Stunde aus dem Haus gemacht, um mit Emmi und Ottmar Trapp in der Hochrh\u00f6n zu wandern. Im Konvoi geht es zur Schornhecke oberhalb von W\u00fcstensachsen, wo der Ausgangspunkt ist. Weil ein Geburtstagskind dabei ist, wird ihm erst einmal ein St\u00e4ndchen gesungen, das sich mit einem Schn\u00e4pschen und etwas Schnupp bedankt. Das Wetter hier auf der H\u00f6he k\u00f6nnte besser nicht sein, die Sonne scheint und die Luft ist klar. Zun\u00e4chst geht es hinauf&nbsp; Richtung Heidelstein, wobei der Blick in die weite Landschaft \u00fcber die Grasmatten der langen Rh\u00f6n, hin\u00fcber zur Wasserkuppe und hinunter ins obere Ulstertal das Herz h\u00f6her schlagen l\u00e4sst und man sagen kann wie herrlich ist Gottes sch\u00f6ne Welt. Am Ehrenmal des Rh\u00f6nklubs wird eine kleine Pause gemacht bevor es Richtung Sendemast auf dem Heidelsteiner Gipfel geht und von dort das Auge die fernen H\u00f6henz\u00fcge&nbsp; des Vogelsberges und das Milit\u00e4rlager Wildflecken erkennen kann.<br \/>\n<img loading=\"lazy\" decoding=\"async\" class=\"aligncenter wp-image-890 \" src=\"http:\/\/rhoenklub-dipperz.de\/wp-content\/uploads\/2017\/08\/2017-07-18-06.44.23-300x225.jpg\" alt=\"\" width=\"464\" height=\"348\" srcset=\"https:\/\/rhoenklub-dipperz.de\/wp-content\/uploads\/2017\/08\/2017-07-18-06.44.23-300x225.jpg 300w, https:\/\/rhoenklub-dipperz.de\/wp-content\/uploads\/2017\/08\/2017-07-18-06.44.23-768x576.jpg 768w, https:\/\/rhoenklub-dipperz.de\/wp-content\/uploads\/2017\/08\/2017-07-18-06.44.23-1024x768.jpg 1024w, https:\/\/rhoenklub-dipperz.de\/wp-content\/uploads\/2017\/08\/2017-07-18-06.44.23.jpg 2048w\" sizes=\"auto, (max-width: 464px) 100vw, 464px\" \/>Hier bewahrheitet sich, dass die Rh\u00f6n das Land der offenen Fernen ist. F\u00fcr Flora und Fauna ist Emmi unsere Expertin. &nbsp;Am Wegesrand lenkt sie unsere Aufmerksamkeit auf so manchen Strauch und besondere Blume und Pflanze. Hinunter geht es Richtung Moordorf, wo uns der ebene Weg zur Ulsterquelle durch den sogenannten Schwarzwald in der Kernzone des Kesselrains f\u00fchrt. Dieser bildet den Abschluss des Ulstertales zum Hochplateau der Langen Rh\u00f6n an dessen Ende die H\u00fctte des Skiklubs W\u00fcstensachsen mit dem kleinen Lift sich befindet. Noch wenige Meter und der Ausgangspunkt war erreicht. Zu einer solch erlebnisreichen naturkundlichen Wanderung geh\u00f6rt auch ein kr\u00f6nender Abschluss, der sich in der Gastst\u00e4tte beim Brunnenfeger in Liebhards befindet. Hier wartet gegen 9.00 Uhr ein \u00fcppiges Fr\u00fchst\u00fccksbuffet, das keine W\u00fcnsche f\u00fcr die inzwischen hungrig gewordenen Wanderer offen lie\u00df. Wohl gelaunt und gut gest\u00e4rkt konnte die R\u00fcckreise in das Wannetal angetreten werden.<\/p>\n","protected":false},"excerpt":{"rendered":"<p>Es ist Dienstagmorgen 5.30 Uhr im Juli . Der w\u00f6chentliche Walkingtreffzeitpunkt am Dipperzer Sportgel\u00e4nde liegt dreieinhalb Stunden vor der \u00fcblichen Zeit. 21 Personen haben sich trotzdem zu dieser fr\u00fchen Stunde aus dem Haus gemacht, um mit Emmi und Ottmar Trapp in der Hochrh\u00f6n zu wandern. Im Konvoi geht es zur Schornhecke oberhalb von W\u00fcstensachsen, wo &hellip; <a href=\"https:\/\/rhoenklub-dipperz.de\/index.php\/fruehwanderung-der-walker\/\" class=\"more-link\"><span class=\"screen-reader-text\">Fr\u00fchwanderung der Walker<\/span> weiterlesen <span class=\"meta-nav\">&rarr;<\/span><\/a><\/p>\n","protected":false},"author":2,"featured_media":0,"parent":0,"menu_order":0,"comment_status":"closed","ping_status":"closed","template":"","meta":{"ngg_post_thumbnail":0,"footnotes":""},"class_list":["post-889","page","type-page","status-publish","hentry"],"_links":{"self":[{"href":"https:\/\/rhoenklub-dipperz.de\/index.php\/wp-json\/wp\/v2\/pages\/889","targetHints":{"allow":["GET"]}}],"collection":[{"href":"https:\/\/rhoenklub-dipperz.de\/index.php\/wp-json\/wp\/v2\/pages"}],"about":[{"href":"https:\/\/rhoenklub-dipperz.de\/index.php\/wp-json\/wp\/v2\/types\/page"}],"author":[{"embeddable":true,"href":"https:\/\/rhoenklub-dipperz.de\/index.php\/wp-json\/wp\/v2\/users\/2"}],"replies":[{"embeddable":true,"href":"https:\/\/rhoenklub-dipperz.de\/index.php\/wp-json\/wp\/v2\/comments?post=889"}],"version-history":[{"count":0,"href":"https:\/\/rhoenklub-dipperz.de\/index.php\/wp-json\/wp\/v2\/pages\/889\/revisions"}],"wp:attachment":[{"href":"https:\/\/rhoenklub-dipperz.de\/index.php\/wp-json\/wp\/v2\/media?parent=889"}],"curies":[{"name":"wp","href":"https:\/\/api.w.org\/{rel}","templated":true}]}}