{"id":907,"date":"2018-01-04T16:37:38","date_gmt":"2018-01-04T15:37:38","guid":{"rendered":"http:\/\/rhoenklub-dipperz.de\/?page_id=907"},"modified":"2018-02-17T18:33:11","modified_gmt":"2018-02-17T17:33:11","slug":"weihnachtstour-2017","status":"publish","type":"page","link":"https:\/\/rhoenklub-dipperz.de\/index.php\/weihnachtstour-2017\/","title":{"rendered":"Weihnachtstour 2017"},"content":{"rendered":"<p><strong>Rh\u00f6nklub Dipperz auf besonderer Weihnachtsmarkttour<\/strong><\/p>\n<p>63 Rh\u00f6nklubfreunde waren am zweiten Adventswochenende&nbsp; on Tour.&nbsp;&nbsp; <img loading=\"lazy\" decoding=\"async\" class=\"aligncenter wp-image-909 size-large\" src=\"http:\/\/rhoenklub-dipperz.de\/wp-content\/uploads\/2018\/01\/P1070075-1024x683.jpg\" alt=\"\" width=\"474\" height=\"316\" srcset=\"https:\/\/rhoenklub-dipperz.de\/wp-content\/uploads\/2018\/01\/P1070075-1024x683.jpg 1024w, https:\/\/rhoenklub-dipperz.de\/wp-content\/uploads\/2018\/01\/P1070075-300x200.jpg 300w, https:\/\/rhoenklub-dipperz.de\/wp-content\/uploads\/2018\/01\/P1070075-768x512.jpg 768w\" sizes=\"auto, (max-width: 474px) 100vw, 474px\" \/><br \/>\nWegen der gro\u00dfen Teilnehmerzahl musste ein zweiter Bus angeheuert werden. Nach einer rund zweist\u00fcndigen Fahrt auf der<br \/>\nA 7 Richtung S\u00fcden war das erste Ziel erreicht \u2013 das <strong>Benediktinerkloster M\u00fcnsterschwarzach<\/strong> im Landkreis Kitzingen.<\/p>\n<p>Herzlich begr\u00fc\u00dft wurden wir von Pater Bonifaz, <img loading=\"lazy\" decoding=\"async\" class=\"alignleft wp-image-908\" src=\"http:\/\/rhoenklub-dipperz.de\/wp-content\/uploads\/2018\/01\/Kloster.jpg\" alt=\"\" width=\"212\" height=\"159\"> der uns einen Film \u00fcber die Geschichte des Klosters und das Leben der M\u00f6nche zeigte. Danach f\u00fchrte er uns in die Kirche und erl\u00e4uterte den m\u00e4chtigen Bau, der in der kurzen Zeit von nur drei Jahren zwischen 1935 und 1938 errichtet wurde, weil die Vorg\u00e4ngerkirche zu klein war und sich in keinem guten Zustand mehr befand.<\/p>\n<p>Die Abtei M\u00fcnsterschwarzach wurde im Jahre&nbsp;&nbsp; 1913 &nbsp; von sogenannten Missionsbenediktinern aus St. Ottilien neu gegr\u00fcndet, nachdem sie 1803 unter Napoleon aufgehoben worden war.<br \/>\nDamit setzte sich eine fast 1.200 Jahre alte Klostertradition fort. M\u00fcnsterschwarzach ist heute eine der bedeutendsten Kl\u00f6ster im deutschsprachigen Raum. Insgesamt geh\u00f6ren zur Abtei 125 M\u00f6nche, davon leben ca. 60 dort.&nbsp; Derzeit befinden sich im Kloster ca. 20 Betriebe. Sie reichen \u00fcber eine B\u00e4ckerei,&nbsp; Metzgerei, Landwirtschaft,&nbsp; Schreinerei,&nbsp; Goldschmiede und viele mehr.<br \/>\nFerner betreiben die M\u00f6nche ein Gymnasium mit 800 Sch\u00fclern.<br \/>\nDie Abtei besch\u00e4ftigt \u00fcber 300 Mitarbeiter.<br \/>\nInternational bekannt ist Pater Anselm Gr\u00fcn als spiritueller Autor.<\/p>\n<p>Nach der interessanten Klosterf\u00fchrung ging es zum Mittagessen in das Gasthaus zum \u201eBenediktiner\u201c. Gest\u00e4rkt konnten wir nun zur zweiten Tagesstation, dem ca. 20 km entfernten Weihnachtsmarkt in <strong>Sommerhausen<\/strong> aufbrechen. <img loading=\"lazy\" decoding=\"async\" class=\"alignright wp-image-912\" src=\"http:\/\/rhoenklub-dipperz.de\/wp-content\/uploads\/2018\/01\/P1070080-300x200.jpg\" alt=\"\" width=\"290\" height=\"193\" srcset=\"https:\/\/rhoenklub-dipperz.de\/wp-content\/uploads\/2018\/01\/P1070080-300x200.jpg 300w, https:\/\/rhoenklub-dipperz.de\/wp-content\/uploads\/2018\/01\/P1070080-768x512.jpg 768w, https:\/\/rhoenklub-dipperz.de\/wp-content\/uploads\/2018\/01\/P1070080-1024x683.jpg 1024w\" sizes=\"auto, (max-width: 290px) 100vw, 290px\" \/><\/p>\n<p>Auf diesem exquisiten Markt bieten die K\u00fcnstler und Kunsthandwerker ihre Erzeugnisse in H\u00f6fen und H\u00e4usern, Gew\u00f6lbekellern und Galerien feil. Nur wenige St\u00e4nde an der Kirche erg\u00e4nzen die Ausstellungen, die alle in dem von einer gut erhaltenen Wehrmauer <img loading=\"lazy\" decoding=\"async\" class=\"alignleft wp-image-910\" src=\"http:\/\/rhoenklub-dipperz.de\/wp-content\/uploads\/2018\/01\/P1070087-e1515079752635-200x300.jpg\" alt=\"\" width=\"195\" height=\"293\" srcset=\"https:\/\/rhoenklub-dipperz.de\/wp-content\/uploads\/2018\/01\/P1070087-e1515079752635-200x300.jpg 200w, https:\/\/rhoenklub-dipperz.de\/wp-content\/uploads\/2018\/01\/P1070087-e1515079752635-768x1152.jpg 768w, https:\/\/rhoenklub-dipperz.de\/wp-content\/uploads\/2018\/01\/P1070087-e1515079752635-683x1024.jpg 683w\" sizes=\"auto, (max-width: 195px) 100vw, 195px\" \/>umgebenen Ort mit seinem mittelalterlichen Erscheinungsbild zu finden sind.<\/p>\n<p>Dadurch hat der Weihnachtsmarkt ein Flair, welches uns ebenso begeisterte wie das anspruchsvolle Angebot. Der historische Ort mit seinen kleinen Gassen, T\u00fcrmen und Fachwerkh\u00e4usern bot eine perfekte Kulisse.<\/p>\n<p>Mit vielen sch\u00f6nen Eindr\u00fccken wurde am Abend die Heimreise angetreten und ein erlebnisreicher Tag ging zu Ende. Ein herzlicher Dank gilt der Ideengeberin und Reiseleiterin Heike Diegelmann.<img loading=\"lazy\" decoding=\"async\" class=\"aligncenter wp-image-911 size-large\" src=\"http:\/\/rhoenklub-dipperz.de\/wp-content\/uploads\/2018\/01\/P1070084-1024x683.jpg\" alt=\"\" width=\"474\" height=\"316\" srcset=\"https:\/\/rhoenklub-dipperz.de\/wp-content\/uploads\/2018\/01\/P1070084-1024x683.jpg 1024w, https:\/\/rhoenklub-dipperz.de\/wp-content\/uploads\/2018\/01\/P1070084-300x200.jpg 300w, https:\/\/rhoenklub-dipperz.de\/wp-content\/uploads\/2018\/01\/P1070084-768x512.jpg 768w\" sizes=\"auto, (max-width: 474px) 100vw, 474px\" \/><br \/>\n<em>Text: B. Weber<\/em><br \/>\n<em>Fotos: A. W\u00fcnnenberg<\/em><\/p>\n","protected":false},"excerpt":{"rendered":"<p>Rh\u00f6nklub Dipperz auf besonderer Weihnachtsmarkttour 63 Rh\u00f6nklubfreunde waren am zweiten Adventswochenende&nbsp; on Tour.&nbsp;&nbsp; Wegen der gro\u00dfen Teilnehmerzahl musste ein zweiter Bus angeheuert werden. Nach einer rund zweist\u00fcndigen Fahrt auf der A 7 Richtung S\u00fcden war das erste Ziel erreicht \u2013 das Benediktinerkloster M\u00fcnsterschwarzach im Landkreis Kitzingen. Herzlich begr\u00fc\u00dft wurden wir von Pater Bonifaz, der uns &hellip; <a href=\"https:\/\/rhoenklub-dipperz.de\/index.php\/weihnachtstour-2017\/\" class=\"more-link\"><span class=\"screen-reader-text\">Weihnachtstour 2017<\/span> weiterlesen <span class=\"meta-nav\">&rarr;<\/span><\/a><\/p>\n","protected":false},"author":2,"featured_media":0,"parent":0,"menu_order":0,"comment_status":"closed","ping_status":"closed","template":"","meta":{"ngg_post_thumbnail":0,"footnotes":""},"class_list":["post-907","page","type-page","status-publish","hentry"],"_links":{"self":[{"href":"https:\/\/rhoenklub-dipperz.de\/index.php\/wp-json\/wp\/v2\/pages\/907","targetHints":{"allow":["GET"]}}],"collection":[{"href":"https:\/\/rhoenklub-dipperz.de\/index.php\/wp-json\/wp\/v2\/pages"}],"about":[{"href":"https:\/\/rhoenklub-dipperz.de\/index.php\/wp-json\/wp\/v2\/types\/page"}],"author":[{"embeddable":true,"href":"https:\/\/rhoenklub-dipperz.de\/index.php\/wp-json\/wp\/v2\/users\/2"}],"replies":[{"embeddable":true,"href":"https:\/\/rhoenklub-dipperz.de\/index.php\/wp-json\/wp\/v2\/comments?post=907"}],"version-history":[{"count":0,"href":"https:\/\/rhoenklub-dipperz.de\/index.php\/wp-json\/wp\/v2\/pages\/907\/revisions"}],"wp:attachment":[{"href":"https:\/\/rhoenklub-dipperz.de\/index.php\/wp-json\/wp\/v2\/media?parent=907"}],"curies":[{"name":"wp","href":"https:\/\/api.w.org\/{rel}","templated":true}]}}