{"id":928,"date":"2018-02-17T15:23:02","date_gmt":"2018-02-17T14:23:02","guid":{"rendered":"http:\/\/rhoenklub-dipperz.de\/?page_id=928"},"modified":"2018-02-17T18:26:45","modified_gmt":"2018-02-17T17:26:45","slug":"besichtigung-waescherei-diener","status":"publish","type":"page","link":"https:\/\/rhoenklub-dipperz.de\/index.php\/besichtigung-waescherei-diener\/","title":{"rendered":"Besichtigung W\u00e4scherei Diener"},"content":{"rendered":"<p><strong>Rh\u00f6nklub auf Besichtigungstour bei W\u00e4scherei Diener in Schmalnau<\/strong><\/p>\n<p>Auf dem Programm der Monatsaktion im Februar stand die Besichtigung der Gro\u00dfw\u00e4scherei Diener in Schmalnau. Den Kontakt hierzu hatte Hans-J\u00fcrgen W\u00fcnnenberg hergestellt, dem an dieser Stelle ein herzliches Danke gesagt sei.<\/p>\n<p>27 Teilnehmer waren auf eine interessante F\u00fchrung gespannt, die die gehegten Erwartungen voll erf\u00fcllte. <img loading=\"lazy\" decoding=\"async\" class=\"aligncenter wp-image-929\" src=\"http:\/\/rhoenklub-dipperz.de\/wp-content\/uploads\/2018\/02\/P1070429-300x200.jpg\" alt=\"\" width=\"397\" height=\"264\" srcset=\"https:\/\/rhoenklub-dipperz.de\/wp-content\/uploads\/2018\/02\/P1070429-300x200.jpg 300w, https:\/\/rhoenklub-dipperz.de\/wp-content\/uploads\/2018\/02\/P1070429-768x512.jpg 768w, https:\/\/rhoenklub-dipperz.de\/wp-content\/uploads\/2018\/02\/P1070429-1024x683.jpg 1024w\" sizes=\"auto, (max-width: 397px) 100vw, 397px\" \/>Zwei kompetente Mitarbeiter gaben zun\u00e4chst einen \u00dcberblick \u00fcber die Firmengeschichte und deren Entwicklung, die seit 1953 besteht. Derzeit sind 230 Mitarbeiter an drei verschiedenen Standorten in Deutschland besch\u00e4ftigt. In Schmalnau befindet sich der Gr\u00fcndungs-und Hauptstandort mit Sitz der Verwaltung. Dort sind 120 \u2013 130 Personen in zwei Schichten t\u00e4tig. Die beiden anderen&nbsp; Niederlassungen befinden sich in Koblenz und Schlitz.<\/p>\n<p>Nach der Einf\u00fchrung, Einkleidung mit Schutzkittel und Desinfektion begann der interessante Rundgang durch die verschiedenen &nbsp;Betriebsbereiche &#8211; angefangen von der Anlieferung der Schmutzw\u00e4sche \u00fcber die einzelnen Waschbereiche mit gewaltigen Waschmaschinen, den Mangelbereich, die Herrichtung einschlie\u00dflich der automatischen Faltung der gereinigten W\u00e4sche f\u00fcr den Versand bis zur Auslieferung.<\/p>\n<p><img loading=\"lazy\" decoding=\"async\" class=\"alignleft wp-image-935\" src=\"http:\/\/rhoenklub-dipperz.de\/wp-content\/uploads\/2018\/02\/P1070423-300x200.jpg\" alt=\"\" width=\"280\" height=\"187\" srcset=\"https:\/\/rhoenklub-dipperz.de\/wp-content\/uploads\/2018\/02\/P1070423-300x200.jpg 300w, https:\/\/rhoenklub-dipperz.de\/wp-content\/uploads\/2018\/02\/P1070423-768x512.jpg 768w, https:\/\/rhoenklub-dipperz.de\/wp-content\/uploads\/2018\/02\/P1070423-1024x683.jpg 1024w\" sizes=\"auto, (max-width: 280px) 100vw, 280px\" \/>Der Transport zu den einzelnen Stationen geschieht in der Regel auf h\u00e4ngenden F\u00f6rderketten. Die W\u00e4sche aus dem Klinikbereich erf\u00e4hrt aus hygienischen Gr\u00fcnden eine gesonderte Behandlung.<br \/>\n<img loading=\"lazy\" decoding=\"async\" class=\"alignright wp-image-931\" src=\"http:\/\/rhoenklub-dipperz.de\/wp-content\/uploads\/2018\/02\/P1070424-300x200.jpg\" alt=\"\" width=\"267\" height=\"178\" srcset=\"https:\/\/rhoenklub-dipperz.de\/wp-content\/uploads\/2018\/02\/P1070424-300x200.jpg 300w, https:\/\/rhoenklub-dipperz.de\/wp-content\/uploads\/2018\/02\/P1070424-768x512.jpg 768w, https:\/\/rhoenklub-dipperz.de\/wp-content\/uploads\/2018\/02\/P1070424-1024x683.jpg 1024w\" sizes=\"auto, (max-width: 267px) 100vw, 267px\" \/><br \/>\nBei dem t\u00e4tigen Personal konnte&nbsp; auch eine Reihe von asylsuchenden Mitarbeitern festgestellt werden.<\/p>\n<p>Kunden der Firma sind im wesentlichen Hotels, Kliniken sowie Industrie- bzw. Gewerbebetriebe. Das zu waschende Sortiment umfasst Bett-, Frottier-, Tisch- und K\u00fcchenw\u00e4sche sowie Berufs- und Bewohnerbekleidung. F\u00fcr die Kunden bietet die Firma ma\u00dfgeschneiderte L\u00f6sungen an.<br \/>\n<img loading=\"lazy\" decoding=\"async\" class=\" wp-image-936 aligncenter\" src=\"http:\/\/rhoenklub-dipperz.de\/wp-content\/uploads\/2018\/02\/P1070422-300x200.jpg\" alt=\"\" width=\"425\" height=\"283\" srcset=\"https:\/\/rhoenklub-dipperz.de\/wp-content\/uploads\/2018\/02\/P1070422-300x200.jpg 300w, https:\/\/rhoenklub-dipperz.de\/wp-content\/uploads\/2018\/02\/P1070422-768x512.jpg 768w, https:\/\/rhoenklub-dipperz.de\/wp-content\/uploads\/2018\/02\/P1070422-1024x683.jpg 1024w\" sizes=\"auto, (max-width: 425px) 100vw, 425px\" \/>In der Regel wird die W\u00e4sche f\u00fcr den gastronomischen Bereich auch nach Kundenwunsch beschafft und vorgehalten. Das Portfolio beinhaltet auch die Belieferung einschlie\u00dflich der Reinigung z. B. von Tischw\u00e4sche f\u00fcr gr\u00f6\u00dfere private Festivit\u00e4ten und Veranstaltungen.<\/p>\n<p>Ein eigener Fuhrpark bedient in regelm\u00e4\u00dfigen Abst\u00e4nden die Kunden in einem relativ weiten Bereich, beispielsweise bis in den Raum Stuttgart.<\/p>\n<p><img loading=\"lazy\" decoding=\"async\" class=\"alignleft wp-image-937\" src=\"http:\/\/rhoenklub-dipperz.de\/wp-content\/uploads\/2018\/02\/P1070420-e1518887612513-200x300.jpg\" alt=\"\" width=\"186\" height=\"279\" srcset=\"https:\/\/rhoenklub-dipperz.de\/wp-content\/uploads\/2018\/02\/P1070420-e1518887612513-200x300.jpg 200w, https:\/\/rhoenklub-dipperz.de\/wp-content\/uploads\/2018\/02\/P1070420-e1518887612513-768x1152.jpg 768w, https:\/\/rhoenklub-dipperz.de\/wp-content\/uploads\/2018\/02\/P1070420-e1518887612513-683x1024.jpg 683w\" sizes=\"auto, (max-width: 186px) 100vw, 186px\" \/>Ein weiterer Teil der Besichtigung war die umfangreiche und komplexe Technik, wobei der Umweltschutz eine besondere Rolle spielt. So werden die ben\u00f6tigten Wassermengen aus einem eigenen Tiefbrunnen beschafft und das benutzte Wasser wird in einer eigenen Aufbereitungsanlage auf Trinkwasserqualit\u00e4t gereinigt. 60 % des eingesetzten Wassers wird dabei zur\u00fcckgewonnen.<\/p>\n<p>Ein gro\u00dfz\u00fcgiges Bonbon war die Schlusseinkehr bei Kaffee und Kuchen im Cafe Am Dales in Thalau auf Kosten der Firma Diener, wobei Hans-J\u00fcrgen W\u00fcnnenberg im Namen aller Teilnehmer auch daf\u00fcr herzlich dankte.<\/p>\n","protected":false},"excerpt":{"rendered":"<p>Rh\u00f6nklub auf Besichtigungstour bei W\u00e4scherei Diener in Schmalnau Auf dem Programm der Monatsaktion im Februar stand die Besichtigung der Gro\u00dfw\u00e4scherei Diener in Schmalnau. Den Kontakt hierzu hatte Hans-J\u00fcrgen W\u00fcnnenberg hergestellt, dem an dieser Stelle ein herzliches Danke gesagt sei. 27 Teilnehmer waren auf eine interessante F\u00fchrung gespannt, die die gehegten Erwartungen voll erf\u00fcllte. Zwei kompetente &hellip; <a href=\"https:\/\/rhoenklub-dipperz.de\/index.php\/besichtigung-waescherei-diener\/\" class=\"more-link\"><span class=\"screen-reader-text\">Besichtigung W\u00e4scherei Diener<\/span> weiterlesen <span class=\"meta-nav\">&rarr;<\/span><\/a><\/p>\n","protected":false},"author":2,"featured_media":0,"parent":0,"menu_order":0,"comment_status":"closed","ping_status":"closed","template":"","meta":{"ngg_post_thumbnail":0,"footnotes":""},"class_list":["post-928","page","type-page","status-publish","hentry"],"_links":{"self":[{"href":"https:\/\/rhoenklub-dipperz.de\/index.php\/wp-json\/wp\/v2\/pages\/928","targetHints":{"allow":["GET"]}}],"collection":[{"href":"https:\/\/rhoenklub-dipperz.de\/index.php\/wp-json\/wp\/v2\/pages"}],"about":[{"href":"https:\/\/rhoenklub-dipperz.de\/index.php\/wp-json\/wp\/v2\/types\/page"}],"author":[{"embeddable":true,"href":"https:\/\/rhoenklub-dipperz.de\/index.php\/wp-json\/wp\/v2\/users\/2"}],"replies":[{"embeddable":true,"href":"https:\/\/rhoenklub-dipperz.de\/index.php\/wp-json\/wp\/v2\/comments?post=928"}],"version-history":[{"count":0,"href":"https:\/\/rhoenklub-dipperz.de\/index.php\/wp-json\/wp\/v2\/pages\/928\/revisions"}],"wp:attachment":[{"href":"https:\/\/rhoenklub-dipperz.de\/index.php\/wp-json\/wp\/v2\/media?parent=928"}],"curies":[{"name":"wp","href":"https:\/\/api.w.org\/{rel}","templated":true}]}}