{"id":962,"date":"2018-04-03T11:37:31","date_gmt":"2018-04-03T09:37:31","guid":{"rendered":"http:\/\/rhoenklub-dipperz.de\/?page_id=962"},"modified":"2018-04-03T11:37:31","modified_gmt":"2018-04-03T09:37:31","slug":"schindelmacher-in-der-rhoen","status":"publish","type":"page","link":"https:\/\/rhoenklub-dipperz.de\/index.php\/schindelmacher-in-der-rhoen\/","title":{"rendered":"Schindelmacher in der Rh\u00f6n"},"content":{"rendered":"<p>In den Wintermonaten verbindet der Rh\u00f6nklub ZV Dipperz seine Seniorenwanderungen gerne mit Museums- oder Firmenbesuchen.&nbsp; In unserer M\u00e4rzwanderung ging es von Sieblos nach Abtsroda zur Firma Dietmar Heil. <img loading=\"lazy\" decoding=\"async\" class=\"alignleft wp-image-963\" src=\"http:\/\/rhoenklub-dipperz.de\/wp-content\/uploads\/2018\/04\/P1070547-300x200.jpg\" alt=\"\" width=\"189\" height=\"126\" srcset=\"https:\/\/rhoenklub-dipperz.de\/wp-content\/uploads\/2018\/04\/P1070547-300x200.jpg 300w, https:\/\/rhoenklub-dipperz.de\/wp-content\/uploads\/2018\/04\/P1070547-768x512.jpg 768w, https:\/\/rhoenklub-dipperz.de\/wp-content\/uploads\/2018\/04\/P1070547-1024x683.jpg 1024w\" sizes=\"auto, (max-width: 189px) 100vw, 189px\" \/>Die Firma mit 7 Angestellten hat sich spezialisiert auf Rh\u00f6n-Holzschindeln und den traditionellen Holz-Fassadenbau.<\/p>\n<p>Verschiedene Holzschindelarten wie Biberschwanz oder Schwalbenschwanz werden seit \u00fcber 100 Jahren in der Werkstatt nach alter Tradition gefertigt.<br \/>\nUrspr\u00fcnglich wurde die Herstellung neben der Landwirtschaft betrieben. Heute ist man stark in der Denkmalpflege t\u00e4tig und fertigt mit modernster Technik eine sehr hohe Qualit\u00e4t. <img loading=\"lazy\" decoding=\"async\" class=\"aligncenter wp-image-965\" src=\"http:\/\/rhoenklub-dipperz.de\/wp-content\/uploads\/2018\/04\/P1070553-300x200.jpg\" alt=\"\" width=\"340\" height=\"227\" srcset=\"https:\/\/rhoenklub-dipperz.de\/wp-content\/uploads\/2018\/04\/P1070553-300x200.jpg 300w, https:\/\/rhoenklub-dipperz.de\/wp-content\/uploads\/2018\/04\/P1070553-768x512.jpg 768w, https:\/\/rhoenklub-dipperz.de\/wp-content\/uploads\/2018\/04\/P1070553-1024x683.jpg 1024w\" sizes=\"auto, (max-width: 340px) 100vw, 340px\" \/><br \/>\nJe nach Wetterbeanspruchung werden unterschiedliche Holzarten angeboten. Dabei ist L\u00e4rche wegen ihrer Harzhaltigkeit mit der entsprechenden Feuchtigkeitsresistenz gefragt. Entsprechend der Rh\u00f6ner Tradition wird hier wegen des interessanten Schattenspiels \u00fcberwiegend der Schwalbenschwanz verarbeitet; im Vogelsberg mehr die Rundschindel. Je nach Aufbau werden dabei 160 \u2013 240 Schindeln pro qm montiert.<\/p>\n<p>Dar\u00fcber hinaus fertigt und montiert man individuelle Fassadenbretter, Fensterl\u00e4den aus Holz und Riffelbohlen. So werden j\u00e4hrlich zwischen 800 \u2013 1.000 Festmeter Holz zu sch\u00f6nen Fassaden verarbeitet, die langfristig den Hausbesitzer aber auch den vorbeigehenden Besucher erfreuen.<\/p>\n<p><img loading=\"lazy\" decoding=\"async\" class=\"alignright wp-image-964\" src=\"http:\/\/rhoenklub-dipperz.de\/wp-content\/uploads\/2018\/04\/P1070552-300x200.jpg\" alt=\"\" width=\"285\" height=\"190\" srcset=\"https:\/\/rhoenklub-dipperz.de\/wp-content\/uploads\/2018\/04\/P1070552-300x200.jpg 300w, https:\/\/rhoenklub-dipperz.de\/wp-content\/uploads\/2018\/04\/P1070552-768x512.jpg 768w, https:\/\/rhoenklub-dipperz.de\/wp-content\/uploads\/2018\/04\/P1070552-1024x683.jpg 1024w\" sizes=\"auto, (max-width: 285px) 100vw, 285px\" \/>Besonders gro\u00dfes Interesse fand bei unseren Mitgliedern die Produktion von Holzrechen in verschiedenen Arten. Gerade zur Auslastung der Produktion werden in den Wintermonaten rund 40.000 Rechen f\u00fcr gro\u00dfe Einkaufsverb\u00e4nde und Bauh\u00e4user aus Buche gefertigt.<br \/>\n<img loading=\"lazy\" decoding=\"async\" class=\"alignleft wp-image-966\" src=\"http:\/\/rhoenklub-dipperz.de\/wp-content\/uploads\/2018\/04\/P1070545-200x300.jpg\" alt=\"\" width=\"196\" height=\"294\" srcset=\"https:\/\/rhoenklub-dipperz.de\/wp-content\/uploads\/2018\/04\/P1070545-200x300.jpg 200w, https:\/\/rhoenklub-dipperz.de\/wp-content\/uploads\/2018\/04\/P1070545-768x1152.jpg 768w, https:\/\/rhoenklub-dipperz.de\/wp-content\/uploads\/2018\/04\/P1070545-683x1024.jpg 683w\" sizes=\"auto, (max-width: 196px) 100vw, 196px\" \/>Dabei ging Herr Heil intensiv auf die vielen Fragen \u00fcber den Nutzungsvorteil des Materials Holz und die unterschiedliche Verwendung ein.<\/p>\n<p>Zum&nbsp; Abschluss genossen die 24 Teilnehmer den sehr freundlichen Service in der Pizzeria Maro, die extra f\u00fcr uns vorzeitig ge\u00f6ffnet hatte.&nbsp; Vor der R\u00fcckfahrt gab es noch f\u00fcr jeden Teilnehmer einen Schnaps auf Kosten des Hauses, f\u00fcr den wir uns herzlich bedankten.<\/p>\n","protected":false},"excerpt":{"rendered":"<p>In den Wintermonaten verbindet der Rh\u00f6nklub ZV Dipperz seine Seniorenwanderungen gerne mit Museums- oder Firmenbesuchen.&nbsp; In unserer M\u00e4rzwanderung ging es von Sieblos nach Abtsroda zur Firma Dietmar Heil. Die Firma mit 7 Angestellten hat sich spezialisiert auf Rh\u00f6n-Holzschindeln und den traditionellen Holz-Fassadenbau. Verschiedene Holzschindelarten wie Biberschwanz oder Schwalbenschwanz werden seit \u00fcber 100 Jahren in der &hellip; <a href=\"https:\/\/rhoenklub-dipperz.de\/index.php\/schindelmacher-in-der-rhoen\/\" class=\"more-link\"><span class=\"screen-reader-text\">Schindelmacher in der Rh\u00f6n<\/span> weiterlesen <span class=\"meta-nav\">&rarr;<\/span><\/a><\/p>\n","protected":false},"author":2,"featured_media":0,"parent":0,"menu_order":0,"comment_status":"closed","ping_status":"closed","template":"","meta":{"ngg_post_thumbnail":0,"footnotes":""},"class_list":["post-962","page","type-page","status-publish","hentry"],"_links":{"self":[{"href":"https:\/\/rhoenklub-dipperz.de\/index.php\/wp-json\/wp\/v2\/pages\/962","targetHints":{"allow":["GET"]}}],"collection":[{"href":"https:\/\/rhoenklub-dipperz.de\/index.php\/wp-json\/wp\/v2\/pages"}],"about":[{"href":"https:\/\/rhoenklub-dipperz.de\/index.php\/wp-json\/wp\/v2\/types\/page"}],"author":[{"embeddable":true,"href":"https:\/\/rhoenklub-dipperz.de\/index.php\/wp-json\/wp\/v2\/users\/2"}],"replies":[{"embeddable":true,"href":"https:\/\/rhoenklub-dipperz.de\/index.php\/wp-json\/wp\/v2\/comments?post=962"}],"version-history":[{"count":0,"href":"https:\/\/rhoenklub-dipperz.de\/index.php\/wp-json\/wp\/v2\/pages\/962\/revisions"}],"wp:attachment":[{"href":"https:\/\/rhoenklub-dipperz.de\/index.php\/wp-json\/wp\/v2\/media?parent=962"}],"curies":[{"name":"wp","href":"https:\/\/api.w.org\/{rel}","templated":true}]}}