{"id":974,"date":"2018-05-10T17:01:01","date_gmt":"2018-05-10T15:01:01","guid":{"rendered":"http:\/\/rhoenklub-dipperz.de\/?page_id=974"},"modified":"2018-05-10T17:01:01","modified_gmt":"2018-05-10T15:01:01","slug":"jvh-bericht-2018","status":"publish","type":"page","link":"https:\/\/rhoenklub-dipperz.de\/index.php\/jvh-bericht-2018\/","title":{"rendered":"JVH Bericht 2018"},"content":{"rendered":"<p><strong>Rh\u00f6nklub Dipperz blickt auf Jubil\u00e4umsjahr zur\u00fcck<br \/>\n<\/strong>Beliebte Nordic-Walking-Treffs<\/p>\n<p>Unter dem Motto \u201eDer Dipperzer Rh\u00f6nklub ist jung, fit und gesund\u201c begr\u00fc\u00dfte der Vorsitzende Hans-J\u00fcrgen W\u00fcnnenberg zahlreiche Mitglieder zur Jahreshauptversammlung des Zweigvereins.<\/p>\n<p>In seinem R\u00fcckblick ging er besonders auf die 20 Jahr-Feier ein, zu der auch der Pr\u00e4sidenten des Rh\u00f6nklubs J\u00fcrgen Reinhard, der Regionsvorsitzende Manfred Woditschka, die Gr\u00fcndungsunterst\u00fctzer aus der Rh\u00f6nklubfamilie, die Herren&nbsp; Albrecht&nbsp; Spiegel und Helmut&nbsp; Schneider sowie eine Abordnung des Patenvereins aus K\u00fcnzell&nbsp; und den B\u00fcrgermeister Klaus-Dieter Vogler im Mai 2017 begr\u00fc\u00dfen konnte.&nbsp;<\/p>\n<p>Von den Rednern wurde besonders die Kontinuit\u00e4t in der Vereinsf\u00fchrung und die vielen interessanten und erlebnisreichen Wanderungen, Besichtigungen, F\u00fchrungen und&nbsp; Gesundheitsaktivit\u00e4ten gelobt. Auch&nbsp; die besondere Hilfsbereitschaft der derzeit 196 Mitglieder bei den ehrenamtlichen Aktivit\u00e4ten im Gemeindegebiet wie Aufstellen und Pflegen der Ruheb\u00e4nke und Nistk\u00e4sten, den Wegeauszeichnungen und \u2013freischneidungen, dem Schm\u00fccken des Osterbrunnens und beim Osterputz wurde hervorgehoben.<\/p>\n<p>F\u00fcr ihre Verdienste erhielten Uwe M\u00e4rtin, Bernhard Weber, Friedel Barthelmes und Robert Wingenfeld das Goldene Klubabzeichen des Rh\u00f6nklub-Hauptvorstandes. Mit dem Gr\u00fcnen Band der Rh\u00f6n wurden Gertud Wingenfeld&nbsp; und Winfried Barthelmes ausgezeichnet und Helmut Wagner zum Ehrenmitglied ernannt.<\/p>\n<p>Rechtzeitig zur Jubil\u00e4umsfeier wurde&nbsp; eine Internetpr\u00e4sentation unter <a href=\"http:\/\/www.rhoenklub-dipperz.de\">www.rhoenklub-dipperz.de<\/a> von Bernhard Weber und H.J. W\u00fcnnenberg fertiggestellt. Auch wurden die Mitglieder \u00fcber die neuen Regelungen der Datenschutzgrundverordnung informiert.<\/p>\n<p>Wanderwartin Heike Diegelmann zog ein Res\u00fcmee \u00fcber das Wanderjahr und bedankte sich bei den 10 Wanderf\u00fchrern. Es wurden insgesamt 32 Wanderungen und Besichtigungen angeboten, an denen 562 Wanderfreundinnen und Wanderfreunde teilnahmen. Dazu konnten&nbsp; auch 21 G\u00e4ste begr\u00fc\u00dft werden. Zus\u00e4tzlich werden w\u00f6chentlich Nordic-Walking-Treffs angeboten, die sehr beliebt sind. Hieran haben 760 Personen teilgenommen, so dass insgesamt 1.322 Teilnehmer an den Aktivit\u00e4ten des Rh\u00f6nklub ZV. Dipperz zu verzeichnen waren.<br \/>\nBei einer durchschnittlichen Wanderstrecke von 6,3 km haben alle Teilnehmer insgesamt 8.572 km erwandert.<br \/>\nIm Berichtsjahr wurden 34 Wanderabzeichen vergeben, wobei die h\u00f6chste individuelle Teilnahmeleistung durch Rudi Sch\u00e4fer mit 445 km erreicht wurde.<\/p>\n<p>Kulturwart Bernhard Weber lie\u00df 9 kulturelle Wanderungen und Besichtigungen und eine Radtour Revue passieren. Gerade in den Wintermonaten haben sich diese Veranstaltungen etabliert.<\/p>\n<p>Naturschutzwart Hubert St\u00fc\u00df berichtete \u00fcber die Pflege der Nistk\u00e4sten und 3 naturkundliche Wanderungen, davon eine&nbsp; mit dem F\u00f6rster Ballin.<\/p>\n<p>Wegewart Robert Wingenfeld berichtete \u00fcber die Pflege und Auszeichnung der Wanderwege. Hier hat sich die neue Wegebeschilderung im Klebesystem bew\u00e4hrt. Erstmals wurden nach diesem System auch zwei Rundwanderwege im Umfeld des Ferienzentrums Rh\u00f6n Residence \/Friesenhausen ausgeschildert. &nbsp;<\/p>\n<p>Die Kassenwartin Andrea Trapp berichtete \u00fcber eine sachgerechte Einnahmen-\/Ausgabenverwendung und einen ausgeglichenen Haushalt. Dem Vorstand wurde danach Entlastung erteilt.<\/p>\n<p>Der Verein wird, wie in der Vergangenheit, das kulturelle Angebot in der Gemeinde aufrecht erhalten und den B\u00fcrgern die M\u00f6glichkeit bieten, sich in Gesellschaft durch Gespr\u00e4che und Bewegung fit und jung zu halten.<\/p>\n<figure id=\"attachment_975\" aria-describedby=\"caption-attachment-975\" style=\"width: 474px\" class=\"wp-caption aligncenter\"><img loading=\"lazy\" decoding=\"async\" class=\"wp-image-975 size-large\" src=\"http:\/\/rhoenklub-dipperz.de\/wp-content\/uploads\/2018\/05\/P1070630-1024x683.jpg\" alt=\"\" width=\"474\" height=\"316\" srcset=\"https:\/\/rhoenklub-dipperz.de\/wp-content\/uploads\/2018\/05\/P1070630-1024x683.jpg 1024w, https:\/\/rhoenklub-dipperz.de\/wp-content\/uploads\/2018\/05\/P1070630-300x200.jpg 300w, https:\/\/rhoenklub-dipperz.de\/wp-content\/uploads\/2018\/05\/P1070630-768x512.jpg 768w\" sizes=\"auto, (max-width: 474px) 100vw, 474px\" \/><figcaption id=\"caption-attachment-975\" class=\"wp-caption-text\">Geehrte mit Vorstand 2018<\/figcaption><\/figure>\n","protected":false},"excerpt":{"rendered":"<p>Rh\u00f6nklub Dipperz blickt auf Jubil\u00e4umsjahr zur\u00fcck Beliebte Nordic-Walking-Treffs Unter dem Motto \u201eDer Dipperzer Rh\u00f6nklub ist jung, fit und gesund\u201c begr\u00fc\u00dfte der Vorsitzende Hans-J\u00fcrgen W\u00fcnnenberg zahlreiche Mitglieder zur Jahreshauptversammlung des Zweigvereins. In seinem R\u00fcckblick ging er besonders auf die 20 Jahr-Feier ein, zu der auch der Pr\u00e4sidenten des Rh\u00f6nklubs J\u00fcrgen Reinhard, der Regionsvorsitzende Manfred Woditschka, die &hellip; <a href=\"https:\/\/rhoenklub-dipperz.de\/index.php\/jvh-bericht-2018\/\" class=\"more-link\"><span class=\"screen-reader-text\">JVH Bericht 2018<\/span> weiterlesen <span class=\"meta-nav\">&rarr;<\/span><\/a><\/p>\n","protected":false},"author":2,"featured_media":0,"parent":0,"menu_order":0,"comment_status":"closed","ping_status":"closed","template":"","meta":{"ngg_post_thumbnail":0,"footnotes":""},"class_list":["post-974","page","type-page","status-publish","hentry"],"_links":{"self":[{"href":"https:\/\/rhoenklub-dipperz.de\/index.php\/wp-json\/wp\/v2\/pages\/974","targetHints":{"allow":["GET"]}}],"collection":[{"href":"https:\/\/rhoenklub-dipperz.de\/index.php\/wp-json\/wp\/v2\/pages"}],"about":[{"href":"https:\/\/rhoenklub-dipperz.de\/index.php\/wp-json\/wp\/v2\/types\/page"}],"author":[{"embeddable":true,"href":"https:\/\/rhoenklub-dipperz.de\/index.php\/wp-json\/wp\/v2\/users\/2"}],"replies":[{"embeddable":true,"href":"https:\/\/rhoenklub-dipperz.de\/index.php\/wp-json\/wp\/v2\/comments?post=974"}],"version-history":[{"count":0,"href":"https:\/\/rhoenklub-dipperz.de\/index.php\/wp-json\/wp\/v2\/pages\/974\/revisions"}],"wp:attachment":[{"href":"https:\/\/rhoenklub-dipperz.de\/index.php\/wp-json\/wp\/v2\/media?parent=974"}],"curies":[{"name":"wp","href":"https:\/\/api.w.org\/{rel}","templated":true}]}}