{"id":982,"date":"2018-05-20T14:17:15","date_gmt":"2018-05-20T12:17:15","guid":{"rendered":"http:\/\/rhoenklub-dipperz.de\/?page_id=982"},"modified":"2018-05-28T15:31:35","modified_gmt":"2018-05-28T13:31:35","slug":"datenschutzerklaerung","status":"publish","type":"page","link":"https:\/\/rhoenklub-dipperz.de\/index.php\/datenschutzerklaerung\/","title":{"rendered":"Datenschutzerkl\u00e4rung"},"content":{"rendered":"<p><strong>Informationen zum Datenschutz gem\u00e4\u00df der Europ\u00e4ischen Datenschutz-Grundverordnung<\/strong><\/p>\n<p><strong>&nbsp;&nbsp;&nbsp;&nbsp;&nbsp;&nbsp;&nbsp;&nbsp;&nbsp;&nbsp;&nbsp;&nbsp;&nbsp; Weitergehende Datenschutzhinweise f\u00fcr Mitglieder<\/strong><\/p>\n<p><strong>&nbsp;<\/strong>Wir m\u00f6chten Sie dar\u00fcber informieren, dass die von Ihnen in Ihrer Beitrittserkl\u00e4rung angegebenen personenbezogenen Daten (Name, Adresse, Geburtstag sowie ggf. Telefonnummer, E-Mail-Adresse und Bankverbindung) auf den EDV-Systemen des Rh\u00f6nklub ZV Dipperz e.V.&nbsp; gespeichert und f\u00fcr Verwaltungszwecke des Vereins verarbeitet und genutzt werden. Verantwortliche Stelle ist der Rh\u00f6nklub ZV Dipperz e.V.<\/p>\n<p>Mit der Mitgliedschaft im Rh\u00f6nklub Dipperz e.V. &nbsp;ist zugleich eine Mitgliedschaft in seinem Hauptverein Rh\u00f6nklub e.V., Fulda und dessen Dachverband Deutscher Wanderverband (DWV) verbunden.<\/p>\n<p>Wir sichern Ihnen zu, Ihre personenbezogenen Daten vertraulich zu behandeln und nicht an Dritte weiterzugeben. Hiervon sind die Daten von Vorstandsmitgliedern, Fachwarten und Wanderf\u00fchrern und Geehrte ausgenommen, deren Kontaktdaten zur Erf\u00fcllung der satzungsgem\u00e4\u00dfen Aufgaben innerhalb der Verbandsstrukturen an den Deutschen Wanderverband (DWV), den Landeswanderverband Hessen und dem Rh\u00f6nklub e.V. &nbsp;f\u00fcr die interne Kommunikation weitergegeben werden k\u00f6nnen. Der Rh\u00f6nklub ZV Dipperz e.V. ver\u00f6ffentlicht die Kontaktdaten seiner Vorst\u00e4nde, ehemaliger Vorstandsmitglieder, Fachwarte,&nbsp; Wanderf\u00fchrer,&nbsp; Geehrten auch auf der Internetseite des Vereins. Die reine Namensnennung kann auch im amtlichen Mitteilungsblatt der Gemeinde, den \u201eDipperzer Nachrichten\u201c im Rahmen von Berichten und Hinweisen erfolgen. Bei Gruppenaufnahmen wird mit Zustellung zur Gruppe das Einverst\u00e4ndnis zur Ver\u00f6ffentlichung erteilt. &nbsp;<\/p>\n<p>Sofern wir im Rahmen unserer Verarbeitung Daten gegen\u00fcber anderen Personen und Unternehmen (z.B. Banken) offenbaren, sie an diese \u00fcbermitteln oder ihnen sonst Zugriff auf die Daten gew\u00e4hren, erfolgt dies nur auf Grundlage einer gesetzlichen Erlaubnis, Sie eingewilligt haben, eine rechtliche Verpflichtung dies vorsieht oder auf Grundlage unserer berechtigten Interessen (Art. 28 DSBVO).<\/p>\n<p>Sie k\u00f6nnen jederzeit schriftlich Auskunft \u00fcber die bez\u00fcglich Ihrer Person gespeicherten Daten erhalten und Korrektur verlangen, soweit die beim Rh\u00f6nklub ZV Dipperz e.V. &nbsp;gespeicherten Daten nicht richtig sind. Wenn die gespeicherten Daten f\u00fcr die Abwicklung der Verwaltungsprozesse des Rh\u00f6nklub ZV Dipperz e.V. &nbsp;nicht erforderlich sind, k\u00f6nnen Sie auch eine Sperrung und gegebenenfalls eine L\u00f6schung Ihrer personenbezogenen Daten verlangen.<\/p>\n<p>Der Rh\u00f6nklub ZV Dipperz e.V. &nbsp;sendet Ihnen regelm\u00e4\u00dfig das Mitteilungsblatt \u201eDie Rh\u00f6n \u2013 Wandern &amp; Mehr\u201c zu. Sollten Sie die Zustellung des Heftes \u201eDie Rh\u00f6n\u201c nicht w\u00fcnschen, k\u00f6nnen Sie dem Versand beim Rh\u00f6nklub ZV Dipperz e.V. &nbsp;jederzeit schriftlich widersprechen.<\/p>\n<p>Nach einer Beendigung der Mitgliedschaft werden Ihre personenbezogenen Daten gel\u00f6scht, soweit sie nicht, entsprechend der steuerrechtlichen oder sonstigen gesetzlichen Vorgaben, aufbewahrt werden m\u00fcssen. Hiervon sind die Daten ehemaliger Funktionstr\u00e4ger und Mitglieder mit Ehrungen des Rh\u00f6nklub e.V. ausgeschlossen, die weiterhin elektronisch archiviert werden.<\/p>\n<p>Eine Nutzung Ihrer personenbezogenen Daten f\u00fcr Werbezwecke findet weder durch den Rh\u00f6nklub ZV Dipperz e.V. &nbsp;noch dessen \u00fcbergeordnete Verbandsstrukturen statt.<\/p>\n<p>Mit dem Beitritt zum Rh\u00f6nklub ZV Dipperz e.V. &nbsp;wird best\u00e4tigt, dass die Datenschutzhinweise f\u00fcr Mitglieder zur Kenntnis genommen und akzeptiert wurden.<\/p>\n<p>Mit dem Beitritt zum Rh\u00f6nklub ZV Dipperz e.V. nehmen Sie zur Kenntnis, dass der Rh\u00f6nklub ZV Dipperz e.V. Ihre E-Mail-Adresse und Telefonnummer (sofern angegeben) zum Zwecke der \u00dcbermittlung der von Ihnen gew\u00fcnschten Medien sowie zur allgemeinen Vereinskommunikation nutzt. Eine \u00dcbermittlung der E-Mail-Adresse und Telefonnummer an Dritte ist dabei ausgeschlossen.<\/p>\n<p>Datenschutzverantwortlicher:&nbsp; Hans-J\u00fcrgen W\u00fcnnenberg, Eichbergstr. 15, 36160 Dipperz,&nbsp;&nbsp;&nbsp;&nbsp; Tel. 06657 \u2013 608678 &nbsp;&nbsp;&nbsp;&nbsp;<br \/>\nemail: <a href=\"mailto:h.j.wuennenberg@t-online.de\">h.j.wuennenberg@t-online.de<\/a><\/p>\n<p><strong>&nbsp;<\/strong>Allgemeine Datenschutzinformationen und Abwicklungshinweise bei&nbsp; Nutzung der Website finden Sie unter&nbsp;<a href=\"http:\/\/www.rhoenklub-dipperz.de\/Impressum\/\"> rhoenklub-dipperz.de\/Impressum\/ <\/a><strong><br \/>\n<\/strong><\/p>\n","protected":false},"excerpt":{"rendered":"<p>Informationen zum Datenschutz gem\u00e4\u00df der Europ\u00e4ischen Datenschutz-Grundverordnung &nbsp;&nbsp;&nbsp;&nbsp;&nbsp;&nbsp;&nbsp;&nbsp;&nbsp;&nbsp;&nbsp;&nbsp;&nbsp; Weitergehende Datenschutzhinweise f\u00fcr Mitglieder &nbsp;Wir m\u00f6chten Sie dar\u00fcber informieren, dass die von Ihnen in Ihrer Beitrittserkl\u00e4rung angegebenen personenbezogenen Daten (Name, Adresse, Geburtstag sowie ggf. Telefonnummer, E-Mail-Adresse und Bankverbindung) auf den EDV-Systemen des Rh\u00f6nklub ZV Dipperz e.V.&nbsp; gespeichert und f\u00fcr Verwaltungszwecke des Vereins verarbeitet und genutzt werden. Verantwortliche &hellip; <a href=\"https:\/\/rhoenklub-dipperz.de\/index.php\/datenschutzerklaerung\/\" class=\"more-link\"><span class=\"screen-reader-text\">Datenschutzerkl\u00e4rung<\/span> weiterlesen <span class=\"meta-nav\">&rarr;<\/span><\/a><\/p>\n","protected":false},"author":2,"featured_media":0,"parent":0,"menu_order":0,"comment_status":"closed","ping_status":"closed","template":"","meta":{"ngg_post_thumbnail":0,"footnotes":""},"class_list":["post-982","page","type-page","status-publish","hentry"],"_links":{"self":[{"href":"https:\/\/rhoenklub-dipperz.de\/index.php\/wp-json\/wp\/v2\/pages\/982","targetHints":{"allow":["GET"]}}],"collection":[{"href":"https:\/\/rhoenklub-dipperz.de\/index.php\/wp-json\/wp\/v2\/pages"}],"about":[{"href":"https:\/\/rhoenklub-dipperz.de\/index.php\/wp-json\/wp\/v2\/types\/page"}],"author":[{"embeddable":true,"href":"https:\/\/rhoenklub-dipperz.de\/index.php\/wp-json\/wp\/v2\/users\/2"}],"replies":[{"embeddable":true,"href":"https:\/\/rhoenklub-dipperz.de\/index.php\/wp-json\/wp\/v2\/comments?post=982"}],"version-history":[{"count":0,"href":"https:\/\/rhoenklub-dipperz.de\/index.php\/wp-json\/wp\/v2\/pages\/982\/revisions"}],"wp:attachment":[{"href":"https:\/\/rhoenklub-dipperz.de\/index.php\/wp-json\/wp\/v2\/media?parent=982"}],"curies":[{"name":"wp","href":"https:\/\/api.w.org\/{rel}","templated":true}]}}