{"id":989,"date":"2018-11-30T15:34:22","date_gmt":"2018-11-30T14:34:22","guid":{"rendered":"https:\/\/rhoenklub-dipperz.de\/?page_id=989"},"modified":"2018-11-30T15:49:57","modified_gmt":"2018-11-30T14:49:57","slug":"rhoenklub-schafft-weitere-sitzgelegenheiten","status":"publish","type":"page","link":"https:\/\/rhoenklub-dipperz.de\/index.php\/rhoenklub-schafft-weitere-sitzgelegenheiten\/","title":{"rendered":"Rh\u00f6nklub schafft weitere Sitzgelegenheiten"},"content":{"rendered":"<p>Vom Hauptverein des Rh\u00f6nklubs konnten f\u00fcr unseren Dipperzer Rh\u00f6nklub drei weitere Sitzb\u00e4nke als sogenannte Rohlinge beschafft werden. Sie bedurften noch der Montage und Impr\u00e4gnierung und nat\u00fcrlich ihrer Aufstellung. Mehrere Standorte wurden in Augenschein genommen und schlie\u00dflich drei \u00d6rtlichkeiten im Benehmen mit der Gemeinde f\u00fcr geeignet gehalten bzw. wo ein Bedarf f\u00fcr ein Verweilen bestehen k\u00f6nnte.<br \/>\n<img loading=\"lazy\" decoding=\"async\" class=\"aligncenter size-medium wp-image-993\" src=\"https:\/\/rhoenklub-dipperz.de\/wp-content\/uploads\/2018\/11\/P1090642-300x200.jpg\" alt=\"\" width=\"300\" height=\"200\" srcset=\"https:\/\/rhoenklub-dipperz.de\/wp-content\/uploads\/2018\/11\/P1090642-300x200.jpg 300w, https:\/\/rhoenklub-dipperz.de\/wp-content\/uploads\/2018\/11\/P1090642-768x512.jpg 768w, https:\/\/rhoenklub-dipperz.de\/wp-content\/uploads\/2018\/11\/P1090642-1024x683.jpg 1024w\" sizes=\"auto, (max-width: 300px) 100vw, 300px\" \/>So befindet sich eine Bank am sog. Eierweg Richtung Kl\u00e4ranlage in der N\u00e4he des gemeindlichen Bauhofes, eine weitere an der Gabelung &#8222;Paul-Hartmann-Stra\u00dfe&#8220; &#8211; &#8222;Eichbergstra\u00dfe&#8220; (siehe Foto) und die dritte am neuen Wirtschaftsweg entlang der Bundesstra\u00dfe. Die Standorte wurden so gew\u00e4hlt, dass sie zum einen Gelegenheit bieten, sich eine Ruhepause zu k\u00f6nnen und gleichzeitig den Blick in die n\u00e4here oder weitere Umgebung schweifen zu lassen und schlie\u00dflich eine Behinderung des Verkehrs vermieden sein d\u00fcrfte.<br \/>\n<img loading=\"lazy\" decoding=\"async\" class=\"aligncenter wp-image-991 size-large\" src=\"https:\/\/rhoenklub-dipperz.de\/wp-content\/uploads\/2018\/11\/P1090643-1024x683.jpg\" alt=\"\" width=\"474\" height=\"316\" srcset=\"https:\/\/rhoenklub-dipperz.de\/wp-content\/uploads\/2018\/11\/P1090643-1024x683.jpg 1024w, https:\/\/rhoenklub-dipperz.de\/wp-content\/uploads\/2018\/11\/P1090643-300x200.jpg 300w, https:\/\/rhoenklub-dipperz.de\/wp-content\/uploads\/2018\/11\/P1090643-768x512.jpg 768w\" sizes=\"auto, (max-width: 474px) 100vw, 474px\" \/>Einer Portion Muskelkraft bedurfte allerdings ihre sichere Aufstellung mit einer guten Erreichbarkeit, da sie keine Leichtgewichte sind. <img loading=\"lazy\" decoding=\"async\" class=\"aligncenter size-medium wp-image-992\" src=\"https:\/\/rhoenklub-dipperz.de\/wp-content\/uploads\/2018\/11\/P1090644-300x200.jpg\" alt=\"\" width=\"300\" height=\"200\" srcset=\"https:\/\/rhoenklub-dipperz.de\/wp-content\/uploads\/2018\/11\/P1090644-300x200.jpg 300w, https:\/\/rhoenklub-dipperz.de\/wp-content\/uploads\/2018\/11\/P1090644-768x512.jpg 768w, https:\/\/rhoenklub-dipperz.de\/wp-content\/uploads\/2018\/11\/P1090644-1024x683.jpg 1024w\" sizes=\"auto, (max-width: 300px) 100vw, 300px\" \/>Hierf\u00fcr gilt es den tatkr\u00e4ftigen Rh\u00f6nklublern f\u00fcr ihren Einsatz zu danken (Winfried Barthelmes,&nbsp; Georg Reinhard, Bernhard Weber, Hubert St\u00fc\u00df) .<\/p>\n<p>Den Dipperzer Rh\u00f6nklub w\u00fcrde es freuen, wenn Spazierg\u00e4nger, Wanderer, Radler, Kinderwagenschieber, die Sitzgelegenheiten zum Verweilen reichlich nutzten.<\/p>\n<p>&nbsp;<\/p>\n","protected":false},"excerpt":{"rendered":"<p>Vom Hauptverein des Rh\u00f6nklubs konnten f\u00fcr unseren Dipperzer Rh\u00f6nklub drei weitere Sitzb\u00e4nke als sogenannte Rohlinge beschafft werden. Sie bedurften noch der Montage und Impr\u00e4gnierung und nat\u00fcrlich ihrer Aufstellung. Mehrere Standorte wurden in Augenschein genommen und schlie\u00dflich drei \u00d6rtlichkeiten im Benehmen mit der Gemeinde f\u00fcr geeignet gehalten bzw. wo ein Bedarf f\u00fcr ein Verweilen bestehen k\u00f6nnte. &hellip; <a href=\"https:\/\/rhoenklub-dipperz.de\/index.php\/rhoenklub-schafft-weitere-sitzgelegenheiten\/\" class=\"more-link\"><span class=\"screen-reader-text\">Rh\u00f6nklub schafft weitere Sitzgelegenheiten<\/span> weiterlesen <span class=\"meta-nav\">&rarr;<\/span><\/a><\/p>\n","protected":false},"author":2,"featured_media":990,"parent":0,"menu_order":0,"comment_status":"closed","ping_status":"closed","template":"","meta":{"ngg_post_thumbnail":0,"footnotes":""},"class_list":["post-989","page","type-page","status-publish","has-post-thumbnail","hentry"],"_links":{"self":[{"href":"https:\/\/rhoenklub-dipperz.de\/index.php\/wp-json\/wp\/v2\/pages\/989","targetHints":{"allow":["GET"]}}],"collection":[{"href":"https:\/\/rhoenklub-dipperz.de\/index.php\/wp-json\/wp\/v2\/pages"}],"about":[{"href":"https:\/\/rhoenklub-dipperz.de\/index.php\/wp-json\/wp\/v2\/types\/page"}],"author":[{"embeddable":true,"href":"https:\/\/rhoenklub-dipperz.de\/index.php\/wp-json\/wp\/v2\/users\/2"}],"replies":[{"embeddable":true,"href":"https:\/\/rhoenklub-dipperz.de\/index.php\/wp-json\/wp\/v2\/comments?post=989"}],"version-history":[{"count":0,"href":"https:\/\/rhoenklub-dipperz.de\/index.php\/wp-json\/wp\/v2\/pages\/989\/revisions"}],"wp:featuredmedia":[{"embeddable":true,"href":"https:\/\/rhoenklub-dipperz.de\/index.php\/wp-json\/wp\/v2\/media\/990"}],"wp:attachment":[{"href":"https:\/\/rhoenklub-dipperz.de\/index.php\/wp-json\/wp\/v2\/media?parent=989"}],"curies":[{"name":"wp","href":"https:\/\/api.w.org\/{rel}","templated":true}]}}